{"id":1352,"date":"2022-02-19T04:36:08","date_gmt":"2022-02-19T09:36:08","guid":{"rendered":"https:\/\/ednet-solutions.co\/produkte\/icon-a\/"},"modified":"2022-02-22T15:05:19","modified_gmt":"2022-02-22T20:05:19","slug":"icon-a","status":"publish","type":"page","link":"https:\/\/ednet-solutions.co\/es\/produkte\/icon-a\/","title":{"rendered":"Icon A"},"content":{"rendered":"<div id=\"pl-1352\"  class=\"panel-layout\" ><div id=\"pg-1352-0\"  class=\"panel-grid panel-no-style\" ><div id=\"pgc-1352-0-0\"  class=\"panel-grid-cell\" ><div id=\"panel-1352-0-0-0\" class=\"so-panel widget_headline-widget panel-first-child\" data-index=\"0\" >\t\t<h1>Icon A<\/h1>\n\t\t<div class=\"decoration\"><div class=\"decoration-inside\"><\/div><\/div>\n\t\t<h3><\/h3>\n\t\t<\/div><div id=\"panel-1352-0-0-1\" class=\"so-panel widget_sow-image panel-last-child\" data-index=\"1\" ><div\n\t\t\t\n\t\t\tclass=\"so-widget-sow-image so-widget-sow-image-default-8b5b6f678277-1352\"\n\t\t\t\n\t\t>\n<div class=\"sow-image-container\">\n\t\t<img \n\tsrc=\"https:\/\/ednet-solutions.co\/wp-content\/uploads\/2022\/02\/ICON-A-header.jpg\" width=\"1441\" height=\"653\" srcset=\"https:\/\/ednet-solutions.co\/wp-content\/uploads\/2022\/02\/ICON-A-header.jpg 1441w, https:\/\/ednet-solutions.co\/wp-content\/uploads\/2022\/02\/ICON-A-header-300x136.jpg 300w, https:\/\/ednet-solutions.co\/wp-content\/uploads\/2022\/02\/ICON-A-header-1024x464.jpg 1024w, https:\/\/ednet-solutions.co\/wp-content\/uploads\/2022\/02\/ICON-A-header-768x348.jpg 768w\" sizes=\"(max-width: 1441px) 100vw, 1441px\" title=\"Icon A\" alt=\"\" loading=\"lazy\" \t\tclass=\"so-widget-image\"\/>\n\t<\/div>\n\n<\/div><\/div><\/div><\/div><div id=\"pg-1352-1\"  class=\"panel-grid panel-no-style\" ><div id=\"pgc-1352-1-0\"  class=\"panel-grid-cell\" ><div id=\"panel-1352-1-0-0\" class=\"so-panel widget_sow-image panel-first-child panel-last-child\" data-index=\"2\" ><div\n\t\t\t\n\t\t\tclass=\"so-widget-sow-image so-widget-sow-image-default-89f16426b92c-1352\"\n\t\t\t\n\t\t>\n<div class=\"sow-image-container\">\n\t\t\t<a href=\"https:\/\/www.flyaerodyne.com\/icons\/icon-a\/\"\n\t\t\ttarget=\"_blank\" rel=\"noopener noreferrer\" \t\t>\n\t\t\t<img \n\tsrc=\"https:\/\/ednet-solutions.co\/wp-content\/uploads\/2022\/02\/Icon_A-02-631x1024-1.png\" width=\"631\" height=\"1024\" srcset=\"https:\/\/ednet-solutions.co\/wp-content\/uploads\/2022\/02\/Icon_A-02-631x1024-1.png 631w, https:\/\/ednet-solutions.co\/wp-content\/uploads\/2022\/02\/Icon_A-02-631x1024-1-185x300.png 185w\" sizes=\"(max-width: 631px) 100vw, 631px\" title=\"Icon A\" alt=\"\" loading=\"lazy\" \t\tclass=\"so-widget-image\"\/>\n\t\t\t<\/a><\/div>\n\n<\/div><\/div><\/div><div id=\"pgc-1352-1-1\"  class=\"panel-grid-cell\" ><div id=\"panel-1352-1-1-0\" class=\"so-panel widget_text panel-first-child panel-last-child\" data-index=\"3\" >\t\t\t<div class=\"textwidget\"><div id=\"attachment_2219\" style=\"width: 160px\" class=\"wp-caption alignright\"><a href=\"https:\/\/store.flyaerodyne.com\/en\/container-configurator2\/#30576\" target=\"_blank\" rel=\"noopener\"><img aria-describedby=\"caption-attachment-2219\" loading=\"lazy\" class=\"wp-image-2219 size-thumbnail\" src=\"https:\/\/ednet-solutions.co\/wp-content\/uploads\/2022\/02\/DesICONA-150x150.png\" alt=\"\" width=\"150\" height=\"150\" \/><\/a><p id=\"caption-attachment-2219\" class=\"wp-caption-text\">\u00a1Dise\u00f1a El Tuyo!<\/p><\/div>\n<p align=\"justify\">Compare el Icon A con cualquier otro equipo en el mercado y ver\u00e1 que tiene una excelente relaci\u00f3n calidad- precio. Las caracter\u00edsticas m\u00e1s populares est\u00e1n incluidas de serie en el precio base. Tambi\u00e9n es est\u00e1ndar una amplia gama de telas, colores y opciones para ayudarlo a dise\u00f1ar la mejor plataforma en la tierra: \u00a1La Tuya!<\/p>\n<p align=\"justify\">El Icon A puede manejar altas velocidades en todas las posiciones de ca\u00edda libre. Las cubiertas magn\u00e9ticas para tirantes principales de suspensi\u00f3n (riser) son est\u00e1ndar y aseguran la retenci\u00f3n de los tirantes a altas velocidades. Las leng\u00fcetas Anti- Snag Tuck se utilizan para proteger el pino, las cintas de vinculaci\u00f3n (bridles) est\u00e1n completamente cubiertos, los tirantes principales est\u00e1n completamente cubiertos y enrutados hacia el contenedor principal con placas especiales de rampa para garantizar que los tirantes y las l\u00edneas no se enganchen en el contenedor de reserva, en caso de despliegues accidentales o prematuros. No hay velcro ni necesidad de cubiertas adicionales de los tirantes con este dise\u00f1o, lo que le da al equipo un aspecto elegante y limpio.<\/p>\n<p align=\"justify\">El sistema de 3 argollas miniforce\u2122 es est\u00e1ndar en todos los contenedores de Icon. La argolla central extendida facilita liberar el paraca\u00eddas principal con un mejor apalancamiento. Este sistema reduce la fuerza de tracci\u00f3n requerida para liberar el principal hasta un 35% en comparaci\u00f3n con otros sistemas convencionales de mini 3- argollas. Tambi\u00e9n es est\u00e1ndar un acolchado trasero de espuma espaciadora y una \u00abA\u00bb bordada en la tapa central.<\/p>\n<\/div>\n\t\t<\/div><\/div><\/div><div id=\"pg-1352-2\"  class=\"panel-grid panel-no-style\" ><div id=\"pgc-1352-2-0\"  class=\"panel-grid-cell\" ><div id=\"panel-1352-2-0-0\" class=\"so-panel widget_headline-widget panel-first-child panel-last-child\" data-index=\"4\" >\t\t<h1>CARACTER\u00cdSTICAS Y OPCIONES<\/h1>\n\t\t<div class=\"decoration\"><div class=\"decoration-inside\"><\/div><\/div>\n\t\t<h3><\/h3>\n\t\t<\/div><\/div><\/div><div id=\"pg-1352-3\"  class=\"panel-grid panel-no-style\" ><div id=\"pgc-1352-3-0\"  class=\"panel-grid-cell\" ><div id=\"panel-1352-3-0-0\" class=\"so-panel widget_sow-image panel-first-child panel-last-child\" data-index=\"5\" ><div\n\t\t\t\n\t\t\tclass=\"so-widget-sow-image so-widget-sow-image-default-8b5b6f678277-1352\"\n\t\t\t\n\t\t>\n<div class=\"sow-image-container\">\n\t\t<img \n\tsrc=\"https:\/\/ednet-solutions.co\/wp-content\/uploads\/2022\/02\/Backpad-300x300.jpg\" width=\"300\" height=\"300\" srcset=\"https:\/\/ednet-solutions.co\/wp-content\/uploads\/2022\/02\/Backpad-300x300.jpg 300w, https:\/\/ednet-solutions.co\/wp-content\/uploads\/2022\/02\/Backpad-150x150.jpg 150w, https:\/\/ednet-solutions.co\/wp-content\/uploads\/2022\/02\/Backpad.jpg 600w\" sizes=\"(max-width: 300px) 100vw, 300px\" alt=\"\" loading=\"lazy\" \t\tclass=\"so-widget-image\"\/>\n\t<\/div>\n\n<\/div><\/div><\/div><div id=\"pgc-1352-3-1\"  class=\"panel-grid-cell\" ><div id=\"panel-1352-3-1-0\" class=\"so-panel widget_text panel-first-child panel-last-child\" data-index=\"6\" ><h3 class=\"widget-title\">AEROFIT BACKPAD<\/h3>\t\t\t<div class=\"textwidget\"><p align=\"justify\"> El acolchado trasero de espuma de alta densidad Aerofit proporciona el m\u00e1ximo contacto con la espalda, incluidos los materiales que incluyen bolsillos para refuerzos adicionales para una m\u00e1xima estabilizaci\u00f3n.<\/p>\n<\/div>\n\t\t<\/div><\/div><div id=\"pgc-1352-3-2\"  class=\"panel-grid-cell\" ><div id=\"panel-1352-3-2-0\" class=\"so-panel widget_sow-image panel-first-child panel-last-child\" data-index=\"7\" ><div\n\t\t\t\n\t\t\tclass=\"so-widget-sow-image so-widget-sow-image-default-8b5b6f678277-1352\"\n\t\t\t\n\t\t>\n<div class=\"sow-image-container\">\n\t\t<img \n\tsrc=\"https:\/\/ednet-solutions.co\/wp-content\/uploads\/2022\/02\/Long-300x300.jpg\" width=\"300\" height=\"300\" srcset=\"https:\/\/ednet-solutions.co\/wp-content\/uploads\/2022\/02\/Long-300x300.jpg 300w, https:\/\/ednet-solutions.co\/wp-content\/uploads\/2022\/02\/Long-150x150.jpg 150w, https:\/\/ednet-solutions.co\/wp-content\/uploads\/2022\/02\/Long.jpg 600w\" sizes=\"(max-width: 300px) 100vw, 300px\" alt=\"\" loading=\"lazy\" \t\tclass=\"so-widget-image\"\/>\n\t<\/div>\n\n<\/div><\/div><\/div><div id=\"pgc-1352-3-3\"  class=\"panel-grid-cell\" ><div id=\"panel-1352-3-3-0\" class=\"so-panel widget_text panel-first-child panel-last-child\" data-index=\"8\" ><h3 class=\"widget-title\">LONG RIG OPCI\u00d3N<\/h3>\t\t\t<div class=\"textwidget\"><p align=\"justify\">Opciones de largo y de wingsuit ofrecen un ajuste m\u00e1s estrecho y plano, al mismo tiempo que mantienen una posici\u00f3n de operaci\u00f3n natural y estable para los paracaidistas m\u00e1s altos y por el vuelo de wingsuit.<\/p>\n<\/div>\n\t\t<\/div><\/div><\/div><div id=\"pg-1352-4\"  class=\"panel-grid panel-no-style\" ><div id=\"pgc-1352-4-0\"  class=\"panel-grid-cell\" ><div id=\"panel-1352-4-0-0\" class=\"so-panel widget_sow-image panel-first-child panel-last-child\" data-index=\"9\" ><div\n\t\t\t\n\t\t\tclass=\"so-widget-sow-image so-widget-sow-image-default-8b5b6f678277-1352\"\n\t\t\t\n\t\t>\n<div class=\"sow-image-container\">\n\t\t<img \n\tsrc=\"https:\/\/ednet-solutions.co\/wp-content\/uploads\/2022\/02\/Miniforce-300x300.jpg\" width=\"300\" height=\"300\" srcset=\"https:\/\/ednet-solutions.co\/wp-content\/uploads\/2022\/02\/Miniforce-300x300.jpg 300w, https:\/\/ednet-solutions.co\/wp-content\/uploads\/2022\/02\/Miniforce-150x150.jpg 150w, https:\/\/ednet-solutions.co\/wp-content\/uploads\/2022\/02\/Miniforce.jpg 600w\" sizes=\"(max-width: 300px) 100vw, 300px\" alt=\"\" loading=\"lazy\" \t\tclass=\"so-widget-image\"\/>\n\t<\/div>\n\n<\/div><\/div><\/div><div id=\"pgc-1352-4-1\"  class=\"panel-grid-cell\" ><div id=\"panel-1352-4-1-0\" class=\"so-panel widget_text panel-first-child panel-last-child\" data-index=\"10\" ><h3 class=\"widget-title\">MINIFORCE ARGOLLA EST\u00c1NDAR<\/h3>\t\t\t<div class=\"textwidget\"><p align=\"justify\">Exclusivo de Aerodyne, la argolla central extendida en el sistema Miniforce facilita liberar el paraca\u00eddas principal con un mejor apalancamiento. Reduce la fuerza de tracci\u00f3n necesaria para desconectar el paraca\u00eddas principal en aproximadamente un 35 % en comparaci\u00f3n con otros sistemas convencionales de mini 3- argollas.<\/p>\n<\/div>\n\t\t<\/div><\/div><div id=\"pgc-1352-4-2\"  class=\"panel-grid-cell\" ><div id=\"panel-1352-4-2-0\" class=\"so-panel widget_sow-image panel-first-child panel-last-child\" data-index=\"11\" ><div\n\t\t\t\n\t\t\tclass=\"so-widget-sow-image so-widget-sow-image-default-8b5b6f678277-1352\"\n\t\t\t\n\t\t>\n<div class=\"sow-image-container\">\n\t\t<img \n\tsrc=\"https:\/\/ednet-solutions.co\/wp-content\/uploads\/2022\/02\/Inverted-Yoke-300x300.jpg\" width=\"300\" height=\"300\" srcset=\"https:\/\/ednet-solutions.co\/wp-content\/uploads\/2022\/02\/Inverted-Yoke-300x300.jpg 300w, https:\/\/ednet-solutions.co\/wp-content\/uploads\/2022\/02\/Inverted-Yoke-150x150.jpg 150w, https:\/\/ednet-solutions.co\/wp-content\/uploads\/2022\/02\/Inverted-Yoke-768x768.jpg 768w, https:\/\/ednet-solutions.co\/wp-content\/uploads\/2022\/02\/Inverted-Yoke.jpg 900w\" sizes=\"(max-width: 300px) 100vw, 300px\" alt=\"\" loading=\"lazy\" \t\tclass=\"so-widget-image\"\/>\n\t<\/div>\n\n<\/div><\/div><\/div><div id=\"pgc-1352-4-3\"  class=\"panel-grid-cell\" ><div id=\"panel-1352-4-3-0\" class=\"so-panel widget_text panel-first-child panel-last-child\" data-index=\"12\" ><h3 class=\"widget-title\">CONFORT DE YOKE INVERTIDO<\/h3>\t\t\t<div class=\"textwidget\"><p align=\"justify\"> Doblado hacia adentro, no se requiere cinta de atadura, lo que da como resultado una apariencia m\u00e1s limpia y elegante que es m\u00e1s c\u00f3moda.<\/p>\n<\/div>\n\t\t<\/div><\/div><\/div><div id=\"pg-1352-5\"  class=\"panel-grid panel-no-style\" ><div id=\"pgc-1352-5-0\"  class=\"panel-grid-cell\" ><div id=\"panel-1352-5-0-0\" class=\"so-panel widget_sow-image panel-first-child panel-last-child\" data-index=\"13\" ><div\n\t\t\t\n\t\t\tclass=\"so-widget-sow-image so-widget-sow-image-default-8b5b6f678277-1352\"\n\t\t\t\n\t\t>\n<div class=\"sow-image-container\">\n\t\t<img \n\tsrc=\"https:\/\/ednet-solutions.co\/wp-content\/uploads\/2022\/02\/WS-300x300.jpg\" width=\"300\" height=\"300\" srcset=\"https:\/\/ednet-solutions.co\/wp-content\/uploads\/2022\/02\/WS-300x300.jpg 300w, https:\/\/ednet-solutions.co\/wp-content\/uploads\/2022\/02\/WS-150x150.jpg 150w, https:\/\/ednet-solutions.co\/wp-content\/uploads\/2022\/02\/WS.jpg 600w\" sizes=\"(max-width: 300px) 100vw, 300px\" alt=\"\" loading=\"lazy\" \t\tclass=\"so-widget-image\"\/>\n\t<\/div>\n\n<\/div><\/div><\/div><div id=\"pgc-1352-5-1\"  class=\"panel-grid-cell\" ><div id=\"panel-1352-5-1-0\" class=\"so-panel widget_text panel-first-child panel-last-child\" data-index=\"14\" ><h3 class=\"widget-title\">WINGSUIT OPCI\u00d3N<\/h3>\t\t\t<div class=\"textwidget\"><p align=\"justify\">La opci\u00f3n de wingsuit tambi\u00e9n incluye esquinas abiertas en el contenedor principal, lo que permite una apertura del principal m\u00e1s limpia y cinta de vinculaci\u00f3n (bridle) m\u00e1s larga, lo que reduce la interferencia de la turbulencia durante el despliegue.<\/p>\n<\/div>\n\t\t<\/div><\/div><div id=\"pgc-1352-5-2\"  class=\"panel-grid-cell\" ><div id=\"panel-1352-5-2-0\" class=\"so-panel widget_sow-image panel-first-child panel-last-child\" data-index=\"15\" ><div\n\t\t\t\n\t\t\tclass=\"so-widget-sow-image so-widget-sow-image-default-8b5b6f678277-1352\"\n\t\t\t\n\t\t>\n<div class=\"sow-image-container\">\n\t\t<img \n\tsrc=\"https:\/\/ednet-solutions.co\/wp-content\/uploads\/2022\/02\/Ballistic-300x300.jpg\" width=\"300\" height=\"300\" srcset=\"https:\/\/ednet-solutions.co\/wp-content\/uploads\/2022\/02\/Ballistic-300x300.jpg 300w, https:\/\/ednet-solutions.co\/wp-content\/uploads\/2022\/02\/Ballistic-150x150.jpg 150w, https:\/\/ednet-solutions.co\/wp-content\/uploads\/2022\/02\/Ballistic.jpg 600w\" sizes=\"(max-width: 300px) 100vw, 300px\" alt=\"\" loading=\"lazy\" \t\tclass=\"so-widget-image\"\/>\n\t<\/div>\n\n<\/div><\/div><\/div><div id=\"pgc-1352-5-3\"  class=\"panel-grid-cell\" ><div id=\"panel-1352-5-3-0\" class=\"so-panel widget_text panel-first-child panel-last-child\" data-index=\"16\" ><h3 class=\"widget-title\">MATERIAL DE BALLISTIC NYLON<\/h3>\t\t\t<div class=\"textwidget\"><p align=\"justify\"> Nuestro duradero material bal\u00edstico es m\u00e1s resistente a la abrasi\u00f3n y es muy recomendable para el equipo de los estudiantes, ya que prolonga la vida \u00fatil del equipo.<\/p>\n<\/div>\n\t\t<\/div><\/div><\/div><div id=\"pg-1352-6\"  class=\"panel-grid panel-no-style\" ><div id=\"pgc-1352-6-0\"  class=\"panel-grid-cell\" ><div id=\"panel-1352-6-0-0\" class=\"so-panel widget_sow-image panel-first-child panel-last-child\" data-index=\"17\" ><div\n\t\t\t\n\t\t\tclass=\"so-widget-sow-image so-widget-sow-image-default-8b5b6f678277-1352\"\n\t\t\t\n\t\t>\n<div class=\"sow-image-container\">\n\t\t<img \n\tsrc=\"https:\/\/ednet-solutions.co\/wp-content\/uploads\/2022\/02\/Semi-Stowless-300x300.jpg\" width=\"300\" height=\"300\" srcset=\"https:\/\/ednet-solutions.co\/wp-content\/uploads\/2022\/02\/Semi-Stowless-300x300.jpg 300w, https:\/\/ednet-solutions.co\/wp-content\/uploads\/2022\/02\/Semi-Stowless-150x150.jpg 150w, https:\/\/ednet-solutions.co\/wp-content\/uploads\/2022\/02\/Semi-Stowless.jpg 600w\" sizes=\"(max-width: 300px) 100vw, 300px\" alt=\"\" loading=\"lazy\" \t\tclass=\"so-widget-image\"\/>\n\t<\/div>\n\n<\/div><\/div><\/div><div id=\"pgc-1352-6-1\"  class=\"panel-grid-cell\" ><div id=\"panel-1352-6-1-0\" class=\"so-panel widget_text panel-first-child panel-last-child\" data-index=\"18\" ><h3 class=\"widget-title\">SEMI STOWLESS D-BAG<\/h3>\t\t\t<div class=\"textwidget\"><p align=\"justify\"> No se requieren el\u00e1sticos ni ataduras, excepto en el sello de la boca, lo que reduce la tensi\u00f3n en las l\u00edneas de la tapa y minimiza el tiempo de empaque.<\/p>\n<\/div>\n\t\t<\/div><\/div><div id=\"pgc-1352-6-2\"  class=\"panel-grid-cell\" ><div id=\"panel-1352-6-2-0\" class=\"so-panel widget_sow-image panel-first-child panel-last-child\" data-index=\"19\" ><div\n\t\t\t\n\t\t\tclass=\"so-widget-sow-image so-widget-sow-image-default-8b5b6f678277-1352\"\n\t\t\t\n\t\t>\n<div class=\"sow-image-container\">\n\t\t<img \n\tsrc=\"https:\/\/ednet-solutions.co\/wp-content\/uploads\/2022\/02\/Reserve-Pin-300x300.jpg\" width=\"300\" height=\"300\" srcset=\"https:\/\/ednet-solutions.co\/wp-content\/uploads\/2022\/02\/Reserve-Pin-300x300.jpg 300w, https:\/\/ednet-solutions.co\/wp-content\/uploads\/2022\/02\/Reserve-Pin-150x150.jpg 150w, https:\/\/ednet-solutions.co\/wp-content\/uploads\/2022\/02\/Reserve-Pin-768x768.jpg 768w, https:\/\/ednet-solutions.co\/wp-content\/uploads\/2022\/02\/Reserve-Pin.jpg 900w\" sizes=\"(max-width: 300px) 100vw, 300px\" alt=\"\" loading=\"lazy\" \t\tclass=\"so-widget-image\"\/>\n\t<\/div>\n\n<\/div><\/div><\/div><div id=\"pgc-1352-6-3\"  class=\"panel-grid-cell\" ><div id=\"panel-1352-6-3-0\" class=\"so-panel widget_text panel-first-child panel-last-child\" data-index=\"20\" ><h3 class=\"widget-title\">LA MEJOR PROTECCI\u00d3N DE CUBIERTA DE PINO DE RESERVA DE SU CLASE<\/h3>\t\t\t<div class=\"textwidget\"><p align=\"justify\"> Nuestra cubierta de pino de reserva asegurada ofrece la m\u00e1xima protecci\u00f3n y reduce el riesgo de desplazamiento accidental del pino.<\/p>\n<\/div>\n\t\t<\/div><\/div><\/div><div id=\"pg-1352-7\"  class=\"panel-grid panel-no-style\" ><div id=\"pgc-1352-7-0\"  class=\"panel-grid-cell\" ><div id=\"panel-1352-7-0-0\" class=\"so-panel widget_sow-image panel-first-child panel-last-child\" data-index=\"21\" ><div\n\t\t\t\n\t\t\tclass=\"so-widget-sow-image so-widget-sow-image-default-8b5b6f678277-1352\"\n\t\t\t\n\t\t>\n<div class=\"sow-image-container\">\n\t\t<img \n\tsrc=\"https:\/\/ednet-solutions.co\/wp-content\/uploads\/2022\/02\/Stainless-300x300.jpg\" width=\"300\" height=\"300\" srcset=\"https:\/\/ednet-solutions.co\/wp-content\/uploads\/2022\/02\/Stainless-300x300.jpg 300w, https:\/\/ednet-solutions.co\/wp-content\/uploads\/2022\/02\/Stainless-150x150.jpg 150w, https:\/\/ednet-solutions.co\/wp-content\/uploads\/2022\/02\/Stainless.jpg 600w\" sizes=\"(max-width: 300px) 100vw, 300px\" alt=\"\" loading=\"lazy\" \t\tclass=\"so-widget-image\"\/>\n\t<\/div>\n\n<\/div><\/div><\/div><div id=\"pgc-1352-7-1\"  class=\"panel-grid-cell\" ><div id=\"panel-1352-7-1-0\" class=\"so-panel widget_text panel-first-child panel-last-child\" data-index=\"22\" ><h3 class=\"widget-title\">ARGOLLAS EN ACERO INOXIDABLE EST\u00c1NDAR<\/h3>\t\t\t<div class=\"textwidget\"><p align=\"justify\">Argollas de cadera (argolla de pecho opcional) para articulaci\u00f3n, fabricados en acero inoxidable, lo que elimina cualquier posibilidad de astillado de hardware y desgaste de los tirantes principales.<\/p>\n<\/div>\n\t\t<\/div><\/div><div id=\"pgc-1352-7-2\"  class=\"panel-grid-cell\" ><div id=\"panel-1352-7-2-0\" class=\"so-panel widget_sow-image panel-first-child panel-last-child\" data-index=\"23\" ><div\n\t\t\t\n\t\t\tclass=\"so-widget-sow-image so-widget-sow-image-default-8b5b6f678277-1352\"\n\t\t\t\n\t\t>\n<div class=\"sow-image-container\">\n\t\t<img \n\tsrc=\"https:\/\/ednet-solutions.co\/wp-content\/uploads\/2022\/02\/dakine-knife-300x300.jpg\" width=\"300\" height=\"300\" srcset=\"https:\/\/ednet-solutions.co\/wp-content\/uploads\/2022\/02\/dakine-knife.jpg 300w, https:\/\/ednet-solutions.co\/wp-content\/uploads\/2022\/02\/dakine-knife-150x150.jpg 150w\" sizes=\"(max-width: 300px) 100vw, 300px\" alt=\"\" loading=\"lazy\" \t\tclass=\"so-widget-image\"\/>\n\t<\/div>\n\n<\/div><\/div><\/div><div id=\"pgc-1352-7-3\"  class=\"panel-grid-cell\" ><div id=\"panel-1352-7-3-0\" class=\"so-panel widget_text panel-first-child panel-last-child\" data-index=\"24\" ><h3 class=\"widget-title\">DAKINE\u00a9 HOOK KNIFE<\/h3>\t\t\t<div class=\"textwidget\"><p align=\"justify\">El hook knife de metal Dakine\u00a9 es exclusivo en rigs de Aerodyne. Convenientemente abrochado y colocado en el cintur\u00f3n de la pierna izquierda, es f\u00e1cilmente accesible en situaciones de emergencia.<\/p>\n<\/div>\n\t\t<\/div><\/div><\/div><div id=\"pg-1352-8\"  class=\"panel-grid panel-no-style\" ><div id=\"pgc-1352-8-0\"  class=\"panel-grid-cell\" ><div id=\"panel-1352-8-0-0\" class=\"so-panel widget_sow-image panel-first-child panel-last-child\" data-index=\"25\" ><div\n\t\t\t\n\t\t\tclass=\"so-widget-sow-image so-widget-sow-image-default-8b5b6f678277-1352\"\n\t\t\t\n\t\t>\n<div class=\"sow-image-container\">\n\t\t<img \n\tsrc=\"https:\/\/ednet-solutions.co\/wp-content\/uploads\/2022\/02\/Magnetic-300x300.jpg\" width=\"300\" height=\"300\" srcset=\"https:\/\/ednet-solutions.co\/wp-content\/uploads\/2022\/02\/Magnetic-300x300.jpg 300w, https:\/\/ednet-solutions.co\/wp-content\/uploads\/2022\/02\/Magnetic-150x150.jpg 150w, https:\/\/ednet-solutions.co\/wp-content\/uploads\/2022\/02\/Magnetic.jpg 600w\" sizes=\"(max-width: 300px) 100vw, 300px\" alt=\"\" loading=\"lazy\" \t\tclass=\"so-widget-image\"\/>\n\t<\/div>\n\n<\/div><\/div><\/div><div id=\"pgc-1352-8-1\"  class=\"panel-grid-cell\" ><div id=\"panel-1352-8-1-0\" class=\"so-panel widget_text panel-first-child panel-last-child\" data-index=\"26\" ><h3 class=\"widget-title\">MAGNETIC RISER COVERS<\/h3>\t\t\t<div class=\"textwidget\"><p align=\"justify\">Las cubiertas magn\u00e9ticas duales de tirantes principales brindan una amplia seguridad de ellos cuando se vuela a velocidades m\u00e1s r\u00e1pidas y agresivas.<\/p>\n<\/div>\n\t\t<\/div><\/div><div id=\"pgc-1352-8-2\"  class=\"panel-grid-cell\" ><div id=\"panel-1352-8-2-0\" class=\"so-panel widget_sow-image panel-first-child panel-last-child\" data-index=\"27\" ><div\n\t\t\t\n\t\t\tclass=\"so-widget-sow-image so-widget-sow-image-default-8b5b6f678277-1352\"\n\t\t\t\n\t\t>\n<div class=\"sow-image-container\">\n\t\t<img \n\tsrc=\"https:\/\/ednet-solutions.co\/wp-content\/uploads\/2022\/02\/Skyhook-300x300.jpg\" width=\"300\" height=\"300\" srcset=\"https:\/\/ednet-solutions.co\/wp-content\/uploads\/2022\/02\/Skyhook-300x300.jpg 300w, https:\/\/ednet-solutions.co\/wp-content\/uploads\/2022\/02\/Skyhook-150x150.jpg 150w, https:\/\/ednet-solutions.co\/wp-content\/uploads\/2022\/02\/Skyhook.jpg 600w\" sizes=\"(max-width: 300px) 100vw, 300px\" alt=\"\" loading=\"lazy\" \t\tclass=\"so-widget-image\"\/>\n\t<\/div>\n\n<\/div><\/div><\/div><div id=\"pgc-1352-8-3\"  class=\"panel-grid-cell\" ><div id=\"panel-1352-8-3-0\" class=\"so-panel widget_text panel-first-child panel-last-child\" data-index=\"28\" ><h3 class=\"widget-title\">SKYHOOK\u00a9 OPTION<\/h3>\t\t\t<div class=\"textwidget\"><p align=\"justify\">Los paracaidistas pueden agregar un SkyHook\u00a9 que usa el paraca\u00eddas principal liberado para sacar el freebag del contenedor de reserva.<\/p>\n<\/div>\n\t\t<\/div><\/div><\/div><div id=\"pg-1352-9\"  class=\"panel-grid panel-no-style\" ><div id=\"pgc-1352-9-0\"  class=\"panel-grid-cell\" ><div id=\"panel-1352-9-0-0\" class=\"so-panel widget_sow-image panel-first-child panel-last-child\" data-index=\"29\" ><div\n\t\t\t\n\t\t\tclass=\"so-widget-sow-image so-widget-sow-image-default-8b5b6f678277-1352\"\n\t\t\t\n\t\t>\n<div class=\"sow-image-container\">\n\t\t<img \n\tsrc=\"https:\/\/ednet-solutions.co\/wp-content\/uploads\/2022\/02\/Riser-Ramps-300x300.jpg\" width=\"300\" height=\"300\" srcset=\"https:\/\/ednet-solutions.co\/wp-content\/uploads\/2022\/02\/Riser-Ramps-300x300.jpg 300w, https:\/\/ednet-solutions.co\/wp-content\/uploads\/2022\/02\/Riser-Ramps-150x150.jpg 150w, https:\/\/ednet-solutions.co\/wp-content\/uploads\/2022\/02\/Riser-Ramps-768x768.jpg 768w, https:\/\/ednet-solutions.co\/wp-content\/uploads\/2022\/02\/Riser-Ramps.jpg 900w\" sizes=\"(max-width: 300px) 100vw, 300px\" alt=\"\" loading=\"lazy\" \t\tclass=\"so-widget-image\"\/>\n\t<\/div>\n\n<\/div><\/div><\/div><div id=\"pgc-1352-9-1\"  class=\"panel-grid-cell\" ><div id=\"panel-1352-9-1-0\" class=\"so-panel widget_text panel-first-child panel-last-child\" data-index=\"30\" ><h3 class=\"widget-title\">RAMPAS DE TIRANTES<\/h3>\t\t\t<div class=\"textwidget\"><p align=\"justify\">Los tirantes principales (riser) est\u00e1n completamente cubiertos y dirigidos hacia el contenedor principal utilizando placas especiales de rampa para garantizar que los tirantes y las l\u00edneas no se enganchen en el contenedor de reserva, en caso de despliegues prematuros.<\/p>\n<\/div>\n\t\t<\/div><\/div><div id=\"pgc-1352-9-2\"  class=\"panel-grid-cell\" ><div id=\"panel-1352-9-2-0\" class=\"so-panel widget_sow-image panel-first-child panel-last-child\" data-index=\"31\" ><div\n\t\t\t\n\t\t\tclass=\"so-widget-sow-image so-widget-sow-image-default-8b5b6f678277-1352\"\n\t\t\t\n\t\t>\n<div class=\"sow-image-container\">\n\t\t<img \n\tsrc=\"https:\/\/ednet-solutions.co\/wp-content\/uploads\/2022\/02\/IconAembroideryRed-1-300x300.jpg\" width=\"300\" height=\"300\" srcset=\"https:\/\/ednet-solutions.co\/wp-content\/uploads\/2022\/02\/IconAembroideryRed-1-300x300.jpg 300w, https:\/\/ednet-solutions.co\/wp-content\/uploads\/2022\/02\/IconAembroideryRed-1-1024x1024.jpg 1024w, https:\/\/ednet-solutions.co\/wp-content\/uploads\/2022\/02\/IconAembroideryRed-1-150x150.jpg 150w, https:\/\/ednet-solutions.co\/wp-content\/uploads\/2022\/02\/IconAembroideryRed-1-768x768.jpg 768w, https:\/\/ednet-solutions.co\/wp-content\/uploads\/2022\/02\/IconAembroideryRed-1.jpg 1200w\" sizes=\"(max-width: 300px) 100vw, 300px\" alt=\"\" loading=\"lazy\" \t\tclass=\"so-widget-image\"\/>\n\t<\/div>\n\n<\/div><\/div><\/div><div id=\"pgc-1352-9-3\"  class=\"panel-grid-cell\" ><div id=\"panel-1352-9-3-0\" class=\"so-panel widget_text panel-first-child panel-last-child\" data-index=\"32\" ><h3 class=\"widget-title\">BORDADO EST\u00c1NDAR<\/h3>\t\t\t<div class=\"textwidget\"><p align=\"justify\">El Icon A se caracteriza por el bordado en la tapa central. La apariencia de una personalizaci\u00f3n ultra, todo incluido.<\/p>\n<\/div>\n\t\t<\/div><\/div><\/div><\/div>","protected":false},"excerpt":{"rendered":"<p>Compare el Icon A con cualquier otro equipo en el mercado y ver\u00e1 que tiene una excelente relaci\u00f3n calidad- precio. Las caracter\u00edsticas m\u00e1s populares est\u00e1n incluidas de serie en el precio base. Tambi\u00e9n es est\u00e1ndar una amplia gama de telas, colores y opciones para ayudarlo a dise\u00f1ar la mejor plataforma en la tierra: \u00a1La Tuya! [&hellip;]<\/p>\n","protected":false},"author":1,"featured_media":0,"parent":1146,"menu_order":1,"comment_status":"closed","ping_status":"closed","template":"templates\/template-full.php","meta":[],"_links":{"self":[{"href":"https:\/\/ednet-solutions.co\/es\/wp-json\/wp\/v2\/pages\/1352"}],"collection":[{"href":"https:\/\/ednet-solutions.co\/es\/wp-json\/wp\/v2\/pages"}],"about":[{"href":"https:\/\/ednet-solutions.co\/es\/wp-json\/wp\/v2\/types\/page"}],"author":[{"embeddable":true,"href":"https:\/\/ednet-solutions.co\/es\/wp-json\/wp\/v2\/users\/1"}],"replies":[{"embeddable":true,"href":"https:\/\/ednet-solutions.co\/es\/wp-json\/wp\/v2\/comments?post=1352"}],"version-history":[{"count":9,"href":"https:\/\/ednet-solutions.co\/es\/wp-json\/wp\/v2\/pages\/1352\/revisions"}],"predecessor-version":[{"id":2624,"href":"https:\/\/ednet-solutions.co\/es\/wp-json\/wp\/v2\/pages\/1352\/revisions\/2624"}],"up":[{"embeddable":true,"href":"https:\/\/ednet-solutions.co\/es\/wp-json\/wp\/v2\/pages\/1146"}],"wp:attachment":[{"href":"https:\/\/ednet-solutions.co\/es\/wp-json\/wp\/v2\/media?parent=1352"}],"curies":[{"name":"wp","href":"https:\/\/api.w.org\/{rel}","templated":true}]}}