{"id":1407,"date":"2022-02-19T04:59:55","date_gmt":"2022-02-19T09:59:55","guid":{"rendered":"https:\/\/ednet-solutions.co\/produkte\/icon-student\/"},"modified":"2022-02-22T15:26:46","modified_gmt":"2022-02-22T20:26:46","slug":"icon-student","status":"publish","type":"page","link":"https:\/\/ednet-solutions.co\/es\/produkte\/icon-student\/","title":{"rendered":"Icon Student"},"content":{"rendered":"<div id=\"pl-1407\"  class=\"panel-layout\" ><div id=\"pg-1407-0\"  class=\"panel-grid panel-no-style\" ><div id=\"pgc-1407-0-0\"  class=\"panel-grid-cell\" ><div id=\"panel-1407-0-0-0\" class=\"so-panel widget_headline-widget panel-first-child\" data-index=\"0\" >\t\t<h1>Icon Student<\/h1>\n\t\t<div class=\"decoration\"><div class=\"decoration-inside\"><\/div><\/div>\n\t\t<h3><\/h3>\n\t\t<\/div><div id=\"panel-1407-0-0-1\" class=\"so-panel widget_sow-image panel-last-child\" data-index=\"1\" ><div\n\t\t\t\n\t\t\tclass=\"so-widget-sow-image so-widget-sow-image-default-8b5b6f678277-1407\"\n\t\t\t\n\t\t>\n<div class=\"sow-image-container\">\n\t\t<img \n\tsrc=\"https:\/\/ednet-solutions.co\/wp-content\/uploads\/2022\/02\/Icon-Student-Header.jpg\" width=\"1441\" height=\"653\" srcset=\"https:\/\/ednet-solutions.co\/wp-content\/uploads\/2022\/02\/Icon-Student-Header.jpg 1441w, https:\/\/ednet-solutions.co\/wp-content\/uploads\/2022\/02\/Icon-Student-Header-300x136.jpg 300w, https:\/\/ednet-solutions.co\/wp-content\/uploads\/2022\/02\/Icon-Student-Header-1024x464.jpg 1024w, https:\/\/ednet-solutions.co\/wp-content\/uploads\/2022\/02\/Icon-Student-Header-768x348.jpg 768w\" sizes=\"(max-width: 1441px) 100vw, 1441px\" title=\"Icon Student\" alt=\"\" loading=\"lazy\" \t\tclass=\"so-widget-image\"\/>\n\t<\/div>\n\n<\/div><\/div><\/div><\/div><div id=\"pg-1407-1\"  class=\"panel-grid panel-no-style\" ><div id=\"pgc-1407-1-0\"  class=\"panel-grid-cell\" ><div id=\"panel-1407-1-0-0\" class=\"so-panel widget_sow-image panel-first-child panel-last-child\" data-index=\"2\" ><div\n\t\t\t\n\t\t\tclass=\"so-widget-sow-image so-widget-sow-image-default-89f16426b92c-1407\"\n\t\t\t\n\t\t>\n<div class=\"sow-image-container\">\n\t\t\t<a href=\"https:\/\/www.flyaerodyne.com\/icons\/icon-student\/\"\n\t\t\ttarget=\"_blank\" rel=\"noopener noreferrer\" \t\t>\n\t\t\t<img \n\tsrc=\"https:\/\/ednet-solutions.co\/wp-content\/uploads\/2022\/02\/Icon_student-02-631x1024-1.png\" width=\"631\" height=\"1024\" srcset=\"https:\/\/ednet-solutions.co\/wp-content\/uploads\/2022\/02\/Icon_student-02-631x1024-1.png 631w, https:\/\/ednet-solutions.co\/wp-content\/uploads\/2022\/02\/Icon_student-02-631x1024-1-185x300.png 185w\" sizes=\"(max-width: 631px) 100vw, 631px\" title=\"Icon Student\" alt=\"\" loading=\"lazy\" \t\tclass=\"so-widget-image\"\/>\n\t\t\t<\/a><\/div>\n\n<\/div><\/div><\/div><div id=\"pgc-1407-1-1\"  class=\"panel-grid-cell\" ><div id=\"panel-1407-1-1-0\" class=\"so-panel widget_text panel-first-child panel-last-child\" data-index=\"3\" >\t\t\t<div class=\"textwidget\"><div id=\"attachment_2235\" style=\"width: 160px\" class=\"wp-caption alignright\"><a href=\"https:\/\/store.flyaerodyne.com\/en\/container-configurator2\/#30142\" target=\"_blank\" rel=\"noopener\"><img aria-describedby=\"caption-attachment-2235\" loading=\"lazy\" class=\"wp-image-2235 size-thumbnail\" src=\"https:\/\/ednet-solutions.co\/wp-content\/uploads\/2022\/02\/DesICONST-150x150.png\" alt=\"\" width=\"150\" height=\"150\" \/><\/a><p id=\"caption-attachment-2235\" class=\"wp-caption-text\">\u00a1Dise\u00f1a El Tuyo!<\/p><\/div>\n<p align=\"justify\">El Icon Student fue dise\u00f1ado pensando en el operador de la DZ, el personal de instrucci\u00f3n y, lo que es m\u00e1s importante, en el alumno. El entorno de capacitaci\u00f3n de los alumnos se ha vuelto m\u00e1s diverso y las demandas que se imponen al equipo de formaci\u00f3n se han vuelto mayores. Los operadores de DZ necesitan una plataforma \u00fanica de arn\u00e9s y contenedor que se pueda configurar para satisfacer las necesidades de sus operaciones, ya sea en l\u00ednea est\u00e1tica, IAD, AFF o ca\u00edda libre en solitario. El Icon Student puede satisfacer estas necesidades.<\/p>\n<p align=\"justify\">Los alumnos est\u00e1n m\u00e1s informados y m\u00e1s preocupados que nunca por la seguridad y la comodidad. Construimos el Icon Student para que sea confiable, duradero y c\u00f3modo con excelentes caracter\u00edsticas de seguridad. Tambi\u00e9n lo construimos para que la experiencia de los primeros saltos sea segura y agradable.<\/p>\n<p align=\"justify\">El Icon Student no solo le brinda un contenedor c\u00f3modo, confiable y duradero, sino que tambi\u00e9n incorpora nuestras leng\u00fcetas anti-snag, que se usan para proteger el pino, una ventana de pino reemplazable incorporada, las cintas de vinculaci\u00f3n est\u00e1n completamente cubiertas, los tirantes est\u00e1n completamente cubiertos y guiados hacia el contenedor principal con paneles especiales de rampa para ayudar a garantizar que los tirantes y las l\u00edneas no se enganchen en el contenedor de reserva, en caso de despliegues accidentales o prematuros. El arn\u00e9s es TOTALMENTE ajustable en el cintur\u00f3n de elevaci\u00f3n principal, as\u00ed como en los laterales.<\/p>\n<p align=\"justify\">El sistema de 3 argollas miniforce\u2122 es est\u00e1ndar en todos los contenedores de Icon. La argolla central extendida facilita liberar el paraca\u00eddas principal con un mejor apalancamiento. Este sistema reduce la fuerza de tracci\u00f3n requerida para liberar el principal hasta un 35% en comparaci\u00f3n con otros sistemas convencionales de mini 3- argollas.<\/p>\n<p align=\"justify\">Aerodyne ofrece una l\u00ednea completa de vel\u00e1menes para alumnos, as\u00ed como reservas m\u00e1s grandes, lo que hace posible la compra de sistemas completos.<\/p>\n<\/div>\n\t\t<\/div><\/div><\/div><div id=\"pg-1407-2\"  class=\"panel-grid panel-no-style\" ><div id=\"pgc-1407-2-0\"  class=\"panel-grid-cell\" ><div id=\"panel-1407-2-0-0\" class=\"so-panel widget_headline-widget panel-first-child panel-last-child\" data-index=\"4\" >\t\t<h1>CARACTER\u00cdSTICAS Y OPCIONES<\/h1>\n\t\t<div class=\"decoration\"><div class=\"decoration-inside\"><\/div><\/div>\n\t\t<h3><\/h3>\n\t\t<\/div><\/div><\/div><div id=\"pg-1407-3\"  class=\"panel-grid panel-no-style\" ><div id=\"pgc-1407-3-0\"  class=\"panel-grid-cell\" ><div id=\"panel-1407-3-0-0\" class=\"so-panel widget_sow-image panel-first-child panel-last-child\" data-index=\"5\" ><div\n\t\t\t\n\t\t\tclass=\"so-widget-sow-image so-widget-sow-image-default-8b5b6f678277-1407\"\n\t\t\t\n\t\t>\n<div class=\"sow-image-container\">\n\t\t<img \n\tsrc=\"https:\/\/ednet-solutions.co\/wp-content\/uploads\/2022\/02\/Ballistic-300x300.jpg\" width=\"300\" height=\"300\" srcset=\"https:\/\/ednet-solutions.co\/wp-content\/uploads\/2022\/02\/Ballistic-300x300.jpg 300w, https:\/\/ednet-solutions.co\/wp-content\/uploads\/2022\/02\/Ballistic-150x150.jpg 150w, https:\/\/ednet-solutions.co\/wp-content\/uploads\/2022\/02\/Ballistic.jpg 600w\" sizes=\"(max-width: 300px) 100vw, 300px\" alt=\"\" loading=\"lazy\" \t\tclass=\"so-widget-image\"\/>\n\t<\/div>\n\n<\/div><\/div><\/div><div id=\"pgc-1407-3-1\"  class=\"panel-grid-cell\" ><div id=\"panel-1407-3-1-0\" class=\"so-panel widget_text panel-first-child panel-last-child\" data-index=\"6\" ><h3 class=\"widget-title\">MATERIAL DE BALLISTIC NYLON<\/h3>\t\t\t<div class=\"textwidget\"><p align=\"justify\"> Nuestro duradero material bal\u00edstico es m\u00e1s resistente a la abrasi\u00f3n y es muy recomendable para el equipo de los estudiantes, ya que prolonga la vida \u00fatil del equipo.<\/p>\n<\/div>\n\t\t<\/div><\/div><div id=\"pgc-1407-3-2\"  class=\"panel-grid-cell\" ><div id=\"panel-1407-3-2-0\" class=\"so-panel widget_sow-image panel-first-child panel-last-child\" data-index=\"7\" ><div\n\t\t\t\n\t\t\tclass=\"so-widget-sow-image so-widget-sow-image-default-8b5b6f678277-1407\"\n\t\t\t\n\t\t>\n<div class=\"sow-image-container\">\n\t\t<img \n\tsrc=\"https:\/\/ednet-solutions.co\/wp-content\/uploads\/2022\/02\/Skyhook-300x300.jpg\" width=\"300\" height=\"300\" srcset=\"https:\/\/ednet-solutions.co\/wp-content\/uploads\/2022\/02\/Skyhook-300x300.jpg 300w, https:\/\/ednet-solutions.co\/wp-content\/uploads\/2022\/02\/Skyhook-150x150.jpg 150w, https:\/\/ednet-solutions.co\/wp-content\/uploads\/2022\/02\/Skyhook.jpg 600w\" sizes=\"(max-width: 300px) 100vw, 300px\" alt=\"\" loading=\"lazy\" \t\tclass=\"so-widget-image\"\/>\n\t<\/div>\n\n<\/div><\/div><\/div><div id=\"pgc-1407-3-3\"  class=\"panel-grid-cell\" ><div id=\"panel-1407-3-3-0\" class=\"so-panel widget_text panel-first-child panel-last-child\" data-index=\"8\" ><h3 class=\"widget-title\">SKYHOOK\u00a9 OPTION<\/h3>\t\t\t<div class=\"textwidget\"><p align=\"justify\">Los paracaidistas pueden agregar un SkyHook\u00a9 que usa el paraca\u00eddas principal liberado para sacar el freebag del contenedor de reserva.<\/p>\n<\/div>\n\t\t<\/div><\/div><\/div><div id=\"pg-1407-4\"  class=\"panel-grid panel-no-style\" ><div id=\"pgc-1407-4-0\"  class=\"panel-grid-cell\" ><div id=\"panel-1407-4-0-0\" class=\"so-panel widget_sow-image panel-first-child panel-last-child\" data-index=\"9\" ><div\n\t\t\t\n\t\t\tclass=\"so-widget-sow-image so-widget-sow-image-default-8b5b6f678277-1407\"\n\t\t\t\n\t\t>\n<div class=\"sow-image-container\">\n\t\t<img \n\tsrc=\"https:\/\/ednet-solutions.co\/wp-content\/uploads\/2022\/02\/Miniforce-300x300.jpg\" width=\"300\" height=\"300\" srcset=\"https:\/\/ednet-solutions.co\/wp-content\/uploads\/2022\/02\/Miniforce-300x300.jpg 300w, https:\/\/ednet-solutions.co\/wp-content\/uploads\/2022\/02\/Miniforce-150x150.jpg 150w, https:\/\/ednet-solutions.co\/wp-content\/uploads\/2022\/02\/Miniforce.jpg 600w\" sizes=\"(max-width: 300px) 100vw, 300px\" alt=\"\" loading=\"lazy\" \t\tclass=\"so-widget-image\"\/>\n\t<\/div>\n\n<\/div><\/div><\/div><div id=\"pgc-1407-4-1\"  class=\"panel-grid-cell\" ><div id=\"panel-1407-4-1-0\" class=\"so-panel widget_text panel-first-child panel-last-child\" data-index=\"10\" ><h3 class=\"widget-title\">MINIFORCE ARGOLLA EST\u00c1NDAR<\/h3>\t\t\t<div class=\"textwidget\"><p align=\"justify\">Exclusivo de Aerodyne, la argolla central extendida en el sistema Miniforce facilita liberar el paraca\u00eddas principal con un mejor apalancamiento. Reduce la fuerza de tracci\u00f3n necesaria para desconectar el paraca\u00eddas principal en aproximadamente un 35 % en comparaci\u00f3n con otros sistemas convencionales de mini 3- argollas.<\/p>\n<\/div>\n\t\t<\/div><\/div><div id=\"pgc-1407-4-2\"  class=\"panel-grid-cell\" ><div id=\"panel-1407-4-2-0\" class=\"so-panel widget_sow-image panel-first-child panel-last-child\" data-index=\"11\" ><div\n\t\t\t\n\t\t\tclass=\"so-widget-sow-image so-widget-sow-image-default-8b5b6f678277-1407\"\n\t\t\t\n\t\t>\n<div class=\"sow-image-container\">\n\t\t<img \n\tsrc=\"https:\/\/ednet-solutions.co\/wp-content\/uploads\/2022\/02\/Inverted-Yoke-300x300.jpg\" width=\"300\" height=\"300\" srcset=\"https:\/\/ednet-solutions.co\/wp-content\/uploads\/2022\/02\/Inverted-Yoke-300x300.jpg 300w, https:\/\/ednet-solutions.co\/wp-content\/uploads\/2022\/02\/Inverted-Yoke-150x150.jpg 150w, https:\/\/ednet-solutions.co\/wp-content\/uploads\/2022\/02\/Inverted-Yoke-768x768.jpg 768w, https:\/\/ednet-solutions.co\/wp-content\/uploads\/2022\/02\/Inverted-Yoke.jpg 900w\" sizes=\"(max-width: 300px) 100vw, 300px\" alt=\"\" loading=\"lazy\" \t\tclass=\"so-widget-image\"\/>\n\t<\/div>\n\n<\/div><\/div><\/div><div id=\"pgc-1407-4-3\"  class=\"panel-grid-cell\" ><div id=\"panel-1407-4-3-0\" class=\"so-panel widget_text panel-first-child panel-last-child\" data-index=\"12\" ><h3 class=\"widget-title\">CONFORT DE YOKE INVERTIDO<\/h3>\t\t\t<div class=\"textwidget\"><p align=\"justify\"> Doblado hacia adentro, no se requiere cinta de atadura, lo que da como resultado una apariencia m\u00e1s limpia y elegante que es m\u00e1s c\u00f3moda.<\/p>\n<\/div>\n\t\t<\/div><\/div><\/div><div id=\"pg-1407-5\"  class=\"panel-grid panel-no-style\" ><div id=\"pgc-1407-5-0\"  class=\"panel-grid-cell\" ><div id=\"panel-1407-5-0-0\" class=\"so-panel widget_sow-image panel-first-child panel-last-child\" data-index=\"13\" ><div\n\t\t\t\n\t\t\tclass=\"so-widget-sow-image so-widget-sow-image-default-8b5b6f678277-1407\"\n\t\t\t\n\t\t>\n<div class=\"sow-image-container\">\n\t\t<img \n\tsrc=\"https:\/\/ednet-solutions.co\/wp-content\/uploads\/2022\/02\/Reserve-Pin-Window-300x300.jpg\" width=\"300\" height=\"300\" srcset=\"https:\/\/ednet-solutions.co\/wp-content\/uploads\/2022\/02\/Reserve-Pin-Window-300x300.jpg 300w, https:\/\/ednet-solutions.co\/wp-content\/uploads\/2022\/02\/Reserve-Pin-Window-150x150.jpg 150w, https:\/\/ednet-solutions.co\/wp-content\/uploads\/2022\/02\/Reserve-Pin-Window.jpg 600w\" sizes=\"(max-width: 300px) 100vw, 300px\" alt=\"\" loading=\"lazy\" \t\tclass=\"so-widget-image\"\/>\n\t<\/div>\n\n<\/div><\/div><\/div><div id=\"pgc-1407-5-1\"  class=\"panel-grid-cell\" ><div id=\"panel-1407-5-1-0\" class=\"so-panel widget_text panel-first-child panel-last-child\" data-index=\"14\" ><h3 class=\"widget-title\">VENTANILLA DE PINO DE RESERVA<\/h3>\t\t\t<div class=\"textwidget\"><p align=\"justify\">Chequea los pines de reserva sin tener que abrir y cerrar la tapa cada vez. Ahorra desgaste y permite a los instructores inspeccionar f\u00e1cilmente el pino.<\/p>\n<\/div>\n\t\t<\/div><\/div><div id=\"pgc-1407-5-2\"  class=\"panel-grid-cell\" ><div id=\"panel-1407-5-2-0\" class=\"so-panel widget_sow-image panel-first-child panel-last-child\" data-index=\"15\" ><div\n\t\t\t\n\t\t\tclass=\"so-widget-sow-image so-widget-sow-image-default-8b5b6f678277-1407\"\n\t\t\t\n\t\t>\n<div class=\"sow-image-container\">\n\t\t<img \n\tsrc=\"https:\/\/ednet-solutions.co\/wp-content\/uploads\/2022\/02\/Reserve-Pin-300x300.jpg\" width=\"300\" height=\"300\" srcset=\"https:\/\/ednet-solutions.co\/wp-content\/uploads\/2022\/02\/Reserve-Pin-300x300.jpg 300w, https:\/\/ednet-solutions.co\/wp-content\/uploads\/2022\/02\/Reserve-Pin-150x150.jpg 150w, https:\/\/ednet-solutions.co\/wp-content\/uploads\/2022\/02\/Reserve-Pin-768x768.jpg 768w, https:\/\/ednet-solutions.co\/wp-content\/uploads\/2022\/02\/Reserve-Pin.jpg 900w\" sizes=\"(max-width: 300px) 100vw, 300px\" alt=\"\" loading=\"lazy\" \t\tclass=\"so-widget-image\"\/>\n\t<\/div>\n\n<\/div><\/div><\/div><div id=\"pgc-1407-5-3\"  class=\"panel-grid-cell\" ><div id=\"panel-1407-5-3-0\" class=\"so-panel widget_text panel-first-child panel-last-child\" data-index=\"16\" ><h3 class=\"widget-title\">LA MEJOR PROTECCI\u00d3N DE CUBIERTA DE PINO DE RESERVA DE SU CLASE<\/h3>\t\t\t<div class=\"textwidget\"><p align=\"justify\"> Nuestra cubierta de pino de reserva asegurada ofrece la m\u00e1xima protecci\u00f3n y reduce el riesgo de desplazamiento accidental del pino.<\/p>\n<\/div>\n\t\t<\/div><\/div><\/div><div id=\"pg-1407-6\"  class=\"panel-grid panel-no-style\" ><div id=\"pgc-1407-6-0\"  class=\"panel-grid-cell\" ><div id=\"panel-1407-6-0-0\" class=\"so-panel widget_sow-image panel-first-child panel-last-child\" data-index=\"17\" ><div\n\t\t\t\n\t\t\tclass=\"so-widget-sow-image so-widget-sow-image-default-8b5b6f678277-1407\"\n\t\t\t\n\t\t>\n<div class=\"sow-image-container\">\n\t\t<img \n\tsrc=\"https:\/\/ednet-solutions.co\/wp-content\/uploads\/2022\/02\/Adjustable-Harness-300x300.jpg\" width=\"300\" height=\"300\" srcset=\"https:\/\/ednet-solutions.co\/wp-content\/uploads\/2022\/02\/Adjustable-Harness-300x300.jpg 300w, https:\/\/ednet-solutions.co\/wp-content\/uploads\/2022\/02\/Adjustable-Harness-150x150.jpg 150w, https:\/\/ednet-solutions.co\/wp-content\/uploads\/2022\/02\/Adjustable-Harness.jpg 600w\" sizes=\"(max-width: 300px) 100vw, 300px\" alt=\"\" loading=\"lazy\" \t\tclass=\"so-widget-image\"\/>\n\t<\/div>\n\n<\/div><\/div><\/div><div id=\"pgc-1407-6-1\"  class=\"panel-grid-cell\" ><div id=\"panel-1407-6-1-0\" class=\"so-panel widget_text panel-first-child panel-last-child\" data-index=\"18\" ><h3 class=\"widget-title\">ARN\u00c9S Y CINTURONES AJUSTABLES<\/h3>\t\t\t<div class=\"textwidget\"><p align=\"justify\">M\u00faltiples opciones de ajuste para adaptarse a estudiantes de todos los tama\u00f1os. Utiliza marcadores codificados por colores para que el arn\u00e9s se pueda ajustar de forma r\u00e1pida y precisa a la configuraci\u00f3n previa de los estudiantes. \u00a1No olvide anotar los colores en el cuaderno de registro del estudiante!<\/p>\n<\/div>\n\t\t<\/div><\/div><div id=\"pgc-1407-6-2\"  class=\"panel-grid-cell\" ><div id=\"panel-1407-6-2-0\" class=\"so-panel widget_sow-image panel-first-child panel-last-child\" data-index=\"19\" ><div\n\t\t\t\n\t\t\tclass=\"so-widget-sow-image so-widget-sow-image-default-8b5b6f678277-1407\"\n\t\t\t\n\t\t>\n<div class=\"sow-image-container\">\n\t\t<img \n\tsrc=\"https:\/\/ednet-solutions.co\/wp-content\/uploads\/2022\/02\/Student-Belly-Band-web-300x300.png\" width=\"300\" height=\"300\" srcset=\"https:\/\/ednet-solutions.co\/wp-content\/uploads\/2022\/02\/Student-Belly-Band-web-300x300.png 300w, https:\/\/ednet-solutions.co\/wp-content\/uploads\/2022\/02\/Student-Belly-Band-web-150x150.png 150w, https:\/\/ednet-solutions.co\/wp-content\/uploads\/2022\/02\/Student-Belly-Band-web.png 600w\" sizes=\"(max-width: 300px) 100vw, 300px\" alt=\"\" loading=\"lazy\" \t\tclass=\"so-widget-image\"\/>\n\t<\/div>\n\n<\/div><\/div><\/div><div id=\"pgc-1407-6-3\"  class=\"panel-grid-cell\" ><div id=\"panel-1407-6-3-0\" class=\"so-panel widget_text panel-first-child panel-last-child\" data-index=\"20\" ><h3 class=\"widget-title\">CINTUR\u00d3N DE VIENTRE<\/h3>\t\t\t<div class=\"textwidget\"><p align=\"justify\">No todos los cuerpos son similares y as veces es necesario apretar un poco m\u00e1s el contenedor a la espalda del estudiante.<br \/>\nPara estos paracaidistas, Aerodyne ha dise\u00f1ado una soluci\u00f3n sencilla y funcional con un cintur\u00f3n para el vientre desmontable.<\/p>\n<\/div>\n\t\t<\/div><\/div><\/div><div id=\"pg-1407-7\"  class=\"panel-grid panel-no-style\" ><div id=\"pgc-1407-7-0\"  class=\"panel-grid-cell\" ><div id=\"panel-1407-7-0-0\" class=\"so-panel widget_sow-image panel-first-child panel-last-child\" data-index=\"21\" ><div\n\t\t\t\n\t\t\tclass=\"so-widget-sow-image so-widget-sow-image-default-8b5b6f678277-1407\"\n\t\t\t\n\t\t>\n<div class=\"sow-image-container\">\n\t\t<img \n\tsrc=\"https:\/\/ednet-solutions.co\/wp-content\/uploads\/2022\/02\/AFF-BOC-300x300.jpg\" width=\"300\" height=\"300\" srcset=\"https:\/\/ednet-solutions.co\/wp-content\/uploads\/2022\/02\/AFF-BOC-300x300.jpg 300w, https:\/\/ednet-solutions.co\/wp-content\/uploads\/2022\/02\/AFF-BOC-150x150.jpg 150w, https:\/\/ednet-solutions.co\/wp-content\/uploads\/2022\/02\/AFF-BOC.jpg 600w\" sizes=\"(max-width: 300px) 100vw, 300px\" alt=\"\" loading=\"lazy\" \t\tclass=\"so-widget-image\"\/>\n\t<\/div>\n\n<\/div><\/div><\/div><div id=\"pgc-1407-7-1\"  class=\"panel-grid-cell\" ><div id=\"panel-1407-7-1-0\" class=\"so-panel widget_text panel-first-child panel-last-child\" data-index=\"22\" ><h3 class=\"widget-title\">AFF BOC<\/h3>\t\t\t<div class=\"textwidget\"><p align=\"justify\">Los despliegues del lado del maneral de reserva se admiten f\u00e1cilmente con el maneral de liberaci\u00f3n de BOC.<\/p>\n<\/div>\n\t\t<\/div><\/div><div id=\"pgc-1407-7-2\"  class=\"panel-grid-cell\" ><div id=\"panel-1407-7-2-0\" class=\"so-panel widget_sow-image panel-first-child panel-last-child\" data-index=\"23\" ><div\n\t\t\t\n\t\t\tclass=\"so-widget-sow-image so-widget-sow-image-default-8b5b6f678277-1407\"\n\t\t\t\n\t\t>\n<div class=\"sow-image-container\">\n\t\t<img \n\tsrc=\"https:\/\/ednet-solutions.co\/wp-content\/uploads\/2022\/02\/Riser-Ramps-300x300.jpg\" width=\"300\" height=\"300\" srcset=\"https:\/\/ednet-solutions.co\/wp-content\/uploads\/2022\/02\/Riser-Ramps-300x300.jpg 300w, https:\/\/ednet-solutions.co\/wp-content\/uploads\/2022\/02\/Riser-Ramps-150x150.jpg 150w, https:\/\/ednet-solutions.co\/wp-content\/uploads\/2022\/02\/Riser-Ramps-768x768.jpg 768w, https:\/\/ednet-solutions.co\/wp-content\/uploads\/2022\/02\/Riser-Ramps.jpg 900w\" sizes=\"(max-width: 300px) 100vw, 300px\" alt=\"\" loading=\"lazy\" \t\tclass=\"so-widget-image\"\/>\n\t<\/div>\n\n<\/div><\/div><\/div><div id=\"pgc-1407-7-3\"  class=\"panel-grid-cell\" ><div id=\"panel-1407-7-3-0\" class=\"so-panel widget_text panel-first-child panel-last-child\" data-index=\"24\" ><h3 class=\"widget-title\">RAMPAS DE TIRANTES<\/h3>\t\t\t<div class=\"textwidget\"><p align=\"justify\">Los tirantes principales (riser) est\u00e1n completamente cubiertos y dirigidos hacia el contenedor principal utilizando placas especiales de rampa para garantizar que los tirantes y las l\u00edneas no se enganchen en el contenedor de reserva, en caso de despliegues prematuros.<\/p>\n<\/div>\n\t\t<\/div><\/div><\/div><\/div>","protected":false},"excerpt":{"rendered":"<p>El Icon Student fue dise\u00f1ado pensando en el operador de la DZ, el personal de instrucci\u00f3n y, lo que es m\u00e1s importante, en el alumno. El entorno de capacitaci\u00f3n de los alumnos se ha vuelto m\u00e1s diverso y las demandas que se imponen al equipo de formaci\u00f3n se han vuelto mayores. Los operadores de DZ [&hellip;]<\/p>\n","protected":false},"author":1,"featured_media":0,"parent":1146,"menu_order":2,"comment_status":"closed","ping_status":"closed","template":"templates\/template-full.php","meta":[],"_links":{"self":[{"href":"https:\/\/ednet-solutions.co\/es\/wp-json\/wp\/v2\/pages\/1407"}],"collection":[{"href":"https:\/\/ednet-solutions.co\/es\/wp-json\/wp\/v2\/pages"}],"about":[{"href":"https:\/\/ednet-solutions.co\/es\/wp-json\/wp\/v2\/types\/page"}],"author":[{"embeddable":true,"href":"https:\/\/ednet-solutions.co\/es\/wp-json\/wp\/v2\/users\/1"}],"replies":[{"embeddable":true,"href":"https:\/\/ednet-solutions.co\/es\/wp-json\/wp\/v2\/comments?post=1407"}],"version-history":[{"count":3,"href":"https:\/\/ednet-solutions.co\/es\/wp-json\/wp\/v2\/pages\/1407\/revisions"}],"predecessor-version":[{"id":2635,"href":"https:\/\/ednet-solutions.co\/es\/wp-json\/wp\/v2\/pages\/1407\/revisions\/2635"}],"up":[{"embeddable":true,"href":"https:\/\/ednet-solutions.co\/es\/wp-json\/wp\/v2\/pages\/1146"}],"wp:attachment":[{"href":"https:\/\/ednet-solutions.co\/es\/wp-json\/wp\/v2\/media?parent=1407"}],"curies":[{"name":"wp","href":"https:\/\/api.w.org\/{rel}","templated":true}]}}