{"id":1594,"date":"2022-02-19T07:04:23","date_gmt":"2022-02-19T12:04:23","guid":{"rendered":"https:\/\/ednet-solutions.co\/produkte\/speed-cypres-2\/"},"modified":"2022-02-23T13:52:48","modified_gmt":"2022-02-23T18:52:48","slug":"speed-cypres-2","status":"publish","type":"page","link":"https:\/\/ednet-solutions.co\/es\/produkte\/speed-cypres-2\/","title":{"rendered":"Speed CYPRES 2"},"content":{"rendered":"<div id=\"pl-1594\"  class=\"panel-layout\" ><div id=\"pg-1594-0\"  class=\"panel-grid panel-no-style\" ><div id=\"pgc-1594-0-0\"  class=\"panel-grid-cell\" ><div id=\"panel-1594-0-0-0\" class=\"so-panel widget_headline-widget panel-first-child panel-last-child\" data-index=\"0\" >\t\t<h1>Speed CYPRES 2<\/h1>\n\t\t<div class=\"decoration\"><div class=\"decoration-inside\"><\/div><\/div>\n\t\t<h3>Seguridad incluso para saltos con tasas de ca\u00edda extremas<\/h3>\n\t\t<\/div><\/div><\/div><div id=\"pg-1594-1\"  class=\"panel-grid panel-no-style\" ><div id=\"pgc-1594-1-0\"  class=\"panel-grid-cell\" ><div id=\"panel-1594-1-0-0\" class=\"so-panel widget_sow-image panel-first-child panel-last-child\" data-index=\"1\" ><div\n\t\t\t\n\t\t\tclass=\"so-widget-sow-image so-widget-sow-image-default-5b99f59c01c9-1594\"\n\t\t\t\n\t\t>\n<div class=\"sow-image-container\">\n\t\t\t<a href=\"https:\/\/www.cypres.aero\/product\/speed-cypres-2\/\"\n\t\t\ttarget=\"_blank\" rel=\"noopener noreferrer\" \t\t>\n\t\t\t<img \n\tsrc=\"https:\/\/ednet-solutions.co\/wp-content\/uploads\/2022\/02\/Spe_3316c-400x276-1-300x207.jpg\" width=\"300\" height=\"207\" srcset=\"https:\/\/ednet-solutions.co\/wp-content\/uploads\/2022\/02\/Spe_3316c-400x276-1-300x207.jpg 300w, https:\/\/ednet-solutions.co\/wp-content\/uploads\/2022\/02\/Spe_3316c-400x276-1.jpg 400w\" sizes=\"(max-width: 300px) 100vw, 300px\" title=\"Speed CYPRES 2\" alt=\"\" loading=\"lazy\" \t\tclass=\"so-widget-image\"\/>\n\t\t\t<\/a><\/div>\n\n<\/div><\/div><\/div><div id=\"pgc-1594-1-1\"  class=\"panel-grid-cell\" ><div id=\"panel-1594-1-1-0\" class=\"so-panel widget_text panel-first-child panel-last-child\" data-index=\"2\" >\t\t\t<div class=\"textwidget\"><p><a href=\"https:\/\/www.cypres.aero\/product\/speed-cypres-2\/specifications-speed\/\" target=\"_blank\" rel=\"noopener\"><img loading=\"lazy\" class=\"alignright wp-image-1501\" src=\"https:\/\/ednet-solutions.co\/wp-content\/uploads\/2022\/02\/Speed-CYPRES-2-158x300.png\" alt=\"\" width=\"315\" height=\"600\" srcset=\"https:\/\/ednet-solutions.co\/wp-content\/uploads\/2022\/02\/Speed-CYPRES-2-158x300.png 158w, https:\/\/ednet-solutions.co\/wp-content\/uploads\/2022\/02\/Speed-CYPRES-2-538x1024.png 538w, https:\/\/ednet-solutions.co\/wp-content\/uploads\/2022\/02\/Speed-CYPRES-2-768x1461.png 768w, https:\/\/ednet-solutions.co\/wp-content\/uploads\/2022\/02\/Speed-CYPRES-2-807x1536.png 807w, https:\/\/ednet-solutions.co\/wp-content\/uploads\/2022\/02\/Speed-CYPRES-2.png 871w\" sizes=\"(max-width: 315px) 100vw, 315px\" \/><\/a><\/p>\n<p align=\"justify\">\u00bfEs usted un piloto de velamen experimentado que busca desaf\u00edos especiales como swooping? Entonces Speed \u200b\u200bCYPRES 2 es la soluci\u00f3n de seguridad \u00f3ptima para usted. Puede reconocerlo f\u00e1cilmente por el distintivo <strong>bot\u00f3n rojo<\/strong> y la <strong>inscripci\u00f3n Speed<\/strong>.<\/p>\n<p align=\"justify\">Independientemente de si se encuentra en ca\u00edda libre o despu\u00e9s de que el paraca\u00eddas principal se haya separado en una colisi\u00f3n con la c\u00fapula: el Speed \u200b\u200bCYPRES 2 le ofrece seguridad confiable con tasas de ca\u00edda extremas en el \u00e1rea crucial entre 225 y 100 metros sobre el suelo.<\/p>\n<p align=\"justify\">Puede reconocerel <strong>Speed CYPRES 2<\/strong> f\u00e1cilmente por el distintivo <strong>bot\u00f3n rojo<\/strong> y la <strong>inscripci\u00f3n Speed<\/strong>.<\/p>\n<p>Par\u00e1metros especiales:<\/p>\n<p><strong>Velocidad de activaci\u00f3n<\/strong><br \/>\naprox. \u2265 43 m\/s (para dispositivos no actualizados desde el 01\/01\/2013)<br \/>\naprox. \u2265 46 m\/s (para nuevos dispositivos a partir del 01\/01\/2013 y dispositivos actualizados en el curso de mantenimiento\/ servicio despu\u00e9s del 01\/01\/2013)<\/p>\n<p><strong>Altura\/ -ventana de activaci\u00f3n<\/strong><br \/>\naprox. 225 &#8211; 100 m<\/p>\n<p><strong>Altura de desactivaci\u00f3n<\/strong><br \/>\naprox. 100 m<\/p>\n<\/div>\n\t\t<\/div><\/div><\/div><\/div>","protected":false},"excerpt":{"rendered":"<p>\u00bfEs usted un piloto de velamen experimentado que busca desaf\u00edos especiales como swooping? Entonces Speed \u200b\u200bCYPRES 2 es la soluci\u00f3n de seguridad \u00f3ptima para usted. Puede reconocerlo f\u00e1cilmente por el distintivo bot\u00f3n rojo y la inscripci\u00f3n Speed. Independientemente de si se encuentra en ca\u00edda libre o despu\u00e9s de que el paraca\u00eddas principal se haya separado [&hellip;]<\/p>\n","protected":false},"author":1,"featured_media":0,"parent":1146,"menu_order":4,"comment_status":"closed","ping_status":"closed","template":"templates\/template-full-notitle.php","meta":[],"_links":{"self":[{"href":"https:\/\/ednet-solutions.co\/es\/wp-json\/wp\/v2\/pages\/1594"}],"collection":[{"href":"https:\/\/ednet-solutions.co\/es\/wp-json\/wp\/v2\/pages"}],"about":[{"href":"https:\/\/ednet-solutions.co\/es\/wp-json\/wp\/v2\/types\/page"}],"author":[{"embeddable":true,"href":"https:\/\/ednet-solutions.co\/es\/wp-json\/wp\/v2\/users\/1"}],"replies":[{"embeddable":true,"href":"https:\/\/ednet-solutions.co\/es\/wp-json\/wp\/v2\/comments?post=1594"}],"version-history":[{"count":9,"href":"https:\/\/ednet-solutions.co\/es\/wp-json\/wp\/v2\/pages\/1594\/revisions"}],"predecessor-version":[{"id":2804,"href":"https:\/\/ednet-solutions.co\/es\/wp-json\/wp\/v2\/pages\/1594\/revisions\/2804"}],"up":[{"embeddable":true,"href":"https:\/\/ednet-solutions.co\/es\/wp-json\/wp\/v2\/pages\/1146"}],"wp:attachment":[{"href":"https:\/\/ednet-solutions.co\/es\/wp-json\/wp\/v2\/media?parent=1594"}],"curies":[{"name":"wp","href":"https:\/\/api.w.org\/{rel}","templated":true}]}}