{"id":1597,"date":"2022-02-19T09:14:39","date_gmt":"2022-02-19T14:14:39","guid":{"rendered":"https:\/\/ednet-solutions.co\/produkte\/student-cypres-2\/"},"modified":"2022-02-23T13:45:56","modified_gmt":"2022-02-23T18:45:56","slug":"student-cypres-2","status":"publish","type":"page","link":"https:\/\/ednet-solutions.co\/es\/produkte\/student-cypres-2\/","title":{"rendered":"Student CYPRES 2"},"content":{"rendered":"<div id=\"pl-gb1597-69e8c8b170bf3\"  class=\"panel-layout\" ><div id=\"pg-gb1597-69e8c8b170bf3-0\"  class=\"panel-grid panel-no-style\" ><div id=\"pgc-gb1597-69e8c8b170bf3-0-0\"  class=\"panel-grid-cell\" ><div id=\"panel-gb1597-69e8c8b170bf3-0-0-0\" class=\"so-panel widget_headline-widget panel-first-child panel-last-child\" data-index=\"0\" >\t\t<h1>Student CYPRES 2<\/h1>\n\t\t<div class=\"decoration\"><div class=\"decoration-inside\"><\/div><\/div>\n\t\t<h3>M\u00e1s seguridad en el velamen, m\u00e1s tiempo de reacci\u00f3n para la preparaci\u00f3n del aterrizaje<\/h3>\n\t\t<\/div><\/div><\/div><div id=\"pg-gb1597-69e8c8b170bf3-1\"  class=\"panel-grid panel-no-style\" ><div id=\"pgc-gb1597-69e8c8b170bf3-1-0\"  class=\"panel-grid-cell\" ><div id=\"panel-gb1597-69e8c8b170bf3-1-0-0\" class=\"so-panel widget_sow-image panel-first-child panel-last-child\" data-index=\"1\" ><div\n\t\t\t\n\t\t\tclass=\"so-widget-sow-image so-widget-sow-image-default-5b99f59c01c9-1597\"\n\t\t\t\n\t\t>\n<div class=\"sow-image-container\">\n\t\t\t<a href=\"https:\/\/www.cypres.aero\/product\/student-cypres-2\/\"\n\t\t\ttarget=\"_blank\" rel=\"noopener noreferrer\" \t\t>\n\t\t\t<img \n\tsrc=\"https:\/\/ednet-solutions.co\/wp-content\/uploads\/2022\/02\/Stu_3319c-400x276-1-300x207.jpg\" width=\"300\" height=\"207\" srcset=\"https:\/\/ednet-solutions.co\/wp-content\/uploads\/2022\/02\/Stu_3319c-400x276-1-300x207.jpg 300w, https:\/\/ednet-solutions.co\/wp-content\/uploads\/2022\/02\/Stu_3319c-400x276-1.jpg 400w\" sizes=\"(max-width: 300px) 100vw, 300px\" title=\"Student CYPRES 2\" alt=\"\" loading=\"lazy\" \t\tclass=\"so-widget-image\"\/>\n\t\t\t<\/a><\/div>\n\n<\/div><\/div><\/div><div id=\"pgc-gb1597-69e8c8b170bf3-1-1\"  class=\"panel-grid-cell\" ><div id=\"panel-gb1597-69e8c8b170bf3-1-1-0\" class=\"so-panel widget_text panel-first-child panel-last-child\" data-index=\"2\" >\t\t\t<div class=\"textwidget\"><p><a href=\"https:\/\/www.cypres.aero\/product\/student-cypres-2\/specifications-students\/\" target=\"_blank\" rel=\"noopener\"><img loading=\"lazy\" class=\"alignright wp-image-1531\" src=\"https:\/\/ednet-solutions.co\/wp-content\/uploads\/2022\/02\/Student-CYPRES-2-537x1024.png\" alt=\"\" width=\"314\" height=\"600\" srcset=\"https:\/\/ednet-solutions.co\/wp-content\/uploads\/2022\/02\/Student-CYPRES-2-537x1024.png 537w, https:\/\/ednet-solutions.co\/wp-content\/uploads\/2022\/02\/Student-CYPRES-2-157x300.png 157w, https:\/\/ednet-solutions.co\/wp-content\/uploads\/2022\/02\/Student-CYPRES-2-768x1465.png 768w, https:\/\/ednet-solutions.co\/wp-content\/uploads\/2022\/02\/Student-CYPRES-2-805x1536.png 805w, https:\/\/ednet-solutions.co\/wp-content\/uploads\/2022\/02\/Student-CYPRES-2.png 871w\" sizes=\"(max-width: 314px) 100vw, 314px\" \/><\/a><\/p>\n<p align=\"justify\">El Student CYPRES 2 es un dispositivo de apertura autom\u00e1tica que fue especialmente desarrollado para la formaci\u00f3n.<\/p>\n<p align=\"justify\">A diferencia del Expert CYPRES 2, la altura de activaci\u00f3n es de aprox. 300 metros, por lo que puede dominar con seguridad situaciones de miedo, como un paraca\u00eddas principal parcialmente abierto.<\/p>\n<p align=\"justify\">En ese caso, el Student CYPRES 2 le da m\u00e1s tiempo para prepararse para su aterrizaje.<\/p>\n<p align=\"justify\">La caracter\u00edstica especial del <strong>Student CYPRES 2<\/strong> es el <strong>bot\u00f3n amarillo<\/strong> y la <strong>inscripci\u00f3n Student<\/strong>.<\/p>\n<p>Par\u00e1metros especiales:<\/p>\n<p><strong>Velocidad de activaci\u00f3n<\/strong><br \/>\naprox. \u2265 13 m\/s<\/p>\n<p><strong>Altura\/ -ventana de activaci\u00f3n<\/strong><br \/>\naprox. 300 &#8211; 40 m<\/p>\n<\/div>\n\t\t<\/div><\/div><\/div><\/div>\n\n\n<p><\/p>\n","protected":false},"excerpt":{"rendered":"<p>El Student CYPRES 2 es un dispositivo de apertura autom\u00e1tica que fue especialmente desarrollado para la formaci\u00f3n. A diferencia del Expert CYPRES 2, la altura de activaci\u00f3n es de aprox. 300 metros, por lo que puede dominar con seguridad situaciones de miedo, como un paraca\u00eddas principal parcialmente abierto. En ese caso, el Student CYPRES 2 [&hellip;]<\/p>\n","protected":false},"author":1,"featured_media":0,"parent":1146,"menu_order":5,"comment_status":"closed","ping_status":"closed","template":"templates\/template-full-notitle.php","meta":[],"_links":{"self":[{"href":"https:\/\/ednet-solutions.co\/es\/wp-json\/wp\/v2\/pages\/1597"}],"collection":[{"href":"https:\/\/ednet-solutions.co\/es\/wp-json\/wp\/v2\/pages"}],"about":[{"href":"https:\/\/ednet-solutions.co\/es\/wp-json\/wp\/v2\/types\/page"}],"author":[{"embeddable":true,"href":"https:\/\/ednet-solutions.co\/es\/wp-json\/wp\/v2\/users\/1"}],"replies":[{"embeddable":true,"href":"https:\/\/ednet-solutions.co\/es\/wp-json\/wp\/v2\/comments?post=1597"}],"version-history":[{"count":1,"href":"https:\/\/ednet-solutions.co\/es\/wp-json\/wp\/v2\/pages\/1597\/revisions"}],"predecessor-version":[{"id":2788,"href":"https:\/\/ednet-solutions.co\/es\/wp-json\/wp\/v2\/pages\/1597\/revisions\/2788"}],"up":[{"embeddable":true,"href":"https:\/\/ednet-solutions.co\/es\/wp-json\/wp\/v2\/pages\/1146"}],"wp:attachment":[{"href":"https:\/\/ednet-solutions.co\/es\/wp-json\/wp\/v2\/media?parent=1597"}],"curies":[{"name":"wp","href":"https:\/\/api.w.org\/{rel}","templated":true}]}}