{"id":1600,"date":"2022-02-19T09:41:51","date_gmt":"2022-02-19T14:41:51","guid":{"rendered":"https:\/\/ednet-solutions.co\/produkte\/tandem-cypres-2\/"},"modified":"2022-02-23T13:44:51","modified_gmt":"2022-02-23T18:44:51","slug":"tandem-cypres-2","status":"publish","type":"page","link":"https:\/\/ednet-solutions.co\/es\/produkte\/tandem-cypres-2\/","title":{"rendered":"Tandem CYPRES 2"},"content":{"rendered":"<div id=\"pl-1600\"  class=\"panel-layout\" ><div id=\"pg-1600-0\"  class=\"panel-grid panel-no-style\" ><div id=\"pgc-1600-0-0\"  class=\"panel-grid-cell\" ><div id=\"panel-1600-0-0-0\" class=\"so-panel widget_headline-widget panel-first-child panel-last-child\" data-index=\"0\" >\t\t<h1>Tandem CYPRES 2<\/h1>\n\t\t<div class=\"decoration\"><div class=\"decoration-inside\"><\/div><\/div>\n\t\t<h3>Seguridad confiable para dos<\/h3>\n\t\t<\/div><\/div><\/div><div id=\"pg-1600-1\"  class=\"panel-grid panel-no-style\" ><div id=\"pgc-1600-1-0\"  class=\"panel-grid-cell\" ><div id=\"panel-1600-1-0-0\" class=\"so-panel widget_sow-image panel-first-child panel-last-child\" data-index=\"1\" ><div\n\t\t\t\n\t\t\tclass=\"so-widget-sow-image so-widget-sow-image-default-5b99f59c01c9-1600\"\n\t\t\t\n\t\t>\n<div class=\"sow-image-container\">\n\t\t\t<a href=\"https:\/\/www.cypres.aero\/product\/tandem-cypres-2\/\"\n\t\t\ttarget=\"_blank\" rel=\"noopener noreferrer\" \t\t>\n\t\t\t<img \n\tsrc=\"https:\/\/ednet-solutions.co\/wp-content\/uploads\/2022\/02\/Tan_3312c-400x276-1-300x207.jpg\" width=\"300\" height=\"207\" srcset=\"https:\/\/ednet-solutions.co\/wp-content\/uploads\/2022\/02\/Tan_3312c-400x276-1-300x207.jpg 300w, https:\/\/ednet-solutions.co\/wp-content\/uploads\/2022\/02\/Tan_3312c-400x276-1.jpg 400w\" sizes=\"(max-width: 300px) 100vw, 300px\" title=\"Tandem CYPRES 2\" alt=\"\" loading=\"lazy\" \t\tclass=\"so-widget-image\"\/>\n\t\t\t<\/a><\/div>\n\n<\/div><\/div><\/div><div id=\"pgc-1600-1-1\"  class=\"panel-grid-cell\" ><div id=\"panel-1600-1-1-0\" class=\"so-panel widget_text panel-first-child panel-last-child\" data-index=\"2\" >\t\t\t<div class=\"textwidget\"><p><a href=\"https:\/\/www.cypres.aero\/product\/tandem-cypres-2\/specifications-tandem\/\" target=\"_blank\" rel=\"noopener\"><img loading=\"lazy\" class=\"alignright wp-image-1560\" src=\"https:\/\/ednet-solutions.co\/wp-content\/uploads\/2022\/02\/Tandem-CYPRES-2-537x1024.png\" alt=\"\" width=\"315\" height=\"600\" srcset=\"https:\/\/ednet-solutions.co\/wp-content\/uploads\/2022\/02\/Tandem-CYPRES-2-537x1024.png 537w, https:\/\/ednet-solutions.co\/wp-content\/uploads\/2022\/02\/Tandem-CYPRES-2-157x300.png 157w, https:\/\/ednet-solutions.co\/wp-content\/uploads\/2022\/02\/Tandem-CYPRES-2-768x1465.png 768w, https:\/\/ednet-solutions.co\/wp-content\/uploads\/2022\/02\/Tandem-CYPRES-2-805x1536.png 805w, https:\/\/ednet-solutions.co\/wp-content\/uploads\/2022\/02\/Tandem-CYPRES-2.png 871w\" sizes=\"(max-width: 315px) 100vw, 315px\" \/><\/a><\/p>\n<p align=\"justify\">El salto en t\u00e1ndem no solo requiere habilidades especiales del maestro del t\u00e1ndem, sino tambi\u00e9n un alto sentido de responsabilidad por su pasajero.<\/p>\n<p align=\"justify\">Para que la diversi\u00f3n no termine con un golpe mortal, hemos desarrollado un DAA especial para que tambi\u00e9n pueda beneficiarse de la calidad de seguridad confiable de CYPRES con saltos en t\u00e1ndem: El Tandem CYPRES 2.<\/p>\n<p align=\"justify\">Puede reconocerel <strong>Tandem CYPRES 2<\/strong> f\u00e1cilmente por el distintivo <strong>bot\u00f3n azul<\/strong> y la <strong>inscripci\u00f3n Tandem<\/strong>.<\/p>\n<p align=\"justify\">Para m\u00e1xima seguridad, el Tandem CYPRES 2 est\u00e1 ajustado a la altura de activaci\u00f3n probada de aprox. 580 metros.<\/p>\n<p>Par\u00e1metros especiales:<\/p>\n<p><strong>Velocidad de activaci\u00f3n<\/strong><br \/>\naprox. \u2265 35 m\/s<\/p>\n<p><strong>Altura\/ -ventana de activaci\u00f3n<\/strong><br \/>\naprox. 580 &#8211; 40 m<\/p>\n<\/div>\n\t\t<\/div><\/div><\/div><\/div>","protected":false},"excerpt":{"rendered":"<p>El salto en t\u00e1ndem no solo requiere habilidades especiales del maestro del t\u00e1ndem, sino tambi\u00e9n un alto sentido de responsabilidad por su pasajero. Para que la diversi\u00f3n no termine con un golpe mortal, hemos desarrollado un DAA especial para que tambi\u00e9n pueda beneficiarse de la calidad de seguridad confiable de CYPRES con saltos en t\u00e1ndem: [&hellip;]<\/p>\n","protected":false},"author":1,"featured_media":0,"parent":1146,"menu_order":6,"comment_status":"closed","ping_status":"closed","template":"templates\/template-full-notitle.php","meta":[],"_links":{"self":[{"href":"https:\/\/ednet-solutions.co\/es\/wp-json\/wp\/v2\/pages\/1600"}],"collection":[{"href":"https:\/\/ednet-solutions.co\/es\/wp-json\/wp\/v2\/pages"}],"about":[{"href":"https:\/\/ednet-solutions.co\/es\/wp-json\/wp\/v2\/types\/page"}],"author":[{"embeddable":true,"href":"https:\/\/ednet-solutions.co\/es\/wp-json\/wp\/v2\/users\/1"}],"replies":[{"embeddable":true,"href":"https:\/\/ednet-solutions.co\/es\/wp-json\/wp\/v2\/comments?post=1600"}],"version-history":[{"count":4,"href":"https:\/\/ednet-solutions.co\/es\/wp-json\/wp\/v2\/pages\/1600\/revisions"}],"predecessor-version":[{"id":2787,"href":"https:\/\/ednet-solutions.co\/es\/wp-json\/wp\/v2\/pages\/1600\/revisions\/2787"}],"up":[{"embeddable":true,"href":"https:\/\/ednet-solutions.co\/es\/wp-json\/wp\/v2\/pages\/1146"}],"wp:attachment":[{"href":"https:\/\/ednet-solutions.co\/es\/wp-json\/wp\/v2\/media?parent=1600"}],"curies":[{"name":"wp","href":"https:\/\/api.w.org\/{rel}","templated":true}]}}