{"id":1603,"date":"2022-02-19T09:25:38","date_gmt":"2022-02-19T14:25:38","guid":{"rendered":"https:\/\/ednet-solutions.co\/produkte\/changeable-mode-cypres-2\/"},"modified":"2022-02-23T14:18:17","modified_gmt":"2022-02-23T19:18:17","slug":"changeable-mode-cypres-2","status":"publish","type":"page","link":"https:\/\/ednet-solutions.co\/es\/produkte\/changeable-mode-cypres-2\/","title":{"rendered":"changeable MODE CYPRES 2"},"content":{"rendered":"<div id=\"pl-gb1603-69e8c87ed8be9\"  class=\"panel-layout\" ><div id=\"pg-gb1603-69e8c87ed8be9-0\"  class=\"panel-grid panel-no-style\" ><div id=\"pgc-gb1603-69e8c87ed8be9-0-0\"  class=\"panel-grid-cell\" ><div id=\"panel-gb1603-69e8c87ed8be9-0-0-0\" class=\"so-panel widget_headline-widget panel-first-child panel-last-child\" data-index=\"0\" >\t\t<h1>changeable MODE CYPRES 2<\/h1>\n\t\t<div class=\"decoration\"><div class=\"decoration-inside\"><\/div><\/div>\n\t\t<h3>Por el usuario profesional<\/h3>\n\t\t<\/div><\/div><\/div><div id=\"pg-gb1603-69e8c87ed8be9-1\"  class=\"panel-grid panel-no-style\" ><div id=\"pgc-gb1603-69e8c87ed8be9-1-0\"  class=\"panel-grid-cell\" ><div id=\"panel-gb1603-69e8c87ed8be9-1-0-0\" class=\"so-panel widget_sow-image panel-first-child panel-last-child\" data-index=\"1\" ><div\n\t\t\t\n\t\t\tclass=\"so-widget-sow-image so-widget-sow-image-default-5b99f59c01c9-1603\"\n\t\t\t\n\t\t>\n<div class=\"sow-image-container\">\n\t\t\t<a href=\"https:\/\/www.cypres.aero\/product\/changeable-mode-cypres-2\/\"\n\t\t\ttarget=\"_blank\" rel=\"noopener noreferrer\" \t\t>\n\t\t\t<img \n\tsrc=\"https:\/\/ednet-solutions.co\/wp-content\/uploads\/2022\/02\/CM_3324c-400x276-1-300x207.jpg\" width=\"300\" height=\"207\" srcset=\"https:\/\/ednet-solutions.co\/wp-content\/uploads\/2022\/02\/CM_3324c-400x276-1-300x207.jpg 300w, https:\/\/ednet-solutions.co\/wp-content\/uploads\/2022\/02\/CM_3324c-400x276-1.jpg 400w\" sizes=\"(max-width: 300px) 100vw, 300px\" title=\"changeable MODE CYPRES 2\" alt=\"\" loading=\"lazy\" \t\tclass=\"so-widget-image\"\/>\n\t\t\t<\/a><\/div>\n\n<\/div><\/div><\/div><div id=\"pgc-gb1603-69e8c87ed8be9-1-1\"  class=\"panel-grid-cell\" ><div id=\"panel-gb1603-69e8c87ed8be9-1-1-0\" class=\"so-panel widget_text panel-first-child panel-last-child\" data-index=\"2\" >\t\t\t<div class=\"textwidget\"><p><a href=\"https:\/\/www.cypres.aero\/product\/changeable-mode-cypres-2\/specifications-changeable-mode\/\" target=\"_blank\" rel=\"noopener\"><img loading=\"lazy\" class=\"alignright wp-image-1542\" src=\"https:\/\/ednet-solutions.co\/wp-content\/uploads\/2022\/02\/CMode-CYPRES-2-537x1024.png\" alt=\"\" width=\"315\" height=\"600\" srcset=\"https:\/\/ednet-solutions.co\/wp-content\/uploads\/2022\/02\/CMode-CYPRES-2-537x1024.png 537w, https:\/\/ednet-solutions.co\/wp-content\/uploads\/2022\/02\/CMode-CYPRES-2-157x300.png 157w, https:\/\/ednet-solutions.co\/wp-content\/uploads\/2022\/02\/CMode-CYPRES-2-768x1465.png 768w, https:\/\/ednet-solutions.co\/wp-content\/uploads\/2022\/02\/CMode-CYPRES-2-805x1536.png 805w, https:\/\/ednet-solutions.co\/wp-content\/uploads\/2022\/02\/CMode-CYPRES-2.png 872w\" sizes=\"(max-width: 315px) 100vw, 315px\" \/><\/a><\/p>\n<p align=\"justify\">El changeable MODE \u00adCYPRES 2 es el siguiente paso en nuestra tecnolog\u00eda de DAA. Combina la confiabilidad proverbial de CYPRES \u00abMade in Germany\u00bb y el deseo de una mayor flexibilidad de aplicaci\u00f3n.<\/p>\n<p>Caracter\u00edsticas<br \/>\n\u2022 Cambio de modo flexible por parte del usuario<br \/>\n\u2022 Procedimiento de ajuste seguro<br \/>\n\u2022 Bloqueo de una configuraci\u00f3n involuntaria<\/p>\n<p align=\"justify\">El usuario puede cambiar independientemente entre los modos de funcionamiento (Expert &#8211; Student &#8211; Tandem &#8211; Speed). Esto es \u00fatil, por ejemplo, cuando el dispositivo se usa en equipos deportivos, en t\u00e1ndem y de alumnos. Un sofisticado procedimiento de entrada evita la conmutaci\u00f3n involuntaria. El otro manejo es absolutamente id\u00e9ntico al de cualquier otro CYPRES 2. Cuando el dispositivo est\u00e1 encendido, el modo siempre se indica en la pantalla mediante el segmento correspondiente debajo del modo de funcionamiento grabado.<\/p>\n<p align=\"justify\">El <strong>changeable MODE CYPRES 2<\/strong> puede reconocerlo f\u00e1cilmente por el <strong>bot\u00f3n magenta<\/strong> con letras blancas \u00ab<strong>changeable MODE<\/strong>\u00ab.<\/p>\n<p>Par\u00e1metros especiales:<\/p>\n<p><strong>Velocidad de activaci\u00f3n<\/strong><br \/>\nseg\u00fan el modo de funcionamiento seleccionado<\/p>\n<p><strong>Altura\/ -ventana de activaci\u00f3n<\/strong><br \/>\nseg\u00fan el modo de funcionamiento seleccionado<\/p>\n<\/div>\n\t\t<\/div><\/div><\/div><\/div>\n\n\n<p><\/p>\n","protected":false},"excerpt":{"rendered":"<p>El changeable MODE \u00adCYPRES 2 es el siguiente paso en nuestra tecnolog\u00eda de DAA. Combina la confiabilidad proverbial de CYPRES \u00abMade in Germany\u00bb y el deseo de una mayor flexibilidad de aplicaci\u00f3n. Caracter\u00edsticas \u2022 Cambio de modo flexible por parte del usuario \u2022 Procedimiento de ajuste seguro \u2022 Bloqueo de una configuraci\u00f3n involuntaria El usuario [&hellip;]<\/p>\n","protected":false},"author":1,"featured_media":0,"parent":1146,"menu_order":7,"comment_status":"closed","ping_status":"closed","template":"templates\/template-full-notitle.php","meta":[],"_links":{"self":[{"href":"https:\/\/ednet-solutions.co\/es\/wp-json\/wp\/v2\/pages\/1603"}],"collection":[{"href":"https:\/\/ednet-solutions.co\/es\/wp-json\/wp\/v2\/pages"}],"about":[{"href":"https:\/\/ednet-solutions.co\/es\/wp-json\/wp\/v2\/types\/page"}],"author":[{"embeddable":true,"href":"https:\/\/ednet-solutions.co\/es\/wp-json\/wp\/v2\/users\/1"}],"replies":[{"embeddable":true,"href":"https:\/\/ednet-solutions.co\/es\/wp-json\/wp\/v2\/comments?post=1603"}],"version-history":[{"count":3,"href":"https:\/\/ednet-solutions.co\/es\/wp-json\/wp\/v2\/pages\/1603\/revisions"}],"predecessor-version":[{"id":2816,"href":"https:\/\/ednet-solutions.co\/es\/wp-json\/wp\/v2\/pages\/1603\/revisions\/2816"}],"up":[{"embeddable":true,"href":"https:\/\/ednet-solutions.co\/es\/wp-json\/wp\/v2\/pages\/1146"}],"wp:attachment":[{"href":"https:\/\/ednet-solutions.co\/es\/wp-json\/wp\/v2\/media?parent=1603"}],"curies":[{"name":"wp","href":"https:\/\/api.w.org\/{rel}","templated":true}]}}