{"id":1642,"date":"2022-02-19T12:10:54","date_gmt":"2022-02-19T17:10:54","guid":{"rendered":"https:\/\/ednet-solutions.co\/produkte\/wingsuit-cypres-2\/"},"modified":"2022-03-16T10:30:12","modified_gmt":"2022-03-16T15:30:12","slug":"wingsuit-cypres-2","status":"publish","type":"page","link":"https:\/\/ednet-solutions.co\/es\/produkte\/wingsuit-cypres-2\/","title":{"rendered":"Wingsuit CYPRES 2"},"content":{"rendered":"<div id=\"pl-gb1642-69e8dcdf17b35\"  class=\"panel-layout\" ><div id=\"pg-gb1642-69e8dcdf17b35-0\"  class=\"panel-grid panel-no-style\" ><div id=\"pgc-gb1642-69e8dcdf17b35-0-0\"  class=\"panel-grid-cell\" ><div id=\"panel-gb1642-69e8dcdf17b35-0-0-0\" class=\"so-panel widget_headline-widget panel-first-child panel-last-child\" data-index=\"0\" >\t\t<h1>Wingsuit CYPRES 2 &#8211; WSC<\/h1>\n\t\t<div class=\"decoration\"><div class=\"decoration-inside\"><\/div><\/div>\n\t\t<h3>Un DAA dise\u00f1ado para pilotos del wingsuit<\/h3>\n\t\t<\/div><\/div><\/div><div id=\"pg-gb1642-69e8dcdf17b35-1\"  class=\"panel-grid panel-no-style\" ><div id=\"pgc-gb1642-69e8dcdf17b35-1-0\"  class=\"panel-grid-cell\" ><div id=\"panel-gb1642-69e8dcdf17b35-1-0-0\" class=\"so-panel widget_sow-image panel-first-child panel-last-child\" data-index=\"1\" ><div\n\t\t\t\n\t\t\tclass=\"so-widget-sow-image so-widget-sow-image-default-8b5b6f678277-1642\"\n\t\t\t\n\t\t>\n<div class=\"sow-image-container\">\n\t\t\t<a href=\"https:\/\/www.cypres.aero\/product\/wingsuit-cypres-2-2\/\"\n\t\t\ttarget=\"_blank\" rel=\"noopener noreferrer\" \t\t>\n\t\t\t<img \n\tsrc=\"https:\/\/ednet-solutions.co\/wp-content\/uploads\/2022\/02\/WSC-small-300x215.jpg\" width=\"300\" height=\"215\" srcset=\"https:\/\/ednet-solutions.co\/wp-content\/uploads\/2022\/02\/WSC-small-300x215.jpg 300w, https:\/\/ednet-solutions.co\/wp-content\/uploads\/2022\/02\/WSC-small.jpg 400w\" sizes=\"(max-width: 300px) 100vw, 300px\" title=\"Wingsuit CYPRES 2\" alt=\"\" loading=\"lazy\" \t\tclass=\"so-widget-image\"\/>\n\t\t\t<\/a><\/div>\n\n<\/div><\/div><\/div><div id=\"pgc-gb1642-69e8dcdf17b35-1-1\"  class=\"panel-grid-cell\" ><div id=\"panel-gb1642-69e8dcdf17b35-1-1-0\" class=\"so-panel widget_text panel-first-child panel-last-child\" data-index=\"2\" >\t\t\t<div class=\"textwidget\"><p><a href=\"https:\/\/www.cypres.aero\/product\/wingsuit-cypres-2-2\/specifications-wingsuit\/\" target=\"_blank\" rel=\"noopener\"><img loading=\"lazy\" class=\"alignright wp-image-1626\" src=\"https:\/\/ednet-solutions.co\/wp-content\/uploads\/2022\/02\/WSC-2-448x1024.png\" alt=\"\" width=\"306\" height=\"700\" srcset=\"https:\/\/ednet-solutions.co\/wp-content\/uploads\/2022\/02\/WSC-2-448x1024.png 448w, https:\/\/ednet-solutions.co\/wp-content\/uploads\/2022\/02\/WSC-2-131x300.png 131w, https:\/\/ednet-solutions.co\/wp-content\/uploads\/2022\/02\/WSC-2-768x1755.png 768w, https:\/\/ednet-solutions.co\/wp-content\/uploads\/2022\/02\/WSC-2-672x1536.png 672w, https:\/\/ednet-solutions.co\/wp-content\/uploads\/2022\/02\/WSC-2.png 868w\" sizes=\"(max-width: 306px) 100vw, 306px\" \/><\/a><\/p>\n<p align=\"justify\">Pr\u00e1cticamente todos los DAA dise\u00f1ados para paracaidismo tienen una combinaci\u00f3n de par\u00e1metros para definir su activaci\u00f3n. Una cierta altitud y una cierta velocidad vertical los activar\u00e1n. Esto cubre las necesidades desde el comienzo del paracaidismo hasta que aparecieron los wingsuits que permiten una velocidad vertical tan lenta que el m\u00e9todo de los \u00faltimos 90 a\u00f1os ya no puede hacer frente a estas condiciones. Se necesitaba una nueva soluci\u00f3n.<\/p>\n<p align=\"justify\">El uso de wingsuit requiere no una sino dos combinaciones de par\u00e1metros durante el mismo salto. Se requiere uno para la duraci\u00f3n del vuelo con el wingsuit y otro para la duraci\u00f3n del vuelo con el velamen.<\/p>\n<p align=\"justify\">El Wingsuit CYPRES 2 (WSC) comienza a utilizar los par\u00e1metros del wingsuit que cubren los riesgos de vuelo espec\u00edficos del traje. Una vez que reconoce los criterios de su vuelo de velamen, cambia los par\u00e1metros del wingsuit a los par\u00e1metros del velamen y le notifica el cambio.<\/p>\n<p align=\"justify\">Adem\u00e1s del vuelo con wingsuit, el WSC tambi\u00e9n se puede utilizar para todas disciplinas dem\u00e1s. El manejo tambi\u00e9n es id\u00e9ntico al de todos otros modelos civiles de CYPRES 2, excepto que tambi\u00e9n coloca el dispositivo de advertencia ac\u00fastica en su casco y escucha el sonido mel\u00f3dico. Sin embargo, les pedimos a todos los que usan este dispositivo que se tomen el tiempo para aprender sobre la f\u00edsica del vuelo con wingsuit y la tecnolog\u00eda detr\u00e1s del WSC.<\/p>\n<p align=\"justify\">Puede reconocer f\u00e1cilmente el <strong>Wingsuit CYPRES 2<\/strong> por el <strong>bot\u00f3n rojo<\/strong> y el <strong>s\u00edmbolo del wingsuit blanco<\/strong>.<\/p>\n<p>Par\u00e1metros especiales:<\/p>\n<p><strong>Velocidad de activaci\u00f3n<\/strong><br \/>\nseg\u00fan el modo de funcionamiento seleccionado y activo<\/p>\n<p><strong>Altura\/ -ventana de activaci\u00f3n<\/strong><br \/>\nseg\u00fan el modo de funcionamiento seleccionado y activo<\/p>\n<\/div>\n\t\t<\/div><\/div><\/div><\/div>\n\n\n<p><\/p>\n","protected":false},"excerpt":{"rendered":"<p>Pr\u00e1cticamente todos los DAA dise\u00f1ados para paracaidismo tienen una combinaci\u00f3n de par\u00e1metros para definir su activaci\u00f3n. Una cierta altitud y una cierta velocidad vertical los activar\u00e1n. Esto cubre las necesidades desde el comienzo del paracaidismo hasta que aparecieron los wingsuits que permiten una velocidad vertical tan lenta que el m\u00e9todo de los \u00faltimos 90 a\u00f1os [&hellip;]<\/p>\n","protected":false},"author":1,"featured_media":0,"parent":1146,"menu_order":8,"comment_status":"closed","ping_status":"closed","template":"templates\/template-full-notitle.php","meta":[],"_links":{"self":[{"href":"https:\/\/ednet-solutions.co\/es\/wp-json\/wp\/v2\/pages\/1642"}],"collection":[{"href":"https:\/\/ednet-solutions.co\/es\/wp-json\/wp\/v2\/pages"}],"about":[{"href":"https:\/\/ednet-solutions.co\/es\/wp-json\/wp\/v2\/types\/page"}],"author":[{"embeddable":true,"href":"https:\/\/ednet-solutions.co\/es\/wp-json\/wp\/v2\/users\/1"}],"replies":[{"embeddable":true,"href":"https:\/\/ednet-solutions.co\/es\/wp-json\/wp\/v2\/comments?post=1642"}],"version-history":[{"count":3,"href":"https:\/\/ednet-solutions.co\/es\/wp-json\/wp\/v2\/pages\/1642\/revisions"}],"predecessor-version":[{"id":2826,"href":"https:\/\/ednet-solutions.co\/es\/wp-json\/wp\/v2\/pages\/1642\/revisions\/2826"}],"up":[{"embeddable":true,"href":"https:\/\/ednet-solutions.co\/es\/wp-json\/wp\/v2\/pages\/1146"}],"wp:attachment":[{"href":"https:\/\/ednet-solutions.co\/es\/wp-json\/wp\/v2\/media?parent=1642"}],"curies":[{"name":"wp","href":"https:\/\/api.w.org\/{rel}","templated":true}]}}