{"id":1864,"date":"2022-02-20T10:43:02","date_gmt":"2022-02-20T15:43:02","guid":{"rendered":"https:\/\/ednet-solutions.co\/produkte\/smart-reserve\/"},"modified":"2022-02-23T01:44:34","modified_gmt":"2022-02-23T06:44:34","slug":"smart-reserve","status":"publish","type":"page","link":"https:\/\/ednet-solutions.co\/es\/produkte\/smart-reserve\/","title":{"rendered":"Smart Reserve"},"content":{"rendered":"<div id=\"pl-1864\"  class=\"panel-layout\" ><div id=\"pg-1864-0\"  class=\"panel-grid panel-no-style\" ><div id=\"pgc-1864-0-0\"  class=\"panel-grid-cell\" ><div id=\"panel-1864-0-0-0\" class=\"so-panel widget_headline-widget panel-first-child\" data-index=\"0\" >\t\t<h1>Smart Reserve<\/h1>\n\t\t<div class=\"decoration\"><div class=\"decoration-inside\"><\/div><\/div>\n\t\t<h3><\/h3>\n\t\t<\/div><div id=\"panel-1864-0-0-1\" class=\"so-panel widget_sow-image panel-last-child\" data-index=\"1\" ><div\n\t\t\t\n\t\t\tclass=\"so-widget-sow-image so-widget-sow-image-default-89f16426b92c-1864\"\n\t\t\t\n\t\t>\n<div class=\"sow-image-container\">\n\t\t<img \n\tsrc=\"https:\/\/ednet-solutions.co\/wp-content\/uploads\/2022\/02\/Smart-header.jpg\" width=\"1441\" height=\"653\" srcset=\"https:\/\/ednet-solutions.co\/wp-content\/uploads\/2022\/02\/Smart-header.jpg 1441w, https:\/\/ednet-solutions.co\/wp-content\/uploads\/2022\/02\/Smart-header-300x136.jpg 300w, https:\/\/ednet-solutions.co\/wp-content\/uploads\/2022\/02\/Smart-header-1024x464.jpg 1024w, https:\/\/ednet-solutions.co\/wp-content\/uploads\/2022\/02\/Smart-header-768x348.jpg 768w\" sizes=\"(max-width: 1441px) 100vw, 1441px\" title=\"Smart Reserve\" alt=\"\" loading=\"lazy\" \t\tclass=\"so-widget-image\"\/>\n\t<\/div>\n\n<\/div><\/div><\/div><\/div><div id=\"pg-1864-1\"  class=\"panel-grid panel-no-style\" ><div id=\"pgc-1864-1-0\"  class=\"panel-grid-cell\" ><div id=\"panel-1864-1-0-0\" class=\"so-panel widget_text panel-first-child panel-last-child\" data-index=\"2\" >\t\t\t<div class=\"textwidget\"><div id=\"attachment_2249\" style=\"width: 160px\" class=\"wp-caption alignright\"><a href=\"https:\/\/store.flyaerodyne.com\/en\/canopy-configurator\/#3808\" target=\"_blank\" rel=\"noopener\"><img aria-describedby=\"caption-attachment-2249\" loading=\"lazy\" class=\"wp-image-2249 size-thumbnail\" src=\"https:\/\/ednet-solutions.co\/wp-content\/uploads\/2022\/02\/DesSmart-150x150.png\" alt=\"\" width=\"150\" height=\"150\" \/><\/a><p id=\"caption-attachment-2249\" class=\"wp-caption-text\">\u00a1Dise\u00f1a El Tuyo!<\/p><\/div>\n<p align=\"justify\">El Smart Reserve combina m\u00e1s de 30 a\u00f1os de experiencia en la industria de paraca\u00eddas e incorpora la \u00faltima tecnolog\u00eda de 7 celdas. Miles de despliegues y aterrizajes de la vida real son testimonio de las aperturas r\u00e1pidas y confiables, el s\u00f3lido rendimiento de vuelo y el poderoso flare de aterrizaje.<\/p>\n<p align=\"justify\">La construcci\u00f3n del Smart utiliza tela ripstop de baja porosidad de alta resistencia a la tracci\u00f3n de 0- 3 cfm, l\u00edneas de suspensi\u00f3n Spectra y amplias cintas de refuerzo. La fuerza adicional se obtiene mediante el uso de cintas de refuerzo laterales entre los puntos de fijaci\u00f3n de la l\u00ednea, as\u00ed como cintas de distribuci\u00f3n de carga que se irradian desde los puntos de fijaci\u00f3n de la l\u00ednea de control.<\/p>\n<p align=\"justify\">Todo esto ha dado como resultado un paraca\u00eddas de reserva que resistir\u00e1 las cargas de choque relacionadas con las velocidades de ca\u00edda libre m\u00e1s altas de hoy en d\u00eda y seguir\u00e1 ofreciendo fuerzas de apertura aceptables para el paracaidista. Tambi\u00e9n ofrece un rendimiento de planeo incre\u00edble para un 7 celdas, lo que mejora enormemente las posibilidades de llegar a un lugar de aterrizaje favorable. Tras someterse a las pruebas m\u00e1s severas y la auditor\u00eda de nuestras instalaciones de producci\u00f3n, el Smart est\u00e1 certificado bajo la FAA TSO- C23d de EE. UU. y la ETSO- C23d europea.<\/p>\n<\/div>\n\t\t<\/div><\/div><\/div><\/div>","protected":false},"excerpt":{"rendered":"<p>El Smart Reserve combina m\u00e1s de 30 a\u00f1os de experiencia en la industria de paraca\u00eddas e incorpora la \u00faltima tecnolog\u00eda de 7 celdas. Miles de despliegues y aterrizajes de la vida real son testimonio de las aperturas r\u00e1pidas y confiables, el s\u00f3lido rendimiento de vuelo y el poderoso flare de aterrizaje. La construcci\u00f3n del Smart [&hellip;]<\/p>\n","protected":false},"author":1,"featured_media":0,"parent":1146,"menu_order":9,"comment_status":"closed","ping_status":"closed","template":"templates\/template-full-notitle.php","meta":[],"_links":{"self":[{"href":"https:\/\/ednet-solutions.co\/es\/wp-json\/wp\/v2\/pages\/1864"}],"collection":[{"href":"https:\/\/ednet-solutions.co\/es\/wp-json\/wp\/v2\/pages"}],"about":[{"href":"https:\/\/ednet-solutions.co\/es\/wp-json\/wp\/v2\/types\/page"}],"author":[{"embeddable":true,"href":"https:\/\/ednet-solutions.co\/es\/wp-json\/wp\/v2\/users\/1"}],"replies":[{"embeddable":true,"href":"https:\/\/ednet-solutions.co\/es\/wp-json\/wp\/v2\/comments?post=1864"}],"version-history":[{"count":2,"href":"https:\/\/ednet-solutions.co\/es\/wp-json\/wp\/v2\/pages\/1864\/revisions"}],"predecessor-version":[{"id":2692,"href":"https:\/\/ednet-solutions.co\/es\/wp-json\/wp\/v2\/pages\/1864\/revisions\/2692"}],"up":[{"embeddable":true,"href":"https:\/\/ednet-solutions.co\/es\/wp-json\/wp\/v2\/pages\/1146"}],"wp:attachment":[{"href":"https:\/\/ednet-solutions.co\/es\/wp-json\/wp\/v2\/media?parent=1864"}],"curies":[{"name":"wp","href":"https:\/\/api.w.org\/{rel}","templated":true}]}}