{"id":1893,"date":"2022-02-20T11:48:19","date_gmt":"2022-02-20T16:48:19","guid":{"rendered":"https:\/\/ednet-solutions.co\/produkte\/zulux\/"},"modified":"2022-02-26T06:41:46","modified_gmt":"2022-02-26T11:41:46","slug":"zulux","status":"publish","type":"page","link":"https:\/\/ednet-solutions.co\/es\/produkte\/zulux\/","title":{"rendered":"ZuluX"},"content":{"rendered":"<div id=\"pl-1893\"  class=\"panel-layout\" ><div id=\"pg-1893-0\"  class=\"panel-grid panel-no-style\" ><div id=\"pgc-1893-0-0\"  class=\"panel-grid-cell\" ><div id=\"panel-1893-0-0-0\" class=\"so-panel widget_headline-widget panel-first-child\" data-index=\"0\" >\t\t<h1>Zulu X<\/h1>\n\t\t<div class=\"decoration\"><div class=\"decoration-inside\"><\/div><\/div>\n\t\t<h3>VUELA COMO NING\u00daN OTRO.<\/h3>\n\t\t<\/div><div id=\"panel-1893-0-0-1\" class=\"so-panel widget_sow-image panel-last-child\" data-index=\"1\" ><div\n\t\t\t\n\t\t\tclass=\"so-widget-sow-image so-widget-sow-image-default-89f16426b92c-1893\"\n\t\t\t\n\t\t>\n<div class=\"sow-image-container\">\n\t\t<img \n\tsrc=\"https:\/\/ednet-solutions.co\/wp-content\/uploads\/2022\/02\/ZuluX-Product-Page-Photo-Grid.jpg\" width=\"1441\" height=\"653\" srcset=\"https:\/\/ednet-solutions.co\/wp-content\/uploads\/2022\/02\/ZuluX-Product-Page-Photo-Grid.jpg 1441w, https:\/\/ednet-solutions.co\/wp-content\/uploads\/2022\/02\/ZuluX-Product-Page-Photo-Grid-300x136.jpg 300w, https:\/\/ednet-solutions.co\/wp-content\/uploads\/2022\/02\/ZuluX-Product-Page-Photo-Grid-1024x464.jpg 1024w, https:\/\/ednet-solutions.co\/wp-content\/uploads\/2022\/02\/ZuluX-Product-Page-Photo-Grid-768x348.jpg 768w\" sizes=\"(max-width: 1441px) 100vw, 1441px\" title=\"ZuluX\" alt=\"\" loading=\"lazy\" \t\tclass=\"so-widget-image\"\/>\n\t<\/div>\n\n<\/div><\/div><\/div><\/div><div id=\"pg-1893-1\"  class=\"panel-grid panel-no-style\" ><div id=\"pgc-1893-1-0\"  class=\"panel-grid-cell\" ><div id=\"panel-1893-1-0-0\" class=\"so-panel widget_text panel-first-child panel-last-child\" data-index=\"2\" >\t\t\t<div class=\"textwidget\"><div id=\"attachment_2196\" style=\"width: 160px\" class=\"wp-caption alignright\"><a href=\"https:\/\/store.flyaerodyne.com\/en\/canopy-configurator\/#1687\" target=\"_blank\" rel=\"noopener\"><img aria-describedby=\"caption-attachment-2196\" loading=\"lazy\" class=\"wp-image-2196 size-thumbnail\" src=\"https:\/\/ednet-solutions.co\/wp-content\/uploads\/2022\/02\/DesZuluX-150x150.png\" alt=\"\" width=\"150\" height=\"150\" \/><\/a><p id=\"caption-attachment-2196\" class=\"wp-caption-text\">\u00a1Dise\u00f1a El Tuyo!<\/p><\/div>\n<p align=\"justify\">No podemos hablarte de la tecnolog\u00eda.<\/p>\n<p align=\"justify\">Podemos decirte que es el \u00fanico de 9 celdas con una mejor puesta en escena de apertura y una inmersi\u00f3n intuitiva y m\u00e1s larga.<\/p>\n<p align=\"justify\">Podemos decirte que encontrar\u00e1s una mayor integraci\u00f3n de la respuesta del arn\u00e9s, agilidad definida en los giros y m\u00e1s sentimiento en el comando de los tirantes, todo respaldado con un arco de recuperaci\u00f3n prolongado.<\/p>\n<p align=\"justify\"><strong>\u00a1Podemos decirte que es el ZuluX!<\/strong><\/p>\n<p align=\"justify\">El resto depende de ti.<\/p>\n<\/div>\n\t\t<\/div><\/div><\/div><\/div>","protected":false},"excerpt":{"rendered":"<p>No podemos hablarte de la tecnolog\u00eda. Podemos decirte que es el \u00fanico de 9 celdas con una mejor puesta en escena de apertura y una inmersi\u00f3n intuitiva y m\u00e1s larga. Podemos decirte que encontrar\u00e1s una mayor integraci\u00f3n de la respuesta del arn\u00e9s, agilidad definida en los giros y m\u00e1s sentimiento en el comando de los [&hellip;]<\/p>\n","protected":false},"author":1,"featured_media":0,"parent":1146,"menu_order":11,"comment_status":"closed","ping_status":"closed","template":"templates\/template-full-notitle.php","meta":[],"_links":{"self":[{"href":"https:\/\/ednet-solutions.co\/es\/wp-json\/wp\/v2\/pages\/1893"}],"collection":[{"href":"https:\/\/ednet-solutions.co\/es\/wp-json\/wp\/v2\/pages"}],"about":[{"href":"https:\/\/ednet-solutions.co\/es\/wp-json\/wp\/v2\/types\/page"}],"author":[{"embeddable":true,"href":"https:\/\/ednet-solutions.co\/es\/wp-json\/wp\/v2\/users\/1"}],"replies":[{"embeddable":true,"href":"https:\/\/ednet-solutions.co\/es\/wp-json\/wp\/v2\/comments?post=1893"}],"version-history":[{"count":2,"href":"https:\/\/ednet-solutions.co\/es\/wp-json\/wp\/v2\/pages\/1893\/revisions"}],"predecessor-version":[{"id":2820,"href":"https:\/\/ednet-solutions.co\/es\/wp-json\/wp\/v2\/pages\/1893\/revisions\/2820"}],"up":[{"embeddable":true,"href":"https:\/\/ednet-solutions.co\/es\/wp-json\/wp\/v2\/pages\/1146"}],"wp:attachment":[{"href":"https:\/\/ednet-solutions.co\/es\/wp-json\/wp\/v2\/media?parent=1893"}],"curies":[{"name":"wp","href":"https:\/\/api.w.org\/{rel}","templated":true}]}}