{"id":1930,"date":"2022-02-20T12:08:38","date_gmt":"2022-02-20T17:08:38","guid":{"rendered":"https:\/\/ednet-solutions.co\/produkte\/pilot\/"},"modified":"2022-02-23T01:55:26","modified_gmt":"2022-02-23T06:55:26","slug":"pilot","status":"publish","type":"page","link":"https:\/\/ednet-solutions.co\/es\/produkte\/pilot\/","title":{"rendered":"Pilot"},"content":{"rendered":"<div id=\"pl-1930\"  class=\"panel-layout\" ><div id=\"pg-1930-0\"  class=\"panel-grid panel-no-style\" ><div id=\"pgc-1930-0-0\"  class=\"panel-grid-cell\" ><div id=\"panel-1930-0-0-0\" class=\"so-panel widget_headline-widget panel-first-child\" data-index=\"0\" >\t\t<h1>Pilot<\/h1>\n\t\t<div class=\"decoration\"><div class=\"decoration-inside\"><\/div><\/div>\n\t\t<h3>EL NOMBRE LO DICE TODO<\/h3>\n\t\t<\/div><div id=\"panel-1930-0-0-1\" class=\"so-panel widget_sow-image panel-last-child\" data-index=\"1\" ><div\n\t\t\t\n\t\t\tclass=\"so-widget-sow-image so-widget-sow-image-default-8b5b6f678277-1930\"\n\t\t\t\n\t\t>\n<div class=\"sow-image-container\">\n\t\t<img \n\tsrc=\"https:\/\/ednet-solutions.co\/wp-content\/uploads\/2022\/02\/Pilot-header.jpg\" width=\"1441\" height=\"653\" srcset=\"https:\/\/ednet-solutions.co\/wp-content\/uploads\/2022\/02\/Pilot-header.jpg 1441w, https:\/\/ednet-solutions.co\/wp-content\/uploads\/2022\/02\/Pilot-header-300x136.jpg 300w, https:\/\/ednet-solutions.co\/wp-content\/uploads\/2022\/02\/Pilot-header-1024x464.jpg 1024w, https:\/\/ednet-solutions.co\/wp-content\/uploads\/2022\/02\/Pilot-header-768x348.jpg 768w\" sizes=\"(max-width: 1441px) 100vw, 1441px\" title=\"Pilot\" alt=\"\" loading=\"lazy\" \t\tclass=\"so-widget-image\"\/>\n\t<\/div>\n\n<\/div><\/div><\/div><\/div><div id=\"pg-1930-1\"  class=\"panel-grid panel-no-style\" ><div id=\"pgc-1930-1-0\"  class=\"panel-grid-cell\" ><div id=\"panel-1930-1-0-0\" class=\"so-panel widget_text panel-first-child panel-last-child\" data-index=\"2\" >\t\t\t<div class=\"textwidget\"><div id=\"attachment_2173\" style=\"width: 160px\" class=\"wp-caption alignright\"><a href=\"https:\/\/store.flyaerodyne.com\/en\/canopy-configurator\/#1681\" target=\"_blank\" rel=\"noopener\"><img aria-describedby=\"caption-attachment-2173\" loading=\"lazy\" class=\"wp-image-2173 size-thumbnail\" src=\"https:\/\/ednet-solutions.co\/wp-content\/uploads\/2022\/02\/DesPilot-150x150.png\" alt=\"\" width=\"150\" height=\"150\" \/><\/a><p id=\"caption-attachment-2173\" class=\"wp-caption-text\">\u00a1Dise\u00f1a El Tuyo!<\/p><\/div>\n<p align=\"justify\">Preg\u00fantale a cualquiera que haya saltado a un Pilot y te dir\u00e1 que las aperturas son las mejores que puedes conseguir, es divertido volar y es f\u00e1cil aterrizar. Desde su introducci\u00f3n, el Pilot ha encantado tanto a principiantes como a saltadores experimentados. Ya sea que su taza de t\u00e9 sea un enfoque convencional o un poco m\u00e1s l\u00fadico, el Pilot lo sorprender\u00e1 con su vuelo estable, giros receptivos y c\u00f3modo flare. Este paraca\u00eddas realmente puede hacerlo todo.<\/p>\n<p align=\"justify\">Con una carga alar m\u00e1s liviana, el Pilot es la opci\u00f3n ideal para quienes reducen el tama\u00f1o despu\u00e9s del entrenamiento inicial y compran su primera vela. Aumente la carga alar y el Pilot se convertir\u00e1 en el compa\u00f1ero favorito del paracaidista m\u00e1s experimentado que disfruta del mayor rendimiento y los giros m\u00e1s r\u00e1pidos que puede producir. Las escuelas de pilotaje de paraca\u00eddas recomiendan el Pilot para sus cursos de formaci\u00f3n, porque es fiable y vers\u00e1til al mismo tiempo.<\/p>\n<p align=\"justify\">Ya sea que se despliega despu\u00e9s de un vuelo RW, VFS o Wingsuit, con una c\u00e1mara montada en su casco o un cintur\u00f3n de lastre alrededor de la cintura, el Pilot lo pondr\u00e1 en la silla de montar de la manera m\u00e1s c\u00f3moda y confiable. \u00bfNos atrevemos a decir que su nombre se ha convertido en sin\u00f3nimo de buena apertura? S\u00ed, pero esa no es toda la historia, \u00a1el Pilot tiene mucho m\u00e1s que ofrecer!<\/p>\n<\/div>\n\t\t<\/div><\/div><\/div><div id=\"pg-1930-2\"  class=\"panel-grid panel-no-style\" ><div id=\"pgc-1930-2-0\"  class=\"panel-grid-cell\" ><div id=\"panel-1930-2-0-0\" class=\"so-panel widget_headline-widget panel-first-child panel-last-child\" data-index=\"3\" >\t\t<h1>CARACTER\u00cdSTICAS Y OPCIONES<\/h1>\n\t\t<div class=\"decoration\"><div class=\"decoration-inside\"><\/div><\/div>\n\t\t<h3><\/h3>\n\t\t<\/div><\/div><\/div><div id=\"pg-1930-3\"  class=\"panel-grid panel-no-style\" ><div id=\"pgc-1930-3-0\"  class=\"panel-grid-cell\" ><div id=\"panel-1930-3-0-0\" class=\"so-panel widget_sow-image panel-first-child panel-last-child\" data-index=\"4\" ><div\n\t\t\t\n\t\t\tclass=\"so-widget-sow-image so-widget-sow-image-default-8b5b6f678277-1930\"\n\t\t\t\n\t\t>\n<div class=\"sow-image-container\">\n\t\t<img \n\tsrc=\"https:\/\/ednet-solutions.co\/wp-content\/uploads\/2022\/02\/ZPX-300x300.jpg\" width=\"300\" height=\"300\" srcset=\"https:\/\/ednet-solutions.co\/wp-content\/uploads\/2022\/02\/ZPX-300x300.jpg 300w, https:\/\/ednet-solutions.co\/wp-content\/uploads\/2022\/02\/ZPX-150x150.jpg 150w, https:\/\/ednet-solutions.co\/wp-content\/uploads\/2022\/02\/ZPX-768x768.jpg 768w, https:\/\/ednet-solutions.co\/wp-content\/uploads\/2022\/02\/ZPX.jpg 800w\" sizes=\"(max-width: 300px) 100vw, 300px\" alt=\"\" loading=\"lazy\" \t\tclass=\"so-widget-image\"\/>\n\t<\/div>\n\n<\/div><\/div><\/div><div id=\"pgc-1930-3-1\"  class=\"panel-grid-cell\" ><div id=\"panel-1930-3-1-0\" class=\"so-panel widget_text panel-first-child panel-last-child\" data-index=\"5\" ><h3 class=\"widget-title\">ZPX NYLON (OPCIONAL)<\/h3>\t\t\t<div class=\"textwidget\"><p align=\"justify\">Una tela con estructura de panal exclusiva de Aerodyne que es m\u00e1s delgada y liviana, pero m\u00e1s fuerte que la tela ZP normal que todos conocemos. Esto crea dos excelentes caracter\u00edsticas: un volumen del empaque de 15 a 20 % m\u00e1s peque\u00f1o (en comparaci\u00f3n con un paraca\u00eddas ZP del mismo tama\u00f1o) y un trabajo de empaque mucho m\u00e1s f\u00e1cil incluso en un paraca\u00eddas nuevo.<\/p>\n<\/div>\n\t\t<\/div><\/div><div id=\"pgc-1930-3-2\"  class=\"panel-grid-cell\" ><div id=\"panel-1930-3-2-0\" class=\"so-panel widget_sow-image panel-first-child panel-last-child\" data-index=\"6\" ><div\n\t\t\t\n\t\t\tclass=\"so-widget-sow-image so-widget-sow-image-default-8b5b6f678277-1930\"\n\t\t\t\n\t\t>\n<div class=\"sow-image-container\">\n\t\t<img \n\tsrc=\"https:\/\/ednet-solutions.co\/wp-content\/uploads\/2022\/02\/packing-tabs-298x300.jpg\" width=\"298\" height=\"300\" srcset=\"https:\/\/ednet-solutions.co\/wp-content\/uploads\/2022\/02\/packing-tabs-298x300.jpg 298w, https:\/\/ednet-solutions.co\/wp-content\/uploads\/2022\/02\/packing-tabs-150x150.jpg 150w, https:\/\/ednet-solutions.co\/wp-content\/uploads\/2022\/02\/packing-tabs.jpg 355w\" sizes=\"(max-width: 298px) 100vw, 298px\" alt=\"\" loading=\"lazy\" \t\tclass=\"so-widget-image\"\/>\n\t<\/div>\n\n<\/div><\/div><\/div><div id=\"pgc-1930-3-3\"  class=\"panel-grid-cell\" ><div id=\"panel-1930-3-3-0\" class=\"so-panel widget_text panel-first-child panel-last-child\" data-index=\"7\" ><h3 class=\"widget-title\">PESTA\u00d1AS DE EMPAQUE COLORIDAS<\/h3>\t\t\t<div class=\"textwidget\"><p align=\"justify\">Empaque sin frustraciones con pesta\u00f1as coloridas que permiten una revisi\u00f3n r\u00e1pida de los grupos de l\u00edneas durante un PRO- Pack.<\/p>\n<\/div>\n\t\t<\/div><\/div><\/div><div id=\"pg-1930-4\"  class=\"panel-grid panel-no-style\" ><div id=\"pgc-1930-4-0\"  class=\"panel-grid-cell\" ><div id=\"panel-1930-4-0-0\" class=\"so-panel widget_sow-image panel-first-child panel-last-child\" data-index=\"8\" ><div\n\t\t\t\n\t\t\tclass=\"so-widget-sow-image so-widget-sow-image-default-8b5b6f678277-1930\"\n\t\t\t\n\t\t>\n<div class=\"sow-image-container\">\n\t\t<img \n\tsrc=\"https:\/\/ednet-solutions.co\/wp-content\/uploads\/2022\/02\/Semi-Stowless-300x300.jpg\" width=\"300\" height=\"300\" srcset=\"https:\/\/ednet-solutions.co\/wp-content\/uploads\/2022\/02\/Semi-Stowless-300x300.jpg 300w, https:\/\/ednet-solutions.co\/wp-content\/uploads\/2022\/02\/Semi-Stowless-150x150.jpg 150w, https:\/\/ednet-solutions.co\/wp-content\/uploads\/2022\/02\/Semi-Stowless.jpg 600w\" sizes=\"(max-width: 300px) 100vw, 300px\" alt=\"\" loading=\"lazy\" \t\tclass=\"so-widget-image\"\/>\n\t<\/div>\n\n<\/div><\/div><\/div><div id=\"pgc-1930-4-1\"  class=\"panel-grid-cell\" ><div id=\"panel-1930-4-1-0\" class=\"so-panel widget_text panel-first-child panel-last-child\" data-index=\"9\" ><h3 class=\"widget-title\">OPCIONES DE L\u00cdNEAS<\/h3>\t\t\t<div class=\"textwidget\"><p align=\"justify\">725 lb. Spectra<br \/>\n700 lb. HMA<br \/>\n700 lb. Vectran ZLX<br \/>\n600 lb. Dacron<\/p>\n<\/div>\n\t\t<\/div><\/div><div id=\"pgc-1930-4-2\"  class=\"panel-grid-cell\" ><div id=\"panel-1930-4-2-0\" class=\"so-panel widget_sow-image panel-first-child panel-last-child\" data-index=\"10\" ><div\n\t\t\t\n\t\t\tclass=\"so-widget-sow-image so-widget-sow-image-default-8b5b6f678277-1930\"\n\t\t\t\n\t\t>\n<div class=\"sow-image-container\">\n\t\t<img \n\tsrc=\"https:\/\/ednet-solutions.co\/wp-content\/uploads\/2022\/02\/UltraLPV-300x300.jpg\" width=\"300\" height=\"300\" srcset=\"https:\/\/ednet-solutions.co\/wp-content\/uploads\/2022\/02\/UltraLPV-300x300.jpg 300w, https:\/\/ednet-solutions.co\/wp-content\/uploads\/2022\/02\/UltraLPV-150x150.jpg 150w, https:\/\/ednet-solutions.co\/wp-content\/uploads\/2022\/02\/UltraLPV-768x768.jpg 768w, https:\/\/ednet-solutions.co\/wp-content\/uploads\/2022\/02\/UltraLPV.jpg 800w\" sizes=\"(max-width: 300px) 100vw, 300px\" alt=\"\" loading=\"lazy\" \t\tclass=\"so-widget-image\"\/>\n\t<\/div>\n\n<\/div><\/div><\/div><div id=\"pgc-1930-4-3\"  class=\"panel-grid-cell\" ><div id=\"panel-1930-4-3-0\" class=\"so-panel widget_text panel-first-child panel-last-child\" data-index=\"11\" ><h3 class=\"widget-title\">ULTRA LPV CONSTRUCCI\u00d3N<\/h3>\t\t\t<div class=\"textwidget\"><p align=\"justify\">Una construcci\u00f3n de tejido h\u00edbrido con materiales exclusivos de Aerodyne. Construido con un revestimiento superior y nervaduras exteriores de ZPX y un revestimiento inferior y nervaduras interiores de FX11.<\/p>\n<\/div>\n\t\t<\/div><\/div><\/div><\/div>","protected":false},"excerpt":{"rendered":"<p>Preg\u00fantale a cualquiera que haya saltado a un Pilot y te dir\u00e1 que las aperturas son las mejores que puedes conseguir, es divertido volar y es f\u00e1cil aterrizar. Desde su introducci\u00f3n, el Pilot ha encantado tanto a principiantes como a saltadores experimentados. Ya sea que su taza de t\u00e9 sea un enfoque convencional o un [&hellip;]<\/p>\n","protected":false},"author":1,"featured_media":0,"parent":1146,"menu_order":12,"comment_status":"closed","ping_status":"closed","template":"templates\/template-full-notitle.php","meta":[],"_links":{"self":[{"href":"https:\/\/ednet-solutions.co\/es\/wp-json\/wp\/v2\/pages\/1930"}],"collection":[{"href":"https:\/\/ednet-solutions.co\/es\/wp-json\/wp\/v2\/pages"}],"about":[{"href":"https:\/\/ednet-solutions.co\/es\/wp-json\/wp\/v2\/types\/page"}],"author":[{"embeddable":true,"href":"https:\/\/ednet-solutions.co\/es\/wp-json\/wp\/v2\/users\/1"}],"replies":[{"embeddable":true,"href":"https:\/\/ednet-solutions.co\/es\/wp-json\/wp\/v2\/comments?post=1930"}],"version-history":[{"count":2,"href":"https:\/\/ednet-solutions.co\/es\/wp-json\/wp\/v2\/pages\/1930\/revisions"}],"predecessor-version":[{"id":2714,"href":"https:\/\/ednet-solutions.co\/es\/wp-json\/wp\/v2\/pages\/1930\/revisions\/2714"}],"up":[{"embeddable":true,"href":"https:\/\/ednet-solutions.co\/es\/wp-json\/wp\/v2\/pages\/1146"}],"wp:attachment":[{"href":"https:\/\/ednet-solutions.co\/es\/wp-json\/wp\/v2\/media?parent=1930"}],"curies":[{"name":"wp","href":"https:\/\/api.w.org\/{rel}","templated":true}]}}