{"id":1965,"date":"2022-02-20T12:37:47","date_gmt":"2022-02-20T17:37:47","guid":{"rendered":"https:\/\/ednet-solutions.co\/produkte\/pilot7\/"},"modified":"2022-02-23T02:53:15","modified_gmt":"2022-02-23T07:53:15","slug":"pilot7","status":"publish","type":"page","link":"https:\/\/ednet-solutions.co\/es\/produkte\/pilot7\/","title":{"rendered":"Pilot7"},"content":{"rendered":"<div id=\"pl-1965\"  class=\"panel-layout\" ><div id=\"pg-1965-0\"  class=\"panel-grid panel-no-style\" ><div id=\"pgc-1965-0-0\"  class=\"panel-grid-cell\" ><div id=\"panel-1965-0-0-0\" class=\"so-panel widget_headline-widget panel-first-child\" data-index=\"0\" >\t\t<h1>Pilot7<\/h1>\n\t\t<div class=\"decoration\"><div class=\"decoration-inside\"><\/div><\/div>\n\t\t<h3>REPENSAR SIETE.<\/h3>\n\t\t<\/div><div id=\"panel-1965-0-0-1\" class=\"so-panel widget_sow-image panel-last-child\" data-index=\"1\" ><div\n\t\t\t\n\t\t\tclass=\"so-widget-sow-image so-widget-sow-image-default-8b5b6f678277-1965\"\n\t\t\t\n\t\t>\n<div class=\"sow-image-container\">\n\t\t<img \n\tsrc=\"https:\/\/ednet-solutions.co\/wp-content\/uploads\/2022\/02\/PILOT7-header.jpg\" width=\"1441\" height=\"653\" srcset=\"https:\/\/ednet-solutions.co\/wp-content\/uploads\/2022\/02\/PILOT7-header.jpg 1441w, https:\/\/ednet-solutions.co\/wp-content\/uploads\/2022\/02\/PILOT7-header-300x136.jpg 300w, https:\/\/ednet-solutions.co\/wp-content\/uploads\/2022\/02\/PILOT7-header-1024x464.jpg 1024w, https:\/\/ednet-solutions.co\/wp-content\/uploads\/2022\/02\/PILOT7-header-768x348.jpg 768w\" sizes=\"(max-width: 1441px) 100vw, 1441px\" title=\"Pilot7\" alt=\"\" loading=\"lazy\" \t\tclass=\"so-widget-image\"\/>\n\t<\/div>\n\n<\/div><\/div><\/div><\/div><div id=\"pg-1965-1\"  class=\"panel-grid panel-no-style\" ><div id=\"pgc-1965-1-0\"  class=\"panel-grid-cell\" ><div id=\"panel-1965-1-0-0\" class=\"so-panel widget_text panel-first-child panel-last-child\" data-index=\"2\" >\t\t\t<div class=\"textwidget\"><div id=\"attachment_2137\" style=\"width: 160px\" class=\"wp-caption alignright\"><a href=\"https:\/\/store.flyaerodyne.com\/en\/canopy-configurator\/#1682\" target=\"_blank\" rel=\"noopener\"><img aria-describedby=\"caption-attachment-2137\" loading=\"lazy\" class=\"wp-image-2137 size-thumbnail\" src=\"https:\/\/ednet-solutions.co\/wp-content\/uploads\/2022\/02\/DesPilot7-150x150.png\" alt=\"\" width=\"150\" height=\"150\" \/><\/a><p id=\"caption-attachment-2137\" class=\"wp-caption-text\">\u00a1Dise\u00f1a El Tuyo!<\/p><\/div>\n<p align=\"justify\">Cuando tienes un nombre famoso, existe la expectativa de estar a la altura. Esto sin duda ha influido en nuestro dise\u00f1o del Pilot7. El paraca\u00eddas Pilot de 9 celdas se ha ganado una s\u00f3lida reputaci\u00f3n por sus grandes aperturas, planeo plano y potente flare. El nuevo Pilot7 necesitaba ser bastante especial para ser digno del nombre Pilot.<\/p>\n<p align=\"justify\">Est\u00e1.<\/p>\n<p align=\"justify\">El Pilot7 es probablemente el mejor paraca\u00eddas de Wingsuit. Ofrece aperturas magn\u00edficamente consistentes, lo que inspira confianza en todos, desde un principiante que vuela con Wingsuit hasta un campe\u00f3n mundial (y varios de ambos son felices pilotos del Pilot7).<\/p>\n<p align=\"justify\">En vuelo, encontrar\u00e1 que el Pilot7 es un velamen \u00e1gil y divertido. Es lo suficientemente predecible como para animarte a exprimirlo y jugar. Tiene un planeo plano y un poderoso flare, probablemente m\u00e1s que cualquier paraca\u00eddas de 7 celdas que hayas experimentado.<\/p>\n<p align=\"justify\">Fabricamos la c\u00fapula en ZP est\u00e1ndar, en nuestro panal de abeja de bajo volumen ZPX y en una nueva alquimia de materiales que llamamos UltraLPV. Esto construye el revestimiento superior y los estabilizadores de ZPX y las costillas y el revestimiento inferior de FX11 (el material de volumen de empaque bajo utilizado en el SmartLPV). Usamos las l\u00edneas ZLX para crear un paraca\u00eddas con un volumen de empaque incre\u00edblemente bajo.<\/p>\n<p align=\"justify\">Si bien sabemos que a los que vuelan con Wingsuit les encanta una gran apertura de 7 celdas disponible con un volumen de empaque sin precedentes, tambi\u00e9n esperamos que haya una demanda de un espectro m\u00e1s amplio de la comunidad de paracaidismo. Los estudiantes, los paracaidistas m\u00e1s j\u00f3venes y los mayores se beneficiar\u00e1n de las aberturas indulgentes, los bajos vol\u00famenes de empaque y las excelentes caracter\u00edsticas de manejo del Pilot7.<\/p>\n<\/div>\n\t\t<\/div><\/div><\/div><div id=\"pg-1965-2\"  class=\"panel-grid panel-no-style\" ><div id=\"pgc-1965-2-0\"  class=\"panel-grid-cell\" ><div id=\"panel-1965-2-0-0\" class=\"so-panel widget_headline-widget panel-first-child panel-last-child\" data-index=\"3\" >\t\t<h1>CARACTER\u00cdSTICAS Y OPCIONES<\/h1>\n\t\t<div class=\"decoration\"><div class=\"decoration-inside\"><\/div><\/div>\n\t\t<h3><\/h3>\n\t\t<\/div><\/div><\/div><div id=\"pg-1965-3\"  class=\"panel-grid panel-no-style\" ><div id=\"pgc-1965-3-0\"  class=\"panel-grid-cell\" ><div id=\"panel-1965-3-0-0\" class=\"so-panel widget_sow-image panel-first-child panel-last-child\" data-index=\"4\" ><div\n\t\t\t\n\t\t\tclass=\"so-widget-sow-image so-widget-sow-image-default-8b5b6f678277-1965\"\n\t\t\t\n\t\t>\n<div class=\"sow-image-container\">\n\t\t<img \n\tsrc=\"https:\/\/ednet-solutions.co\/wp-content\/uploads\/2022\/02\/ZPX-300x300.jpg\" width=\"300\" height=\"300\" srcset=\"https:\/\/ednet-solutions.co\/wp-content\/uploads\/2022\/02\/ZPX-300x300.jpg 300w, https:\/\/ednet-solutions.co\/wp-content\/uploads\/2022\/02\/ZPX-150x150.jpg 150w, https:\/\/ednet-solutions.co\/wp-content\/uploads\/2022\/02\/ZPX-768x768.jpg 768w, https:\/\/ednet-solutions.co\/wp-content\/uploads\/2022\/02\/ZPX.jpg 800w\" sizes=\"(max-width: 300px) 100vw, 300px\" alt=\"\" loading=\"lazy\" \t\tclass=\"so-widget-image\"\/>\n\t<\/div>\n\n<\/div><\/div><\/div><div id=\"pgc-1965-3-1\"  class=\"panel-grid-cell\" ><div id=\"panel-1965-3-1-0\" class=\"so-panel widget_text panel-first-child panel-last-child\" data-index=\"5\" ><h3 class=\"widget-title\">ZPX NYLON (OPCIONAL)<\/h3>\t\t\t<div class=\"textwidget\"><p align=\"justify\">Una tela con estructura de panal exclusiva de Aerodyne que es m\u00e1s delgada y liviana, pero m\u00e1s fuerte que la tela ZP normal que todos conocemos. Esto crea dos excelentes caracter\u00edsticas: un volumen del empaque de 15 a 20 % m\u00e1s peque\u00f1o (en comparaci\u00f3n con un paraca\u00eddas ZP del mismo tama\u00f1o) y un trabajo de empaque mucho m\u00e1s f\u00e1cil incluso en un paraca\u00eddas nuevo.<\/p>\n<\/div>\n\t\t<\/div><\/div><div id=\"pgc-1965-3-2\"  class=\"panel-grid-cell\" ><div id=\"panel-1965-3-2-0\" class=\"so-panel widget_sow-image panel-first-child panel-last-child\" data-index=\"6\" ><div\n\t\t\t\n\t\t\tclass=\"so-widget-sow-image so-widget-sow-image-default-8b5b6f678277-1965\"\n\t\t\t\n\t\t>\n<div class=\"sow-image-container\">\n\t\t<img \n\tsrc=\"https:\/\/ednet-solutions.co\/wp-content\/uploads\/2022\/02\/packing-tabs-298x300.jpg\" width=\"298\" height=\"300\" srcset=\"https:\/\/ednet-solutions.co\/wp-content\/uploads\/2022\/02\/packing-tabs-298x300.jpg 298w, https:\/\/ednet-solutions.co\/wp-content\/uploads\/2022\/02\/packing-tabs-150x150.jpg 150w, https:\/\/ednet-solutions.co\/wp-content\/uploads\/2022\/02\/packing-tabs.jpg 355w\" sizes=\"(max-width: 298px) 100vw, 298px\" alt=\"\" loading=\"lazy\" \t\tclass=\"so-widget-image\"\/>\n\t<\/div>\n\n<\/div><\/div><\/div><div id=\"pgc-1965-3-3\"  class=\"panel-grid-cell\" ><div id=\"panel-1965-3-3-0\" class=\"so-panel widget_text panel-first-child panel-last-child\" data-index=\"7\" ><h3 class=\"widget-title\">PESTA\u00d1AS DE EMPAQUE COLORIDAS<\/h3>\t\t\t<div class=\"textwidget\"><p align=\"justify\">Empaque sin frustraciones con pesta\u00f1as coloridas que permiten una revisi\u00f3n r\u00e1pida de los grupos de l\u00edneas durante un PRO- Pack.<\/p>\n<\/div>\n\t\t<\/div><\/div><\/div><div id=\"pg-1965-4\"  class=\"panel-grid panel-no-style\" ><div id=\"pgc-1965-4-0\"  class=\"panel-grid-cell\" ><div id=\"panel-1965-4-0-0\" class=\"so-panel widget_sow-image panel-first-child panel-last-child\" data-index=\"8\" ><div\n\t\t\t\n\t\t\tclass=\"so-widget-sow-image so-widget-sow-image-default-8b5b6f678277-1965\"\n\t\t\t\n\t\t>\n<div class=\"sow-image-container\">\n\t\t<img \n\tsrc=\"https:\/\/ednet-solutions.co\/wp-content\/uploads\/2022\/02\/Semi-Stowless-300x300.jpg\" width=\"300\" height=\"300\" srcset=\"https:\/\/ednet-solutions.co\/wp-content\/uploads\/2022\/02\/Semi-Stowless-300x300.jpg 300w, https:\/\/ednet-solutions.co\/wp-content\/uploads\/2022\/02\/Semi-Stowless-150x150.jpg 150w, https:\/\/ednet-solutions.co\/wp-content\/uploads\/2022\/02\/Semi-Stowless.jpg 600w\" sizes=\"(max-width: 300px) 100vw, 300px\" alt=\"\" loading=\"lazy\" \t\tclass=\"so-widget-image\"\/>\n\t<\/div>\n\n<\/div><\/div><\/div><div id=\"pgc-1965-4-1\"  class=\"panel-grid-cell\" ><div id=\"panel-1965-4-1-0\" class=\"so-panel widget_text panel-first-child panel-last-child\" data-index=\"9\" ><h3 class=\"widget-title\">OPCIONES DE L\u00cdNEAS<\/h3>\t\t\t<div class=\"textwidget\"><p align=\"justify\">600 lb. Dacron<br \/>\n700 lb. HMA<br \/>\n725 lb. Spectra<br \/>\n700 lb. ZLX<\/p>\n<\/div>\n\t\t<\/div><\/div><div id=\"pgc-1965-4-2\"  class=\"panel-grid-cell\" ><div id=\"panel-1965-4-2-0\" class=\"so-panel widget_sow-image panel-first-child panel-last-child\" data-index=\"10\" ><div\n\t\t\t\n\t\t\tclass=\"so-widget-sow-image so-widget-sow-image-default-8b5b6f678277-1965\"\n\t\t\t\n\t\t>\n<div class=\"sow-image-container\">\n\t\t<img \n\tsrc=\"https:\/\/ednet-solutions.co\/wp-content\/uploads\/2022\/02\/UltraLPV-300x300.jpg\" width=\"300\" height=\"300\" srcset=\"https:\/\/ednet-solutions.co\/wp-content\/uploads\/2022\/02\/UltraLPV-300x300.jpg 300w, https:\/\/ednet-solutions.co\/wp-content\/uploads\/2022\/02\/UltraLPV-150x150.jpg 150w, https:\/\/ednet-solutions.co\/wp-content\/uploads\/2022\/02\/UltraLPV-768x768.jpg 768w, https:\/\/ednet-solutions.co\/wp-content\/uploads\/2022\/02\/UltraLPV.jpg 800w\" sizes=\"(max-width: 300px) 100vw, 300px\" alt=\"\" loading=\"lazy\" \t\tclass=\"so-widget-image\"\/>\n\t<\/div>\n\n<\/div><\/div><\/div><div id=\"pgc-1965-4-3\"  class=\"panel-grid-cell\" ><div id=\"panel-1965-4-3-0\" class=\"so-panel widget_text panel-first-child panel-last-child\" data-index=\"11\" ><h3 class=\"widget-title\">ULTRA LPV CONSTRUCCI\u00d3N<\/h3>\t\t\t<div class=\"textwidget\"><p align=\"justify\">Una construcci\u00f3n de tejido h\u00edbrido con materiales exclusivos de Aerodyne. Construido con un revestimiento superior y nervaduras exteriores de ZPX y un revestimiento inferior y nervaduras interiores de FX11.<\/p>\n<\/div>\n\t\t<\/div><\/div><\/div><\/div>","protected":false},"excerpt":{"rendered":"<p>Cuando tienes un nombre famoso, existe la expectativa de estar a la altura. Esto sin duda ha influido en nuestro dise\u00f1o del Pilot7. El paraca\u00eddas Pilot de 9 celdas se ha ganado una s\u00f3lida reputaci\u00f3n por sus grandes aperturas, planeo plano y potente flare. El nuevo Pilot7 necesitaba ser bastante especial para ser digno del [&hellip;]<\/p>\n","protected":false},"author":1,"featured_media":0,"parent":1146,"menu_order":13,"comment_status":"closed","ping_status":"closed","template":"templates\/template-full-notitle.php","meta":[],"_links":{"self":[{"href":"https:\/\/ednet-solutions.co\/es\/wp-json\/wp\/v2\/pages\/1965"}],"collection":[{"href":"https:\/\/ednet-solutions.co\/es\/wp-json\/wp\/v2\/pages"}],"about":[{"href":"https:\/\/ednet-solutions.co\/es\/wp-json\/wp\/v2\/types\/page"}],"author":[{"embeddable":true,"href":"https:\/\/ednet-solutions.co\/es\/wp-json\/wp\/v2\/users\/1"}],"replies":[{"embeddable":true,"href":"https:\/\/ednet-solutions.co\/es\/wp-json\/wp\/v2\/comments?post=1965"}],"version-history":[{"count":4,"href":"https:\/\/ednet-solutions.co\/es\/wp-json\/wp\/v2\/pages\/1965\/revisions"}],"predecessor-version":[{"id":2760,"href":"https:\/\/ednet-solutions.co\/es\/wp-json\/wp\/v2\/pages\/1965\/revisions\/2760"}],"up":[{"embeddable":true,"href":"https:\/\/ednet-solutions.co\/es\/wp-json\/wp\/v2\/pages\/1146"}],"wp:attachment":[{"href":"https:\/\/ednet-solutions.co\/es\/wp-json\/wp\/v2\/media?parent=1965"}],"curies":[{"name":"wp","href":"https:\/\/api.w.org\/{rel}","templated":true}]}}