{"id":2025,"date":"2022-02-20T15:28:41","date_gmt":"2022-02-20T20:28:41","guid":{"rendered":"https:\/\/ednet-solutions.co\/produkte\/triathlon\/"},"modified":"2022-02-26T06:45:45","modified_gmt":"2022-02-26T11:45:45","slug":"triathlon","status":"publish","type":"page","link":"https:\/\/ednet-solutions.co\/es\/produkte\/triathlon\/","title":{"rendered":"Triathlon"},"content":{"rendered":"<div id=\"pl-2025\"  class=\"panel-layout\" ><div id=\"pg-2025-0\"  class=\"panel-grid panel-no-style\" ><div id=\"pgc-2025-0-0\"  class=\"panel-grid-cell\" ><div id=\"panel-2025-0-0-0\" class=\"so-panel widget_headline-widget panel-first-child\" data-index=\"0\" >\t\t<h1>Triathlon<\/h1>\n\t\t<div class=\"decoration\"><div class=\"decoration-inside\"><\/div><\/div>\n\t\t<h3>LA \u00daNICA C\u00daPULA QUE LO HACE TODO...<\/h3>\n\t\t<\/div><div id=\"panel-2025-0-0-1\" class=\"so-panel widget_sow-image panel-last-child\" data-index=\"1\" ><div\n\t\t\t\n\t\t\tclass=\"so-widget-sow-image so-widget-sow-image-default-8b5b6f678277-2025\"\n\t\t\t\n\t\t>\n<div class=\"sow-image-container\">\n\t\t<img \n\tsrc=\"https:\/\/ednet-solutions.co\/wp-content\/uploads\/2022\/02\/Triathlon-header-2.jpg\" width=\"1441\" height=\"653\" srcset=\"https:\/\/ednet-solutions.co\/wp-content\/uploads\/2022\/02\/Triathlon-header-2.jpg 1441w, https:\/\/ednet-solutions.co\/wp-content\/uploads\/2022\/02\/Triathlon-header-2-300x136.jpg 300w, https:\/\/ednet-solutions.co\/wp-content\/uploads\/2022\/02\/Triathlon-header-2-1024x464.jpg 1024w, https:\/\/ednet-solutions.co\/wp-content\/uploads\/2022\/02\/Triathlon-header-2-768x348.jpg 768w\" sizes=\"(max-width: 1441px) 100vw, 1441px\" title=\"Triathlon\" alt=\"\" loading=\"lazy\" \t\tclass=\"so-widget-image\"\/>\n\t<\/div>\n\n<\/div><\/div><\/div><\/div><div id=\"pg-2025-1\"  class=\"panel-grid panel-no-style\" ><div id=\"pgc-2025-1-0\"  class=\"panel-grid-cell\" ><div id=\"panel-2025-1-0-0\" class=\"so-panel widget_text panel-first-child panel-last-child\" data-index=\"2\" >\t\t\t<div class=\"textwidget\"><p align=\"justify\">Un dise\u00f1o brillante con caracter\u00edsticas de apertura ultraconsistentes, que ofrece el rendimiento de 9 celdas en un paquete de 7 celdas, junto con el volumen de empaque m\u00e1s bajo de su clase.<\/p>\n<p align=\"justify\">El Triathlon es un paraca\u00eddas ram- air de 7 celdas y cero porosidad, dise\u00f1ado para paracaidistas que quieren un paraca\u00eddas que lo haga todo.<\/p>\n<p align=\"justify\">El paracaidista de hoy es mucho m\u00e1s vers\u00e1til y tiene m\u00faltiples talentos. Ca\u00edda libre, trabajo relativo de c\u00fapula, Freefly, sky- surfing, Sitfly, salto de demostraci\u00f3n, vuelo a campo traviesa, parabatismo y m\u00e1s&#8230; est\u00e1n disponibles para el divertido paracaidista de fin de semana. \u00a1Hasta el triatl\u00f3n, no exist\u00eda un solo paraca\u00eddas que pudiera sobresalir en todas esas especialidades! El Triathlon es un dise\u00f1o ingenioso creado y perfeccionado por Aerodyne para ayudarte a elegir f\u00e1cilmente una nueva c\u00fapula principal.<\/p>\n<\/div>\n\t\t<\/div><\/div><\/div><div id=\"pg-2025-2\"  class=\"panel-grid panel-no-style\" ><div id=\"pgc-2025-2-0\"  class=\"panel-grid-cell\" ><div id=\"panel-2025-2-0-0\" class=\"so-panel widget_headline-widget panel-first-child panel-last-child\" data-index=\"3\" >\t\t<h1>CARACTER\u00cdSTICAS Y OPCIONES<\/h1>\n\t\t<div class=\"decoration\"><div class=\"decoration-inside\"><\/div><\/div>\n\t\t<h3>El Triatl\u00f3n est\u00e1 disponible en 3 versiones diferentes y en tama\u00f1os disponibles de:  99, 120, 135, 150, 160, 175, 190, 210, 220, 240 y 260 pies cuadrados<\/h3>\n\t\t<\/div><\/div><\/div><div id=\"pg-2025-3\"  class=\"panel-grid panel-no-style\" ><div id=\"pgc-2025-3-0\"  class=\"panel-grid-cell\" ><div id=\"panel-2025-3-0-0\" class=\"so-panel widget_text panel-first-child panel-last-child\" data-index=\"4\" ><h3 class=\"widget-title\">TRIATHLON RW<\/h3>\t\t\t<div class=\"textwidget\"><div id=\"attachment_2093\" style=\"width: 160px\" class=\"wp-caption alignright\"><a href=\"https:\/\/store.flyaerodyne.com\/en\/canopy-configurator\/#1684\" target=\"_blank\" rel=\"noopener\"><img aria-describedby=\"caption-attachment-2093\" loading=\"lazy\" class=\"wp-image-2093 size-thumbnail\" src=\"https:\/\/ednet-solutions.co\/wp-content\/uploads\/2022\/02\/DesTriRW-150x150.png\" alt=\"\" width=\"150\" height=\"150\" data-wp-editing=\"1\" \/><\/a><p id=\"caption-attachment-2093\" class=\"wp-caption-text\">\u00a1Dise\u00f1a El Tuyo!<\/p><\/div>\n<p align=\"justify\">El Triathlon es un paraca\u00eddas f\u00e1cil de usar con caracter\u00edsticas excepcionales de empaque, apertura, vuelo y aterrizaje. Simplemente lo hace todo magn\u00edficamente&#8230; \u00a1sin malos h\u00e1bitos!<\/p>\n<p align=\"justify\">La c\u00fapula est\u00e1 construida con un tejido avanzado de cero porosidad y ha logrado una excelente reputaci\u00f3n por sus aberturas confiablemente suaves y consistentes.<\/p>\n<p align=\"justify\">El Triathlon es muy divertido de volar con una ligera presi\u00f3n de palanca y giros r\u00e1pidos. El perfil aerodin\u00e1mico muy eficiente de triatl\u00f3n tiene una velocidad de avance r\u00e1pida y un planeo excelente, adem\u00e1s ha logrado una excelente reputaci\u00f3n por su estabilidad s\u00f3lida como una roca, incluso en condiciones extremadamente turbulentas.<\/p>\n<p align=\"justify\">Los aterrizajes bajo un Triathlon son especialmente impresionantes. Puede realizar surf sobre c\u00e9sped o aterrizar suavemente en una aproximaci\u00f3n de demostraci\u00f3n estrecha. La amplia gama de capacidades de aterrizaje deja abiertas todas sus opciones. Estas caracter\u00edsticas de aterrizaje son la raz\u00f3n por la que el Triathlon es la c\u00fapula elegida por los equipos profesionales de demostraci\u00f3n de paraca\u00eddas m\u00e1s exitosos del mundo.<\/p>\n<p align=\"justify\">El Triathlon es duradero, confiable y se produce con los m\u00e1s altos est\u00e1ndares de control de calidad en la industria y disfruta de la reputaci\u00f3n de ser uno de los paraca\u00eddas m\u00e1s f\u00e1ciles de usar y libres de problemas. Si eres una persona a la que le gusta hacer CRW una ma\u00f1ana, Freefly por la tarde y hacer un salto de formaci\u00f3n grande al final del d\u00eda, el Triathlon puede hacerlo todo.<\/p>\n<p align=\"justify\">El Triathlon viene est\u00e1ndar con su elecci\u00f3n de l\u00edneas 725 Spectra o 525 Dacron y un Slider plegable.<\/p>\n<\/div>\n\t\t<\/div><\/div><div id=\"pgc-2025-3-1\"  class=\"panel-grid-cell\" ><div id=\"panel-2025-3-1-0\" class=\"so-panel widget_text panel-first-child panel-last-child\" data-index=\"5\" ><h3 class=\"widget-title\">Caracter\u00edsticas emocionantes<\/h3>\t\t\t<div class=\"textwidget\"><ul>\n<li>Una c\u00fapula ingeniosamente dise\u00f1ada de 7 celdas que combina caracter\u00edsticas de manejo f\u00e1ciles de usar con un rendimiento excepcional<\/li>\n<li>Tejido de cero porosidad<\/li>\n<li>Manejo suave y predecible<\/li>\n<li>Ning\u00fan otro paraca\u00eddas ofrece una gama tan amplia de capacidades de aterrizaje, desde saltos de demostraci\u00f3n hasta de Swoop<\/li>\n<li>Nueva configuraci\u00f3n de l\u00ednea de control para mayor potencia de flare<\/li>\n<li>Volumen de empaque peque\u00f1o debido a la construcci\u00f3n de siete celdas<\/li>\n<li>Viene de serie con l\u00ednea Spectra, Soft- links y Slider plegable con ojales de acero inoxidable \u00absuperligeros\u00bb<\/li>\n<\/ul>\n<\/div>\n\t\t<\/div><\/div><\/div><div id=\"pg-2025-4\"  class=\"panel-grid panel-no-style\" ><div id=\"pgc-2025-4-0\"  class=\"panel-grid-cell\" ><div id=\"panel-2025-4-0-0\" class=\"so-panel widget_text panel-first-child panel-last-child\" data-index=\"6\" ><h3 class=\"widget-title\">TRIATHLON HYBRID<\/h3>\t\t\t<div class=\"textwidget\"><div id=\"attachment_2113\" style=\"width: 160px\" class=\"wp-caption alignright\"><a href=\"https:\/\/store.flyaerodyne.com\/en\/canopy-configurator\/#1685\" target=\"_blank\" rel=\"noopener\"><img aria-describedby=\"caption-attachment-2113\" loading=\"lazy\" class=\"wp-image-2113 size-thumbnail\" src=\"https:\/\/ednet-solutions.co\/wp-content\/uploads\/2022\/02\/DesTriHyb-150x150.png\" alt=\"\" width=\"150\" height=\"150\" \/><\/a><p id=\"caption-attachment-2113\" class=\"wp-caption-text\">\u00a1Dise\u00f1a El Tuyo!<\/p><\/div>\n<p align=\"justify\">El Hybrid es fant\u00e1stico para aquellos paracaidistas que quieren un paraca\u00eddas adaptado y reforzado para CRW intermedio a avanzado, que tambi\u00e9n se puede desplegar c\u00f3modamente en ca\u00edda libre.<\/p>\n<p align=\"justify\">El perfil aerodin\u00e1mico del Triathlon Hybrid es id\u00e9ntico a la versi\u00f3n RW con la adici\u00f3n de una cinta de refuerzo de borde de ataque de \u00be\u00bb y el sistema patentado de tolva piloto retr\u00e1ctil de 4 puntos de Aerodyne Research. Las l\u00edneas centrales &#8216;A&#8217; y &#8216;B&#8217; no est\u00e1n en cascada y est\u00e1n hechas de Dacron 900 libras, en el color naranja y con una visibilidad extrema.<\/p>\n<p align=\"justify\">El Triatl\u00f3n H\u00edbrido es extremadamente popular para muchos paracaidistas porque casi todos hacen algo de CRW en un momento u otro. Por solo 100 USD adicionales, el refuerzo adicional, el sistema de retracci\u00f3n del piloto y las l\u00edneas centrales sin cascada son una verdadera ganga, lo que elimina la necesidad potencial de comprar otra c\u00fapula CRW costosa y especializada.<\/p>\n<p align=\"justify\">Muchos propietarios del Hybrid compran nuestro paraca\u00eddas piloto plegable con Kill- line para usar en saltos que no sean CRW. Cuando surge la oportunidad de un CRW serio, simplemente cambian el KLPC con la cinta de vinculaci\u00f3n CRW retr\u00e1ctil y un piloto est\u00e1ndar, un proceso que toma solo unos minutos. El KLPC es r\u00e1pido y f\u00e1cil de empacar y evita el desgaste de la cinta de vinculaci\u00f3n CRW, adem\u00e1s de eliminar un paso del empaque cuando no se necesita la cinta retr\u00e1ctil.<\/p>\n<\/div>\n\t\t<\/div><\/div><div id=\"pgc-2025-4-1\"  class=\"panel-grid-cell\" ><div id=\"panel-2025-4-1-0\" class=\"so-panel widget_text panel-first-child panel-last-child\" data-index=\"7\" ><h3 class=\"widget-title\">Caracter\u00edsticas emocionantes<\/h3>\t\t\t<div class=\"textwidget\"><ul>\n<li>La c\u00fapula que lo hace todo<\/li>\n<li>Un paraca\u00eddas ingeniosamente dise\u00f1ado de 7 celdas que combina caracter\u00edsticas de manejo f\u00e1ciles de usar con un rendimiento excepcional<\/li>\n<li>Tejido de cero porosidad<\/li>\n<li>Manejo suave y predecible<\/li>\n<li>Ning\u00fan otro paraca\u00eddas ofrece una gama tan amplia de capacidades de aterrizaje, desde saltos de demostraci\u00f3n hasta de Swoop<\/li>\n<li>Nueva configuraci\u00f3n de l\u00ednea de control para mayor potencia de flare<\/li>\n<li>Volumen de empaque peque\u00f1o debido a la construcci\u00f3n de siete celdas<\/li>\n<li>Viene de serie con l\u00ednea Spectra, Soft- links y Slider plegable con ojales de acero inoxidable \u00absuperligeros\u00bb<\/li>\n<li>La \u00fanica c\u00fapula CRW que se puede desplegar c\u00f3modamente a velocidades terminales de ca\u00edda libre<\/li>\n<li>Completamente preparado para CRW, con refuerzos en el borde de ataque, sistema de retracci\u00f3n del piloto de 4 puntos de Aerodyne y l\u00edneas A y B sin cascada<\/li>\n<li>Se puede configurar f\u00e1cil y r\u00e1pidamente para saltos de ca\u00edda libre, reemplazando el sistema de retracci\u00f3n con un piloto de Kill- line<\/li>\n<\/ul>\n<\/div>\n\t\t<\/div><\/div><\/div><div id=\"pg-2025-5\"  class=\"panel-grid panel-no-style\" ><div id=\"pgc-2025-5-0\"  class=\"panel-grid-cell\" ><div id=\"panel-2025-5-0-0\" class=\"so-panel widget_text panel-first-child panel-last-child\" data-index=\"8\" ><h3 class=\"widget-title\">TRIATHLON COMP CRW<\/h3>\t\t\t<div class=\"textwidget\"><div id=\"attachment_2125\" style=\"width: 160px\" class=\"wp-caption alignright\"><a href=\"https:\/\/store.flyaerodyne.com\/en\/canopy-configurator\/#1686\" target=\"_blank\" rel=\"noopener\"><img aria-describedby=\"caption-attachment-2125\" loading=\"lazy\" class=\"wp-image-2125 size-thumbnail\" src=\"https:\/\/ednet-solutions.co\/wp-content\/uploads\/2022\/02\/DesTriCompRW-150x150.png\" alt=\"\" width=\"150\" height=\"150\" \/><\/a><p id=\"caption-attachment-2125\" class=\"wp-caption-text\">\u00a1Dise\u00f1a El Tuyo!<\/p><\/div>\n<p align=\"justify\">La serie CRW de competici\u00f3n del Triathlon son paraca\u00eddas altamente especializados y dise\u00f1ados exclusivamente para competiciones de nivel mundial.<\/p>\n<p align=\"justify\">Esta c\u00fapula utiliza el perfil aerodin\u00e1mico b\u00e1sico del Triathlon, pero ha sido modificada para obtener el m\u00e1ximo rendimiento de puntuaci\u00f3n CRW por parte de equipos profesionales. La entrada es un dise\u00f1o abierto con un \u00e1ngulo de barrido modificado para una m\u00e1xima consistencia de apertura y un tiempo de inflaci\u00f3n m\u00ednimo. El paraca\u00eddas tambi\u00e9n cuenta con un Slider de malla y un sistema de despliegue de bolsillo trasero.La cinta de refuerzo en esta c\u00fapula es de resistencia industrial para sobrevivir a los rigores del uso competitivo del equipo CRW.<\/p>\n<p align=\"justify\">Es importante se\u00f1alar que la serie CRW de competici\u00f3n del Triathlon est\u00e1 dise\u00f1ada para salidas de competici\u00f3n subterminales. No se puede desplegar c\u00f3modamente a velocidades de ca\u00edda libre y se pueden causar lesiones graves si se usa para prop\u00f3sitos tradicionales de ca\u00edda libre.<\/p>\n<p align=\"justify\">La Serie CRW de Competici\u00f3n del Triathlon es la elecci\u00f3n del actual Campe\u00f3n Mundial de CRW de equipo del Ej\u00e9rcito Ruso, as\u00ed como del equipo italiano CSE, medallista de plata, y del Equipo Nacional Franc\u00e9s, medallista de bronce.<\/p>\n<p align=\"justify\">Estas c\u00fapulas generalmente se ordenan en conjuntos de cuatro o m\u00e1s por equipos. Aerodyne Research cuenta con varios ex campeones mundiales de CRW en el personal para brindar la orientaci\u00f3n individual especializada y necesaria para sugerir un rendimiento perfectamente combinado y seleccionar la carga alar adecuada en los niveles muy altos preferidos por los competidores de clase mundial.<\/p>\n<\/div>\n\t\t<\/div><\/div><div id=\"pgc-2025-5-1\"  class=\"panel-grid-cell\" ><div id=\"panel-2025-5-1-0\" class=\"so-panel widget_text panel-first-child panel-last-child\" data-index=\"9\" ><h3 class=\"widget-title\">Caracter\u00edsticas emocionantes<\/h3>\t\t\t<div class=\"textwidget\"><ul>\n<li>Un Triathlon muy modificado, que cumple con las exigencias de los competidores de CRW<\/li>\n<li>Aperturas consistentes con un m\u00ednimo de tiempo de inflaci\u00f3n<\/li>\n<li>Viene con un Slider de malla y un sistema de despliegue de bolsillo de cola<\/li>\n<li>Fabricado con tela de cero porosidad<\/li>\n<li>Refuerzo pesado del borde de ataque<\/li>\n<li>\u00a1Dise\u00f1ado solo para salidas subterminales!<\/li>\n<li>La c\u00fapula elegida por los equipos campeones del mundo y cualquiera que quiera competir contra ellos<\/li>\n<\/ul>\n<\/div>\n\t\t<\/div><\/div><\/div><div id=\"pg-2025-6\"  class=\"panel-grid panel-no-style\" ><div id=\"pgc-2025-6-0\"  class=\"panel-grid-cell\" ><div id=\"panel-2025-6-0-0\" class=\"so-panel widget_sow-image panel-first-child panel-last-child\" data-index=\"10\" ><div\n\t\t\t\n\t\t\tclass=\"so-widget-sow-image so-widget-sow-image-default-8b5b6f678277-2025\"\n\t\t\t\n\t\t>\n<div class=\"sow-image-container\">\n\t\t<img \n\tsrc=\"https:\/\/ednet-solutions.co\/wp-content\/uploads\/2022\/02\/NonCascadeCenterLines-300x300.jpg\" width=\"300\" height=\"300\" srcset=\"https:\/\/ednet-solutions.co\/wp-content\/uploads\/2022\/02\/NonCascadeCenterLines-300x300.jpg 300w, https:\/\/ednet-solutions.co\/wp-content\/uploads\/2022\/02\/NonCascadeCenterLines-150x150.jpg 150w, https:\/\/ednet-solutions.co\/wp-content\/uploads\/2022\/02\/NonCascadeCenterLines-768x768.jpg 768w, https:\/\/ednet-solutions.co\/wp-content\/uploads\/2022\/02\/NonCascadeCenterLines.jpg 800w\" sizes=\"(max-width: 300px) 100vw, 300px\" alt=\"\" loading=\"lazy\" \t\tclass=\"so-widget-image\"\/>\n\t<\/div>\n\n<\/div><\/div><\/div><div id=\"pgc-2025-6-1\"  class=\"panel-grid-cell\" ><div id=\"panel-2025-6-1-0\" class=\"so-panel widget_text panel-first-child panel-last-child\" data-index=\"11\" ><h3 class=\"widget-title\">L\u00cdNEAS A\/B CENTRALES SIN CASCADAS<\/h3>\t\t\t<div class=\"textwidget\"><p align=\"justify\">Hace descender por las l\u00edneas sin esfuerzo, mientras que el material Dacron 900 reduce el desgaste adicional en las l\u00edneas centrales.<\/p>\n<\/div>\n\t\t<\/div><\/div><div id=\"pgc-2025-6-2\"  class=\"panel-grid-cell\" ><div id=\"panel-2025-6-2-0\" class=\"so-panel widget_sow-image panel-first-child panel-last-child\" data-index=\"12\" ><div\n\t\t\t\n\t\t\tclass=\"so-widget-sow-image so-widget-sow-image-default-8b5b6f678277-2025\"\n\t\t\t\n\t\t>\n<div class=\"sow-image-container\">\n\t\t<img \n\tsrc=\"https:\/\/ednet-solutions.co\/wp-content\/uploads\/2022\/02\/NonCascadeOuterLines-300x300.jpg\" width=\"300\" height=\"300\" srcset=\"https:\/\/ednet-solutions.co\/wp-content\/uploads\/2022\/02\/NonCascadeOuterLines-300x300.jpg 300w, https:\/\/ednet-solutions.co\/wp-content\/uploads\/2022\/02\/NonCascadeOuterLines-150x150.jpg 150w, https:\/\/ednet-solutions.co\/wp-content\/uploads\/2022\/02\/NonCascadeOuterLines-768x768.jpg 768w, https:\/\/ednet-solutions.co\/wp-content\/uploads\/2022\/02\/NonCascadeOuterLines.jpg 800w\" sizes=\"(max-width: 300px) 100vw, 300px\" alt=\"\" loading=\"lazy\" \t\tclass=\"so-widget-image\"\/>\n\t<\/div>\n\n<\/div><\/div><\/div><div id=\"pgc-2025-6-3\"  class=\"panel-grid-cell\" ><div id=\"panel-2025-6-3-0\" class=\"so-panel widget_text panel-first-child panel-last-child\" data-index=\"13\" ><h3 class=\"widget-title\">L\u00cdNEAS A\/B FUERA DE BORDA SIN CASCADAS<\/h3>\t\t\t<div class=\"textwidget\"><p align=\"justify\">Disminuye el desgaste adicional en las l\u00edneas y es f\u00e1cil de ubicar para Stacks.<\/p>\n<\/div>\n\t\t<\/div><\/div><\/div><div id=\"pg-2025-7\"  class=\"panel-grid panel-no-style\" ><div id=\"pgc-2025-7-0\"  class=\"panel-grid-cell\" ><div id=\"panel-2025-7-0-0\" class=\"so-panel widget_sow-image panel-first-child panel-last-child\" data-index=\"14\" ><div\n\t\t\t\n\t\t\tclass=\"so-widget-sow-image so-widget-sow-image-default-8b5b6f678277-2025\"\n\t\t\t\n\t\t>\n<div class=\"sow-image-container\">\n\t\t<img \n\tsrc=\"https:\/\/ednet-solutions.co\/wp-content\/uploads\/2022\/02\/RetractableBridle-300x200.jpg\" width=\"300\" height=\"200\" srcset=\"https:\/\/ednet-solutions.co\/wp-content\/uploads\/2022\/02\/RetractableBridle-300x200.jpg 300w, https:\/\/ednet-solutions.co\/wp-content\/uploads\/2022\/02\/RetractableBridle-768x512.jpg 768w, https:\/\/ednet-solutions.co\/wp-content\/uploads\/2022\/02\/RetractableBridle-272x182.jpg 272w, https:\/\/ednet-solutions.co\/wp-content\/uploads\/2022\/02\/RetractableBridle.jpg 800w\" sizes=\"(max-width: 300px) 100vw, 300px\" alt=\"\" loading=\"lazy\" \t\tclass=\"so-widget-image\"\/>\n\t<\/div>\n\n<\/div><\/div><\/div><div id=\"pgc-2025-7-1\"  class=\"panel-grid-cell\" ><div id=\"panel-2025-7-1-0\" class=\"so-panel widget_text panel-first-child panel-last-child\" data-index=\"15\" ><h3 class=\"widget-title\">BRIDLE RETR\u00c1CTIL<\/h3>\t\t\t<div class=\"textwidget\"><p align=\"justify\">El piloto se coloca en la parte superior de la c\u00fapula, lo que reduce los enredos.<\/p>\n<\/div>\n\t\t<\/div><\/div><div id=\"pgc-2025-7-2\"  class=\"panel-grid-cell\" ><div id=\"panel-2025-7-2-0\" class=\"so-panel widget_sow-image panel-first-child panel-last-child\" data-index=\"16\" ><div\n\t\t\t\n\t\t\tclass=\"so-widget-sow-image so-widget-sow-image-default-8b5b6f678277-2025\"\n\t\t\t\n\t\t>\n<div class=\"sow-image-container\">\n\t\t<img \n\tsrc=\"https:\/\/ednet-solutions.co\/wp-content\/uploads\/2022\/02\/tailpocket-300x300.jpg\" width=\"300\" height=\"300\" srcset=\"https:\/\/ednet-solutions.co\/wp-content\/uploads\/2022\/02\/tailpocket-300x300.jpg 300w, https:\/\/ednet-solutions.co\/wp-content\/uploads\/2022\/02\/tailpocket-150x150.jpg 150w, https:\/\/ednet-solutions.co\/wp-content\/uploads\/2022\/02\/tailpocket-768x768.jpg 768w, https:\/\/ednet-solutions.co\/wp-content\/uploads\/2022\/02\/tailpocket.jpg 800w\" sizes=\"(max-width: 300px) 100vw, 300px\" alt=\"\" loading=\"lazy\" \t\tclass=\"so-widget-image\"\/>\n\t<\/div>\n\n<\/div><\/div><\/div><div id=\"pgc-2025-7-3\"  class=\"panel-grid-cell\" ><div id=\"panel-2025-7-3-0\" class=\"so-panel widget_text panel-first-child panel-last-child\" data-index=\"17\" ><h3 class=\"widget-title\">BOLSILLO DE COLA<\/h3>\t\t\t<div class=\"textwidget\"><p align=\"justify\">Control de l\u00ednea ordenado durante el empaque para aperturas r\u00e1pidas y consistentes.<\/p>\n<\/div>\n\t\t<\/div><\/div><\/div><div id=\"pg-2025-8\"  class=\"panel-grid panel-no-style\" ><div id=\"pgc-2025-8-0\"  class=\"panel-grid-cell\" ><div id=\"panel-2025-8-0-0\" class=\"so-panel widget_sow-image panel-first-child panel-last-child\" data-index=\"18\" ><div\n\t\t\t\n\t\t\tclass=\"so-widget-sow-image so-widget-sow-image-default-8b5b6f678277-2025\"\n\t\t\t\n\t\t>\n<div class=\"sow-image-container\">\n\t\t<img \n\tsrc=\"https:\/\/ednet-solutions.co\/wp-content\/uploads\/2022\/02\/meshSlider-300x300.jpg\" width=\"300\" height=\"300\" srcset=\"https:\/\/ednet-solutions.co\/wp-content\/uploads\/2022\/02\/meshSlider-300x300.jpg 300w, https:\/\/ednet-solutions.co\/wp-content\/uploads\/2022\/02\/meshSlider-150x150.jpg 150w, https:\/\/ednet-solutions.co\/wp-content\/uploads\/2022\/02\/meshSlider-768x768.jpg 768w, https:\/\/ednet-solutions.co\/wp-content\/uploads\/2022\/02\/meshSlider.jpg 800w\" sizes=\"(max-width: 300px) 100vw, 300px\" alt=\"\" loading=\"lazy\" \t\tclass=\"so-widget-image\"\/>\n\t<\/div>\n\n<\/div><\/div><\/div><div id=\"pgc-2025-8-1\"  class=\"panel-grid-cell\" ><div id=\"panel-2025-8-1-0\" class=\"so-panel widget_text panel-first-child panel-last-child\" data-index=\"19\" ><h3 class=\"widget-title\">SLIDER DE MALLA<\/h3>\t\t\t<div class=\"textwidget\"><p align=\"justify\">Proporciona aperturas subterminales r\u00e1pidas.<\/p>\n<\/div>\n\t\t<\/div><\/div><div id=\"pgc-2025-8-2\"  class=\"panel-grid-cell\" ><div id=\"panel-2025-8-2-0\" class=\"so-panel widget_sow-image panel-first-child panel-last-child\" data-index=\"20\" ><div\n\t\t\t\n\t\t\tclass=\"so-widget-sow-image so-widget-sow-image-default-8b5b6f678277-2025\"\n\t\t\t\n\t\t>\n<div class=\"sow-image-container\">\n\t\t<img \n\tsrc=\"https:\/\/ednet-solutions.co\/wp-content\/uploads\/2022\/02\/tri-bw-300x240.jpg\" width=\"300\" height=\"240\" srcset=\"https:\/\/ednet-solutions.co\/wp-content\/uploads\/2022\/02\/tri-bw-300x240.jpg 300w, https:\/\/ednet-solutions.co\/wp-content\/uploads\/2022\/02\/tri-bw.jpg 749w\" sizes=\"(max-width: 300px) 100vw, 300px\" alt=\"\" loading=\"lazy\" \t\tclass=\"so-widget-image\"\/>\n\t<\/div>\n\n<\/div><\/div><\/div><div id=\"pgc-2025-8-3\"  class=\"panel-grid-cell\" ><div id=\"panel-2025-8-3-0\" class=\"so-panel widget_text panel-first-child panel-last-child\" data-index=\"21\" ><h3 class=\"widget-title\">PANELES DE OBJETIVO<\/h3>\t\t\t<div class=\"textwidget\"><p align=\"justify\">Una ayuda visual para el acoplamiento adecuado en la celda correcta.<\/p>\n<\/div>\n\t\t<\/div><\/div><\/div><\/div>","protected":false},"excerpt":{"rendered":"<p>Un dise\u00f1o brillante con caracter\u00edsticas de apertura ultraconsistentes, que ofrece el rendimiento de 9 celdas en un paquete de 7 celdas, junto con el volumen de empaque m\u00e1s bajo de su clase. El Triathlon es un paraca\u00eddas ram- air de 7 celdas y cero porosidad, dise\u00f1ado para paracaidistas que quieren un paraca\u00eddas que lo haga [&hellip;]<\/p>\n","protected":false},"author":1,"featured_media":0,"parent":1146,"menu_order":14,"comment_status":"closed","ping_status":"closed","template":"templates\/template-full-notitle.php","meta":[],"_links":{"self":[{"href":"https:\/\/ednet-solutions.co\/es\/wp-json\/wp\/v2\/pages\/2025"}],"collection":[{"href":"https:\/\/ednet-solutions.co\/es\/wp-json\/wp\/v2\/pages"}],"about":[{"href":"https:\/\/ednet-solutions.co\/es\/wp-json\/wp\/v2\/types\/page"}],"author":[{"embeddable":true,"href":"https:\/\/ednet-solutions.co\/es\/wp-json\/wp\/v2\/users\/1"}],"replies":[{"embeddable":true,"href":"https:\/\/ednet-solutions.co\/es\/wp-json\/wp\/v2\/comments?post=2025"}],"version-history":[{"count":4,"href":"https:\/\/ednet-solutions.co\/es\/wp-json\/wp\/v2\/pages\/2025\/revisions"}],"predecessor-version":[{"id":2824,"href":"https:\/\/ednet-solutions.co\/es\/wp-json\/wp\/v2\/pages\/2025\/revisions\/2824"}],"up":[{"embeddable":true,"href":"https:\/\/ednet-solutions.co\/es\/wp-json\/wp\/v2\/pages\/1146"}],"wp:attachment":[{"href":"https:\/\/ednet-solutions.co\/es\/wp-json\/wp\/v2\/media?parent=2025"}],"curies":[{"name":"wp","href":"https:\/\/api.w.org\/{rel}","templated":true}]}}