{"id":2040,"date":"2022-02-20T16:40:43","date_gmt":"2022-02-20T21:40:43","guid":{"rendered":"https:\/\/ednet-solutions.co\/produkte\/solo\/"},"modified":"2022-02-22T14:05:31","modified_gmt":"2022-02-22T19:05:31","slug":"solo","status":"publish","type":"page","link":"https:\/\/ednet-solutions.co\/es\/produkte\/solo\/","title":{"rendered":"Solo"},"content":{"rendered":"<div id=\"pl-2040\"  class=\"panel-layout\" ><div id=\"pg-2040-0\"  class=\"panel-grid panel-no-style\" ><div id=\"pgc-2040-0-0\"  class=\"panel-grid-cell\" ><div id=\"panel-2040-0-0-0\" class=\"so-panel widget_headline-widget panel-first-child\" data-index=\"0\" >\t\t<h1>Solo<\/h1>\n\t\t<div class=\"decoration\"><div class=\"decoration-inside\"><\/div><\/div>\n\t\t<h3>CUANDO ES EL MOMENTO DE QUE SU ALUMNO VUELE SOLO...ESTA ES LA C\u00daPULA.<\/h3>\n\t\t<\/div><div id=\"panel-2040-0-0-1\" class=\"so-panel widget_sow-image panel-last-child\" data-index=\"1\" ><div\n\t\t\t\n\t\t\tclass=\"so-widget-sow-image so-widget-sow-image-default-8b5b6f678277-2040\"\n\t\t\t\n\t\t>\n<div class=\"sow-image-container\">\n\t\t<img \n\tsrc=\"https:\/\/ednet-solutions.co\/wp-content\/uploads\/2022\/02\/Solo-header.jpg\" width=\"1441\" height=\"653\" srcset=\"https:\/\/ednet-solutions.co\/wp-content\/uploads\/2022\/02\/Solo-header.jpg 1441w, https:\/\/ednet-solutions.co\/wp-content\/uploads\/2022\/02\/Solo-header-300x136.jpg 300w, https:\/\/ednet-solutions.co\/wp-content\/uploads\/2022\/02\/Solo-header-1024x464.jpg 1024w, https:\/\/ednet-solutions.co\/wp-content\/uploads\/2022\/02\/Solo-header-768x348.jpg 768w\" sizes=\"(max-width: 1441px) 100vw, 1441px\" title=\"Solo\" alt=\"\" loading=\"lazy\" \t\tclass=\"so-widget-image\"\/>\n\t<\/div>\n\n<\/div><\/div><\/div><\/div><div id=\"pg-2040-1\"  class=\"panel-grid panel-no-style\" ><div id=\"pgc-2040-1-0\"  class=\"panel-grid-cell\" ><div id=\"panel-2040-1-0-0\" class=\"so-panel widget_text panel-first-child panel-last-child\" data-index=\"2\" >\t\t\t<div class=\"textwidget\"><div id=\"attachment_2081\" style=\"width: 160px\" class=\"wp-caption alignright\"><a href=\"https:\/\/store.flyaerodyne.com\/en\/canopy-configurator\/#1683\" target=\"_blank\" rel=\"noopener\"><img aria-describedby=\"caption-attachment-2081\" loading=\"lazy\" class=\"wp-image-2081 size-thumbnail\" src=\"https:\/\/ednet-solutions.co\/wp-content\/uploads\/2022\/02\/DesSolo-150x150.png\" alt=\"\" width=\"150\" height=\"150\" \/><\/a><p id=\"caption-attachment-2081\" class=\"wp-caption-text\">\u00a1Dise\u00f1a El Tuyo!<\/p><\/div>\n<p align=\"justify\">Se trata de confianza y fiabilidad. Tanto si eres propietario de una zona de salto como si eres un alumno de primer salto, lo \u00faltimo de lo que debes preocuparte es de tu equipo. La c\u00fapula para alumnos \u00abSolo\u00bb puede darte esa confianza. Fuerte donde debe ser, indulgente cuando debe serlo, el Solo proporciona todas las caracter\u00edsticas necesarias para una formaci\u00f3n exitosa de los alumnos.<\/p>\n<p align=\"justify\">El Solo es duradero, con refuerzo adicional y f\u00e1cil de empacar. Sus caracter\u00edsticas de apertura, vuelo y aterrizaje se han dise\u00f1ado para permitirle ense\u00f1ar a sus alumnos habilidades de pilotaje adecuadas. A medida que el alumno adquiere m\u00e1s experiencia y est\u00e1 preparado para reducir el tama\u00f1o, el dise\u00f1o del Solo permite una transici\u00f3n natural a nuestra c\u00fapula Pilot. Esto le permite al piloto novato de velamen una transici\u00f3n f\u00e1cil y directa del equipo de alumno al suyo propio, sin la necesidad de \u00abvolver a aprender\u00bb las caracter\u00edsticas del velamen. Esto proporciona una transici\u00f3n mucho m\u00e1s segura y agradable, con un aprendizaje continuo.<\/p>\n<p align=\"justify\">Incluso hemos incorporado se\u00f1ales visuales para permitir un entrenamiento de empaque PRO (PRO- Pack) m\u00e1s f\u00e1cil. Mediante la utilizaci\u00f3n de pesta\u00f1as de l\u00ednea codificados por colores, el alumno aprende las t\u00e9cnicas de empaque adecuadas en mucho menos tiempo y con mayor confianza.<\/p>\n<\/div>\n\t\t<\/div><\/div><\/div><div id=\"pg-2040-2\"  class=\"panel-grid panel-no-style\" ><div id=\"pgc-2040-2-0\"  class=\"panel-grid-cell\" ><div id=\"panel-2040-2-0-0\" class=\"so-panel widget_headline-widget panel-first-child panel-last-child\" data-index=\"3\" >\t\t<h1>CARACTER\u00cdSTICAS Y OPCIONES<\/h1>\n\t\t<div class=\"decoration\"><div class=\"decoration-inside\"><\/div><\/div>\n\t\t<h3><\/h3>\n\t\t<\/div><\/div><\/div><div id=\"pg-2040-3\"  class=\"panel-grid panel-no-style\" ><div id=\"pgc-2040-3-0\"  class=\"panel-grid-cell\" ><div id=\"panel-2040-3-0-0\" class=\"so-panel widget_sow-image panel-first-child panel-last-child\" data-index=\"4\" ><div\n\t\t\t\n\t\t\tclass=\"so-widget-sow-image so-widget-sow-image-default-8b5b6f678277-2040\"\n\t\t\t\n\t\t>\n<div class=\"sow-image-container\">\n\t\t<img \n\tsrc=\"https:\/\/ednet-solutions.co\/wp-content\/uploads\/2022\/02\/ZPX-300x300.jpg\" width=\"300\" height=\"300\" srcset=\"https:\/\/ednet-solutions.co\/wp-content\/uploads\/2022\/02\/ZPX-300x300.jpg 300w, https:\/\/ednet-solutions.co\/wp-content\/uploads\/2022\/02\/ZPX-150x150.jpg 150w, https:\/\/ednet-solutions.co\/wp-content\/uploads\/2022\/02\/ZPX-768x768.jpg 768w, https:\/\/ednet-solutions.co\/wp-content\/uploads\/2022\/02\/ZPX.jpg 800w\" sizes=\"(max-width: 300px) 100vw, 300px\" alt=\"\" loading=\"lazy\" \t\tclass=\"so-widget-image\"\/>\n\t<\/div>\n\n<\/div><\/div><\/div><div id=\"pgc-2040-3-1\"  class=\"panel-grid-cell\" ><div id=\"panel-2040-3-1-0\" class=\"so-panel widget_text panel-first-child panel-last-child\" data-index=\"5\" ><h3 class=\"widget-title\">ZPX NYLON (OPCIONAL)<\/h3>\t\t\t<div class=\"textwidget\"><p align=\"justify\">Una tela con estructura de panal exclusiva de Aerodyne que es m\u00e1s delgada y liviana, pero m\u00e1s fuerte que la tela ZP normal que todos conocemos. Esto crea dos excelentes caracter\u00edsticas: un volumen del empaque de 15 a 20 % m\u00e1s peque\u00f1o (en comparaci\u00f3n con un paraca\u00eddas ZP del mismo tama\u00f1o) y un trabajo de empaque mucho m\u00e1s f\u00e1cil incluso en un paraca\u00eddas nuevo.<\/p>\n<\/div>\n\t\t<\/div><\/div><div id=\"pgc-2040-3-2\"  class=\"panel-grid-cell\" ><div id=\"panel-2040-3-2-0\" class=\"so-panel widget_sow-image panel-first-child panel-last-child\" data-index=\"6\" ><div\n\t\t\t\n\t\t\tclass=\"so-widget-sow-image so-widget-sow-image-default-8b5b6f678277-2040\"\n\t\t\t\n\t\t>\n<div class=\"sow-image-container\">\n\t\t<img \n\tsrc=\"https:\/\/ednet-solutions.co\/wp-content\/uploads\/2022\/02\/packing-tabs-298x300.jpg\" width=\"298\" height=\"300\" srcset=\"https:\/\/ednet-solutions.co\/wp-content\/uploads\/2022\/02\/packing-tabs-298x300.jpg 298w, https:\/\/ednet-solutions.co\/wp-content\/uploads\/2022\/02\/packing-tabs-150x150.jpg 150w, https:\/\/ednet-solutions.co\/wp-content\/uploads\/2022\/02\/packing-tabs.jpg 355w\" sizes=\"(max-width: 298px) 100vw, 298px\" alt=\"\" loading=\"lazy\" \t\tclass=\"so-widget-image\"\/>\n\t<\/div>\n\n<\/div><\/div><\/div><div id=\"pgc-2040-3-3\"  class=\"panel-grid-cell\" ><div id=\"panel-2040-3-3-0\" class=\"so-panel widget_text panel-first-child panel-last-child\" data-index=\"7\" ><h3 class=\"widget-title\">PESTA\u00d1AS DE EMPAQUE COLORIDAS<\/h3>\t\t\t<div class=\"textwidget\"><p align=\"justify\">Empaque sin frustraciones con pesta\u00f1as coloridas que permiten una revisi\u00f3n r\u00e1pida de los grupos de l\u00edneas durante un PRO- Pack.<\/p>\n<\/div>\n\t\t<\/div><\/div><\/div><div id=\"pg-2040-4\"  class=\"panel-grid panel-no-style\" ><div id=\"pgc-2040-4-0\"  class=\"panel-grid-cell\" ><div id=\"panel-2040-4-0-0\" class=\"so-panel widget_sow-image panel-first-child panel-last-child\" data-index=\"8\" ><div\n\t\t\t\n\t\t\tclass=\"so-widget-sow-image so-widget-sow-image-default-8b5b6f678277-2040\"\n\t\t\t\n\t\t>\n<div class=\"sow-image-container\">\n\t\t<img \n\tsrc=\"https:\/\/ednet-solutions.co\/wp-content\/uploads\/2022\/02\/Semi-Stowless-300x300.jpg\" width=\"300\" height=\"300\" srcset=\"https:\/\/ednet-solutions.co\/wp-content\/uploads\/2022\/02\/Semi-Stowless-300x300.jpg 300w, https:\/\/ednet-solutions.co\/wp-content\/uploads\/2022\/02\/Semi-Stowless-150x150.jpg 150w, https:\/\/ednet-solutions.co\/wp-content\/uploads\/2022\/02\/Semi-Stowless.jpg 600w\" sizes=\"(max-width: 300px) 100vw, 300px\" alt=\"\" loading=\"lazy\" \t\tclass=\"so-widget-image\"\/>\n\t<\/div>\n\n<\/div><\/div><\/div><div id=\"pgc-2040-4-1\"  class=\"panel-grid-cell\" ><div id=\"panel-2040-4-1-0\" class=\"so-panel widget_text panel-first-child panel-last-child\" data-index=\"9\" ><h3 class=\"widget-title\">OPCIONES DE L\u00cdNEAS<\/h3>\t\t\t<div class=\"textwidget\"><p align=\"justify\">600 lb. Dacron<br \/>\n700 lb. HMA<br \/>\n725 lb. Spectra<br \/>\n700 lb. ZLX<\/p>\n<\/div>\n\t\t<\/div><\/div><div id=\"pgc-2040-4-2\"  class=\"panel-grid-cell panel-grid-cell-empty panel-grid-cell-mobile-last\" ><\/div><div id=\"pgc-2040-4-3\"  class=\"panel-grid-cell panel-grid-cell-empty\" ><\/div><\/div><\/div>","protected":false},"excerpt":{"rendered":"<p>Se trata de confianza y fiabilidad. Tanto si eres propietario de una zona de salto como si eres un alumno de primer salto, lo \u00faltimo de lo que debes preocuparte es de tu equipo. La c\u00fapula para alumnos \u00abSolo\u00bb puede darte esa confianza. Fuerte donde debe ser, indulgente cuando debe serlo, el Solo proporciona todas [&hellip;]<\/p>\n","protected":false},"author":1,"featured_media":0,"parent":1146,"menu_order":15,"comment_status":"closed","ping_status":"closed","template":"templates\/template-full-notitle.php","meta":[],"_links":{"self":[{"href":"https:\/\/ednet-solutions.co\/es\/wp-json\/wp\/v2\/pages\/2040"}],"collection":[{"href":"https:\/\/ednet-solutions.co\/es\/wp-json\/wp\/v2\/pages"}],"about":[{"href":"https:\/\/ednet-solutions.co\/es\/wp-json\/wp\/v2\/types\/page"}],"author":[{"embeddable":true,"href":"https:\/\/ednet-solutions.co\/es\/wp-json\/wp\/v2\/users\/1"}],"replies":[{"embeddable":true,"href":"https:\/\/ednet-solutions.co\/es\/wp-json\/wp\/v2\/comments?post=2040"}],"version-history":[{"count":0,"href":"https:\/\/ednet-solutions.co\/es\/wp-json\/wp\/v2\/pages\/2040\/revisions"}],"up":[{"embeddable":true,"href":"https:\/\/ednet-solutions.co\/es\/wp-json\/wp\/v2\/pages\/1146"}],"wp:attachment":[{"href":"https:\/\/ednet-solutions.co\/es\/wp-json\/wp\/v2\/media?parent=2040"}],"curies":[{"name":"wp","href":"https:\/\/api.w.org\/{rel}","templated":true}]}}