{"id":2057,"date":"2022-02-20T16:48:32","date_gmt":"2022-02-20T21:48:32","guid":{"rendered":"https:\/\/ednet-solutions.co\/produkte\/a2\/"},"modified":"2022-02-23T02:02:04","modified_gmt":"2022-02-23T07:02:04","slug":"a2","status":"publish","type":"page","link":"https:\/\/ednet-solutions.co\/es\/produkte\/a2\/","title":{"rendered":"A2"},"content":{"rendered":"<div id=\"pl-2057\"  class=\"panel-layout\" ><div id=\"pg-2057-0\"  class=\"panel-grid panel-no-style\" ><div id=\"pgc-2057-0-0\"  class=\"panel-grid-cell\" ><div id=\"panel-2057-0-0-0\" class=\"so-panel widget_headline-widget panel-first-child\" data-index=\"0\" >\t\t<h1>A2<\/h1>\n\t\t<div class=\"decoration\"><div class=\"decoration-inside\"><\/div><\/div>\n\t\t<h3>EL CABALLO DE BATALLA DE SU OPERACI\u00d3N EN T\u00c1NDEM<\/h3>\n\t\t<\/div><div id=\"panel-2057-0-0-1\" class=\"so-panel widget_sow-image panel-last-child\" data-index=\"1\" ><div\n\t\t\t\n\t\t\tclass=\"so-widget-sow-image so-widget-sow-image-default-8b5b6f678277-2057\"\n\t\t\t\n\t\t>\n<div class=\"sow-image-container\">\n\t\t<img \n\tsrc=\"https:\/\/ednet-solutions.co\/wp-content\/uploads\/2022\/02\/A2-header.jpg\" width=\"1441\" height=\"653\" srcset=\"https:\/\/ednet-solutions.co\/wp-content\/uploads\/2022\/02\/A2-header.jpg 1441w, https:\/\/ednet-solutions.co\/wp-content\/uploads\/2022\/02\/A2-header-300x136.jpg 300w, https:\/\/ednet-solutions.co\/wp-content\/uploads\/2022\/02\/A2-header-1024x464.jpg 1024w, https:\/\/ednet-solutions.co\/wp-content\/uploads\/2022\/02\/A2-header-768x348.jpg 768w\" sizes=\"(max-width: 1441px) 100vw, 1441px\" title=\"A2\" alt=\"\" loading=\"lazy\" \t\tclass=\"so-widget-image\"\/>\n\t<\/div>\n\n<\/div><\/div><\/div><\/div><div id=\"pg-2057-1\"  class=\"panel-grid panel-no-style\" ><div id=\"pgc-2057-1-0\"  class=\"panel-grid-cell\" ><div id=\"panel-2057-1-0-0\" class=\"so-panel widget_text panel-first-child panel-last-child\" data-index=\"2\" >\t\t\t<div class=\"textwidget\"><div id=\"attachment_2061\" style=\"width: 160px\" class=\"wp-caption alignright\"><a href=\"https:\/\/store.flyaerodyne.com\/en\/canopy-configurator\/#1680\" target=\"_blank\" rel=\"noopener\"><img aria-describedby=\"caption-attachment-2061\" loading=\"lazy\" class=\"wp-image-2061 size-thumbnail\" src=\"https:\/\/ednet-solutions.co\/wp-content\/uploads\/2022\/02\/DesA2-150x150.png\" alt=\"\" width=\"150\" height=\"150\" \/><\/a><p id=\"caption-attachment-2061\" class=\"wp-caption-text\">\u00a1Dise\u00f1a El Tuyo!<\/p><\/div>\n<p align=\"justify\">El A2 es un velamen el\u00edptico de 9 celdas, construido completamente con tela ZP para mantener un rendimiento constante. Su perfil aerodin\u00e1mico y factor de forma en planta moderado garantizan excelentes caracter\u00edsticas de manejo, para minimizar la carga de trabajo de los maestros de t\u00e1ndem. No solo encontrar\u00e1n la presi\u00f3n de control, la respuesta de giro y la potencia de flare que han estado buscando, sino que quedar\u00e1n gratamente sorprendidos por las suaves aperturas consistentes. La recuperaci\u00f3n del giro y la capacidad de reducir la velocidad del velamen, en condiciones sin viento, son caracter\u00edsticas adicionales que todos los maestros de t\u00e1ndem apreciar\u00e1n mucho. El A2 est\u00e1 equipado con l\u00edneas de suspensi\u00f3n Spectra que reducen considerablemente el volumen y un contenedor m\u00e1s compacto en la espalda. Con su menor peso, las l\u00edneas Spectra tambi\u00e9n reducen el riesgo de volcado de las l\u00edneas y la subsiguiente apertura prematura de la bolsa de despliegue, una causa importante de mal funcionamiento.<\/p>\n<p align=\"justify\">Hemos dise\u00f1ado este paraca\u00eddas para maximizar la seguridad, pero al mismo tiempo lo convertimos en una herramienta econ\u00f3mica que maximizar\u00e1 la cantidad de saltos por d\u00eda. Para reducir el tiempo de empaque, elegimos una construcci\u00f3n h\u00edbrida y agregamos pesta\u00f1as de l\u00edneas codificadas por colores. Para reducir el tiempo de vuelo en el aire, construimos un ala que volar\u00e1 lentamente con los frenos, pero te dar\u00e1 una velocidad de descenso significativamente m\u00e1s alta cuando vueles con planeo completo.<\/p>\n<p align=\"justify\">El A2 viene de serie con l\u00edneas Spectra 1500, un Slider con ojales de acero inoxidable \u00absuperligeros\u00bb y eslabones r\u00e1pidos de acero inoxidable n.\u00ba 6. Naturalmente, el A2 es compatible con todos los sistemas de contenedores en t\u00e1ndem del mercado actual.<\/p>\n<p align=\"justify\">Si la durabilidad, las caracter\u00edsticas de vuelo y la eficiencia son importantes, mientras se maximiza la seguridad y el disfrute en t\u00e1ndem, el A2 puede ofrecer una combinaci\u00f3n imbatible. Todo esto junto con los est\u00e1ndares de control de calidad m\u00e1s estrictos del mundo (ISO 9001) y un valor de inversi\u00f3n sin igual en un velamen de t\u00e1ndem.<\/p>\n<p align=\"justify\">Es el velamen de t\u00e1ndem que ha estado buscando pero que nunca pudo encontrar, hasta ahora.<\/p>\n<\/div>\n\t\t<\/div><\/div><\/div><div id=\"pg-2057-2\"  class=\"panel-grid panel-no-style\" ><div id=\"pgc-2057-2-0\"  class=\"panel-grid-cell\" ><div id=\"panel-2057-2-0-0\" class=\"so-panel widget_headline-widget panel-first-child panel-last-child\" data-index=\"3\" >\t\t<h1>CARACTER\u00cdSTICAS Y OPCIONES<\/h1>\n\t\t<div class=\"decoration\"><div class=\"decoration-inside\"><\/div><\/div>\n\t\t<h3><\/h3>\n\t\t<\/div><\/div><\/div><div id=\"pg-2057-3\"  class=\"panel-grid panel-no-style\" ><div id=\"pgc-2057-3-0\"  class=\"panel-grid-cell\" ><div id=\"panel-2057-3-0-0\" class=\"so-panel widget_sow-image panel-first-child panel-last-child\" data-index=\"4\" ><div\n\t\t\t\n\t\t\tclass=\"so-widget-sow-image so-widget-sow-image-default-8b5b6f678277-2057\"\n\t\t\t\n\t\t>\n<div class=\"sow-image-container\">\n\t\t<img \n\tsrc=\"https:\/\/ednet-solutions.co\/wp-content\/uploads\/2022\/02\/ZPX-300x300.jpg\" width=\"300\" height=\"300\" srcset=\"https:\/\/ednet-solutions.co\/wp-content\/uploads\/2022\/02\/ZPX-300x300.jpg 300w, https:\/\/ednet-solutions.co\/wp-content\/uploads\/2022\/02\/ZPX-150x150.jpg 150w, https:\/\/ednet-solutions.co\/wp-content\/uploads\/2022\/02\/ZPX-768x768.jpg 768w, https:\/\/ednet-solutions.co\/wp-content\/uploads\/2022\/02\/ZPX.jpg 800w\" sizes=\"(max-width: 300px) 100vw, 300px\" alt=\"\" loading=\"lazy\" \t\tclass=\"so-widget-image\"\/>\n\t<\/div>\n\n<\/div><\/div><\/div><div id=\"pgc-2057-3-1\"  class=\"panel-grid-cell\" ><div id=\"panel-2057-3-1-0\" class=\"so-panel widget_text panel-first-child panel-last-child\" data-index=\"5\" ><h3 class=\"widget-title\">ZPX NYLON (OPCIONAL)<\/h3>\t\t\t<div class=\"textwidget\"><p align=\"justify\">Una tela con estructura de panal exclusiva de Aerodyne que es m\u00e1s delgada y liviana, pero m\u00e1s fuerte que la tela ZP normal que todos conocemos. Esto crea dos excelentes caracter\u00edsticas: un volumen del empaque de 15 a 20 % m\u00e1s peque\u00f1o (en comparaci\u00f3n con un paraca\u00eddas ZP del mismo tama\u00f1o) y un trabajo de empaque mucho m\u00e1s f\u00e1cil incluso en un paraca\u00eddas nuevo.<\/p>\n<\/div>\n\t\t<\/div><\/div><div id=\"pgc-2057-3-2\"  class=\"panel-grid-cell\" ><div id=\"panel-2057-3-2-0\" class=\"so-panel widget_sow-image panel-first-child panel-last-child\" data-index=\"6\" ><div\n\t\t\t\n\t\t\tclass=\"so-widget-sow-image so-widget-sow-image-default-8b5b6f678277-2057\"\n\t\t\t\n\t\t>\n<div class=\"sow-image-container\">\n\t\t<img \n\tsrc=\"https:\/\/ednet-solutions.co\/wp-content\/uploads\/2022\/02\/packing-tabs-298x300.jpg\" width=\"298\" height=\"300\" srcset=\"https:\/\/ednet-solutions.co\/wp-content\/uploads\/2022\/02\/packing-tabs-298x300.jpg 298w, https:\/\/ednet-solutions.co\/wp-content\/uploads\/2022\/02\/packing-tabs-150x150.jpg 150w, https:\/\/ednet-solutions.co\/wp-content\/uploads\/2022\/02\/packing-tabs.jpg 355w\" sizes=\"(max-width: 298px) 100vw, 298px\" alt=\"\" loading=\"lazy\" \t\tclass=\"so-widget-image\"\/>\n\t<\/div>\n\n<\/div><\/div><\/div><div id=\"pgc-2057-3-3\"  class=\"panel-grid-cell\" ><div id=\"panel-2057-3-3-0\" class=\"so-panel widget_text panel-first-child panel-last-child\" data-index=\"7\" ><h3 class=\"widget-title\">PESTA\u00d1AS DE EMPAQUE COLORIDAS<\/h3>\t\t\t<div class=\"textwidget\"><p align=\"justify\">Empaque sin frustraciones con pesta\u00f1as coloridas que permiten una revisi\u00f3n r\u00e1pida de los grupos de l\u00edneas durante un PRO- Pack.<\/p>\n<\/div>\n\t\t<\/div><\/div><\/div><div id=\"pg-2057-4\"  class=\"panel-grid panel-no-style\" ><div id=\"pgc-2057-4-0\"  class=\"panel-grid-cell\" ><div id=\"panel-2057-4-0-0\" class=\"so-panel widget_sow-image panel-first-child panel-last-child\" data-index=\"8\" ><div\n\t\t\t\n\t\t\tclass=\"so-widget-sow-image so-widget-sow-image-default-8b5b6f678277-2057\"\n\t\t\t\n\t\t>\n<div class=\"sow-image-container\">\n\t\t<img \n\tsrc=\"https:\/\/ednet-solutions.co\/wp-content\/uploads\/2022\/02\/Semi-Stowless-300x300.jpg\" width=\"300\" height=\"300\" srcset=\"https:\/\/ednet-solutions.co\/wp-content\/uploads\/2022\/02\/Semi-Stowless-300x300.jpg 300w, https:\/\/ednet-solutions.co\/wp-content\/uploads\/2022\/02\/Semi-Stowless-150x150.jpg 150w, https:\/\/ednet-solutions.co\/wp-content\/uploads\/2022\/02\/Semi-Stowless.jpg 600w\" sizes=\"(max-width: 300px) 100vw, 300px\" alt=\"\" loading=\"lazy\" \t\tclass=\"so-widget-image\"\/>\n\t<\/div>\n\n<\/div><\/div><\/div><div id=\"pgc-2057-4-1\"  class=\"panel-grid-cell\" ><div id=\"panel-2057-4-1-0\" class=\"so-panel widget_text panel-first-child panel-last-child\" data-index=\"9\" ><h3 class=\"widget-title\">OPCIONES DE L\u00cdNEAS<\/h3>\t\t\t<div class=\"textwidget\"><p align=\"justify\">1500 lb.\u00a0HMA<br \/>\n1500 lb.\u00a0Spectra<br \/>\n1500 lb.\u00a0ZLX<\/p>\n<\/div>\n\t\t<\/div><\/div><div id=\"pgc-2057-4-2\"  class=\"panel-grid-cell panel-grid-cell-empty panel-grid-cell-mobile-last\" ><\/div><div id=\"pgc-2057-4-3\"  class=\"panel-grid-cell panel-grid-cell-empty\" ><\/div><\/div><\/div>","protected":false},"excerpt":{"rendered":"<p>El A2 es un velamen el\u00edptico de 9 celdas, construido completamente con tela ZP para mantener un rendimiento constante. Su perfil aerodin\u00e1mico y factor de forma en planta moderado garantizan excelentes caracter\u00edsticas de manejo, para minimizar la carga de trabajo de los maestros de t\u00e1ndem. No solo encontrar\u00e1n la presi\u00f3n de control, la respuesta de [&hellip;]<\/p>\n","protected":false},"author":1,"featured_media":0,"parent":1146,"menu_order":16,"comment_status":"closed","ping_status":"closed","template":"templates\/template-full-notitle.php","meta":[],"_links":{"self":[{"href":"https:\/\/ednet-solutions.co\/es\/wp-json\/wp\/v2\/pages\/2057"}],"collection":[{"href":"https:\/\/ednet-solutions.co\/es\/wp-json\/wp\/v2\/pages"}],"about":[{"href":"https:\/\/ednet-solutions.co\/es\/wp-json\/wp\/v2\/types\/page"}],"author":[{"embeddable":true,"href":"https:\/\/ednet-solutions.co\/es\/wp-json\/wp\/v2\/users\/1"}],"replies":[{"embeddable":true,"href":"https:\/\/ednet-solutions.co\/es\/wp-json\/wp\/v2\/comments?post=2057"}],"version-history":[{"count":2,"href":"https:\/\/ednet-solutions.co\/es\/wp-json\/wp\/v2\/pages\/2057\/revisions"}],"predecessor-version":[{"id":2724,"href":"https:\/\/ednet-solutions.co\/es\/wp-json\/wp\/v2\/pages\/2057\/revisions\/2724"}],"up":[{"embeddable":true,"href":"https:\/\/ednet-solutions.co\/es\/wp-json\/wp\/v2\/pages\/1146"}],"wp:attachment":[{"href":"https:\/\/ednet-solutions.co\/es\/wp-json\/wp\/v2\/media?parent=2057"}],"curies":[{"name":"wp","href":"https:\/\/api.w.org\/{rel}","templated":true}]}}