{"id":2924,"date":"2022-04-29T13:16:19","date_gmt":"2022-04-29T18:16:19","guid":{"rendered":"https:\/\/ednet-solutions.co\/produkte\/atlas\/"},"modified":"2022-04-30T05:58:34","modified_gmt":"2022-04-30T10:58:34","slug":"atlas","status":"publish","type":"page","link":"https:\/\/ednet-solutions.co\/es\/produkte\/atlas\/","title":{"rendered":"Atlas"},"content":{"rendered":"<div id=\"pl-2924\"  class=\"panel-layout\" ><div id=\"pg-2924-0\"  class=\"panel-grid panel-no-style\" ><div id=\"pgc-2924-0-0\"  class=\"panel-grid-cell\" ><div id=\"panel-2924-0-0-0\" class=\"so-panel widget_headline-widget panel-first-child\" data-index=\"0\" >\t\t<h1>Atlas<\/h1>\n\t\t<div class=\"decoration\"><div class=\"decoration-inside\"><\/div><\/div>\n\t\t<h3>Alt\u00edmetro electr\u00f3nico y audible<\/h3>\n\t\t<\/div><div id=\"panel-2924-0-0-1\" class=\"so-panel widget_sow-image panel-last-child\" data-index=\"1\" ><div\n\t\t\t\n\t\t\tclass=\"so-widget-sow-image so-widget-sow-image-default-8b5b6f678277-2924\"\n\t\t\t\n\t\t>\n<div class=\"sow-image-container\">\n\t\t<img \n\tsrc=\"https:\/\/ednet-solutions.co\/wp-content\/uploads\/2022\/04\/Alti-Tech-Logo-Master-transparent.png\" width=\"1816\" height=\"400\" srcset=\"https:\/\/ednet-solutions.co\/wp-content\/uploads\/2022\/04\/Alti-Tech-Logo-Master-transparent.png 1816w, https:\/\/ednet-solutions.co\/wp-content\/uploads\/2022\/04\/Alti-Tech-Logo-Master-transparent-300x66.png 300w, https:\/\/ednet-solutions.co\/wp-content\/uploads\/2022\/04\/Alti-Tech-Logo-Master-transparent-1024x226.png 1024w, https:\/\/ednet-solutions.co\/wp-content\/uploads\/2022\/04\/Alti-Tech-Logo-Master-transparent-768x169.png 768w, https:\/\/ednet-solutions.co\/wp-content\/uploads\/2022\/04\/Alti-Tech-Logo-Master-transparent-1536x338.png 1536w\" sizes=\"(max-width: 1816px) 100vw, 1816px\" title=\"Alti-2 Logo\" alt=\"\" loading=\"lazy\" \t\tclass=\"so-widget-image\"\/>\n\t<\/div>\n\n<\/div><\/div><\/div><\/div><div id=\"pg-2924-1\"  class=\"panel-grid panel-no-style\" ><div id=\"pgc-2924-1-0\"  class=\"panel-grid-cell\" ><div id=\"panel-2924-1-0-0\" class=\"so-panel widget_text panel-first-child panel-last-child\" data-index=\"2\" >\t\t\t<div class=\"textwidget\"><p align=\"justify\"><b>Alti-2 Technologies es una empresa dirigida por ingenieros que creen firmemente que solo la mejor tecnolog\u00eda probada en instrumentaci\u00f3n de paracaidismo puede cumplir con los m\u00e1s altos est\u00e1ndares de seguridad para nuestros clientes.<\/b><\/p>\n<\/div>\n\t\t<\/div><\/div><\/div><div id=\"pg-2924-2\"  class=\"panel-grid panel-no-style\" ><div id=\"pgc-2924-2-0\"  class=\"panel-grid-cell\" ><div id=\"panel-2924-2-0-0\" class=\"so-panel widget_headline-widget panel-first-child panel-last-child\" data-index=\"3\" >\t\t<h1>Descripci\u00f3n <\/h1>\n\t\t<div class=\"decoration\"><div class=\"decoration-inside\"><\/div><\/div>\n\t\t<h3>El Atlas es un alt\u00edmetro electr\u00f3nico con una pantalla gr\u00e1fica digital que se puede utilizar como instrumento visual o audible.<\/h3>\n\t\t<\/div><\/div><\/div><div id=\"pg-2924-3\"  class=\"panel-grid panel-no-style\" ><div id=\"pgc-2924-3-0\"  class=\"panel-grid-cell\" ><div id=\"panel-2924-3-0-0\" class=\"so-panel widget_media_gallery panel-first-child panel-last-child\" data-index=\"4\" >\n\t\t<style type=\"text\/css\">\n\t\t\t#gallery-1 {\n\t\t\t\tmargin: auto;\n\t\t\t}\n\t\t\t#gallery-1 .gallery-item {\n\t\t\t\tfloat: left;\n\t\t\t\tmargin-top: 10px;\n\t\t\t\ttext-align: center;\n\t\t\t\twidth: 33%;\n\t\t\t}\n\t\t\t#gallery-1 img {\n\t\t\t\tborder: 2px solid #cfcfcf;\n\t\t\t}\n\t\t\t#gallery-1 .gallery-caption {\n\t\t\t\tmargin-left: 0;\n\t\t\t}\n\t\t\t\/* see gallery_shortcode() in wp-includes\/media.php *\/\n\t\t<\/style>\n\t\t<div id='gallery-1' class='gallery galleryid-2924 gallery-columns-3 gallery-size-thumbnail'><dl class='gallery-item'>\n\t\t\t<dt class='gallery-icon landscape'>\n\t\t\t\t<a href='https:\/\/ednet-solutions.co\/es\/produkte\/atlas\/atlasgroup-2\/#main'><img width=\"150\" height=\"150\" src=\"https:\/\/ednet-solutions.co\/wp-content\/uploads\/2022\/04\/AtlasGroup-150x150.png\" class=\"attachment-thumbnail size-thumbnail\" alt=\"\" loading=\"lazy\" srcset=\"https:\/\/ednet-solutions.co\/wp-content\/uploads\/2022\/04\/AtlasGroup-150x150.png 150w, https:\/\/ednet-solutions.co\/wp-content\/uploads\/2022\/04\/AtlasGroup-300x300.png 300w, https:\/\/ednet-solutions.co\/wp-content\/uploads\/2022\/04\/AtlasGroup.png 600w\" sizes=\"(max-width: 150px) 100vw, 150px\" \/><\/a>\n\t\t\t<\/dt><\/dl><dl class='gallery-item'>\n\t\t\t<dt class='gallery-icon landscape'>\n\t\t\t\t<a href='https:\/\/ednet-solutions.co\/es\/produkte\/atlas\/atlas-silver-png-2\/#main'><img width=\"150\" height=\"150\" src=\"https:\/\/ednet-solutions.co\/wp-content\/uploads\/2022\/04\/Atlas-silver.png-150x150.png\" class=\"attachment-thumbnail size-thumbnail\" alt=\"\" loading=\"lazy\" srcset=\"https:\/\/ednet-solutions.co\/wp-content\/uploads\/2022\/04\/Atlas-silver.png-150x150.png 150w, https:\/\/ednet-solutions.co\/wp-content\/uploads\/2022\/04\/Atlas-silver.png-300x300.png 300w, https:\/\/ednet-solutions.co\/wp-content\/uploads\/2022\/04\/Atlas-silver.png-768x768.png 768w, https:\/\/ednet-solutions.co\/wp-content\/uploads\/2022\/04\/Atlas-silver.png.png 800w\" sizes=\"(max-width: 150px) 100vw, 150px\" \/><\/a>\n\t\t\t<\/dt><\/dl><dl class='gallery-item'>\n\t\t\t<dt class='gallery-icon landscape'>\n\t\t\t\t<a href='https:\/\/ednet-solutions.co\/es\/produkte\/atlas\/atlas-red-png-2\/#main'><img width=\"150\" height=\"150\" src=\"https:\/\/ednet-solutions.co\/wp-content\/uploads\/2022\/04\/Atlas-red.png-150x150.png\" class=\"attachment-thumbnail size-thumbnail\" alt=\"\" loading=\"lazy\" srcset=\"https:\/\/ednet-solutions.co\/wp-content\/uploads\/2022\/04\/Atlas-red.png-150x150.png 150w, https:\/\/ednet-solutions.co\/wp-content\/uploads\/2022\/04\/Atlas-red.png-300x300.png 300w, https:\/\/ednet-solutions.co\/wp-content\/uploads\/2022\/04\/Atlas-red.png-768x768.png 768w, https:\/\/ednet-solutions.co\/wp-content\/uploads\/2022\/04\/Atlas-red.png.png 800w\" sizes=\"(max-width: 150px) 100vw, 150px\" \/><\/a>\n\t\t\t<\/dt><\/dl><br style=\"clear: both\" \/><dl class='gallery-item'>\n\t\t\t<dt class='gallery-icon landscape'>\n\t\t\t\t<a href='https:\/\/ednet-solutions.co\/es\/produkte\/atlas\/atlas-black-png-2\/#main'><img width=\"150\" height=\"150\" src=\"https:\/\/ednet-solutions.co\/wp-content\/uploads\/2022\/04\/Atlas-black.png-150x150.png\" class=\"attachment-thumbnail size-thumbnail\" alt=\"\" loading=\"lazy\" srcset=\"https:\/\/ednet-solutions.co\/wp-content\/uploads\/2022\/04\/Atlas-black.png-150x150.png 150w, https:\/\/ednet-solutions.co\/wp-content\/uploads\/2022\/04\/Atlas-black.png-300x300.png 300w, https:\/\/ednet-solutions.co\/wp-content\/uploads\/2022\/04\/Atlas-black.png-768x768.png 768w, https:\/\/ednet-solutions.co\/wp-content\/uploads\/2022\/04\/Atlas-black.png.png 800w\" sizes=\"(max-width: 150px) 100vw, 150px\" \/><\/a>\n\t\t\t<\/dt><\/dl><dl class='gallery-item'>\n\t\t\t<dt class='gallery-icon landscape'>\n\t\t\t\t<a href='https:\/\/ednet-solutions.co\/es\/produkte\/atlas\/atlas-blue-png-2\/#main'><img width=\"150\" height=\"150\" src=\"https:\/\/ednet-solutions.co\/wp-content\/uploads\/2022\/04\/Atlas-blue.png-150x150.png\" class=\"attachment-thumbnail size-thumbnail\" alt=\"\" loading=\"lazy\" srcset=\"https:\/\/ednet-solutions.co\/wp-content\/uploads\/2022\/04\/Atlas-blue.png-150x150.png 150w, https:\/\/ednet-solutions.co\/wp-content\/uploads\/2022\/04\/Atlas-blue.png-300x300.png 300w, https:\/\/ednet-solutions.co\/wp-content\/uploads\/2022\/04\/Atlas-blue.png-768x768.png 768w, https:\/\/ednet-solutions.co\/wp-content\/uploads\/2022\/04\/Atlas-blue.png.png 800w\" sizes=\"(max-width: 150px) 100vw, 150px\" \/><\/a>\n\t\t\t<\/dt><\/dl><dl class='gallery-item'>\n\t\t\t<dt class='gallery-icon landscape'>\n\t\t\t\t<a href='https:\/\/ednet-solutions.co\/es\/produkte\/atlas\/atlas-red-jpg-2\/#main'><img width=\"150\" height=\"150\" src=\"https:\/\/ednet-solutions.co\/wp-content\/uploads\/2022\/04\/Atlas-red.jpg-150x150.png\" class=\"attachment-thumbnail size-thumbnail\" alt=\"\" loading=\"lazy\" \/><\/a>\n\t\t\t<\/dt><\/dl><br style=\"clear: both\" \/><dl class='gallery-item'>\n\t\t\t<dt class='gallery-icon landscape'>\n\t\t\t\t<a href='https:\/\/ednet-solutions.co\/es\/produkte\/atlas\/atlasblackfront-jpg-2\/#main'><img width=\"150\" height=\"150\" src=\"https:\/\/ednet-solutions.co\/wp-content\/uploads\/2022\/04\/Atlasblackfront.jpg-150x150.png\" class=\"attachment-thumbnail size-thumbnail\" alt=\"\" loading=\"lazy\" \/><\/a>\n\t\t\t<\/dt><\/dl><dl class='gallery-item'>\n\t\t\t<dt class='gallery-icon landscape'>\n\t\t\t\t<a href='https:\/\/ednet-solutions.co\/es\/produkte\/atlas\/atlasblackmicro-jpg-2\/#main'><img width=\"150\" height=\"150\" src=\"https:\/\/ednet-solutions.co\/wp-content\/uploads\/2022\/04\/Atlasblackmicro.jpg-150x150.png\" class=\"attachment-thumbnail size-thumbnail\" alt=\"\" loading=\"lazy\" \/><\/a>\n\t\t\t<\/dt><\/dl><dl class='gallery-item'>\n\t\t\t<dt class='gallery-icon landscape'>\n\t\t\t\t<a href='https:\/\/ednet-solutions.co\/es\/produkte\/atlas\/atlasredblack-jpg-2-2\/#main'><img width=\"150\" height=\"150\" src=\"https:\/\/ednet-solutions.co\/wp-content\/uploads\/2022\/04\/Atlasredblack.jpg-2-150x150.png\" class=\"attachment-thumbnail size-thumbnail\" alt=\"\" loading=\"lazy\" \/><\/a>\n\t\t\t<\/dt><\/dl><br style=\"clear: both\" \/><dl class='gallery-item'>\n\t\t\t<dt class='gallery-icon landscape'>\n\t\t\t\t<a href='https:\/\/ednet-solutions.co\/es\/produkte\/atlas\/atlasred_black-jpg-2\/#main'><img width=\"150\" height=\"150\" src=\"https:\/\/ednet-solutions.co\/wp-content\/uploads\/2022\/04\/Atlasred_black.jpg-150x150.png\" class=\"attachment-thumbnail size-thumbnail\" alt=\"\" loading=\"lazy\" \/><\/a>\n\t\t\t<\/dt><\/dl>\n\t\t\t<br style='clear: both' \/>\n\t\t<\/div>\n<\/div><\/div><\/div><div id=\"pg-2924-4\"  class=\"panel-grid panel-no-style\" ><div id=\"pgc-2924-4-0\"  class=\"panel-grid-cell\" ><div id=\"panel-2924-4-0-0\" class=\"so-panel widget_text panel-first-child\" data-index=\"5\" ><h3 class=\"widget-title\">Carcasa<\/h3>\t\t\t<div class=\"textwidget\"><ul>\n<li>Carcasa de aluminio mecanizado resistente con bordes y esquinas reducidos<\/li>\n<li>Carga USB mejorada y transferencia de datos a trav\u00e9s de Micro USB resistente al agua<\/li>\n<li>Respetuoso del medio ambiente. Ahorre m\u00e1s de 100 d\u00f3lares con bater\u00edas de un solo uso durante 10 a\u00f1os<\/li>\n<li>Botones levantados f\u00e1ciles de presionar con hueco para la funda protectora<\/li>\n<li>Resistente al agua hasta seis pies por hasta una hora<\/li>\n<\/ul>\n<\/div>\n\t\t<\/div><div id=\"panel-2924-4-0-1\" class=\"so-panel widget_text\" data-index=\"6\" ><h3 class=\"widget-title\">Alarmas<\/h3>\t\t\t<div class=\"textwidget\"><ul>\n<li>Ocho grupos de alarmas; Incluye alarmas de ca\u00edda libre y \/ o c\u00fapula<\/li>\n<li>Las alarmas de la c\u00fapula incluyen alarmas de aproximaci\u00f3n que preceden a cada altitud de alarma seleccionada<\/li>\n<li>El volumen de la alarma de la c\u00fapula es ajustable para aquellos que desean escuchar las alarmas desde su mu\u00f1eca<\/li>\n<\/ul>\n<\/div>\n\t\t<\/div><div id=\"panel-2924-4-0-2\" class=\"so-panel widget_text panel-last-child\" data-index=\"7\" ><h3 class=\"widget-title\">Log<\/h3>\t\t\t<div class=\"textwidget\"><ul>\n<li>Registra m\u00e1s de 200 perfiles de salto y m\u00e1s de 2.500 res\u00famenes de salto<\/li>\n<li>Contador de saltos para d\u00edas de entrenamiento de ritmo r\u00e1pido<\/li>\n<li>Se registran el tiempo bajo la c\u00fapula y el tiempo de ca\u00edda libre<\/li>\n<li>Micro USB para conexi\u00f3n a diferentes tipos de aplicaciones de terceros<\/li>\n<\/ul>\n<\/div>\n\t\t<\/div><\/div><div id=\"pgc-2924-4-1\"  class=\"panel-grid-cell\" ><div id=\"panel-2924-4-1-0\" class=\"so-panel widget_text panel-first-child\" data-index=\"8\" ><h3 class=\"widget-title\">Pantalla<\/h3>\t\t\t<div class=\"textwidget\"><ul>\n<li>La hora se puede configurar en formato de 12 o 24 horas<\/li>\n<li>La fecha se puede configurar en formato de EE. UU. o internacional<\/li>\n<li>La temperatura se puede mostrar en grados Fahrenheit o Celsius<\/li>\n<li>La velocidad se puede mostrar en mph o km\/h<\/li>\n<li>La pantalla LCD puede estar volteada<\/li>\n<li>El men\u00fa se desplaza y envuelve<\/li>\n<li>Luz de fondo electroluminiscente<\/li>\n<\/ul>\n<\/div>\n\t\t<\/div><div id=\"panel-2924-4-1-1\" class=\"so-panel widget_text panel-last-child\" data-index=\"9\" ><h3 class=\"widget-title\">Cuaderno de bit\u00e1cora<\/h3>\t\t\t<div class=\"textwidget\"><ul>\n<li>Fecha<\/li>\n<li>Equipo<\/li>\n<li>Grupo de alarma de ca\u00edda libre<\/li>\n<li>Grupo de alarma de c\u00fapula<\/li>\n<li>Altitud de salida<\/li>\n<li>Altitud de despliegue de la c\u00fapula<\/li>\n<li>Tiempo de ca\u00edda libre<\/li>\n<li>Tiempo bajo de c\u00fapula<\/li>\n<li>Velocidad media<\/li>\n<li>Velocidad a cuatro altitudes diferentes<\/li>\n<li>Zona de descenso<\/li>\n<li>Tipo de aeronave<\/li>\n<\/ul>\n<\/div>\n\t\t<\/div><\/div><\/div><div id=\"pg-2924-5\"  class=\"panel-grid panel-no-style\" ><div id=\"pgc-2924-5-0\"  class=\"panel-grid-cell\" ><div id=\"panel-2924-5-0-0\" class=\"so-panel widget_text panel-first-child panel-last-child\" data-index=\"10\" >\t\t\t<div class=\"textwidget\"><p><img loading=\"lazy\" class=\"wp-image-416 alignright\" src=\"https:\/\/i0.wp.com\/alti-2.com\/wp-content\/uploads\/2021\/11\/Atlas-warning.png?resize=224%2C224&amp;ssl=1\" sizes=\"(max-width: 224px) 100vw, 224px\" srcset=\"https:\/\/i0.wp.com\/alti-2.com\/wp-content\/uploads\/2021\/11\/Atlas-warning.png?resize=300%2C300&amp;ssl=1 300w, https:\/\/i0.wp.com\/alti-2.com\/wp-content\/uploads\/2021\/11\/Atlas-warning.png?resize=150%2C150&amp;ssl=1 150w, https:\/\/i0.wp.com\/alti-2.com\/wp-content\/uploads\/2021\/11\/Atlas-warning.png?resize=768%2C768&amp;ssl=1 768w, https:\/\/i0.wp.com\/alti-2.com\/wp-content\/uploads\/2021\/11\/Atlas-warning.png?resize=600%2C600&amp;ssl=1 600w, https:\/\/i0.wp.com\/alti-2.com\/wp-content\/uploads\/2021\/11\/Atlas-warning.png?resize=100%2C100&amp;ssl=1 100w, https:\/\/i0.wp.com\/alti-2.com\/wp-content\/uploads\/2021\/11\/Atlas-warning.png?w=800&amp;ssl=1 800w\" alt=\"\" width=\"224\" height=\"224\" data-wp-editing=\"1\" \/><\/p>\n<p align=\"justify\">$399 PVP! Ahorro de $100 por bater\u00edas en 10 a\u00f1os &gt;\u00a0<strong>$299 costo total de propiedad<\/strong><\/p>\n<p align=\"justify\">Aplicar demasiada fuerza al conector USB al insertar el cable puede da\u00f1ar su Atlas.<\/p>\n<p align=\"justify\">Hemos proporcionado un cable con un espaciador de junta t\u00f3rica adicional para evitar que se aplique demasiada fuerza. &#8211; Es fundamental que utilice el cable proporcionado al cargar su Atlas.<\/p>\n<p align=\"justify\"><strong>ADVERTENCIA: NO retire la junta t\u00f3rica del cable, esto puede causar da\u00f1os y anular\u00e1 la garant\u00eda.<\/strong><\/p>\n<\/div>\n\t\t<\/div><\/div><\/div><\/div>","protected":false},"excerpt":{"rendered":"<p>Alti-2 Technologies es una empresa dirigida por ingenieros que creen firmemente que solo la mejor tecnolog\u00eda probada en instrumentaci\u00f3n de paracaidismo puede cumplir con los m\u00e1s altos est\u00e1ndares de seguridad para nuestros clientes.<\/p>\n","protected":false},"author":1,"featured_media":0,"parent":1146,"menu_order":17,"comment_status":"closed","ping_status":"closed","template":"templates\/template-full-notitle.php","meta":[],"_links":{"self":[{"href":"https:\/\/ednet-solutions.co\/es\/wp-json\/wp\/v2\/pages\/2924"}],"collection":[{"href":"https:\/\/ednet-solutions.co\/es\/wp-json\/wp\/v2\/pages"}],"about":[{"href":"https:\/\/ednet-solutions.co\/es\/wp-json\/wp\/v2\/types\/page"}],"author":[{"embeddable":true,"href":"https:\/\/ednet-solutions.co\/es\/wp-json\/wp\/v2\/users\/1"}],"replies":[{"embeddable":true,"href":"https:\/\/ednet-solutions.co\/es\/wp-json\/wp\/v2\/comments?post=2924"}],"version-history":[{"count":13,"href":"https:\/\/ednet-solutions.co\/es\/wp-json\/wp\/v2\/pages\/2924\/revisions"}],"predecessor-version":[{"id":3035,"href":"https:\/\/ednet-solutions.co\/es\/wp-json\/wp\/v2\/pages\/2924\/revisions\/3035"}],"up":[{"embeddable":true,"href":"https:\/\/ednet-solutions.co\/es\/wp-json\/wp\/v2\/pages\/1146"}],"wp:attachment":[{"href":"https:\/\/ednet-solutions.co\/es\/wp-json\/wp\/v2\/media?parent=2924"}],"curies":[{"name":"wp","href":"https:\/\/api.w.org\/{rel}","templated":true}]}}