{"id":2990,"date":"2022-04-29T15:48:59","date_gmt":"2022-04-29T20:48:59","guid":{"rendered":"https:\/\/ednet-solutions.co\/produkte\/altimaster-galaxy\/"},"modified":"2022-04-29T16:17:37","modified_gmt":"2022-04-29T21:17:37","slug":"altimaster-galaxy","status":"publish","type":"page","link":"https:\/\/ednet-solutions.co\/es\/produkte\/altimaster-galaxy\/","title":{"rendered":"Altimaster Galaxy"},"content":{"rendered":"<div id=\"pl-2990\"  class=\"panel-layout\" ><div id=\"pg-2990-0\"  class=\"panel-grid panel-no-style\" ><div id=\"pgc-2990-0-0\"  class=\"panel-grid-cell\" ><div id=\"panel-2990-0-0-0\" class=\"so-panel widget_headline-widget panel-first-child\" data-index=\"0\" >\t\t<h1>Altimaster Galaxy<\/h1>\n\t\t<div class=\"decoration\"><div class=\"decoration-inside\"><\/div><\/div>\n\t\t<h3>Alt\u00edmetro anal\u00f3gico<\/h3>\n\t\t<\/div><div id=\"panel-2990-0-0-1\" class=\"so-panel widget_sow-image panel-last-child\" data-index=\"1\" ><div\n\t\t\t\n\t\t\tclass=\"so-widget-sow-image so-widget-sow-image-default-8b5b6f678277-2990\"\n\t\t\t\n\t\t>\n<div class=\"sow-image-container\">\n\t\t<img \n\tsrc=\"https:\/\/ednet-solutions.co\/wp-content\/uploads\/2022\/04\/Alti-Tech-Logo-Master-transparent.png\" width=\"1816\" height=\"400\" srcset=\"https:\/\/ednet-solutions.co\/wp-content\/uploads\/2022\/04\/Alti-Tech-Logo-Master-transparent.png 1816w, https:\/\/ednet-solutions.co\/wp-content\/uploads\/2022\/04\/Alti-Tech-Logo-Master-transparent-300x66.png 300w, https:\/\/ednet-solutions.co\/wp-content\/uploads\/2022\/04\/Alti-Tech-Logo-Master-transparent-1024x226.png 1024w, https:\/\/ednet-solutions.co\/wp-content\/uploads\/2022\/04\/Alti-Tech-Logo-Master-transparent-768x169.png 768w, https:\/\/ednet-solutions.co\/wp-content\/uploads\/2022\/04\/Alti-Tech-Logo-Master-transparent-1536x338.png 1536w\" sizes=\"(max-width: 1816px) 100vw, 1816px\" title=\"Alti-2 Logo\" alt=\"\" loading=\"lazy\" \t\tclass=\"so-widget-image\"\/>\n\t<\/div>\n\n<\/div><\/div><\/div><\/div><div id=\"pg-2990-1\"  class=\"panel-grid panel-no-style\" ><div id=\"pgc-2990-1-0\"  class=\"panel-grid-cell\" ><div id=\"panel-2990-1-0-0\" class=\"so-panel widget_text panel-first-child panel-last-child\" data-index=\"2\" >\t\t\t<div class=\"textwidget\"><p align=\"justify\"><b>Alti-2 Technologies es una empresa dirigida por ingenieros que creen firmemente que solo la mejor tecnolog\u00eda probada en instrumentaci\u00f3n de paracaidismo puede cumplir con los m\u00e1s altos est\u00e1ndares de seguridad para nuestros clientes.<\/b><\/p>\n<\/div>\n\t\t<\/div><\/div><\/div><div id=\"pg-2990-2\"  class=\"panel-grid panel-no-style\" ><div id=\"pgc-2990-2-0\"  class=\"panel-grid-cell\" ><div id=\"panel-2990-2-0-0\" class=\"so-panel widget_headline-widget panel-first-child panel-last-child\" data-index=\"3\" >\t\t<h1>Descripci\u00f3n<\/h1>\n\t\t<div class=\"decoration\"><div class=\"decoration-inside\"><\/div><\/div>\n\t\t<h3>\u00a1El alt\u00edmetro anal\u00f3gico m\u00e1s popular del mercado!<\/h3>\n\t\t<\/div><\/div><\/div><div id=\"pg-2990-3\"  class=\"panel-grid panel-no-style\" ><div id=\"pgc-2990-3-0\"  class=\"panel-grid-cell\" ><div id=\"panel-2990-3-0-0\" class=\"so-panel widget_media_gallery panel-first-child panel-last-child\" data-index=\"4\" >\n\t\t<style type=\"text\/css\">\n\t\t\t#gallery-1 {\n\t\t\t\tmargin: auto;\n\t\t\t}\n\t\t\t#gallery-1 .gallery-item {\n\t\t\t\tfloat: left;\n\t\t\t\tmargin-top: 10px;\n\t\t\t\ttext-align: center;\n\t\t\t\twidth: 33%;\n\t\t\t}\n\t\t\t#gallery-1 img {\n\t\t\t\tborder: 2px solid #cfcfcf;\n\t\t\t}\n\t\t\t#gallery-1 .gallery-caption {\n\t\t\t\tmargin-left: 0;\n\t\t\t}\n\t\t\t\/* see gallery_shortcode() in wp-includes\/media.php *\/\n\t\t<\/style>\n\t\t<div id='gallery-1' class='gallery galleryid-2990 gallery-columns-3 gallery-size-medium'><dl class='gallery-item'>\n\t\t\t<dt class='gallery-icon landscape'>\n\t\t\t\t<a href='https:\/\/ednet-solutions.co\/es\/produkte\/altimaster-galaxy\/blackft-jpg-2\/#main'><img width=\"300\" height=\"213\" src=\"https:\/\/ednet-solutions.co\/wp-content\/uploads\/2022\/04\/BlackFt.jpg-300x213.webp\" class=\"attachment-medium size-medium\" alt=\"\" loading=\"lazy\" srcset=\"https:\/\/ednet-solutions.co\/wp-content\/uploads\/2022\/04\/BlackFt.jpg-300x213.webp 300w, https:\/\/ednet-solutions.co\/wp-content\/uploads\/2022\/04\/BlackFt.jpg-1024x728.webp 1024w, https:\/\/ednet-solutions.co\/wp-content\/uploads\/2022\/04\/BlackFt.jpg-768x546.webp 768w, https:\/\/ednet-solutions.co\/wp-content\/uploads\/2022\/04\/BlackFt.jpg-1536x1092.webp 1536w, https:\/\/ednet-solutions.co\/wp-content\/uploads\/2022\/04\/BlackFt.jpg-2048x1456.webp 2048w\" sizes=\"(max-width: 300px) 100vw, 300px\" \/><\/a>\n\t\t\t<\/dt><\/dl><dl class='gallery-item'>\n\t\t\t<dt class='gallery-icon landscape'>\n\t\t\t\t<a href='https:\/\/ednet-solutions.co\/es\/produkte\/altimaster-galaxy\/blackm-jpg-2\/#main'><img width=\"300\" height=\"211\" src=\"https:\/\/ednet-solutions.co\/wp-content\/uploads\/2022\/04\/BlackM.jpg-300x211.webp\" class=\"attachment-medium size-medium\" alt=\"\" loading=\"lazy\" srcset=\"https:\/\/ednet-solutions.co\/wp-content\/uploads\/2022\/04\/BlackM.jpg-300x211.webp 300w, https:\/\/ednet-solutions.co\/wp-content\/uploads\/2022\/04\/BlackM.jpg-1024x719.webp 1024w, https:\/\/ednet-solutions.co\/wp-content\/uploads\/2022\/04\/BlackM.jpg-768x539.webp 768w, https:\/\/ednet-solutions.co\/wp-content\/uploads\/2022\/04\/BlackM.jpg-1536x1078.webp 1536w, https:\/\/ednet-solutions.co\/wp-content\/uploads\/2022\/04\/BlackM.jpg-2048x1437.webp 2048w\" sizes=\"(max-width: 300px) 100vw, 300px\" \/><\/a>\n\t\t\t<\/dt><\/dl><dl class='gallery-item'>\n\t\t\t<dt class='gallery-icon landscape'>\n\t\t\t\t<a href='https:\/\/ednet-solutions.co\/es\/produkte\/altimaster-galaxy\/goldft-jpg-2\/#main'><img width=\"300\" height=\"215\" src=\"https:\/\/ednet-solutions.co\/wp-content\/uploads\/2022\/04\/GoldFt.jpg-300x215.webp\" class=\"attachment-medium size-medium\" alt=\"\" loading=\"lazy\" srcset=\"https:\/\/ednet-solutions.co\/wp-content\/uploads\/2022\/04\/GoldFt.jpg-300x215.webp 300w, https:\/\/ednet-solutions.co\/wp-content\/uploads\/2022\/04\/GoldFt.jpg-1024x735.webp 1024w, https:\/\/ednet-solutions.co\/wp-content\/uploads\/2022\/04\/GoldFt.jpg-768x551.webp 768w, https:\/\/ednet-solutions.co\/wp-content\/uploads\/2022\/04\/GoldFt.jpg.webp 1536w\" sizes=\"(max-width: 300px) 100vw, 300px\" \/><\/a>\n\t\t\t<\/dt><\/dl><br style=\"clear: both\" \/><dl class='gallery-item'>\n\t\t\t<dt class='gallery-icon landscape'>\n\t\t\t\t<a href='https:\/\/ednet-solutions.co\/es\/produkte\/altimaster-galaxy\/greenft-jpg-2\/#main'><img width=\"300\" height=\"216\" src=\"https:\/\/ednet-solutions.co\/wp-content\/uploads\/2022\/04\/GreenFt.jpg-300x216.webp\" class=\"attachment-medium size-medium\" alt=\"\" loading=\"lazy\" srcset=\"https:\/\/ednet-solutions.co\/wp-content\/uploads\/2022\/04\/GreenFt.jpg-300x216.webp 300w, https:\/\/ednet-solutions.co\/wp-content\/uploads\/2022\/04\/GreenFt.jpg-1024x739.webp 1024w, https:\/\/ednet-solutions.co\/wp-content\/uploads\/2022\/04\/GreenFt.jpg-768x554.webp 768w, https:\/\/ednet-solutions.co\/wp-content\/uploads\/2022\/04\/GreenFt.jpg.webp 1536w\" sizes=\"(max-width: 300px) 100vw, 300px\" \/><\/a>\n\t\t\t<\/dt><\/dl><dl class='gallery-item'>\n\t\t\t<dt class='gallery-icon landscape'>\n\t\t\t\t<a href='https:\/\/ednet-solutions.co\/es\/produkte\/altimaster-galaxy\/redft-jpg-2\/#main'><img width=\"300\" height=\"215\" src=\"https:\/\/ednet-solutions.co\/wp-content\/uploads\/2022\/04\/RedFt.jpg-300x215.webp\" class=\"attachment-medium size-medium\" alt=\"\" loading=\"lazy\" srcset=\"https:\/\/ednet-solutions.co\/wp-content\/uploads\/2022\/04\/RedFt.jpg-300x215.webp 300w, https:\/\/ednet-solutions.co\/wp-content\/uploads\/2022\/04\/RedFt.jpg-1024x733.webp 1024w, https:\/\/ednet-solutions.co\/wp-content\/uploads\/2022\/04\/RedFt.jpg-768x550.webp 768w, https:\/\/ednet-solutions.co\/wp-content\/uploads\/2022\/04\/RedFt.jpg.webp 1536w\" sizes=\"(max-width: 300px) 100vw, 300px\" \/><\/a>\n\t\t\t<\/dt><\/dl><dl class='gallery-item'>\n\t\t\t<dt class='gallery-icon landscape'>\n\t\t\t\t<a href='https:\/\/ednet-solutions.co\/es\/produkte\/altimaster-galaxy\/orangeft-jpg-2\/#main'><img width=\"300\" height=\"212\" src=\"https:\/\/ednet-solutions.co\/wp-content\/uploads\/2022\/04\/OrangeFt.jpg-300x212.webp\" class=\"attachment-medium size-medium\" alt=\"\" loading=\"lazy\" srcset=\"https:\/\/ednet-solutions.co\/wp-content\/uploads\/2022\/04\/OrangeFt.jpg-300x212.webp 300w, https:\/\/ednet-solutions.co\/wp-content\/uploads\/2022\/04\/OrangeFt.jpg-1024x723.webp 1024w, https:\/\/ednet-solutions.co\/wp-content\/uploads\/2022\/04\/OrangeFt.jpg-768x542.webp 768w, https:\/\/ednet-solutions.co\/wp-content\/uploads\/2022\/04\/OrangeFt.jpg.webp 1536w\" sizes=\"(max-width: 300px) 100vw, 300px\" \/><\/a>\n\t\t\t<\/dt><\/dl><br style=\"clear: both\" \/><dl class='gallery-item'>\n\t\t\t<dt class='gallery-icon landscape'>\n\t\t\t\t<a href='https:\/\/ednet-solutions.co\/es\/produkte\/altimaster-galaxy\/purpleft-jpg-2\/#main'><img width=\"300\" height=\"213\" src=\"https:\/\/ednet-solutions.co\/wp-content\/uploads\/2022\/04\/PurpleFt.jpg-300x213.webp\" class=\"attachment-medium size-medium\" alt=\"\" loading=\"lazy\" srcset=\"https:\/\/ednet-solutions.co\/wp-content\/uploads\/2022\/04\/PurpleFt.jpg-300x213.webp 300w, https:\/\/ednet-solutions.co\/wp-content\/uploads\/2022\/04\/PurpleFt.jpg-1024x726.webp 1024w, https:\/\/ednet-solutions.co\/wp-content\/uploads\/2022\/04\/PurpleFt.jpg-768x545.webp 768w, https:\/\/ednet-solutions.co\/wp-content\/uploads\/2022\/04\/PurpleFt.jpg-1536x1090.webp 1536w, https:\/\/ednet-solutions.co\/wp-content\/uploads\/2022\/04\/PurpleFt.jpg-2048x1453.webp 2048w\" sizes=\"(max-width: 300px) 100vw, 300px\" \/><\/a>\n\t\t\t<\/dt><\/dl><dl class='gallery-item'>\n\t\t\t<dt class='gallery-icon landscape'>\n\t\t\t\t<a href='https:\/\/ednet-solutions.co\/es\/produkte\/altimaster-galaxy\/silverft-jpg-2\/#main'><img width=\"300\" height=\"217\" src=\"https:\/\/ednet-solutions.co\/wp-content\/uploads\/2022\/04\/SilverFt.jpg-300x217.webp\" class=\"attachment-medium size-medium\" alt=\"\" loading=\"lazy\" srcset=\"https:\/\/ednet-solutions.co\/wp-content\/uploads\/2022\/04\/SilverFt.jpg-300x217.webp 300w, https:\/\/ednet-solutions.co\/wp-content\/uploads\/2022\/04\/SilverFt.jpg-1024x741.webp 1024w, https:\/\/ednet-solutions.co\/wp-content\/uploads\/2022\/04\/SilverFt.jpg-768x556.webp 768w, https:\/\/ednet-solutions.co\/wp-content\/uploads\/2022\/04\/SilverFt.jpg.webp 1536w\" sizes=\"(max-width: 300px) 100vw, 300px\" \/><\/a>\n\t\t\t<\/dt><\/dl>\n\t\t\t<br style='clear: both' \/>\n\t\t<\/div>\n<\/div><\/div><\/div><div id=\"pg-2990-4\"  class=\"panel-grid panel-no-style\" ><div id=\"pgc-2990-4-0\"  class=\"panel-grid-cell\" ><div id=\"panel-2990-4-0-0\" class=\"so-panel widget_text panel-first-child panel-last-child\" data-index=\"5\" >\t\t\t<div class=\"textwidget\"><p align=\"justify\">El Altimaster Galaxy de Alti-2 Technologies es un alt\u00edmetro anal\u00f3gico disponible en una amplia gama de colores y una selecci\u00f3n de facias blancas o que brillan en la oscuridad.<\/p>\n<p align=\"justify\">Dise\u00f1ado principalmente para el paracaidismo deportivo, el Altimaster Galaxy tiene una serie de caracter\u00edsticas que lo convierten en uno de los alt\u00edmetros m\u00e1s confiables y reconocibles del mercado.<\/p>\n<p align=\"justify\">El Galaxy tiene un rango de altitud de 18.000 pies MSL, marcado en incrementos de 250 pies. La cara de Galaxy est\u00e1 resaltada con una advertencia amarilla y un arco de advertencia rojo que comienza a 3.000 pies. El Galaxy contiene un mecanismo duradero hecho de metales que compensan la temperatura para lograr una fricci\u00f3n m\u00ednima y una precisi\u00f3n de precisi\u00f3n.<\/p>\n<p align=\"justify\">Hay dos tipos b\u00e1sicos de car\u00e1tulas de esfera, la est\u00e1ndar \u00abque brilla en la oscuridad\u00bb y la tradicional car\u00e1tula blanca. La cara blanca no brilla en la oscuridad. La cara luminosa es fosforescente y proporciona un brillo de fondo para ayudar en condiciones de poca luz. El brillo dura m\u00e1s de 2 horas en completa oscuridad.<\/p>\n<\/div>\n\t\t<\/div><\/div><\/div><div id=\"pg-2990-5\"  class=\"panel-grid panel-no-style\" ><div id=\"pgc-2990-5-0\"  class=\"panel-grid-cell\" ><div id=\"panel-2990-5-0-0\" class=\"so-panel widget_text panel-first-child panel-last-child\" data-index=\"6\" ><h3 class=\"widget-title\">Caracteristicas<\/h3>\t\t\t<div class=\"textwidget\"><ul>\n<li>Atornille la lente que puede ser reemplazada por su propietario<\/li>\n<li>Esfera grande de 2\u2033<\/li>\n<li>Elija entre: pies o metros, esferas luminosas o de esfera blanca<\/li>\n<li>Mayor tama\u00f1o y grosor num\u00e9rico para facilitar la lectura<\/li>\n<li>N\u00famero de serie grabado<\/li>\n<li>Carcasa de aluminio robusta de 1\u2033 de espesor disponible en una variedad de colores<\/li>\n<li>Soporte de mano resistente<\/li>\n<\/ul>\n<p>NSN 6610-01-519-3004 (pies de cara resplandeciente)<\/p>\n<\/div>\n\t\t<\/div><\/div><\/div><\/div>","protected":false},"excerpt":{"rendered":"<p>Alti-2 Technologies es una empresa dirigida por ingenieros que creen firmemente que solo la mejor tecnolog\u00eda probada en instrumentaci\u00f3n de paracaidismo puede cumplir con los m\u00e1s altos est\u00e1ndares de seguridad para nuestros clientes.<\/p>\n","protected":false},"author":1,"featured_media":0,"parent":1146,"menu_order":18,"comment_status":"closed","ping_status":"closed","template":"templates\/template-full-notitle.php","meta":[],"_links":{"self":[{"href":"https:\/\/ednet-solutions.co\/es\/wp-json\/wp\/v2\/pages\/2990"}],"collection":[{"href":"https:\/\/ednet-solutions.co\/es\/wp-json\/wp\/v2\/pages"}],"about":[{"href":"https:\/\/ednet-solutions.co\/es\/wp-json\/wp\/v2\/types\/page"}],"author":[{"embeddable":true,"href":"https:\/\/ednet-solutions.co\/es\/wp-json\/wp\/v2\/users\/1"}],"replies":[{"embeddable":true,"href":"https:\/\/ednet-solutions.co\/es\/wp-json\/wp\/v2\/comments?post=2990"}],"version-history":[{"count":3,"href":"https:\/\/ednet-solutions.co\/es\/wp-json\/wp\/v2\/pages\/2990\/revisions"}],"predecessor-version":[{"id":2996,"href":"https:\/\/ednet-solutions.co\/es\/wp-json\/wp\/v2\/pages\/2990\/revisions\/2996"}],"up":[{"embeddable":true,"href":"https:\/\/ednet-solutions.co\/es\/wp-json\/wp\/v2\/pages\/1146"}],"wp:attachment":[{"href":"https:\/\/ednet-solutions.co\/es\/wp-json\/wp\/v2\/media?parent=2990"}],"curies":[{"name":"wp","href":"https:\/\/api.w.org\/{rel}","templated":true}]}}