{"id":3029,"date":"2022-04-30T05:56:45","date_gmt":"2022-04-30T10:56:45","guid":{"rendered":"https:\/\/ednet-solutions.co\/?page_id=3029"},"modified":"2022-04-30T07:19:29","modified_gmt":"2022-04-30T12:19:29","slug":"mercury-crimson","status":"publish","type":"page","link":"https:\/\/ednet-solutions.co\/es\/produkte\/mercury-crimson\/","title":{"rendered":"Mercury Crimson"},"content":{"rendered":"<div id=\"pl-3029\"  class=\"panel-layout\" ><div id=\"pg-3029-0\"  class=\"panel-grid panel-no-style\" ><div id=\"pgc-3029-0-0\"  class=\"panel-grid-cell\" ><div id=\"panel-3029-0-0-0\" class=\"so-panel widget_headline-widget panel-first-child\" data-index=\"0\" >\t\t<h1>Mercury Crimson<\/h1>\n\t\t<div class=\"decoration\"><div class=\"decoration-inside\"><\/div><\/div>\n\t\t<h3>Audible<\/h3>\n\t\t<\/div><div id=\"panel-3029-0-0-1\" class=\"so-panel widget_sow-image panel-last-child\" data-index=\"1\" ><div\n\t\t\t\n\t\t\tclass=\"so-widget-sow-image so-widget-sow-image-default-8b5b6f678277-3029\"\n\t\t\t\n\t\t>\n<div class=\"sow-image-container\">\n\t\t<img \n\tsrc=\"https:\/\/ednet-solutions.co\/wp-content\/uploads\/2022\/04\/Alti-Tech-Logo-Master-transparent.png\" width=\"1816\" height=\"400\" srcset=\"https:\/\/ednet-solutions.co\/wp-content\/uploads\/2022\/04\/Alti-Tech-Logo-Master-transparent.png 1816w, https:\/\/ednet-solutions.co\/wp-content\/uploads\/2022\/04\/Alti-Tech-Logo-Master-transparent-300x66.png 300w, https:\/\/ednet-solutions.co\/wp-content\/uploads\/2022\/04\/Alti-Tech-Logo-Master-transparent-1024x226.png 1024w, https:\/\/ednet-solutions.co\/wp-content\/uploads\/2022\/04\/Alti-Tech-Logo-Master-transparent-768x169.png 768w, https:\/\/ednet-solutions.co\/wp-content\/uploads\/2022\/04\/Alti-Tech-Logo-Master-transparent-1536x338.png 1536w\" sizes=\"(max-width: 1816px) 100vw, 1816px\" title=\"Alti-2 Logo\" alt=\"\" loading=\"lazy\" \t\tclass=\"so-widget-image\"\/>\n\t<\/div>\n\n<\/div><\/div><\/div><\/div><div id=\"pg-3029-1\"  class=\"panel-grid panel-no-style\" ><div id=\"pgc-3029-1-0\"  class=\"panel-grid-cell\" ><div id=\"panel-3029-1-0-0\" class=\"so-panel widget_sow-editor panel-first-child panel-last-child\" data-index=\"2\" ><div\n\t\t\t\n\t\t\tclass=\"so-widget-sow-editor so-widget-sow-editor-base\"\n\t\t\t\n\t\t>\n<div class=\"siteorigin-widget-tinymce textwidget\">\n\t<p align=\"justify\"><b>Alti-2 Technologies es una empresa dirigida por ingenieros que creen firmemente que solo la mejor tecnolog\u00eda probada en instrumentaci\u00f3n de paracaidismo puede cumplir con los m\u00e1s altos est\u00e1ndares de seguridad para nuestros clientes.<\/b><\/p>\n<\/div>\n<\/div><\/div><\/div><\/div><div id=\"pg-3029-2\"  class=\"panel-grid panel-no-style\" ><div id=\"pgc-3029-2-0\"  class=\"panel-grid-cell\" ><div id=\"panel-3029-2-0-0\" class=\"so-panel widget_headline-widget panel-first-child panel-last-child\" data-index=\"3\" >\t\t<h1>DESCRIPCI\u00d3N<\/h1>\n\t\t<div class=\"decoration\"><div class=\"decoration-inside\"><\/div><\/div>\n\t\t<h3>El Mercury Crimson<\/h3>\n\t\t<\/div><\/div><\/div><div id=\"pg-3029-3\"  class=\"panel-grid panel-no-style\" ><div id=\"pgc-3029-3-0\"  class=\"panel-grid-cell\" ><div id=\"panel-3029-3-0-0\" class=\"so-panel widget_media_gallery panel-first-child panel-last-child\" data-index=\"4\" >\n\t\t<style type=\"text\/css\">\n\t\t\t#gallery-1 {\n\t\t\t\tmargin: auto;\n\t\t\t}\n\t\t\t#gallery-1 .gallery-item {\n\t\t\t\tfloat: left;\n\t\t\t\tmargin-top: 10px;\n\t\t\t\ttext-align: center;\n\t\t\t\twidth: 33%;\n\t\t\t}\n\t\t\t#gallery-1 img {\n\t\t\t\tborder: 2px solid #cfcfcf;\n\t\t\t}\n\t\t\t#gallery-1 .gallery-caption {\n\t\t\t\tmargin-left: 0;\n\t\t\t}\n\t\t\t\/* see gallery_shortcode() in wp-includes\/media.php *\/\n\t\t<\/style>\n\t\t<div id='gallery-1' class='gallery galleryid-3029 gallery-columns-3 gallery-size-medium'><dl class='gallery-item'>\n\t\t\t<dt class='gallery-icon landscape'>\n\t\t\t\t<a href='https:\/\/ednet-solutions.co\/es\/produkte\/mercury-crimson\/dsc0830-scaled-jpg\/#main'><img width=\"300\" height=\"200\" src=\"https:\/\/ednet-solutions.co\/wp-content\/uploads\/2022\/04\/DSC0830-scaled.jpg-300x200.webp\" class=\"attachment-medium size-medium\" alt=\"\" loading=\"lazy\" srcset=\"https:\/\/ednet-solutions.co\/wp-content\/uploads\/2022\/04\/DSC0830-scaled.jpg-300x200.webp 300w, https:\/\/ednet-solutions.co\/wp-content\/uploads\/2022\/04\/DSC0830-scaled.jpg-1024x683.webp 1024w, https:\/\/ednet-solutions.co\/wp-content\/uploads\/2022\/04\/DSC0830-scaled.jpg-768x512.webp 768w, https:\/\/ednet-solutions.co\/wp-content\/uploads\/2022\/04\/DSC0830-scaled.jpg-1536x1024.webp 1536w, https:\/\/ednet-solutions.co\/wp-content\/uploads\/2022\/04\/DSC0830-scaled.jpg-2048x1366.webp 2048w, https:\/\/ednet-solutions.co\/wp-content\/uploads\/2022\/04\/DSC0830-scaled.jpg-272x182.webp 272w\" sizes=\"(max-width: 300px) 100vw, 300px\" \/><\/a>\n\t\t\t<\/dt><\/dl><dl class='gallery-item'>\n\t\t\t<dt class='gallery-icon landscape'>\n\t\t\t\t<a href='https:\/\/ednet-solutions.co\/es\/produkte\/mercury-crimson\/dsc1076-scaled-jpg\/#main'><img width=\"300\" height=\"200\" src=\"https:\/\/ednet-solutions.co\/wp-content\/uploads\/2022\/04\/DSC1076-scaled.jpg-300x200.webp\" class=\"attachment-medium size-medium\" alt=\"\" loading=\"lazy\" srcset=\"https:\/\/ednet-solutions.co\/wp-content\/uploads\/2022\/04\/DSC1076-scaled.jpg-300x200.webp 300w, https:\/\/ednet-solutions.co\/wp-content\/uploads\/2022\/04\/DSC1076-scaled.jpg-1024x683.webp 1024w, https:\/\/ednet-solutions.co\/wp-content\/uploads\/2022\/04\/DSC1076-scaled.jpg-768x512.webp 768w, https:\/\/ednet-solutions.co\/wp-content\/uploads\/2022\/04\/DSC1076-scaled.jpg-272x182.webp 272w, https:\/\/ednet-solutions.co\/wp-content\/uploads\/2022\/04\/DSC1076-scaled.jpg.webp 1536w\" sizes=\"(max-width: 300px) 100vw, 300px\" \/><\/a>\n\t\t\t<\/dt><\/dl><dl class='gallery-item'>\n\t\t\t<dt class='gallery-icon landscape'>\n\t\t\t\t<a href='https:\/\/ednet-solutions.co\/es\/produkte\/mercury-crimson\/dsc1084-1-scaled-jpg\/#main'><img width=\"300\" height=\"157\" src=\"https:\/\/ednet-solutions.co\/wp-content\/uploads\/2022\/04\/DSC1084-1-scaled.jpg-300x157.webp\" class=\"attachment-medium size-medium\" alt=\"\" loading=\"lazy\" srcset=\"https:\/\/ednet-solutions.co\/wp-content\/uploads\/2022\/04\/DSC1084-1-scaled.jpg-300x157.webp 300w, https:\/\/ednet-solutions.co\/wp-content\/uploads\/2022\/04\/DSC1084-1-scaled.jpg-1024x534.webp 1024w, https:\/\/ednet-solutions.co\/wp-content\/uploads\/2022\/04\/DSC1084-1-scaled.jpg-768x401.webp 768w, https:\/\/ednet-solutions.co\/wp-content\/uploads\/2022\/04\/DSC1084-1-scaled.jpg-1536x802.webp 1536w, https:\/\/ednet-solutions.co\/wp-content\/uploads\/2022\/04\/DSC1084-1-scaled.jpg-2048x1069.webp 2048w, https:\/\/ednet-solutions.co\/wp-content\/uploads\/2022\/04\/DSC1084-1-scaled.jpg-720x380.webp 720w\" sizes=\"(max-width: 300px) 100vw, 300px\" \/><\/a>\n\t\t\t<\/dt><\/dl><br style=\"clear: both\" \/>\n\t\t<\/div>\n<\/div><\/div><\/div><div id=\"pg-3029-4\"  class=\"panel-grid panel-no-style\" ><div id=\"pgc-3029-4-0\"  class=\"panel-grid-cell\" ><div id=\"panel-3029-4-0-0\" class=\"so-panel widget_sow-editor panel-first-child panel-last-child\" data-index=\"5\" ><div\n\t\t\t\n\t\t\tclass=\"so-widget-sow-editor so-widget-sow-editor-base\"\n\t\t\t\n\t\t>\n<div class=\"siteorigin-widget-tinymce textwidget\">\n\t<p align=\"justify\">El Mercury Crimson es un audible ligero inal\u00e1mbrico electr\u00f3nico con 3 alarmas de ca\u00edda libre (m\u00e1s de 4 alarmas de ca\u00edda libre con una actualizaci\u00f3n de firmware gratuita) y 3 alarmas de c\u00fapula. Se basa en toda la tecnolog\u00eda nueva, desarrollada y producida por Alti-2 Technologies en DeLand, Florida.<\/p>\n<p align=\"justify\">Como queremos que pase su tiempo saltando en paraca\u00eddas y no leyendo manuales, viene con el mismo sistema de men\u00fa f\u00e1cil de usar que Atlas.<\/p>\n<p align=\"justify\">La carcasa es s\u00faper peque\u00f1o para que puedas mover el altavoz en tu casco hasta que te guste.<\/p>\n<\/div>\n<\/div><\/div><\/div><\/div><div id=\"pg-3029-5\"  class=\"panel-grid panel-no-style\" ><div id=\"pgc-3029-5-0\"  class=\"panel-grid-cell\" ><div id=\"panel-3029-5-0-0\" class=\"so-panel widget_sow-editor panel-first-child panel-last-child\" data-index=\"6\" ><div\n\t\t\t\n\t\t\tclass=\"so-widget-sow-editor so-widget-sow-editor-base\"\n\t\t\t\n\t\t><h3 class=\"widget-title\">Caracteristicas<\/h3>\n<div class=\"siteorigin-widget-tinymce textwidget\">\n\t<ul>\n<li>Bater\u00eda recargable USB- C mejorada. Dura de 2 a 4 semanas o 200 saltos y te se\u00f1ala a 1000 pies si es necesario cargarlo<\/li>\n<li>3 alarmas de ca\u00edda libre y 3 de c\u00fapula (m\u00e1s de 4 alarmas de ca\u00edda libre con una actualizaci\u00f3n de firmware gratuita)<\/li>\n<li>4 grupos de alarma, por ejemplo, AFF, Tandem, Big Way, vuelo de \u00e1ngulo<\/li>\n<li>Configuraci\u00f3n DZ\/AC para \u00e1reas de aterrizaje desplazadas<\/li>\n<li>Puede configurar pies y metros<\/li>\n<li>El Mercury siempre est\u00e1 encendido<\/li>\n<li>APLICACI\u00d3N opcional Primavera 2022<\/li>\n<li>Cuaderno de bit\u00e1cora opcional a finales de este a\u00f1o<\/li>\n<li>Actualizaciones de software (como la cuarta alarma de ca\u00edda libre) a trav\u00e9s de la aplicaci\u00f3n pr\u00f3ximamente<\/li>\n<li>TAMA\u00d1O: 1.75\u2033 x 1.75\u2033 x 0.375\u2033, peso 0.6oz \/ 3,7 cm x 3,7 cm x 0,8 cm, peso 17 g<\/li>\n<li>Resistente al agua<\/li>\n<\/ul>\n<\/div>\n<\/div><\/div><\/div><\/div><\/div>","protected":false},"excerpt":{"rendered":"<p>Alti-2 Technologies es una empresa dirigida por ingenieros que creen firmemente que solo la mejor tecnolog\u00eda probada en instrumentaci\u00f3n de paracaidismo puede cumplir con los m\u00e1s altos est\u00e1ndares de seguridad para nuestros clientes.<\/p>\n","protected":false},"author":1,"featured_media":0,"parent":1146,"menu_order":20,"comment_status":"closed","ping_status":"closed","template":"templates\/template-full-notitle.php","meta":[],"_links":{"self":[{"href":"https:\/\/ednet-solutions.co\/es\/wp-json\/wp\/v2\/pages\/3029"}],"collection":[{"href":"https:\/\/ednet-solutions.co\/es\/wp-json\/wp\/v2\/pages"}],"about":[{"href":"https:\/\/ednet-solutions.co\/es\/wp-json\/wp\/v2\/types\/page"}],"author":[{"embeddable":true,"href":"https:\/\/ednet-solutions.co\/es\/wp-json\/wp\/v2\/users\/1"}],"replies":[{"embeddable":true,"href":"https:\/\/ednet-solutions.co\/es\/wp-json\/wp\/v2\/comments?post=3029"}],"version-history":[{"count":11,"href":"https:\/\/ednet-solutions.co\/es\/wp-json\/wp\/v2\/pages\/3029\/revisions"}],"predecessor-version":[{"id":3111,"href":"https:\/\/ednet-solutions.co\/es\/wp-json\/wp\/v2\/pages\/3029\/revisions\/3111"}],"up":[{"embeddable":true,"href":"https:\/\/ednet-solutions.co\/es\/wp-json\/wp\/v2\/pages\/1146"}],"wp:attachment":[{"href":"https:\/\/ednet-solutions.co\/es\/wp-json\/wp\/v2\/media?parent=3029"}],"curies":[{"name":"wp","href":"https:\/\/api.w.org\/{rel}","templated":true}]}}