{"id":3054,"date":"2022-04-30T06:32:19","date_gmt":"2022-04-30T11:32:19","guid":{"rendered":"https:\/\/ednet-solutions.co\/?page_id=3054"},"modified":"2022-04-30T07:20:10","modified_gmt":"2022-04-30T12:20:10","slug":"mercury-jade","status":"publish","type":"page","link":"https:\/\/ednet-solutions.co\/es\/produkte\/mercury-jade\/","title":{"rendered":"Mercury Jade"},"content":{"rendered":"<div id=\"pl-3054\"  class=\"panel-layout\" ><div id=\"pg-3054-0\"  class=\"panel-grid panel-no-style\" ><div id=\"pgc-3054-0-0\"  class=\"panel-grid-cell\" ><div id=\"panel-3054-0-0-0\" class=\"so-panel widget_headline-widget panel-first-child\" data-index=\"0\" >\t\t<h1>Mercury Jade<\/h1>\n\t\t<div class=\"decoration\"><div class=\"decoration-inside\"><\/div><\/div>\n\t\t<h3>Audible<\/h3>\n\t\t<\/div><div id=\"panel-3054-0-0-1\" class=\"so-panel widget_sow-image panel-last-child\" data-index=\"1\" ><div\n\t\t\t\n\t\t\tclass=\"so-widget-sow-image so-widget-sow-image-default-8b5b6f678277-3054\"\n\t\t\t\n\t\t>\n<div class=\"sow-image-container\">\n\t\t<img \n\tsrc=\"https:\/\/ednet-solutions.co\/wp-content\/uploads\/2022\/04\/Alti-Tech-Logo-Master-transparent.png\" width=\"1816\" height=\"400\" srcset=\"https:\/\/ednet-solutions.co\/wp-content\/uploads\/2022\/04\/Alti-Tech-Logo-Master-transparent.png 1816w, https:\/\/ednet-solutions.co\/wp-content\/uploads\/2022\/04\/Alti-Tech-Logo-Master-transparent-300x66.png 300w, https:\/\/ednet-solutions.co\/wp-content\/uploads\/2022\/04\/Alti-Tech-Logo-Master-transparent-1024x226.png 1024w, https:\/\/ednet-solutions.co\/wp-content\/uploads\/2022\/04\/Alti-Tech-Logo-Master-transparent-768x169.png 768w, https:\/\/ednet-solutions.co\/wp-content\/uploads\/2022\/04\/Alti-Tech-Logo-Master-transparent-1536x338.png 1536w\" sizes=\"(max-width: 1816px) 100vw, 1816px\" title=\"Alti-2 Logo\" alt=\"\" loading=\"lazy\" \t\tclass=\"so-widget-image\"\/>\n\t<\/div>\n\n<\/div><\/div><\/div><\/div><div id=\"pg-3054-1\"  class=\"panel-grid panel-no-style\" ><div id=\"pgc-3054-1-0\"  class=\"panel-grid-cell\" ><div id=\"panel-3054-1-0-0\" class=\"so-panel widget_sow-editor panel-first-child panel-last-child\" data-index=\"2\" ><div\n\t\t\t\n\t\t\tclass=\"so-widget-sow-editor so-widget-sow-editor-base\"\n\t\t\t\n\t\t>\n<div class=\"siteorigin-widget-tinymce textwidget\">\n\t<p align=\"justify\"><b>Alti-2 Technologies es una empresa dirigida por ingenieros que creen firmemente que solo la mejor tecnolog\u00eda probada en instrumentaci\u00f3n de paracaidismo puede cumplir con los m\u00e1s altos est\u00e1ndares de seguridad para nuestros clientes.<\/b><\/p>\n<\/div>\n<\/div><\/div><\/div><\/div><div id=\"pg-3054-2\"  class=\"panel-grid panel-no-style\" ><div id=\"pgc-3054-2-0\"  class=\"panel-grid-cell\" ><div id=\"panel-3054-2-0-0\" class=\"so-panel widget_headline-widget panel-first-child panel-last-child\" data-index=\"3\" >\t\t<h1>DESCRIPCI\u00d3N<\/h1>\n\t\t<div class=\"decoration\"><div class=\"decoration-inside\"><\/div><\/div>\n\t\t<h3>El Mercury Jade<\/h3>\n\t\t<\/div><\/div><\/div><div id=\"pg-3054-3\"  class=\"panel-grid panel-no-style\" ><div id=\"pgc-3054-3-0\"  class=\"panel-grid-cell\" ><div id=\"panel-3054-3-0-0\" class=\"so-panel widget_media_gallery panel-first-child panel-last-child\" data-index=\"4\" >\n\t\t<style type=\"text\/css\">\n\t\t\t#gallery-1 {\n\t\t\t\tmargin: auto;\n\t\t\t}\n\t\t\t#gallery-1 .gallery-item {\n\t\t\t\tfloat: left;\n\t\t\t\tmargin-top: 10px;\n\t\t\t\ttext-align: center;\n\t\t\t\twidth: 33%;\n\t\t\t}\n\t\t\t#gallery-1 img {\n\t\t\t\tborder: 2px solid #cfcfcf;\n\t\t\t}\n\t\t\t#gallery-1 .gallery-caption {\n\t\t\t\tmargin-left: 0;\n\t\t\t}\n\t\t\t\/* see gallery_shortcode() in wp-includes\/media.php *\/\n\t\t<\/style>\n\t\t<div id='gallery-1' class='gallery galleryid-3054 gallery-columns-3 gallery-size-medium'><dl class='gallery-item'>\n\t\t\t<dt class='gallery-icon landscape'>\n\t\t\t\t<a href='https:\/\/ednet-solutions.co\/es\/produkte\/mercury-jade\/img_7192-3-scaled-jpg\/#main'><img width=\"300\" height=\"278\" src=\"https:\/\/ednet-solutions.co\/wp-content\/uploads\/2022\/04\/IMG_7192-3-scaled.jpg-300x278.webp\" class=\"attachment-medium size-medium\" alt=\"\" loading=\"lazy\" srcset=\"https:\/\/ednet-solutions.co\/wp-content\/uploads\/2022\/04\/IMG_7192-3-scaled.jpg-300x278.webp 300w, https:\/\/ednet-solutions.co\/wp-content\/uploads\/2022\/04\/IMG_7192-3-scaled.jpg-1024x947.webp 1024w, https:\/\/ednet-solutions.co\/wp-content\/uploads\/2022\/04\/IMG_7192-3-scaled.jpg-768x710.webp 768w, https:\/\/ednet-solutions.co\/wp-content\/uploads\/2022\/04\/IMG_7192-3-scaled.jpg-1536x1421.webp 1536w, https:\/\/ednet-solutions.co\/wp-content\/uploads\/2022\/04\/IMG_7192-3-scaled.jpg-2048x1894.webp 2048w\" sizes=\"(max-width: 300px) 100vw, 300px\" \/><\/a>\n\t\t\t<\/dt><\/dl><dl class='gallery-item'>\n\t\t\t<dt class='gallery-icon landscape'>\n\t\t\t\t<a href='https:\/\/ednet-solutions.co\/es\/produkte\/mercury-jade\/img_7192-3-scaled-jpg-2\/#main'><img width=\"300\" height=\"278\" src=\"https:\/\/ednet-solutions.co\/wp-content\/uploads\/2022\/04\/IMG_7192-3-scaled.jpg-2-300x278.webp\" class=\"attachment-medium size-medium\" alt=\"\" loading=\"lazy\" srcset=\"https:\/\/ednet-solutions.co\/wp-content\/uploads\/2022\/04\/IMG_7192-3-scaled.jpg-2-300x278.webp 300w, https:\/\/ednet-solutions.co\/wp-content\/uploads\/2022\/04\/IMG_7192-3-scaled.jpg-2-1024x947.webp 1024w, https:\/\/ednet-solutions.co\/wp-content\/uploads\/2022\/04\/IMG_7192-3-scaled.jpg-2-768x710.webp 768w, https:\/\/ednet-solutions.co\/wp-content\/uploads\/2022\/04\/IMG_7192-3-scaled.jpg-2-1536x1421.webp 1536w, https:\/\/ednet-solutions.co\/wp-content\/uploads\/2022\/04\/IMG_7192-3-scaled.jpg-2-2048x1894.webp 2048w\" sizes=\"(max-width: 300px) 100vw, 300px\" \/><\/a>\n\t\t\t<\/dt><\/dl><dl class='gallery-item'>\n\t\t\t<dt class='gallery-icon landscape'>\n\t\t\t\t<a href='https:\/\/ednet-solutions.co\/es\/produkte\/mercury-jade\/img_7193-2-scaled-jpg\/#main'><img width=\"300\" height=\"266\" src=\"https:\/\/ednet-solutions.co\/wp-content\/uploads\/2022\/04\/IMG_7193-2-scaled.jpg-300x266.webp\" class=\"attachment-medium size-medium\" alt=\"\" loading=\"lazy\" srcset=\"https:\/\/ednet-solutions.co\/wp-content\/uploads\/2022\/04\/IMG_7193-2-scaled.jpg-300x266.webp 300w, https:\/\/ednet-solutions.co\/wp-content\/uploads\/2022\/04\/IMG_7193-2-scaled.jpg-1024x907.webp 1024w, https:\/\/ednet-solutions.co\/wp-content\/uploads\/2022\/04\/IMG_7193-2-scaled.jpg-768x680.webp 768w, https:\/\/ednet-solutions.co\/wp-content\/uploads\/2022\/04\/IMG_7193-2-scaled.jpg.webp 1536w\" sizes=\"(max-width: 300px) 100vw, 300px\" \/><\/a>\n\t\t\t<\/dt><\/dl><br style=\"clear: both\" \/><dl class='gallery-item'>\n\t\t\t<dt class='gallery-icon landscape'>\n\t\t\t\t<a href='https:\/\/ednet-solutions.co\/es\/produkte\/mercury-jade\/img_7199-2-scaled-jpg\/#main'><img width=\"300\" height=\"250\" src=\"https:\/\/ednet-solutions.co\/wp-content\/uploads\/2022\/04\/IMG_7199-2-scaled.jpg-300x250.webp\" class=\"attachment-medium size-medium\" alt=\"\" loading=\"lazy\" srcset=\"https:\/\/ednet-solutions.co\/wp-content\/uploads\/2022\/04\/IMG_7199-2-scaled.jpg-300x250.webp 300w, https:\/\/ednet-solutions.co\/wp-content\/uploads\/2022\/04\/IMG_7199-2-scaled.jpg-1024x855.webp 1024w, https:\/\/ednet-solutions.co\/wp-content\/uploads\/2022\/04\/IMG_7199-2-scaled.jpg-768x641.webp 768w, https:\/\/ednet-solutions.co\/wp-content\/uploads\/2022\/04\/IMG_7199-2-scaled.jpg.webp 1536w\" sizes=\"(max-width: 300px) 100vw, 300px\" \/><\/a>\n\t\t\t<\/dt><\/dl><dl class='gallery-item'>\n\t\t\t<dt class='gallery-icon landscape'>\n\t\t\t\t<a href='https:\/\/ednet-solutions.co\/es\/produkte\/mercury-jade\/img_7200-2-scaled-jpg\/#main'><img width=\"300\" height=\"236\" src=\"https:\/\/ednet-solutions.co\/wp-content\/uploads\/2022\/04\/IMG_7200-2-scaled.jpg-300x236.webp\" class=\"attachment-medium size-medium\" alt=\"\" loading=\"lazy\" srcset=\"https:\/\/ednet-solutions.co\/wp-content\/uploads\/2022\/04\/IMG_7200-2-scaled.jpg-300x236.webp 300w, https:\/\/ednet-solutions.co\/wp-content\/uploads\/2022\/04\/IMG_7200-2-scaled.jpg-1024x805.webp 1024w, https:\/\/ednet-solutions.co\/wp-content\/uploads\/2022\/04\/IMG_7200-2-scaled.jpg-768x604.webp 768w, https:\/\/ednet-solutions.co\/wp-content\/uploads\/2022\/04\/IMG_7200-2-scaled.jpg.webp 1536w\" sizes=\"(max-width: 300px) 100vw, 300px\" \/><\/a>\n\t\t\t<\/dt><\/dl><dl class='gallery-item'>\n\t\t\t<dt class='gallery-icon landscape'>\n\t\t\t\t<a href='https:\/\/ednet-solutions.co\/es\/produkte\/mercury-jade\/img_7202-2-scaled-jpg\/#main'><img width=\"300\" height=\"258\" src=\"https:\/\/ednet-solutions.co\/wp-content\/uploads\/2022\/04\/IMG_7202-2-scaled.jpg-300x258.webp\" class=\"attachment-medium size-medium\" alt=\"\" loading=\"lazy\" srcset=\"https:\/\/ednet-solutions.co\/wp-content\/uploads\/2022\/04\/IMG_7202-2-scaled.jpg-300x258.webp 300w, https:\/\/ednet-solutions.co\/wp-content\/uploads\/2022\/04\/IMG_7202-2-scaled.jpg-1024x881.webp 1024w, https:\/\/ednet-solutions.co\/wp-content\/uploads\/2022\/04\/IMG_7202-2-scaled.jpg-768x661.webp 768w, https:\/\/ednet-solutions.co\/wp-content\/uploads\/2022\/04\/IMG_7202-2-scaled.jpg.webp 1536w\" sizes=\"(max-width: 300px) 100vw, 300px\" \/><\/a>\n\t\t\t<\/dt><\/dl><br style=\"clear: both\" \/><dl class='gallery-item'>\n\t\t\t<dt class='gallery-icon landscape'>\n\t\t\t\t<a href='https:\/\/ednet-solutions.co\/es\/produkte\/mercury-jade\/dsc1084-1-scaled-jpg-2\/#main'><img width=\"300\" height=\"157\" src=\"https:\/\/ednet-solutions.co\/wp-content\/uploads\/2022\/04\/DSC1084-1-scaled.jpg-2-300x157.webp\" class=\"attachment-medium size-medium\" alt=\"\" loading=\"lazy\" srcset=\"https:\/\/ednet-solutions.co\/wp-content\/uploads\/2022\/04\/DSC1084-1-scaled.jpg-2-300x157.webp 300w, https:\/\/ednet-solutions.co\/wp-content\/uploads\/2022\/04\/DSC1084-1-scaled.jpg-2-1024x534.webp 1024w, https:\/\/ednet-solutions.co\/wp-content\/uploads\/2022\/04\/DSC1084-1-scaled.jpg-2-768x401.webp 768w, https:\/\/ednet-solutions.co\/wp-content\/uploads\/2022\/04\/DSC1084-1-scaled.jpg-2-1536x802.webp 1536w, https:\/\/ednet-solutions.co\/wp-content\/uploads\/2022\/04\/DSC1084-1-scaled.jpg-2-2048x1069.webp 2048w, https:\/\/ednet-solutions.co\/wp-content\/uploads\/2022\/04\/DSC1084-1-scaled.jpg-2-720x380.webp 720w\" sizes=\"(max-width: 300px) 100vw, 300px\" \/><\/a>\n\t\t\t<\/dt><\/dl>\n\t\t\t<br style='clear: both' \/>\n\t\t<\/div>\n<\/div><\/div><\/div><div id=\"pg-3054-4\"  class=\"panel-grid panel-no-style\" ><div id=\"pgc-3054-4-0\"  class=\"panel-grid-cell\" ><div id=\"panel-3054-4-0-0\" class=\"so-panel widget_sow-editor panel-first-child panel-last-child\" data-index=\"5\" ><div\n\t\t\t\n\t\t\tclass=\"so-widget-sow-editor so-widget-sow-editor-base\"\n\t\t\t\n\t\t>\n<div class=\"siteorigin-widget-tinymce textwidget\">\n\t<p align=\"justify\">El Mercury Jade es un audible ligero electr\u00f3nico con 3 alarmas de ca\u00edda libre. Se basa en toda la tecnolog\u00eda nueva, desarrollada y producida por Alti-2 Technologies en DeLand, Florida.<\/p>\n<p align=\"justify\">Viene con un sistema de men\u00fas f\u00e1cil de usar como Atlas, para que pueda pasar su tiempo saltando en paraca\u00eddas y no leyendo manuales.<\/p>\n<p align=\"justify\">La carcasa es s\u00faper peque\u00f1o para que pueda ajustar la posici\u00f3n del altavoz en su casco para que se adapte a sus preferencias.<\/p>\n<\/div>\n<\/div><\/div><\/div><\/div><div id=\"pg-3054-5\"  class=\"panel-grid panel-no-style\" ><div id=\"pgc-3054-5-0\"  class=\"panel-grid-cell\" ><div id=\"panel-3054-5-0-0\" class=\"so-panel widget_sow-editor panel-first-child panel-last-child\" data-index=\"6\" ><div\n\t\t\t\n\t\t\tclass=\"so-widget-sow-editor so-widget-sow-editor-base\"\n\t\t\t\n\t\t><h3 class=\"widget-title\">Caracteristicas<\/h3>\n<div class=\"siteorigin-widget-tinymce textwidget\">\n\t<ul>\n<li>Bater\u00eda recargable USB-C mejorada. Dura de 2 a 6 semanas o 200 saltos y te se\u00f1ala a 1000 pies si es necesario cargarlo<\/li>\n<li>3 alarmas de ca\u00edda libre<\/li>\n<li>Configuraci\u00f3n DZ\/AC para \u00e1reas de aterrizaje desplazadas<\/li>\n<li>Puede configurar pies y metros<\/li>\n<li>El Mercury siempre est\u00e1 encendido<\/li>\n<li>Actualizaciones de software a trav\u00e9s de la aplicaci\u00f3n IOS en camino, Android estimado en junio de 2022<\/li>\n<li>TAMA\u00d1O :1.75\u2033 x 1.75\u2033 x 0.375\u2033, peso 0.6oz \/ 3,7 cm x 3,7 cm x 0,8 cm, peso 17 g<\/li>\n<li>Resistente al agua<\/li>\n<li>Ahorre $100 en 10 a\u00f1os y ayude a hacer que nuestro planeta sea m\u00e1s limpio diciendo <strong><\/strong><strong><\/strong><strong>\u00a1NO, a las pilas de un solo uso!<\/strong><\/li>\n<li>Rango de temperatura de funcionamiento 4F - 176 F (-20\u00b0C a +80\u00b0C)<\/li>\n<li>Rango de altitud de funcionamiento\u00a0Hasta 40,000 pies MSL (12,192 m)<\/li>\n<li>Material de la Caja\u00a0Nailon relleno de fibra de microcarbono<\/li>\n<\/ul>\n<p align=\"justify\">El usuario registrado obtendr\u00e1 actualizaciones de software gratuitas para las siguientes funciones: establecer el nivel de sonido, establecer la altitud de la alarma de ascenso, algoritmo mejorado y actualizaciones menores.<\/p>\n<p align=\"justify\">El Mercury es la nueva l\u00ednea de productos, desarrollada por nuestros ingenieros en DeLand Florida, producida en DeLand Florida. \u00c9l Mercury ser\u00e1 la base para nuestra futura familia de productos basada en un nuevo dise\u00f1o de chip con m\u00e1s opciones.<\/p>\n<\/div>\n<\/div><\/div><\/div><\/div><\/div>","protected":false},"excerpt":{"rendered":"<p>Alti-2 Technologies es una empresa dirigida por ingenieros que creen firmemente que solo la mejor tecnolog\u00eda probada en instrumentaci\u00f3n de paracaidismo puede cumplir con los m\u00e1s altos est\u00e1ndares de seguridad para nuestros clientes.<\/p>\n","protected":false},"author":1,"featured_media":0,"parent":1146,"menu_order":21,"comment_status":"closed","ping_status":"closed","template":"templates\/template-full-notitle.php","meta":[],"_links":{"self":[{"href":"https:\/\/ednet-solutions.co\/es\/wp-json\/wp\/v2\/pages\/3054"}],"collection":[{"href":"https:\/\/ednet-solutions.co\/es\/wp-json\/wp\/v2\/pages"}],"about":[{"href":"https:\/\/ednet-solutions.co\/es\/wp-json\/wp\/v2\/types\/page"}],"author":[{"embeddable":true,"href":"https:\/\/ednet-solutions.co\/es\/wp-json\/wp\/v2\/users\/1"}],"replies":[{"embeddable":true,"href":"https:\/\/ednet-solutions.co\/es\/wp-json\/wp\/v2\/comments?post=3054"}],"version-history":[{"count":4,"href":"https:\/\/ednet-solutions.co\/es\/wp-json\/wp\/v2\/pages\/3054\/revisions"}],"predecessor-version":[{"id":3113,"href":"https:\/\/ednet-solutions.co\/es\/wp-json\/wp\/v2\/pages\/3054\/revisions\/3113"}],"up":[{"embeddable":true,"href":"https:\/\/ednet-solutions.co\/es\/wp-json\/wp\/v2\/pages\/1146"}],"wp:attachment":[{"href":"https:\/\/ednet-solutions.co\/es\/wp-json\/wp\/v2\/media?parent=3054"}],"curies":[{"name":"wp","href":"https:\/\/api.w.org\/{rel}","templated":true}]}}