{"id":3116,"date":"2022-04-30T11:01:35","date_gmt":"2022-04-30T16:01:35","guid":{"rendered":"https:\/\/ednet-solutions.co\/?page_id=3116"},"modified":"2022-05-01T09:30:27","modified_gmt":"2022-05-01T14:30:27","slug":"speed-performer","status":"publish","type":"page","link":"https:\/\/ednet-solutions.co\/es\/produkte\/speed-performer\/","title":{"rendered":"Speed Performer"},"content":{"rendered":"<div id=\"pl-3116\"  class=\"panel-layout\" ><div id=\"pg-3116-0\"  class=\"panel-grid panel-no-style\" ><div id=\"pgc-3116-0-0\"  class=\"panel-grid-cell\" ><div id=\"panel-3116-0-0-0\" class=\"so-panel widget_headline-widget panel-first-child panel-last-child\" data-index=\"0\" >\t\t<h1>Speed Performer<\/h1>\n\t\t<div class=\"decoration\"><div class=\"decoration-inside\"><\/div><\/div>\n\t\t<h3>Casco deportivo de TONFLY<\/h3>\n\t\t<\/div><\/div><\/div><div id=\"pg-3116-1\"  class=\"panel-grid panel-no-style\" ><div id=\"pgc-3116-1-0\"  class=\"panel-grid-cell\" ><div id=\"panel-3116-1-0-0\" class=\"so-panel widget_sow-image panel-first-child panel-last-child\" data-index=\"1\" ><div\n\t\t\t\n\t\t\tclass=\"so-widget-sow-image so-widget-sow-image-default-8b5b6f678277-3116\"\n\t\t\t\n\t\t>\n<div class=\"sow-image-container\">\n\t\t<img \n\tsrc=\"https:\/\/ednet-solutions.co\/wp-content\/uploads\/2022\/04\/Speed.png\" width=\"1080\" height=\"419\" srcset=\"https:\/\/ednet-solutions.co\/wp-content\/uploads\/2022\/04\/Speed.png 1080w, https:\/\/ednet-solutions.co\/wp-content\/uploads\/2022\/04\/Speed-300x116.png 300w, https:\/\/ednet-solutions.co\/wp-content\/uploads\/2022\/04\/Speed-1024x397.png 1024w, https:\/\/ednet-solutions.co\/wp-content\/uploads\/2022\/04\/Speed-768x298.png 768w\" sizes=\"(max-width: 1080px) 100vw, 1080px\" title=\"TONFLY Speed Performer\" alt=\"\" loading=\"lazy\" \t\tclass=\"so-widget-image\"\/>\n\t<\/div>\n\n<\/div><\/div><\/div><\/div><div id=\"pg-3116-2\"  class=\"panel-grid panel-no-style\" ><div id=\"pgc-3116-2-0\"  class=\"panel-grid-cell\" ><div id=\"panel-3116-2-0-0\" class=\"so-panel widget_headline-widget panel-first-child panel-last-child\" data-index=\"2\" >\t\t<h1>LIGEREZA Y RENDIMIENTO<\/h1>\n\t\t<div class=\"decoration\"><div class=\"decoration-inside\"><\/div><\/div>\n\t\t<h3>en un solo casco<\/h3>\n\t\t<\/div><\/div><\/div><div id=\"pg-3116-3\"  class=\"panel-grid panel-no-style\" ><div id=\"pgc-3116-3-0\"  class=\"panel-grid-cell\" ><div id=\"panel-3116-3-0-0\" class=\"so-panel widget_text panel-first-child panel-last-child\" data-index=\"3\" >\t\t\t<div class=\"textwidget\"><p align=\"justify\"><strong>Con un peso de solo 430 g, el SPEED es el casco m\u00e1s ligero y peque\u00f1o de la gama de productos Tonfly.<\/strong><\/p>\n<p align=\"justify\"><strong>La calota de compuesto de fibra de carbono de un solo cuerpo garantiza durabilidad, resistencia y un calce f\u00e1cil y c\u00f3modo.<\/strong><\/p>\n<\/div>\n\t\t<\/div><\/div><div id=\"pgc-3116-3-1\"  class=\"panel-grid-cell\" ><div id=\"panel-3116-3-1-0\" class=\"so-panel widget_sow-image panel-first-child panel-last-child\" data-index=\"4\" ><div\n\t\t\t\n\t\t\tclass=\"so-widget-sow-image so-widget-sow-image-default-8b5b6f678277-3116\"\n\t\t\t\n\t\t>\n<div class=\"sow-image-container\">\n\t\t<img \n\tsrc=\"https:\/\/ednet-solutions.co\/wp-content\/uploads\/2022\/04\/Speed2.png\" width=\"1080\" height=\"509\" srcset=\"https:\/\/ednet-solutions.co\/wp-content\/uploads\/2022\/04\/Speed2.png 1080w, https:\/\/ednet-solutions.co\/wp-content\/uploads\/2022\/04\/Speed2-300x141.png 300w, https:\/\/ednet-solutions.co\/wp-content\/uploads\/2022\/04\/Speed2-1024x483.png 1024w, https:\/\/ednet-solutions.co\/wp-content\/uploads\/2022\/04\/Speed2-768x362.png 768w\" sizes=\"(max-width: 1080px) 100vw, 1080px\" alt=\"\" loading=\"lazy\" \t\tclass=\"so-widget-image\"\/>\n\t<\/div>\n\n<\/div><\/div><\/div><\/div><div id=\"pg-3116-4\"  class=\"panel-grid panel-no-style\" ><div id=\"pgc-3116-4-0\"  class=\"panel-grid-cell\" ><div id=\"panel-3116-4-0-0\" class=\"so-panel widget_headline-widget panel-first-child panel-last-child\" data-index=\"5\" >\t\t<h1>El modelo de casco PERFORMER se ha fusionado con el casco SPEED<\/h1>\n\t\t<div class=\"decoration\"><div class=\"decoration-inside\"><\/div><\/div>\n\t\t<h3>para una mayor variedad de opciones y personalizaci\u00f3n<\/h3>\n\t\t<\/div><\/div><\/div><div id=\"pg-3116-5\"  class=\"panel-grid panel-no-style\" ><div id=\"pgc-3116-5-0\"  class=\"panel-grid-cell\" ><div id=\"panel-3116-5-0-0\" class=\"so-panel widget_sow-image panel-first-child panel-last-child\" data-index=\"6\" ><div\n\t\t\t\n\t\t\tclass=\"so-widget-sow-image so-widget-sow-image-default-8b5b6f678277-3116\"\n\t\t\t\n\t\t>\n<div class=\"sow-image-container\">\n\t\t<img \n\tsrc=\"https:\/\/ednet-solutions.co\/wp-content\/uploads\/2022\/04\/Speed3.png\" width=\"1080\" height=\"338\" srcset=\"https:\/\/ednet-solutions.co\/wp-content\/uploads\/2022\/04\/Speed3.png 1080w, https:\/\/ednet-solutions.co\/wp-content\/uploads\/2022\/04\/Speed3-300x94.png 300w, https:\/\/ednet-solutions.co\/wp-content\/uploads\/2022\/04\/Speed3-1024x320.png 1024w, https:\/\/ednet-solutions.co\/wp-content\/uploads\/2022\/04\/Speed3-768x240.png 768w\" sizes=\"(max-width: 1080px) 100vw, 1080px\" alt=\"\" loading=\"lazy\" \t\tclass=\"so-widget-image\"\/>\n\t<\/div>\n\n<\/div><\/div><\/div><div id=\"pgc-3116-5-1\"  class=\"panel-grid-cell\" ><div id=\"panel-3116-5-1-0\" class=\"so-panel widget_text panel-first-child panel-last-child\" data-index=\"7\" ><h3 class=\"widget-title\">5 configuraciones de fijaci\u00f3n diferentes<\/h3>\t\t\t<div class=\"textwidget\"><ul>\n<li><strong>CHIN STRAP<\/strong><\/li>\n<li><strong>CHIN STRAP + CUTAWAY<\/strong><\/li>\n<li><strong>STANDARD BUCKLE<\/strong><\/li>\n<li><strong>CHIN CUP<\/strong><\/li>\n<li><strong>CHIN CUP + CUTAWAY<\/strong><\/li>\n<\/ul>\n<\/div>\n\t\t<\/div><\/div><\/div><div id=\"pg-3116-6\"  class=\"panel-grid panel-no-style\" ><div id=\"pgc-3116-6-0\"  class=\"panel-grid-cell\" ><div id=\"panel-3116-6-0-0\" class=\"so-panel widget_text panel-first-child panel-last-child\" data-index=\"8\" ><h3 class=\"widget-title\">Opciones<\/h3>\t\t\t<div class=\"textwidget\"><p align=\"justify\"><strong>Puerto audible externo y correas de trinquete est\u00e1n disponibles en negro.<\/strong><\/p>\n<\/div>\n\t\t<\/div><\/div><div id=\"pgc-3116-6-1\"  class=\"panel-grid-cell\" ><div id=\"panel-3116-6-1-0\" class=\"so-panel widget_sow-image panel-first-child panel-last-child\" data-index=\"9\" ><div\n\t\t\t\n\t\t\tclass=\"so-widget-sow-image so-widget-sow-image-default-8b5b6f678277-3116\"\n\t\t\t\n\t\t>\n<div class=\"sow-image-container\">\n\t\t<img \n\tsrc=\"https:\/\/ednet-solutions.co\/wp-content\/uploads\/2022\/04\/Speed4.png\" width=\"1487\" height=\"625\" srcset=\"https:\/\/ednet-solutions.co\/wp-content\/uploads\/2022\/04\/Speed4.png 1487w, https:\/\/ednet-solutions.co\/wp-content\/uploads\/2022\/04\/Speed4-300x126.png 300w, https:\/\/ednet-solutions.co\/wp-content\/uploads\/2022\/04\/Speed4-1024x430.png 1024w, https:\/\/ednet-solutions.co\/wp-content\/uploads\/2022\/04\/Speed4-768x323.png 768w\" sizes=\"(max-width: 1487px) 100vw, 1487px\" alt=\"\" loading=\"lazy\" \t\tclass=\"so-widget-image\"\/>\n\t<\/div>\n\n<\/div><\/div><\/div><\/div><div id=\"pg-3116-7\"  class=\"panel-grid panel-no-style\" ><div id=\"pgc-3116-7-0\"  class=\"panel-grid-cell\" ><div id=\"panel-3116-7-0-0\" class=\"so-panel widget_sow-image panel-first-child panel-last-child\" data-index=\"10\" ><div\n\t\t\t\n\t\t\tclass=\"so-widget-sow-image so-widget-sow-image-default-8b5b6f678277-3116\"\n\t\t\t\n\t\t>\n<div class=\"sow-image-container\">\n\t\t<img \n\tsrc=\"https:\/\/ednet-solutions.co\/wp-content\/uploads\/2022\/05\/Speed6.png\" width=\"1500\" height=\"845\" srcset=\"https:\/\/ednet-solutions.co\/wp-content\/uploads\/2022\/05\/Speed6.png 1500w, https:\/\/ednet-solutions.co\/wp-content\/uploads\/2022\/05\/Speed6-300x169.png 300w, https:\/\/ednet-solutions.co\/wp-content\/uploads\/2022\/05\/Speed6-1024x577.png 1024w, https:\/\/ednet-solutions.co\/wp-content\/uploads\/2022\/05\/Speed6-768x433.png 768w\" sizes=\"(max-width: 1500px) 100vw, 1500px\" alt=\"\" loading=\"lazy\" \t\tclass=\"so-widget-image\"\/>\n\t<\/div>\n\n<\/div><\/div><\/div><div id=\"pgc-3116-7-1\"  class=\"panel-grid-cell\" ><div id=\"panel-3116-7-1-0\" class=\"so-panel widget_text panel-first-child panel-last-child\" data-index=\"11\" ><h3 class=\"widget-title\">Acolchado interior<\/h3>\t\t\t<div class=\"textwidget\"><p align=\"justify\"><strong>El acolchado interior, fabricado en material EVA, est\u00e1 compuesto por 3 partes y es antial\u00e9rgico, f\u00e1cil de quitar y lavable.<\/strong><\/p>\n<p align=\"justify\"><strong>De larga duraci\u00f3n y termoformado, asegura un ajuste c\u00f3modo y ajustado.<\/strong><\/p>\n<\/div>\n\t\t<\/div><\/div><\/div><div id=\"pg-3116-8\"  class=\"panel-grid panel-no-style\" ><div id=\"pgc-3116-8-0\"  class=\"panel-grid-cell\" ><div id=\"panel-3116-8-0-0\" class=\"so-panel widget_headline-widget panel-first-child\" data-index=\"12\" >\t\t<h1>El casco SPEED Performer es la elecci\u00f3n n\u00famero uno de numerosos atletas<\/h1>\n\t\t<div class=\"decoration\"><div class=\"decoration-inside\"><\/div><\/div>\n\t\t<h3><\/h3>\n\t\t<\/div><div id=\"panel-3116-8-0-1\" class=\"so-panel widget_sow-image panel-last-child\" data-index=\"13\" ><div\n\t\t\t\n\t\t\tclass=\"so-widget-sow-image so-widget-sow-image-default-8b5b6f678277-3116\"\n\t\t\t\n\t\t>\n<div class=\"sow-image-container\">\n\t\t<img \n\tsrc=\"https:\/\/ednet-solutions.co\/wp-content\/uploads\/2022\/05\/Speed7.png\" width=\"1080\" height=\"284\" srcset=\"https:\/\/ednet-solutions.co\/wp-content\/uploads\/2022\/05\/Speed7.png 1080w, https:\/\/ednet-solutions.co\/wp-content\/uploads\/2022\/05\/Speed7-300x79.png 300w, https:\/\/ednet-solutions.co\/wp-content\/uploads\/2022\/05\/Speed7-1024x269.png 1024w, https:\/\/ednet-solutions.co\/wp-content\/uploads\/2022\/05\/Speed7-768x202.png 768w\" sizes=\"(max-width: 1080px) 100vw, 1080px\" alt=\"\" loading=\"lazy\" \t\tclass=\"so-widget-image\"\/>\n\t<\/div>\n\n<\/div><\/div><\/div><\/div><div id=\"pg-3116-9\"  class=\"panel-grid panel-no-style\" ><div id=\"pgc-3116-9-0\"  class=\"panel-grid-cell\" ><div id=\"panel-3116-9-0-0\" class=\"so-panel widget_headline-widget panel-first-child\" data-index=\"14\" >\t\t<h1>PERSONALIZALO CON COLORES Y DISE\u00d1OS<\/h1>\n\t\t<div class=\"decoration\"><div class=\"decoration-inside\"><\/div><\/div>\n\t\t<h3>M\u00e1s de 30 tonos de color disponibles en acabados Mate o Brillo, Dise\u00f1os Especiales, Logotipos Extra y Personalizados.<\/h3>\n\t\t<\/div><div id=\"panel-3116-9-0-1\" class=\"so-panel widget_sow-image panel-last-child\" data-index=\"15\" ><div\n\t\t\t\n\t\t\tclass=\"so-widget-sow-image so-widget-sow-image-default-8b5b6f678277-3116\"\n\t\t\t\n\t\t>\n<div class=\"sow-image-container\">\n\t\t<img \n\tsrc=\"https:\/\/ednet-solutions.co\/wp-content\/uploads\/2022\/05\/Speed5.png\" width=\"1080\" height=\"505\" srcset=\"https:\/\/ednet-solutions.co\/wp-content\/uploads\/2022\/05\/Speed5.png 1080w, https:\/\/ednet-solutions.co\/wp-content\/uploads\/2022\/05\/Speed5-300x140.png 300w, https:\/\/ednet-solutions.co\/wp-content\/uploads\/2022\/05\/Speed5-1024x479.png 1024w, https:\/\/ednet-solutions.co\/wp-content\/uploads\/2022\/05\/Speed5-768x359.png 768w\" sizes=\"(max-width: 1080px) 100vw, 1080px\" alt=\"\" loading=\"lazy\" \t\tclass=\"so-widget-image\"\/>\n\t<\/div>\n\n<\/div><\/div><\/div><\/div><div id=\"pg-3116-10\"  class=\"panel-grid panel-no-style\" ><div id=\"pgc-3116-10-0\"  class=\"panel-grid-cell\" ><div id=\"panel-3116-10-0-0\" class=\"so-panel widget_text panel-first-child panel-last-child\" data-index=\"16\" ><h3 class=\"widget-title\">Tonfly Configurador<\/h3>\t\t\t<div class=\"textwidget\"><p align=\"justify\"><strong>Con nuestro Configurador puedes armar completamente tu casco, eligiendo colores, acabados, logos, opciones, setups y guardarlo o comprarlo.<\/strong><\/p>\n<p align=\"justify\"><strong>Para dise\u00f1os especiales y personalizados, haga clic en el configurador adecuado.<\/strong><\/p>\n<p align=\"justify\"><strong>\u00bfQu\u00e9 son los Dise\u00f1os Especiales o Personalizados? Haga clic en\u00a0<a href=\"https:\/\/www.tonfly.com\/special-designs.php\" target=\"_blank\" rel=\"noopener\">Dise\u00f1os Especiales<\/a>\u00a0o en\u00a0<a href=\"https:\/\/www.tonfly.com\/custom-designs.php\" target=\"_blank\" rel=\"noopener\">Dise\u00f1os Personalizados<\/a> para saber m\u00e1s sobre el un y el otro.<\/strong><\/p>\n<\/div>\n\t\t<\/div><\/div><div id=\"pgc-3116-10-1\"  class=\"panel-grid-cell\" ><div id=\"panel-3116-10-1-0\" class=\"so-panel widget_sow-button panel-first-child panel-last-child\" data-index=\"17\" ><div\n\t\t\t\n\t\t\tclass=\"so-widget-sow-button so-widget-sow-button-atom-751c25d9fddc-3116\"\n\t\t\t\n\t\t><div class=\"ow-button-base ow-button-align-center\"\n>\n\t\t\t<a\n\t\t\t\t\thref=\"https:\/\/www.tonfly.com\/helmet-config.php?helmet=11&#038;tp=0\"\n\t\t\t\t\tclass=\"sowb-button ow-icon-placement-bottom ow-button-hover\" target=\"_blank\" rel=\"noopener noreferrer\" \t>\n\t\t<span>\n\t\t\t<span class=\"sow-icon-fontawesome sow-far\" data-sow-icon=\"&#xf044;\"\n\t\tstyle=\"\" \n\t\taria-hidden=\"true\"><\/span>\n\t\t\tConfigurador\t\t<\/span>\n\t\t\t<\/a>\n\t<\/div>\n<\/div><\/div><\/div><\/div><div id=\"pg-3116-11\"  class=\"panel-grid panel-no-style\" ><div id=\"pgc-3116-11-0\"  class=\"panel-grid-cell\" ><div id=\"panel-3116-11-0-0\" class=\"so-panel widget_sow-image panel-first-child\" data-index=\"18\" ><div\n\t\t\t\n\t\t\tclass=\"so-widget-sow-image so-widget-sow-image-default-8b5b6f678277-3116\"\n\t\t\t\n\t\t>\n<div class=\"sow-image-container\">\n\t\t<img \n\tsrc=\"https:\/\/ednet-solutions.co\/wp-content\/uploads\/2022\/05\/Speed8.png\" width=\"1276\" height=\"379\" srcset=\"https:\/\/ednet-solutions.co\/wp-content\/uploads\/2022\/05\/Speed8.png 1276w, https:\/\/ednet-solutions.co\/wp-content\/uploads\/2022\/05\/Speed8-300x89.png 300w, https:\/\/ednet-solutions.co\/wp-content\/uploads\/2022\/05\/Speed8-1024x304.png 1024w, https:\/\/ednet-solutions.co\/wp-content\/uploads\/2022\/05\/Speed8-768x228.png 768w\" sizes=\"(max-width: 1276px) 100vw, 1276px\" alt=\"\" loading=\"lazy\" \t\tclass=\"so-widget-image\"\/>\n\t<\/div>\n\n<\/div><\/div><div id=\"panel-3116-11-0-1\" class=\"so-panel widget_sow-image\" data-index=\"19\" ><div\n\t\t\t\n\t\t\tclass=\"so-widget-sow-image so-widget-sow-image-default-8b5b6f678277-3116\"\n\t\t\t\n\t\t>\n<div class=\"sow-image-container\">\n\t\t<img \n\tsrc=\"https:\/\/ednet-solutions.co\/wp-content\/uploads\/2022\/05\/Speed9.png\" width=\"1445\" height=\"492\" srcset=\"https:\/\/ednet-solutions.co\/wp-content\/uploads\/2022\/05\/Speed9.png 1445w, https:\/\/ednet-solutions.co\/wp-content\/uploads\/2022\/05\/Speed9-300x102.png 300w, https:\/\/ednet-solutions.co\/wp-content\/uploads\/2022\/05\/Speed9-1024x349.png 1024w, https:\/\/ednet-solutions.co\/wp-content\/uploads\/2022\/05\/Speed9-768x261.png 768w\" sizes=\"(max-width: 1445px) 100vw, 1445px\" alt=\"\" loading=\"lazy\" \t\tclass=\"so-widget-image\"\/>\n\t<\/div>\n\n<\/div><\/div><div id=\"panel-3116-11-0-2\" class=\"so-panel widget_sow-image panel-last-child\" data-index=\"20\" ><div\n\t\t\t\n\t\t\tclass=\"so-widget-sow-image so-widget-sow-image-default-8b5b6f678277-3116\"\n\t\t\t\n\t\t>\n<div class=\"sow-image-container\">\n\t\t<img \n\tsrc=\"https:\/\/ednet-solutions.co\/wp-content\/uploads\/2022\/05\/HELMETS-NEW-COLOR-REFERENCES-2021-Recuperato-02-02.jpg\" width=\"1755\" height=\"553\" srcset=\"https:\/\/ednet-solutions.co\/wp-content\/uploads\/2022\/05\/HELMETS-NEW-COLOR-REFERENCES-2021-Recuperato-02-02.jpg 1755w, https:\/\/ednet-solutions.co\/wp-content\/uploads\/2022\/05\/HELMETS-NEW-COLOR-REFERENCES-2021-Recuperato-02-02-300x95.jpg 300w, https:\/\/ednet-solutions.co\/wp-content\/uploads\/2022\/05\/HELMETS-NEW-COLOR-REFERENCES-2021-Recuperato-02-02-1024x323.jpg 1024w, https:\/\/ednet-solutions.co\/wp-content\/uploads\/2022\/05\/HELMETS-NEW-COLOR-REFERENCES-2021-Recuperato-02-02-768x242.jpg 768w, https:\/\/ednet-solutions.co\/wp-content\/uploads\/2022\/05\/HELMETS-NEW-COLOR-REFERENCES-2021-Recuperato-02-02-1536x484.jpg 1536w\" sizes=\"(max-width: 1755px) 100vw, 1755px\" title=\"HELMETS &#8211; NEW COLOR REFERENCES 2021 [Recuperato]-02-02\" alt=\"\" loading=\"lazy\" \t\tclass=\"so-widget-image\"\/>\n\t<\/div>\n\n<\/div><\/div><\/div><\/div><\/div>","protected":false},"excerpt":{"rendered":"<p>Speed Performer Casco deportivo de TONFLY LIGEREZA Y RENDIMIENTO en un solo casco Con un peso de solo 430 g, el SPEED es el casco m\u00e1s ligero y peque\u00f1o de la gama de productos Tonfly. La calota de compuesto de fibra de carbono de un solo cuerpo garantiza durabilidad, resistencia y un calce f\u00e1cil y [&hellip;]<\/p>\n","protected":false},"author":1,"featured_media":0,"parent":1146,"menu_order":22,"comment_status":"closed","ping_status":"closed","template":"templates\/template-full-notitle.php","meta":[],"_links":{"self":[{"href":"https:\/\/ednet-solutions.co\/es\/wp-json\/wp\/v2\/pages\/3116"}],"collection":[{"href":"https:\/\/ednet-solutions.co\/es\/wp-json\/wp\/v2\/pages"}],"about":[{"href":"https:\/\/ednet-solutions.co\/es\/wp-json\/wp\/v2\/types\/page"}],"author":[{"embeddable":true,"href":"https:\/\/ednet-solutions.co\/es\/wp-json\/wp\/v2\/users\/1"}],"replies":[{"embeddable":true,"href":"https:\/\/ednet-solutions.co\/es\/wp-json\/wp\/v2\/comments?post=3116"}],"version-history":[{"count":107,"href":"https:\/\/ednet-solutions.co\/es\/wp-json\/wp\/v2\/pages\/3116\/revisions"}],"predecessor-version":[{"id":3124,"href":"https:\/\/ednet-solutions.co\/es\/wp-json\/wp\/v2\/pages\/3116\/revisions\/3124"}],"up":[{"embeddable":true,"href":"https:\/\/ednet-solutions.co\/es\/wp-json\/wp\/v2\/pages\/1146"}],"wp:attachment":[{"href":"https:\/\/ednet-solutions.co\/es\/wp-json\/wp\/v2\/media?parent=3116"}],"curies":[{"name":"wp","href":"https:\/\/api.w.org\/{rel}","templated":true}]}}