{"id":810,"date":"2020-10-04T10:52:42","date_gmt":"2020-10-04T15:52:42","guid":{"rendered":"https:\/\/ednet-solutions.co\/home\/"},"modified":"2022-02-18T05:55:13","modified_gmt":"2022-02-18T10:55:13","slug":"home","status":"publish","type":"page","link":"https:\/\/ednet-solutions.co\/es\/","title":{"rendered":"Inicio"},"content":{"rendered":"<div id=\"pl-gb810-69e8b46cdeb3c\"  class=\"panel-layout wp-block-siteorigin-panels-layout-block\" ><div id=\"pg-gb810-69e8b46cdeb3c-0\"  class=\"panel-grid panel-no-style\" ><div id=\"pgc-gb810-69e8b46cdeb3c-0-0\"  class=\"panel-grid-cell\" ><div id=\"panel-gb810-69e8b46cdeb3c-0-0-0\" class=\"so-panel widget_text panel-first-child panel-last-child\" data-index=\"0\" ><h3 class=\"widget-title\">Nuestro servicio para ti&#8230;<\/h3>\t\t\t<div class=\"textwidget\"><p>La empresa EdNet Solutions Colombia S.A.S. te ofrece una amplia gama de productos y servicios relacionados con el paracaidismo. Independientemente de si vienes del \u00e1rea militar o civil del paracaidismo o la aviaci\u00f3n, estaremos encantados de proporcionarte el material adecuado y necesario, adaptado a tus necesidades y prop\u00f3sitos individuales.<\/p>\n<p>Con d\u00e9cadas de experiencia personal, tanto en el sector militar como en el civil, as\u00ed como en cooperaci\u00f3n con nuestros fabricantes l\u00edderes en el mundo de varios componentes, siempre recibe la mejor calidad posible y un servicio de acompa\u00f1amiento, en condiciones justas.<\/p>\n<p>Eche un vistazo a su alrededor y obtenga una primera impresi\u00f3n de nuestras posibilidades. Si no encuentra lo que busca a primera vista, no dude en ponerse en contacto con nosotros. \u00a1Estamos a su disposici\u00f3n&#8230; en cualquier momento, en todo el mundo!<\/p>\n<p>Su equipo de EdNet Solutions Colombia S.A.S.<\/p>\n<\/div>\n\t\t<\/div><\/div><\/div><\/div>\n\n\n<p><\/p>\n","protected":false},"excerpt":{"rendered":"<p>La empresa EdNet Solutions Colombia S.A.S. te ofrece una amplia gama de productos y servicios relacionados con el paracaidismo. Independientemente de si vienes del \u00e1rea militar o civil del paracaidismo o la aviaci\u00f3n, estaremos encantados de proporcionarte el material adecuado y necesario, adaptado a tus necesidades y prop\u00f3sitos individuales. Con d\u00e9cadas de experiencia personal, tanto [&hellip;]<\/p>\n","protected":false},"author":1,"featured_media":0,"parent":0,"menu_order":0,"comment_status":"closed","ping_status":"closed","template":"templates\/template-full-notitle.php","meta":[],"_links":{"self":[{"href":"https:\/\/ednet-solutions.co\/es\/wp-json\/wp\/v2\/pages\/810"}],"collection":[{"href":"https:\/\/ednet-solutions.co\/es\/wp-json\/wp\/v2\/pages"}],"about":[{"href":"https:\/\/ednet-solutions.co\/es\/wp-json\/wp\/v2\/types\/page"}],"author":[{"embeddable":true,"href":"https:\/\/ednet-solutions.co\/es\/wp-json\/wp\/v2\/users\/1"}],"replies":[{"embeddable":true,"href":"https:\/\/ednet-solutions.co\/es\/wp-json\/wp\/v2\/comments?post=810"}],"version-history":[{"count":0,"href":"https:\/\/ednet-solutions.co\/es\/wp-json\/wp\/v2\/pages\/810\/revisions"}],"wp:attachment":[{"href":"https:\/\/ednet-solutions.co\/es\/wp-json\/wp\/v2\/media?parent=810"}],"curies":[{"name":"wp","href":"https:\/\/api.w.org\/{rel}","templated":true}]}}