{"id":540,"date":"2020-10-04T10:52:42","date_gmt":"2020-10-04T08:52:42","guid":{"rendered":"https:\/\/ednet-solutions.co\/itsys\/home\/"},"modified":"2022-02-12T23:16:20","modified_gmt":"2022-02-12T22:16:20","slug":"home","status":"publish","type":"page","link":"https:\/\/ednet-solutions.co\/itsys\/es\/","title":{"rendered":"Inicio"},"content":{"rendered":"<div id=\"pl-gb540-69e8c69289c07\"  class=\"panel-layout\" ><div id=\"pg-gb540-69e8c69289c07-0\"  class=\"panel-grid panel-no-style\" ><div id=\"pgc-gb540-69e8c69289c07-0-0\"  class=\"panel-grid-cell\" ><div id=\"panel-gb540-69e8c69289c07-0-0-0\" class=\"so-panel widget widget_text panel-first-child panel-last-child\" data-index=\"0\" ><h3 class=\"widget-title\">La interacci\u00f3n perfecta es lo que cuenta, no solamente entre sus empleados<\/h3>\t\t\t<div class=\"textwidget\"><p align=\"justify\">Desde el servidor y la computadora personal, hasta el tel\u00e9fono inteligente&#8230;toda la TI debe funcionar en conjunto a la perfecci\u00f3n. En configuraci\u00f3n de la estructura de su empresa o de la implementaci\u00f3n de nuevos componentes de hardware y software, no se trata de hacer solamente la elecci\u00f3n correcta y adecuada a corto plazo, sino tambi\u00e9n del mantenimiento y del cuidado a largo plazo&#8230;Ofrecemos toda la gama de servicios para su empresa y estamos encantados de ayudarle con:<\/p>\n<\/div>\n\t\t<\/div><\/div><\/div><div id=\"pg-gb540-69e8c69289c07-1\"  class=\"panel-grid panel-no-style\" ><div id=\"pgc-gb540-69e8c69289c07-1-0\"  class=\"panel-grid-cell\" ><div id=\"panel-gb540-69e8c69289c07-1-0-0\" class=\"so-panel widget widget_circleicon-widget panel-first-child panel-last-child\" data-index=\"1\" >\t\t<div class=\"circle-icon-box circle-icon-position-top circle-icon-hide-box circle-icon-size-small\">\n\t\t\t<div class=\"circle-icon-wrapper\">\n\t\t\t\t\t\t\t\t<div class=\"circle-icon\" >\n\t\t\t\t\t<div class=\"fa fa-search\" ><\/div>\t\t\t\t<\/div>\n\t\t\t\t\t\t\t<\/div>\n\n\t\t\t\t\t\t<h4 >An\u00e1lisis<\/h4>\t\t\t\n\t\t\t<p class=\"text\" ><p align=\"justify\">\u00bfEst\u00e1 a punto de realizar una nueva compra necesaria o planea expandir o modernizar su TI? \u00bfSu red o el hardware que est\u00e1 utilizando le est\u00e1n obstaculizando a usted y, por lo tanto, al rendimiento de sus empleados y de su empresa? Analizamos el estado de sus sistemas de informaci\u00f3n y telecomunicaciones y brindamos declaraciones confiables sobre los puntos d\u00e9biles y el posible potencial de optimizaci\u00f3n. Tambi\u00e9n nos complace desarrollar soluciones individuales para la concepci\u00f3n y la implementaci\u00f3n, haciendo recomendaciones tecnol\u00f3gicas.<\/p><\/p>\t\t\t\t\t<\/div>\n\t\t<\/div><\/div><div id=\"pgc-gb540-69e8c69289c07-1-1\"  class=\"panel-grid-cell\" ><div id=\"panel-gb540-69e8c69289c07-1-1-0\" class=\"so-panel widget widget_circleicon-widget panel-first-child panel-last-child\" data-index=\"2\" >\t\t<div class=\"circle-icon-box circle-icon-position-top circle-icon-hide-box circle-icon-size-small\">\n\t\t\t<div class=\"circle-icon-wrapper\">\n\t\t\t\t\t\t\t\t<div class=\"circle-icon\" >\n\t\t\t\t\t<div class=\"fa fa-plus\" ><\/div>\t\t\t\t<\/div>\n\t\t\t\t\t\t\t<\/div>\n\n\t\t\t\t\t\t<h4 >Mejoramiento<\/h4>\t\t\t\n\t\t\t<p class=\"text\" ><p align=\"justify\">Para poder sobrevivir frente a la competencia actual, las empresas se enfrentan al reto de trabajar de forma rentable, eficiente y orientada al cliente. La optimizaci\u00f3n de procesos por parte de TI juega un papel decisivo en este caso, porque si piensa a lo largo de la cadena de valor, puede optimizar r\u00e1pidamente sus procesos y realinearlos con las soluciones de TI individuales apropiadas. Las soluciones inform\u00e1ticas funcionales se convierten as\u00ed en un factor decisivo para su empresa y para la interacci\u00f3n fluida de diversos procesos.<\/p><\/p>\t\t\t\t\t<\/div>\n\t\t<\/div><\/div><\/div><div id=\"pg-gb540-69e8c69289c07-2\"  class=\"panel-grid panel-no-style\" ><div id=\"pgc-gb540-69e8c69289c07-2-0\"  class=\"panel-grid-cell\" ><div id=\"panel-gb540-69e8c69289c07-2-0-0\" class=\"so-panel widget widget_circleicon-widget panel-first-child panel-last-child\" data-index=\"3\" >\t\t<div class=\"circle-icon-box circle-icon-position-top circle-icon-hide-box circle-icon-size-small\">\n\t\t\t<div class=\"circle-icon-wrapper\">\n\t\t\t\t\t\t\t\t<div class=\"circle-icon\" >\n\t\t\t\t\t<div class=\"fa fa-users\" ><\/div>\t\t\t\t<\/div>\n\t\t\t\t\t\t\t<\/div>\n\n\t\t\t\t\t\t<h4 >Instalaci\u00f3n<\/h4>\t\t\t\n\t\t\t<p class=\"text\" ><p align=\"justify\">\u00a1Despu\u00e9s de comprar un nuevo producto, probablemente necesita ser conectado, instalado y configurado! Aqu\u00ed estamos de su lado e implementamos el nuevo hardware y software en una infraestructura existente y en sus procesos de TI, le instruimos a usted y a sus empleados si es necesario, documentamos nuestro trabajo para poder responder cualquier pregunta, llevar a cabo sesiones informativas y tambi\u00e9n llegar a acuerdos.<\/p><\/p>\t\t\t\t\t<\/div>\n\t\t<\/div><\/div><div id=\"pgc-gb540-69e8c69289c07-2-1\"  class=\"panel-grid-cell\" ><div id=\"panel-gb540-69e8c69289c07-2-1-0\" class=\"so-panel widget widget_circleicon-widget panel-first-child panel-last-child\" data-index=\"4\" >\t\t<div class=\"circle-icon-box circle-icon-position-top circle-icon-hide-box circle-icon-size-small\">\n\t\t\t<div class=\"circle-icon-wrapper\">\n\t\t\t\t\t\t\t\t<div class=\"circle-icon\" >\n\t\t\t\t\t<div class=\"fa fa-refresh\" ><\/div>\t\t\t\t<\/div>\n\t\t\t\t\t\t\t<\/div>\n\n\t\t\t\t\t\t<h4 >Administraci\u00f3n<\/h4>\t\t\t\n\t\t\t<p class=\"text\" ><p align=\"justify\">El mantenimiento, el cuidado y la posible planificaci\u00f3n de la infraestructura inform\u00e1tica de una empresa forman parte del pan de cada d\u00eda de un administrador de sistemas TI. Como operadores, ellos realizan manualmente las actividades que son obligatorias y necesarias para el funcionamiento continuo de los sistemas inform\u00e1ticos y de telecomunicaciones. Si su empresa carece del personal adecuado o solo est\u00e1 ocupada con la TI existente, por lo que no puede mantenerse al d\u00eda con su negocio diario real, estaremos encantados de ayudarle en el sitio o de forma remota con la gesti\u00f3n y administraci\u00f3n de sus servidores, clientes y componentes de red, con el fin de garantizar un proceso fluido y encontrar una soluci\u00f3n r\u00e1pida si surgen problemas.<\/p><\/p>\t\t\t\t\t<\/div>\n\t\t<\/div><\/div><\/div><\/div>\n\n\n<p><\/p>\n","protected":false},"excerpt":{"rendered":"<p>Desde el servidor y la computadora personal, hasta el tel\u00e9fono inteligente&#8230;toda la TI debe funcionar en conjunto a la perfecci\u00f3n. En configuraci\u00f3n de la estructura de su empresa o de la implementaci\u00f3n de nuevos componentes de hardware y software, no se trata de hacer solamente la elecci\u00f3n correcta y adecuada a corto plazo, sino tambi\u00e9n [&hellip;]<\/p>\n","protected":false},"author":1,"featured_media":0,"parent":0,"menu_order":0,"comment_status":"closed","ping_status":"closed","template":"home-panels.php","meta":[],"_links":{"self":[{"href":"https:\/\/ednet-solutions.co\/itsys\/es\/wp-json\/wp\/v2\/pages\/540"}],"collection":[{"href":"https:\/\/ednet-solutions.co\/itsys\/es\/wp-json\/wp\/v2\/pages"}],"about":[{"href":"https:\/\/ednet-solutions.co\/itsys\/es\/wp-json\/wp\/v2\/types\/page"}],"author":[{"embeddable":true,"href":"https:\/\/ednet-solutions.co\/itsys\/es\/wp-json\/wp\/v2\/users\/1"}],"replies":[{"embeddable":true,"href":"https:\/\/ednet-solutions.co\/itsys\/es\/wp-json\/wp\/v2\/comments?post=540"}],"version-history":[{"count":3,"href":"https:\/\/ednet-solutions.co\/itsys\/es\/wp-json\/wp\/v2\/pages\/540\/revisions"}],"predecessor-version":[{"id":811,"href":"https:\/\/ednet-solutions.co\/itsys\/es\/wp-json\/wp\/v2\/pages\/540\/revisions\/811"}],"wp:attachment":[{"href":"https:\/\/ednet-solutions.co\/itsys\/es\/wp-json\/wp\/v2\/media?parent=540"}],"curies":[{"name":"wp","href":"https:\/\/api.w.org\/{rel}","templated":true}]}}