{"id":812,"date":"2020-10-04T12:05:00","date_gmt":"2020-10-04T10:05:00","guid":{"rendered":"https:\/\/ednet-solutions.co\/itsys\/?page_id=812"},"modified":"2022-02-12T23:19:51","modified_gmt":"2022-02-12T22:19:51","slug":"servicios-it","status":"publish","type":"page","link":"https:\/\/ednet-solutions.co\/itsys\/es\/servicios-it\/","title":{"rendered":"Servicios TI"},"content":{"rendered":"<div id=\"pl-812\"  class=\"panel-layout\" ><div id=\"pg-812-0\"  class=\"panel-grid panel-no-style\" ><div id=\"pgc-812-0-0\"  class=\"panel-grid-cell\" ><div id=\"panel-812-0-0-0\" class=\"so-panel widget widget_text panel-first-child panel-last-child\" data-index=\"0\" ><h3 class=\"widget-title\">Infraestructura de TI: Redes y Telefon\u00eda<\/h3>\t\t\t<div class=\"textwidget\"><p><img loading=\"lazy\" class=\"alignnone wp-image-286 size-large\" src=\"https:\/\/www.ednet-solutions.co\/wp-content\/uploads\/2020\/10\/business-5475655_1920-e1603868227531-1024x532.jpg\" alt=\"\" width=\"720\" height=\"374\" srcset=\"https:\/\/ednet-solutions.co\/itsys\/wp-content\/uploads\/sites\/14\/2020\/10\/business-5475655_1920-e1603868227531-1024x532.jpg 1024w, https:\/\/ednet-solutions.co\/itsys\/wp-content\/uploads\/sites\/14\/2020\/10\/business-5475655_1920-e1603868227531-300x156.jpg 300w, https:\/\/ednet-solutions.co\/itsys\/wp-content\/uploads\/sites\/14\/2020\/10\/business-5475655_1920-e1603868227531-768x399.jpg 768w, https:\/\/ednet-solutions.co\/itsys\/wp-content\/uploads\/sites\/14\/2020\/10\/business-5475655_1920-e1603868227531-1536x798.jpg 1536w, https:\/\/ednet-solutions.co\/itsys\/wp-content\/uploads\/sites\/14\/2020\/10\/business-5475655_1920-e1603868227531.jpg 1920w\" sizes=\"(max-width: 720px) 100vw, 720px\" \/><\/p>\n<p align=\"justify\">La infraestructura de TI es la base de su empresa. No solo debe ser segura, confiable y estable, sino que tambi\u00e9n debe ser suficientemente flexible para adaptarse a medida que avanza su negocio. Planificamos e implementamos infraestructuras de TI eficientes y confiables que se acoplan a las necesidades individuales de su empresa y respaldan de manera \u00f3ptima a sus procesos comerciales.<\/p>\n<\/div>\n\t\t<\/div><\/div><div id=\"pgc-812-0-1\"  class=\"panel-grid-cell\" ><div id=\"panel-812-0-1-0\" class=\"so-panel widget widget_text panel-first-child panel-last-child\" data-index=\"1\" ><h3 class=\"widget-title\">Servidores y Almacenamiento<\/h3>\t\t\t<div class=\"textwidget\"><p><img loading=\"lazy\" class=\"alignnone wp-image-299 size-large\" src=\"https:\/\/www.ednet-solutions.co\/wp-content\/uploads\/2020\/10\/server-5451985_1920-e1603868264671-1024x532.jpg\" alt=\"\" width=\"720\" height=\"374\" srcset=\"https:\/\/ednet-solutions.co\/itsys\/wp-content\/uploads\/sites\/14\/2020\/10\/server-5451985_1920-e1603868264671-1024x532.jpg 1024w, https:\/\/ednet-solutions.co\/itsys\/wp-content\/uploads\/sites\/14\/2020\/10\/server-5451985_1920-e1603868264671-300x156.jpg 300w, https:\/\/ednet-solutions.co\/itsys\/wp-content\/uploads\/sites\/14\/2020\/10\/server-5451985_1920-e1603868264671-768x399.jpg 768w, https:\/\/ednet-solutions.co\/itsys\/wp-content\/uploads\/sites\/14\/2020\/10\/server-5451985_1920-e1603868264671-1536x798.jpg 1536w, https:\/\/ednet-solutions.co\/itsys\/wp-content\/uploads\/sites\/14\/2020\/10\/server-5451985_1920-e1603868264671.jpg 1920w\" sizes=\"(max-width: 720px) 100vw, 720px\" \/><\/p>\n<p align=\"justify\">Por regla general en las empresas, la administraci\u00f3n de TI y la provisi\u00f3n de servicios y aplicaciones se realizan a trav\u00e9s de sistemas inform\u00e1ticos centrales. Su empresa necesita soluciones personalizadas de servidor y almacenamiento para configurar una infraestructura de TI optimizada en cuanto a costos y rendimiento. Los servidores se encargan de la administraci\u00f3n central de los servicios de su empresa y pueden actuar como servidores de correo, dominio, base de datos, impresoras, entre otras cosas. Una soluci\u00f3n de almacenamiento sofisticada no solo garantiza que siempre haya suficiente espacio de almacenamiento disponible en su red existente, cuyo contenido puede ser accedido desde cualquier lugar si lo desea, sino tambi\u00e9n la posibilidad de garantizar la seguridad de los datos y fallas de sus sistemas en funcionamiento a trav\u00e9s de copias de seguridad de rutina.<\/p>\n<\/div>\n\t\t<\/div><\/div><\/div><div id=\"pg-812-1\"  class=\"panel-grid panel-no-style\" ><div id=\"pgc-812-1-0\"  class=\"panel-grid-cell\" ><div id=\"panel-812-1-0-0\" class=\"so-panel widget widget_text panel-first-child panel-last-child\" data-index=\"2\" ><h3 class=\"widget-title\">Seguridad Inform\u00e1tica, Firewalls y Encriptaci\u00f3n<\/h3>\t\t\t<div class=\"textwidget\"><p><img loading=\"lazy\" class=\"alignnone wp-image-310 size-large\" src=\"https:\/\/www.ednet-solutions.co\/wp-content\/uploads\/2020\/10\/cyber-4084979_1920-e1603868303697-1024x532.jpg\" alt=\"\" width=\"720\" height=\"374\" data-wp-editing=\"1\" srcset=\"https:\/\/ednet-solutions.co\/itsys\/wp-content\/uploads\/sites\/14\/2020\/10\/cyber-4084979_1920-e1603868303697-1024x532.jpg 1024w, https:\/\/ednet-solutions.co\/itsys\/wp-content\/uploads\/sites\/14\/2020\/10\/cyber-4084979_1920-e1603868303697-300x156.jpg 300w, https:\/\/ednet-solutions.co\/itsys\/wp-content\/uploads\/sites\/14\/2020\/10\/cyber-4084979_1920-e1603868303697-768x399.jpg 768w, https:\/\/ednet-solutions.co\/itsys\/wp-content\/uploads\/sites\/14\/2020\/10\/cyber-4084979_1920-e1603868303697-1536x798.jpg 1536w, https:\/\/ednet-solutions.co\/itsys\/wp-content\/uploads\/sites\/14\/2020\/10\/cyber-4084979_1920-e1603868303697.jpg 1920w\" sizes=\"(max-width: 720px) 100vw, 720px\" \/><\/p>\n<p align=\"justify\">En vista de la creciente complejidad de las infraestructuras de TI, los cambios m\u00e1s r\u00e1pidos en la tecnolog\u00eda y el aumento de los delitos cibern\u00e9ticos, la seguridad de TI se est\u00e1 convirtiendo en una tarea cada vez m\u00e1s exigente.<br \/>\nEstaremos encantados de asesorarle en detalle sobre el tema y realizar un an\u00e1lisis exhaustivo de su infraestructura existente. Le apoyamos en el desarrollo de un concepto de seguridad hol\u00edstico y tambi\u00e9n nos hacemos cargo de la implementaci\u00f3n. Siempre aseguramos la combinaci\u00f3n \u00f3ptima de herramientas y aplicaciones adecuadas, como protecci\u00f3n antiviral, firewall y encriptaci\u00f3n de datos. Por lo tanto, puede estar seguro de que todos los datos y recursos est\u00e1n protegidos de manera confiable en todos los canales de su empresa.<\/p>\n<\/div>\n\t\t<\/div><\/div><div id=\"pgc-812-1-1\"  class=\"panel-grid-cell\" ><div id=\"panel-812-1-1-0\" class=\"so-panel widget widget_text panel-first-child panel-last-child\" data-index=\"3\" ><h3 class=\"widget-title\">Administraci\u00f3n de Sistemas de TI<\/h3>\t\t\t<div class=\"textwidget\"><p align=\"justify\"><img loading=\"lazy\" class=\"alignnone size-large wp-image-323\" src=\"https:\/\/www.ednet-solutions.co\/wp-content\/uploads\/2020\/10\/time-4634648_1920-e1603869708631-1024x532.jpg\" alt=\"\" width=\"720\" height=\"374\" srcset=\"https:\/\/ednet-solutions.co\/itsys\/wp-content\/uploads\/sites\/14\/2020\/10\/time-4634648_1920-e1603869708631-1024x532.jpg 1024w, https:\/\/ednet-solutions.co\/itsys\/wp-content\/uploads\/sites\/14\/2020\/10\/time-4634648_1920-e1603869708631-300x156.jpg 300w, https:\/\/ednet-solutions.co\/itsys\/wp-content\/uploads\/sites\/14\/2020\/10\/time-4634648_1920-e1603869708631-768x399.jpg 768w, https:\/\/ednet-solutions.co\/itsys\/wp-content\/uploads\/sites\/14\/2020\/10\/time-4634648_1920-e1603869708631-1536x798.jpg 1536w, https:\/\/ednet-solutions.co\/itsys\/wp-content\/uploads\/sites\/14\/2020\/10\/time-4634648_1920-e1603869708631.jpg 1920w\" sizes=\"(max-width: 720px) 100vw, 720px\" \/><\/p>\n<p align=\"justify\">La gesti\u00f3n de clientes (conocida como Client Lifecycle- Management) describe todos los aspectos de la administraci\u00f3n del hardware y software del cliente, durante toda la vida \u00fatil empresarial. Comenzando con la preselecci\u00f3n de acuerdo con los requisitos definidos, pasando por la adquisici\u00f3n y finalizando con la disposici\u00f3n profesional del hardware. Los diferentes tipos de clientes incluyen estaciones de trabajo, port\u00e1tiles, dispositivos m\u00f3viles, impresoras y sus dispositivos perif\u00e9ricos. Otro aspecto central de la gesti\u00f3n es la administraci\u00f3n de los sistemas operativos y de las aplicaciones instaladas en los clientes.<\/p>\n<div class=\"text\">En detalle, los administradores de TI deben considerar los siguientes aspectos durante de la vida \u00fatil de un PC:<br \/>\n&#8211; Inventario (hardware y software)<br \/>\n&#8211; Gesti\u00f3n de licencias<br \/>\n&#8211; Distribuci\u00f3n y empaquetado de software<br \/>\n&#8211; Distribuci\u00f3n del sistema operativo<br \/>\n&#8211; Gesti\u00f3n de parches (actualizaciones y mejoras) y de seguridad<br \/>\n&#8211; Soporte y administraci\u00f3n (remoto y en sitio)<\/div>\n<\/div>\n\t\t<\/div><\/div><\/div><\/div>","protected":false},"excerpt":{"rendered":"<p>La infraestructura de TI es la base de su empresa. No solo debe ser segura, confiable y estable, sino que tambi\u00e9n debe ser suficientemente flexible para adaptarse a medida que avanza su negocio. Planificamos e implementamos infraestructuras de TI eficientes y confiables que se acoplan a las necesidades individuales de su empresa y respaldan de [&hellip;]<\/p>\n","protected":false},"author":1,"featured_media":0,"parent":0,"menu_order":1,"comment_status":"closed","ping_status":"closed","template":"templates\/template-full-notitle.php","meta":[],"_links":{"self":[{"href":"https:\/\/ednet-solutions.co\/itsys\/es\/wp-json\/wp\/v2\/pages\/812"}],"collection":[{"href":"https:\/\/ednet-solutions.co\/itsys\/es\/wp-json\/wp\/v2\/pages"}],"about":[{"href":"https:\/\/ednet-solutions.co\/itsys\/es\/wp-json\/wp\/v2\/types\/page"}],"author":[{"embeddable":true,"href":"https:\/\/ednet-solutions.co\/itsys\/es\/wp-json\/wp\/v2\/users\/1"}],"replies":[{"embeddable":true,"href":"https:\/\/ednet-solutions.co\/itsys\/es\/wp-json\/wp\/v2\/comments?post=812"}],"version-history":[{"count":2,"href":"https:\/\/ednet-solutions.co\/itsys\/es\/wp-json\/wp\/v2\/pages\/812\/revisions"}],"predecessor-version":[{"id":814,"href":"https:\/\/ednet-solutions.co\/itsys\/es\/wp-json\/wp\/v2\/pages\/812\/revisions\/814"}],"wp:attachment":[{"href":"https:\/\/ednet-solutions.co\/itsys\/es\/wp-json\/wp\/v2\/media?parent=812"}],"curies":[{"name":"wp","href":"https:\/\/api.w.org\/{rel}","templated":true}]}}