{"id":815,"date":"2020-10-28T08:35:42","date_gmt":"2020-10-28T07:35:42","guid":{"rendered":"https:\/\/ednet-solutions.co\/itsys\/?page_id=815"},"modified":"2022-02-12T23:24:17","modified_gmt":"2022-02-12T22:24:17","slug":"web-impresion","status":"publish","type":"page","link":"https:\/\/ednet-solutions.co\/itsys\/es\/web-impresion\/","title":{"rendered":"Web &#038; Impresi\u00f3n"},"content":{"rendered":"<div id=\"pl-815\"  class=\"panel-layout\" ><div id=\"pg-815-0\"  class=\"panel-grid panel-no-style\" ><div id=\"pgc-815-0-0\"  class=\"panel-grid-cell\" ><div id=\"panel-815-0-0-0\" class=\"so-panel widget widget_media_image panel-first-child panel-last-child\" data-index=\"0\" ><img width=\"1920\" height=\"998\" src=\"https:\/\/ednet-solutions.co\/itsys\/wp-content\/uploads\/sites\/14\/2020\/10\/wordpress-1882120-e1603871863756.png\" class=\"image wp-image-341  attachment-full size-full\" alt=\"\" loading=\"lazy\" style=\"max-width: 100%; height: auto;\" title=\"Ihre Webseite im WordPress- Format\" srcset=\"https:\/\/ednet-solutions.co\/itsys\/wp-content\/uploads\/sites\/14\/2020\/10\/wordpress-1882120-e1603871863756.png 1920w, https:\/\/ednet-solutions.co\/itsys\/wp-content\/uploads\/sites\/14\/2020\/10\/wordpress-1882120-e1603871863756-300x156.png 300w, https:\/\/ednet-solutions.co\/itsys\/wp-content\/uploads\/sites\/14\/2020\/10\/wordpress-1882120-e1603871863756-1024x532.png 1024w, https:\/\/ednet-solutions.co\/itsys\/wp-content\/uploads\/sites\/14\/2020\/10\/wordpress-1882120-e1603871863756-768x399.png 768w, https:\/\/ednet-solutions.co\/itsys\/wp-content\/uploads\/sites\/14\/2020\/10\/wordpress-1882120-e1603871863756-1536x798.png 1536w\" sizes=\"(max-width: 1920px) 100vw, 1920px\" \/><\/div><\/div><div id=\"pgc-815-0-1\"  class=\"panel-grid-cell\" ><div id=\"panel-815-0-1-0\" class=\"so-panel widget widget_text panel-first-child panel-last-child\" data-index=\"1\" ><h3 class=\"widget-title\">Su pagina web personal<\/h3>\t\t\t<div class=\"textwidget\"><p align=\"justify\">Independientemente si se trata de contenido desactualizado en la pagina web existente de su empresa o de la falta total de un sitio web, estaremos encantados de ayudarle a encontrar un dise\u00f1o y esquema, escribir textos (multiling\u00fce) y gestionar el contenido.<br \/>\nSi a\u00fan no tiene su propio servidor web configurado, tiene la opci\u00f3n de implementar un servidor en la infraestructura existente o quiz\u00e1s simplemente subcontratar la administraci\u00f3n del dominio y del espacio web fuera de la empresa.<\/p>\n<p>\u00a1El formato que preferimos y usamos, para crear sitios y p\u00e1ginas web, es <strong><a href=\"https:\/\/de.wordpress.com\" target=\"_blank\" rel=\"noopener\">WordPress<\/a><\/strong>!<\/p>\n<\/div>\n\t\t<\/div><\/div><\/div><div id=\"pg-815-1\"  class=\"panel-grid panel-no-style\" ><div id=\"pgc-815-1-0\"  class=\"panel-grid-cell\" ><div id=\"panel-815-1-0-0\" class=\"so-panel widget widget_text panel-first-child panel-last-child\" data-index=\"2\" ><h3 class=\"widget-title\">Ventajas de WordPress<\/h3>\t\t\t<div class=\"textwidget\"><p align=\"justify\">En primer lugar, WordPress es un sistema de gesti\u00f3n de contenido gratuito, que no solamente por esa raz\u00f3n tiene una gran cantidad de usuarios. Las ventajas y funciones \u00fatiles que resultan de esto son:<\/p>\n<\/div>\n\t\t<\/div><\/div><\/div><div id=\"pg-815-2\"  class=\"panel-grid panel-no-style\" ><div id=\"pgc-815-2-0\"  class=\"panel-grid-cell\" ><div id=\"panel-815-2-0-0\" class=\"so-panel widget widget_text panel-first-child panel-last-child\" data-index=\"3\" >\t\t\t<div class=\"textwidget\"><ul>\n<li>Facilidad de uso y de gesti\u00f3n del contenido,<\/li>\n<li>m\u00faltiples opciones de expansi\u00f3n (complementos) debido a la popularidad y el inter\u00e9s de innumerables programadores y dise\u00f1adores de web,<\/li>\n<li>actualizaciones autom\u00e1ticas garantizan la seguridad de su presencia,<\/li>\n<li>caracter\u00edsticas de seguridad extensibles de los sitios web de WordPress,<\/li>\n<li>software adicional innecesario, solamente se requiere computadora y conexi\u00f3n a Internet para la administraci\u00f3n,<\/li>\n<\/ul>\n<\/div>\n\t\t<\/div><\/div><div id=\"pgc-815-2-1\"  class=\"panel-grid-cell\" ><div id=\"panel-815-2-1-0\" class=\"so-panel widget widget_text panel-first-child panel-last-child\" data-index=\"4\" >\t\t\t<div class=\"textwidget\"><ul>\n<li>adecuado para proyectos peque\u00f1os y grandes, independientemente del n\u00famero de p\u00e1ginas y del tama\u00f1o,<\/li>\n<li>optimizado para buscadores orientado a los temas t\u00e9cnicamente estructurados,<\/li>\n<li>\u00f3ptimo rendimiento para accesos r\u00e1pidos y<\/li>\n<li>seguro y confiable al futuro debido a su creciente popularidad.<\/li>\n<\/ul>\n<\/div>\n\t\t<\/div><\/div><\/div><div id=\"pg-815-3\"  class=\"panel-grid panel-no-style\" ><div id=\"pgc-815-3-0\"  class=\"panel-grid-cell\" ><div id=\"panel-815-3-0-0\" class=\"so-panel widget widget_text panel-first-child panel-last-child\" data-index=\"5\" ><h3 class=\"widget-title\">Generar clientes a trav\u00e9s de medios impresos<\/h3>\t\t\t<div class=\"textwidget\"><p align=\"justify\">Utilizar su publicidad para grupos objetivos espec\u00edficos y tambi\u00e9n beneficiarse del hecho de que el usuario generalmente trata de manera muy intensa y repetida con los medios impresos, esa es la intenci\u00f3n detr\u00e1s de la publicidad con medios impresos. Esta es una de las mayores ventajas en comparaci\u00f3n con los medios digitales. Una publicaci\u00f3n impresa tambi\u00e9n se puede leer en situaciones en las que no hay acceso a Internet. \u00bfA qui\u00e9n le gusta leer textos m\u00e1s largos en su tel\u00e9fono inteligente?<\/p>\n<p align=\"justify\">Otro beneficio de los medios impresos es su credibilidad. Los consumidores no encuentran otro medio tan cre\u00edble y, por lo tanto, conf\u00edan m\u00e1s en los art\u00edculos impresos que en los publicados digitalmente. Informes recientes de noticias falsas confirman esta percepci\u00f3n.<\/p>\n<p align=\"justify\">Sin embargo, los medios impresos y digitales no tienen por qu\u00e9 ser mutuamente excluyentes. En su lugar, utilice todas las ventajas del medio respectivo para su comercializaci\u00f3n. Existen numerosas combinaciones posibles en la planificaci\u00f3n de medios y todas tienen como objetivo aumentar la eficacia.<\/p>\n<\/div>\n\t\t<\/div><\/div><div id=\"pgc-815-3-1\"  class=\"panel-grid-cell\" ><div id=\"panel-815-3-1-0\" class=\"so-panel widget widget_text panel-first-child\" data-index=\"6\" ><h3 class=\"widget-title\">Dise\u00f1o &#038; Esquema<\/h3>\t\t\t<div class=\"textwidget\"><p align=\"justify\">Usando el software de la familia Adobe, nos complace crear dise\u00f1os y esquemas individuales para usted en los formatos que desee, igual si son folletos, tarjetas de presentaci\u00f3n o anuncios en los medios impresos regionales de su elecci\u00f3n.<\/p>\n<\/div>\n\t\t<\/div><div id=\"panel-815-3-1-1\" class=\"so-panel widget widget_media_image panel-last-child\" data-index=\"7\" ><img width=\"1920\" height=\"960\" src=\"https:\/\/ednet-solutions.co\/itsys\/wp-content\/uploads\/sites\/14\/2020\/10\/icon-2488093-e1603876098560.png\" class=\"image wp-image-359  attachment-full size-full\" alt=\"\" loading=\"lazy\" style=\"max-width: 100%; height: auto;\" srcset=\"https:\/\/ednet-solutions.co\/itsys\/wp-content\/uploads\/sites\/14\/2020\/10\/icon-2488093-e1603876098560.png 1920w, https:\/\/ednet-solutions.co\/itsys\/wp-content\/uploads\/sites\/14\/2020\/10\/icon-2488093-e1603876098560-300x150.png 300w, https:\/\/ednet-solutions.co\/itsys\/wp-content\/uploads\/sites\/14\/2020\/10\/icon-2488093-e1603876098560-1024x512.png 1024w\" sizes=\"(max-width: 1920px) 100vw, 1920px\" \/><\/div><\/div><\/div><\/div>","protected":false},"excerpt":{"rendered":"<p>Independientemente si se trata de contenido desactualizado en la pagina web existente de su empresa o de la falta total de un sitio web, estaremos encantados de ayudarle a encontrar un dise\u00f1o y esquema, escribir textos (multiling\u00fce) y gestionar el contenido. Si a\u00fan no tiene su propio servidor web configurado, tiene la opci\u00f3n de implementar [&hellip;]<\/p>\n","protected":false},"author":1,"featured_media":0,"parent":0,"menu_order":2,"comment_status":"closed","ping_status":"closed","template":"templates\/template-full-notitle.php","meta":[],"_links":{"self":[{"href":"https:\/\/ednet-solutions.co\/itsys\/es\/wp-json\/wp\/v2\/pages\/815"}],"collection":[{"href":"https:\/\/ednet-solutions.co\/itsys\/es\/wp-json\/wp\/v2\/pages"}],"about":[{"href":"https:\/\/ednet-solutions.co\/itsys\/es\/wp-json\/wp\/v2\/types\/page"}],"author":[{"embeddable":true,"href":"https:\/\/ednet-solutions.co\/itsys\/es\/wp-json\/wp\/v2\/users\/1"}],"replies":[{"embeddable":true,"href":"https:\/\/ednet-solutions.co\/itsys\/es\/wp-json\/wp\/v2\/comments?post=815"}],"version-history":[{"count":2,"href":"https:\/\/ednet-solutions.co\/itsys\/es\/wp-json\/wp\/v2\/pages\/815\/revisions"}],"predecessor-version":[{"id":817,"href":"https:\/\/ednet-solutions.co\/itsys\/es\/wp-json\/wp\/v2\/pages\/815\/revisions\/817"}],"wp:attachment":[{"href":"https:\/\/ednet-solutions.co\/itsys\/es\/wp-json\/wp\/v2\/media?parent=815"}],"curies":[{"name":"wp","href":"https:\/\/api.w.org\/{rel}","templated":true}]}}