{"id":334,"date":"2020-10-28T08:35:42","date_gmt":"2020-10-28T07:35:42","guid":{"rendered":"https:\/\/www.ednet-solutions.co\/?page_id=334"},"modified":"2022-02-12T23:47:35","modified_gmt":"2022-02-12T22:47:35","slug":"web-print","status":"publish","type":"page","link":"https:\/\/ednet-solutions.co\/itsys\/web-print\/","title":{"rendered":"Web &#038; Druck"},"content":{"rendered":"<div id=\"pl-gb334-69e8c62faa44f\"  class=\"panel-layout\" ><div id=\"pg-gb334-69e8c62faa44f-0\"  class=\"panel-grid panel-no-style\" ><div id=\"pgc-gb334-69e8c62faa44f-0-0\"  class=\"panel-grid-cell\" ><div id=\"panel-gb334-69e8c62faa44f-0-0-0\" class=\"so-panel widget widget_media_image panel-first-child panel-last-child\" data-index=\"0\" ><img width=\"1920\" height=\"998\" src=\"https:\/\/ednet-solutions.co\/itsys\/wp-content\/uploads\/sites\/14\/2020\/10\/wordpress-1882120-e1603871863756.png\" class=\"image wp-image-341  attachment-full size-full\" alt=\"\" loading=\"lazy\" style=\"max-width: 100%; height: auto;\" title=\"Ihre Webseite im WordPress- Format\" srcset=\"https:\/\/ednet-solutions.co\/itsys\/wp-content\/uploads\/sites\/14\/2020\/10\/wordpress-1882120-e1603871863756.png 1920w, https:\/\/ednet-solutions.co\/itsys\/wp-content\/uploads\/sites\/14\/2020\/10\/wordpress-1882120-e1603871863756-300x156.png 300w, https:\/\/ednet-solutions.co\/itsys\/wp-content\/uploads\/sites\/14\/2020\/10\/wordpress-1882120-e1603871863756-1024x532.png 1024w, https:\/\/ednet-solutions.co\/itsys\/wp-content\/uploads\/sites\/14\/2020\/10\/wordpress-1882120-e1603871863756-768x399.png 768w, https:\/\/ednet-solutions.co\/itsys\/wp-content\/uploads\/sites\/14\/2020\/10\/wordpress-1882120-e1603871863756-1536x798.png 1536w\" sizes=\"(max-width: 1920px) 100vw, 1920px\" \/><\/div><\/div><div id=\"pgc-gb334-69e8c62faa44f-0-1\"  class=\"panel-grid-cell\" ><div id=\"panel-gb334-69e8c62faa44f-0-1-0\" class=\"so-panel widget widget_text panel-first-child panel-last-child\" data-index=\"1\" ><h3 class=\"widget-title\">Ihr pers\u00f6nlicher Webauftritt<\/h3>\t\t\t<div class=\"textwidget\"><p align=\"justify\">Egal ob veraltete Inhalte auf der bestehenden Internetpr\u00e4senz Ihres Unternehmens oder das g\u00e4nzliche Fehlen einer Webseite, wir unterst\u00fctzen Sie gerne bei Design- und Layoutfindung, Schreiben von Texten (mehrsprachig) und Verwalten von Inhalten.<br \/>\nSollten Sie noch nicht \u00fcber einen eigenen eingerichteten Webserver verf\u00fcgen, besteht die M\u00f6glichkeit einen Server in die bestehende Infrastruktur zu implementieren oder vielleicht auch lediglich Webspace- und Dom\u00e4nenverwaltung au\u00dferhalb des Unternehmens auszulagern.<\/p>\n<p>Das von uns pr\u00e4ferierte und genutzte Format zur Erstellung von Webauftritten &amp; Homepages lautet <strong><a href=\"https:\/\/de.wordpress.com\" target=\"_blank\" rel=\"noopener\">WordPress<\/a><\/strong>!<\/p>\n<\/div>\n\t\t<\/div><\/div><\/div><div id=\"pg-gb334-69e8c62faa44f-1\"  class=\"panel-grid panel-no-style\" ><div id=\"pgc-gb334-69e8c62faa44f-1-0\"  class=\"panel-grid-cell\" ><div id=\"panel-gb334-69e8c62faa44f-1-0-0\" class=\"so-panel widget widget_text panel-first-child panel-last-child\" data-index=\"2\" ><h3 class=\"widget-title\">Vorteile von WordPress<\/h3>\t\t\t<div class=\"textwidget\"><p align=\"justify\">In erster Linie handelt es sich bei WordPress um eine kostenloses Content- Management- System, welches nicht nur daher \u00fcber eine gro\u00dfe Anzahl an Nutzern verf\u00fcgt. Vorteile und n\u00fctzliche Funktionen, die sich dadurch ergeben sind:<\/p>\n<\/div>\n\t\t<\/div><\/div><\/div><div id=\"pg-gb334-69e8c62faa44f-2\"  class=\"panel-grid panel-no-style\" ><div id=\"pgc-gb334-69e8c62faa44f-2-0\"  class=\"panel-grid-cell\" ><div id=\"panel-gb334-69e8c62faa44f-2-0-0\" class=\"so-panel widget widget_text panel-first-child panel-last-child\" data-index=\"3\" >\t\t\t<div class=\"textwidget\"><ul>\n<li>Benutzerfreundlichkeit und einfache Verwaltung von Inhalten,<\/li>\n<li>viele Erweiterungsm\u00f6glichkeiten (Plug- Ins) aufgrund der Popularit\u00e4t und dem Interesse unz\u00e4hliger Programmierer und Webdesigner,<\/li>\n<li>automatische Sicherheitsupdates sorgen f\u00fcr Sicherheit Ihrer Pr\u00e4senz,<\/li>\n<li>erweiterbare Sicherheitsmerkmale von WordPress Webseiten,<\/li>\n<li>zus\u00e4tzliche Software nicht notwendig, da zur Verwaltung lediglich ein Computer und eine Internetanbindung notwendig sind,<\/li>\n<\/ul>\n<\/div>\n\t\t<\/div><\/div><div id=\"pgc-gb334-69e8c62faa44f-2-1\"  class=\"panel-grid-cell\" ><div id=\"panel-gb334-69e8c62faa44f-2-1-0\" class=\"so-panel widget widget_text panel-first-child panel-last-child\" data-index=\"4\" >\t\t\t<div class=\"textwidget\"><ul>\n<li>geeignet f\u00fcr kleine und gro\u00dfe Projekte, unabh\u00e4ngig von Seitenanzahl und Gr\u00f6\u00dfe,<\/li>\n<li>optimiert f\u00fcr Suchmaschinen aufgrund der technisch sehr gut aufgebauten Themes,<\/li>\n<li>optimale Leistung f\u00fcr schnelle Zugriffe und<\/li>\n<li>zukunftssicher aufgrund immer weiter wachsender Popularit\u00e4t.<\/li>\n<\/ul>\n<\/div>\n\t\t<\/div><\/div><\/div><div id=\"pg-gb334-69e8c62faa44f-3\"  class=\"panel-grid panel-no-style\" ><div id=\"pgc-gb334-69e8c62faa44f-3-0\"  class=\"panel-grid-cell\" ><div id=\"panel-gb334-69e8c62faa44f-3-0-0\" class=\"so-panel widget widget_text panel-first-child panel-last-child\" data-index=\"5\" ><h3 class=\"widget-title\">Durch Printmedien Kunden generieren<\/h3>\t\t\t<div class=\"textwidget\"><p align=\"justify\">Ihre Werbung zielgruppenspezifisch einzusetzen und zudem von der Tatsache zu profitieren, dass die Besch\u00e4ftigung mit Printmedien durch den Nutzer meist sehr intensiv und mehrfach erfolgt, das ist die Absicht hinter dem Werben mit Printmedien. Dies ist einer der gr\u00f6\u00dften Vorteile in Vergleich zu digitalen Medien. Eine Printpublikation kann auch in Situationen gelesen werden, in denen kein Zugang zum Internet besteht. Wer liest schon gerne l\u00e4ngere Texte auf seinem Smartphone?<\/p>\n<p align=\"justify\">Ein weiterer Vorteil von Printmedien ist ihre Glaubw\u00fcrdigkeit. Verbraucher empfinden kein anderes Medium als so glaubhaft und haben deshalb gr\u00f6\u00dferes Vertrauen in gedruckte Artikel als in digital publizierte. Meldungen der j\u00fcngsten Zeit \u00fcber unwahr verbreitete Neuigkeiten best\u00e4tigen diese Wahrnehmung.<\/p>\n<p align=\"justify\">Jedoch m\u00fcssen sich\u00a0Print- und Digitalmedien nicht ausschlie\u00dfen! Nutzen Sie stattdessen alle Vorteile des jeweiligen Mediums f\u00fcr Ihr Marketing. Es gibt zahlreiche Kombinationsm\u00f6glichkeiten in der Mediaplanung und alle haben die Wirkungssteigerung zum Ziel.<\/p>\n<\/div>\n\t\t<\/div><\/div><div id=\"pgc-gb334-69e8c62faa44f-3-1\"  class=\"panel-grid-cell\" ><div id=\"panel-gb334-69e8c62faa44f-3-1-0\" class=\"so-panel widget widget_text panel-first-child\" data-index=\"6\" ><h3 class=\"widget-title\">Design &amp; Layout<\/h3>\t\t\t<div class=\"textwidget\"><p align=\"justify\">Mithilfe von Software der Adobe Familie erstellen wir Ihnen gerne individuelle Designs und Layouts in Ihren Wunschformaten, egal ob Flyer, Visitenkarten oder Anzeigen in regionalen Printmedien Ihrer Wahl.<\/p>\n<\/div>\n\t\t<\/div><div id=\"panel-gb334-69e8c62faa44f-3-1-1\" class=\"so-panel widget widget_media_image panel-last-child\" data-index=\"7\" ><img width=\"1920\" height=\"960\" src=\"https:\/\/ednet-solutions.co\/itsys\/wp-content\/uploads\/sites\/14\/2020\/10\/icon-2488093-e1603876098560.png\" class=\"image wp-image-359  attachment-full size-full\" alt=\"\" loading=\"lazy\" style=\"max-width: 100%; height: auto;\" srcset=\"https:\/\/ednet-solutions.co\/itsys\/wp-content\/uploads\/sites\/14\/2020\/10\/icon-2488093-e1603876098560.png 1920w, https:\/\/ednet-solutions.co\/itsys\/wp-content\/uploads\/sites\/14\/2020\/10\/icon-2488093-e1603876098560-300x150.png 300w, https:\/\/ednet-solutions.co\/itsys\/wp-content\/uploads\/sites\/14\/2020\/10\/icon-2488093-e1603876098560-1024x512.png 1024w\" sizes=\"(max-width: 1920px) 100vw, 1920px\" \/><\/div><\/div><\/div><\/div>","protected":false},"excerpt":{"rendered":"<p>Egal ob veraltete Inhalte auf der bestehenden Internetpr\u00e4senz Ihres Unternehmens oder das g\u00e4nzliche Fehlen einer Webseite, wir unterst\u00fctzen Sie gerne bei Design- und Layoutfindung, Schreiben von Texten (mehrsprachig) und Verwalten von Inhalten. Sollten Sie noch nicht \u00fcber einen eigenen eingerichteten Webserver verf\u00fcgen, besteht die M\u00f6glichkeit einen Server in die bestehende Infrastruktur zu implementieren oder vielleicht [&hellip;]<\/p>\n","protected":false},"author":1,"featured_media":0,"parent":0,"menu_order":2,"comment_status":"closed","ping_status":"closed","template":"templates\/template-full-notitle.php","meta":[],"_links":{"self":[{"href":"https:\/\/ednet-solutions.co\/itsys\/wp-json\/wp\/v2\/pages\/334"}],"collection":[{"href":"https:\/\/ednet-solutions.co\/itsys\/wp-json\/wp\/v2\/pages"}],"about":[{"href":"https:\/\/ednet-solutions.co\/itsys\/wp-json\/wp\/v2\/types\/page"}],"author":[{"embeddable":true,"href":"https:\/\/ednet-solutions.co\/itsys\/wp-json\/wp\/v2\/users\/1"}],"replies":[{"embeddable":true,"href":"https:\/\/ednet-solutions.co\/itsys\/wp-json\/wp\/v2\/comments?post=334"}],"version-history":[{"count":1,"href":"https:\/\/ednet-solutions.co\/itsys\/wp-json\/wp\/v2\/pages\/334\/revisions"}],"predecessor-version":[{"id":827,"href":"https:\/\/ednet-solutions.co\/itsys\/wp-json\/wp\/v2\/pages\/334\/revisions\/827"}],"wp:attachment":[{"href":"https:\/\/ednet-solutions.co\/itsys\/wp-json\/wp\/v2\/media?parent=334"}],"curies":[{"name":"wp","href":"https:\/\/api.w.org\/{rel}","templated":true}]}}