{"id":56,"date":"2020-10-04T10:52:42","date_gmt":"2020-10-04T08:52:42","guid":{"rendered":"http:\/\/www.ednet-solutions.co\/?page_id=56"},"modified":"2022-02-12T21:37:16","modified_gmt":"2022-02-12T20:37:16","slug":"home","status":"publish","type":"page","link":"https:\/\/ednet-solutions.co\/itsys\/","title":{"rendered":"Home"},"content":{"rendered":"<div id=\"pl-gb56-69e8b4689077a\"  class=\"panel-layout\" ><div id=\"pg-gb56-69e8b4689077a-0\"  class=\"panel-grid panel-no-style\" ><div id=\"pgc-gb56-69e8b4689077a-0-0\"  class=\"panel-grid-cell\" ><div id=\"panel-gb56-69e8b4689077a-0-0-0\" class=\"so-panel widget widget_text panel-first-child panel-last-child\" data-index=\"0\" ><h3 class=\"widget-title\">Auf das perfekte Zusammenspiel kommt es an, nicht nur unter Ihren Mitarbeitern<\/h3>\t\t\t<div class=\"textwidget\"><p align=\"justify\">Vom Server, \u00fcber Desktop PC, bis hin zum Smartphone\u2026die gesamte IT muss perfekt zusammenarbeiten. Beim Aufbau\u00a0Ihrer Unternehmensstruktur oder bei der Einf\u00fchrung neuer Hard- und Softwarekomponenten kommt es nicht nur auf deren kurzfristige, richtige und passende Wahl an, sondern auch auf die langfristige Wartung und Pflege.<br \/>\nWir bieten f\u00fcr Ihr Unternehmen das gesamte Spektrum an Dienstleistungen und unterst\u00fctzen Sie gerne bei:<\/p>\n<\/div>\n\t\t<\/div><\/div><\/div><div id=\"pg-gb56-69e8b4689077a-1\"  class=\"panel-grid panel-no-style\" ><div id=\"pgc-gb56-69e8b4689077a-1-0\"  class=\"panel-grid-cell\" ><div id=\"panel-gb56-69e8b4689077a-1-0-0\" class=\"so-panel widget widget_circleicon-widget panel-first-child panel-last-child\" data-index=\"1\" >\t\t<div class=\"circle-icon-box circle-icon-position-top circle-icon-hide-box circle-icon-size-small\">\n\t\t\t<div class=\"circle-icon-wrapper\">\n\t\t\t\t\t\t\t\t<div class=\"circle-icon\" >\n\t\t\t\t\t<div class=\"fa fa-search\" ><\/div>\t\t\t\t<\/div>\n\t\t\t\t\t\t\t<\/div>\n\n\t\t\t\t\t\t<h4 >Analyse<\/h4>\t\t\t\n\t\t\t<p class=\"text\" ><p align=\"justify\">Stehen Sie vor einer notwendigen Neuanschaffung oder der geplanten Erweiterung bzw. Modernisierung der IT? Ihr Netzwerk oder die verwendete Hardware behindert Sie und somit die Leistung Ihrer Mitarbeiter und Ihres Unternehmens? Wir analysieren den Bestand Ihrer Informations- und Telekommunikationssysteme und liefern verl\u00e4ssliche Aussagen zu Schwachstellen und m\u00f6glichem Optimierungspotenzial. Gerne entwickeln wir auch individuelle L\u00f6sungsans\u00e4tze zur Konzeptionierung und Implementierung und sprechen technologische Empfehlungen aus.<\/p><\/p>\t\t\t\t\t<\/div>\n\t\t<\/div><\/div><div id=\"pgc-gb56-69e8b4689077a-1-1\"  class=\"panel-grid-cell\" ><div id=\"panel-gb56-69e8b4689077a-1-1-0\" class=\"so-panel widget widget_circleicon-widget panel-first-child panel-last-child\" data-index=\"2\" >\t\t<div class=\"circle-icon-box circle-icon-position-top circle-icon-hide-box circle-icon-size-small\">\n\t\t\t<div class=\"circle-icon-wrapper\">\n\t\t\t\t\t\t\t\t<div class=\"circle-icon\" >\n\t\t\t\t\t<div class=\"fa fa-plus\" ><\/div>\t\t\t\t<\/div>\n\t\t\t\t\t\t\t<\/div>\n\n\t\t\t\t\t\t<h4 >Optimierung<\/h4>\t\t\t\n\t\t\t<p class=\"text\" ><p align=\"justify\">Um heute im Wettbewerb \u00fcberhaupt bestehen zu k\u00f6nnen, stehen Unternehmen vor der Herausforderung, kosteng\u00fcnstig, effizient und kundenorientiert zu arbeiten. Die Prozessoptimierung durch die IT spielt dabei eine entscheidende Rolle, denn wer entlang der Wertsch\u00f6pfungskette denkt, kann seine Prozesse schnell optimieren und durch entsprechende individuelle IT- L\u00f6sungen neu ausrichten. Funktionierende IT- L\u00f6sungen werden somit zum entscheidenden Faktor f\u00fcr Ihr Unternehmen und f\u00fcr das reibungslose Zusammenspiel vielf\u00e4ltiger Prozesse.<\/p><\/p>\t\t\t\t\t<\/div>\n\t\t<\/div><\/div><\/div><div id=\"pg-gb56-69e8b4689077a-2\"  class=\"panel-grid panel-no-style\" ><div id=\"pgc-gb56-69e8b4689077a-2-0\"  class=\"panel-grid-cell\" ><div id=\"panel-gb56-69e8b4689077a-2-0-0\" class=\"so-panel widget widget_circleicon-widget panel-first-child panel-last-child\" data-index=\"3\" >\t\t<div class=\"circle-icon-box circle-icon-position-top circle-icon-hide-box circle-icon-size-small\">\n\t\t\t<div class=\"circle-icon-wrapper\">\n\t\t\t\t\t\t\t\t<div class=\"circle-icon\" >\n\t\t\t\t\t<div class=\"fa fa-users\" ><\/div>\t\t\t\t<\/div>\n\t\t\t\t\t\t\t<\/div>\n\n\t\t\t\t\t\t<h4 >Installation<\/h4>\t\t\t\n\t\t\t<p class=\"text\" ><p align=\"justify\">Nachdem Sie ein neues Produkt erworben haben, muss dieses wahrscheinlich angeschlossen, installiert und konfiguriert werden! Hier stehen wir Ihnen zur Seite und implementieren neue Hard- und Software in eine bestehende Infrastruktur und deren IT Prozesse, weisen Sie und Ihre Mitarbeiter falls n\u00f6tig ein und dokumentieren unsere Arbeit, um auch hinterher ggf. Fragen beantworten, eventuelle Einweisungen durchf\u00fchren und Absprachen treffen zu k\u00f6nnen.<\/p><\/p>\t\t\t\t\t<\/div>\n\t\t<\/div><\/div><div id=\"pgc-gb56-69e8b4689077a-2-1\"  class=\"panel-grid-cell\" ><div id=\"panel-gb56-69e8b4689077a-2-1-0\" class=\"so-panel widget widget_circleicon-widget panel-first-child panel-last-child\" data-index=\"4\" >\t\t<div class=\"circle-icon-box circle-icon-position-top circle-icon-hide-box circle-icon-size-small\">\n\t\t\t<div class=\"circle-icon-wrapper\">\n\t\t\t\t\t\t\t\t<div class=\"circle-icon\" >\n\t\t\t\t\t<div class=\"fa fa-refresh\" ><\/div>\t\t\t\t<\/div>\n\t\t\t\t\t\t\t<\/div>\n\n\t\t\t\t\t\t<h4 >Administration<\/h4>\t\t\t\n\t\t\t<p class=\"text\" ><p align=\"justify\">Wartung, Pflege und eine eventuelle Planung der informationstechnischen Infrastruktur eines Unternehmens geh\u00f6ren zum t\u00e4glichen Brot eines IT- Systemadministrators. Als Operatoren f\u00fchren diese die zum laufenden Betrieb der Computer und Telekommunikationsanlagen notwendigen und erforderlichen T\u00e4tigkeiten manuell aus.  Fehlt es Ihrem Unternehmen an ad\u00e4quatem Personal oder ist dieses lediglich mit der bereits vorhanden IT ausgelastet, so dass es seinem eigentlichen Tagesgesch\u00e4ft nicht nachkommt, unterst\u00fctzen wir Sie gerne vor Ort oder auch aus der Ferne mit der Verwaltung und Administration Ihrer Server, Clients und Netzwerkkomponenten, um so einen reibungslosen Ablauf zu gew\u00e4hrleisten und bei auftretenden Problemen schnell zu einer L\u00f6sung zu kommen.<\/p><\/p>\t\t\t\t\t<\/div>\n\t\t<\/div><\/div><\/div><\/div>\n\n\n<p><\/p>\n","protected":false},"excerpt":{"rendered":"<p>Vom Server, \u00fcber Desktop PC, bis hin zum Smartphone\u2026die gesamte IT muss perfekt zusammenarbeiten. Beim Aufbau\u00a0Ihrer Unternehmensstruktur oder bei der Einf\u00fchrung neuer Hard- und Softwarekomponenten kommt es nicht nur auf deren kurzfristige, richtige und passende Wahl an, sondern auch auf die langfristige Wartung und Pflege. Wir bieten f\u00fcr Ihr Unternehmen das gesamte Spektrum an Dienstleistungen [&hellip;]<\/p>\n","protected":false},"author":1,"featured_media":0,"parent":0,"menu_order":0,"comment_status":"closed","ping_status":"closed","template":"home-panels.php","meta":[],"_links":{"self":[{"href":"https:\/\/ednet-solutions.co\/itsys\/wp-json\/wp\/v2\/pages\/56"}],"collection":[{"href":"https:\/\/ednet-solutions.co\/itsys\/wp-json\/wp\/v2\/pages"}],"about":[{"href":"https:\/\/ednet-solutions.co\/itsys\/wp-json\/wp\/v2\/types\/page"}],"author":[{"embeddable":true,"href":"https:\/\/ednet-solutions.co\/itsys\/wp-json\/wp\/v2\/users\/1"}],"replies":[{"embeddable":true,"href":"https:\/\/ednet-solutions.co\/itsys\/wp-json\/wp\/v2\/comments?post=56"}],"version-history":[{"count":2,"href":"https:\/\/ednet-solutions.co\/itsys\/wp-json\/wp\/v2\/pages\/56\/revisions"}],"predecessor-version":[{"id":847,"href":"https:\/\/ednet-solutions.co\/itsys\/wp-json\/wp\/v2\/pages\/56\/revisions\/847"}],"wp:attachment":[{"href":"https:\/\/ednet-solutions.co\/itsys\/wp-json\/wp\/v2\/media?parent=56"}],"curies":[{"name":"wp","href":"https:\/\/api.w.org\/{rel}","templated":true}]}}