{"id":1044,"date":"2022-02-17T07:11:04","date_gmt":"2022-02-17T12:11:04","guid":{"rendered":"https:\/\/ednet-solutions.co\/?page_id=1044"},"modified":"2022-02-18T05:59:58","modified_gmt":"2022-02-18T10:59:58","slug":"contacto","status":"publish","type":"page","link":"https:\/\/ednet-solutions.co\/pt-br\/contacto\/","title":{"rendered":"Contato"},"content":{"rendered":"<div id=\"pl-1044\"  class=\"panel-layout\" ><div id=\"pg-1044-0\"  class=\"panel-grid panel-no-style\" ><div id=\"pgc-1044-0-0\"  class=\"panel-grid-cell\" ><div id=\"panel-1044-0-0-0\" class=\"so-panel widget_sow-editor panel-first-child panel-last-child\" data-index=\"0\" ><div\n\t\t\t\n\t\t\tclass=\"so-widget-sow-editor so-widget-sow-editor-base\"\n\t\t\t\n\t\t>\n<div class=\"siteorigin-widget-tinymce textwidget\">\n\t<div class=\"wpforms-container wpforms-container-full\" id=\"wpforms-1047\"><form id=\"wpforms-form-1047\" class=\"wpforms-validate wpforms-form\" data-formid=\"1047\" method=\"post\" enctype=\"multipart\/form-data\" action=\"\/pt-br\/wp-json\/wp\/v2\/pages\/1044\" data-token=\"6599de1103d581165c25d29d6bf8cb9b\"><noscript class=\"wpforms-error-noscript\">Ative o JavaScript no seu navegador para preencher este formul\u00e1rio.<\/noscript><div class=\"wpforms-field-container\"><div id=\"wpforms-1047-field_1-container\" class=\"wpforms-field wpforms-field-name\" data-field-id=\"1\"><label class=\"wpforms-field-label\" for=\"wpforms-1047-field_1\">Nome <span class=\"wpforms-required-label\">*<\/span><\/label><input type=\"text\" id=\"wpforms-1047-field_1\" class=\"wpforms-field-medium wpforms-field-required\" name=\"wpforms[fields][1]\" required><\/div><div id=\"wpforms-1047-field_7-container\" class=\"wpforms-field wpforms-field-text\" data-field-id=\"7\"><label class=\"wpforms-field-label\" for=\"wpforms-1047-field_7\">Endere\u00e7o <span class=\"wpforms-required-label\">*<\/span><\/label><input type=\"text\" id=\"wpforms-1047-field_7\" class=\"wpforms-field-medium wpforms-field-required\" name=\"wpforms[fields][7]\" required><\/div><div id=\"wpforms-1047-field_2-container\" class=\"wpforms-field wpforms-field-email\" data-field-id=\"2\"><label class=\"wpforms-field-label\" for=\"wpforms-1047-field_2\">E- Mail <span class=\"wpforms-required-label\">*<\/span><\/label><input type=\"email\" id=\"wpforms-1047-field_2\" class=\"wpforms-field-medium wpforms-field-required\" name=\"wpforms[fields][2]\" required><\/div><div id=\"wpforms-1047-field_4-container\" class=\"wpforms-field wpforms-field-phone\" data-field-id=\"4\"><label class=\"wpforms-field-label\" for=\"wpforms-1047-field_4\">Telefone <span class=\"wpforms-required-label\">*<\/span><\/label><input type=\"tel\" id=\"wpforms-1047-field_4\" class=\"wpforms-field-medium wpforms-field-required\" data-rule-int-phone-field=\"true\" name=\"wpforms[fields][4]\" required><\/div><div id=\"wpforms-1047-field_8-container\" class=\"wpforms-field wpforms-field-checkbox wpforms-list-2-columns\" data-field-id=\"8\"><label class=\"wpforms-field-label\" for=\"wpforms-1047-field_8\">Tipo de solicita\u00e7\u00e3o <span class=\"wpforms-required-label\">*<\/span><\/label><ul id=\"wpforms-1047-field_8\" class=\"wpforms-field-required\"><li class=\"choice-4 depth-1\"><input type=\"checkbox\" id=\"wpforms-1047-field_8_4\" name=\"wpforms[fields][8][]\" value=\"Arneses\" required ><label class=\"wpforms-field-label-inline\" for=\"wpforms-1047-field_8_4\">Arneses<\/label><\/li><li class=\"choice-1 depth-1\"><input type=\"checkbox\" id=\"wpforms-1047-field_8_1\" name=\"wpforms[fields][8][]\" value=\"CYPRES 2 DAA\" required ><label class=\"wpforms-field-label-inline\" for=\"wpforms-1047-field_8_1\">CYPRES 2 DAA<\/label><\/li><li class=\"choice-3 depth-1\"><input type=\"checkbox\" id=\"wpforms-1047-field_8_3\" name=\"wpforms[fields][8][]\" value=\"Paraquedas do reserva\" required ><label class=\"wpforms-field-label-inline\" for=\"wpforms-1047-field_8_3\">Paraquedas do reserva<\/label><\/li><li class=\"choice-6 depth-1\"><input type=\"checkbox\" id=\"wpforms-1047-field_8_6\" name=\"wpforms[fields][8][]\" value=\"Paraquedas principales\" required ><label class=\"wpforms-field-label-inline\" for=\"wpforms-1047-field_8_6\">Paraquedas principales<\/label><\/li><li class=\"choice-7 depth-1\"><input type=\"checkbox\" id=\"wpforms-1047-field_8_7\" name=\"wpforms[fields][8][]\" value=\"Rigging\" required ><label class=\"wpforms-field-label-inline\" for=\"wpforms-1047-field_8_7\">Rigging<\/label><\/li><li class=\"choice-2 depth-1\"><input type=\"checkbox\" id=\"wpforms-1047-field_8_2\" name=\"wpforms[fields][8][]\" value=\"Alt\u00edmetros\" required ><label class=\"wpforms-field-label-inline\" for=\"wpforms-1047-field_8_2\">Alt\u00edmetros<\/label><\/li><li class=\"choice-5 depth-1\"><input type=\"checkbox\" id=\"wpforms-1047-field_8_5\" name=\"wpforms[fields][8][]\" value=\"Audibles\" required ><label class=\"wpforms-field-label-inline\" for=\"wpforms-1047-field_8_5\">Audibles<\/label><\/li><li class=\"choice-10 depth-1\"><input type=\"checkbox\" id=\"wpforms-1047-field_8_10\" name=\"wpforms[fields][8][]\" value=\"Capacetes\" required ><label class=\"wpforms-field-label-inline\" for=\"wpforms-1047-field_8_10\">Capacetes<\/label><\/li><li class=\"choice-8 depth-1\"><input type=\"checkbox\" id=\"wpforms-1047-field_8_8\" name=\"wpforms[fields][8][]\" value=\"Acess\u00f3rio\" required ><label class=\"wpforms-field-label-inline\" for=\"wpforms-1047-field_8_8\">Acess\u00f3rio<\/label><\/li><li class=\"choice-9 depth-1\"><input type=\"checkbox\" id=\"wpforms-1047-field_8_9\" name=\"wpforms[fields][8][]\" value=\"Outro\" required ><label class=\"wpforms-field-label-inline\" for=\"wpforms-1047-field_8_9\">Outro<\/label><\/li><\/ul><\/div><div id=\"wpforms-1047-field_9-container\" class=\"wpforms-field wpforms-field-textarea\" data-field-id=\"9\"><label class=\"wpforms-field-label\" for=\"wpforms-1047-field_9\">Sua mensagem... <span class=\"wpforms-required-label\">*<\/span><\/label><textarea id=\"wpforms-1047-field_9\" class=\"wpforms-field-medium wpforms-field-required\" name=\"wpforms[fields][9]\" placeholder=\"Descreva brevemente o tipo de sua solicita\u00e7\u00e3o...\" required><\/textarea><\/div><\/div><div class=\"wpforms-submit-container\"><input type=\"hidden\" name=\"wpforms[id]\" value=\"1047\"><input type=\"hidden\" name=\"wpforms[author]\" value=\"1\"><button type=\"submit\" name=\"wpforms[submit]\" id=\"wpforms-submit-1047\" class=\"wpforms-submit\" data-alt-text=\"Enviando...\" data-submit-text=\"Enviar\" aria-live=\"assertive\" value=\"wpforms-submit\">Enviar<\/button><\/div><\/form><\/div>  <!-- .wpforms-container -->\n<\/div>\n<\/div><\/div><\/div><div id=\"pgc-1044-0-1\"  class=\"panel-grid-cell\" ><div id=\"panel-1044-0-1-0\" class=\"so-panel widget_sow-editor panel-first-child panel-last-child\" data-index=\"1\" ><div\n\t\t\t\n\t\t\tclass=\"so-widget-sow-editor so-widget-sow-editor-base\"\n\t\t\t\n\t\t><h3 class=\"widget-title\">EdNet Solutions Colombia S.A.S.<\/h3>\n<div class=\"siteorigin-widget-tinymce textwidget\">\n\t<p>Calle 17 #30-55<br \/>\n250051 Soacha, Cundinamarca<br \/>\nCOL\u00d4MBIA<\/p>\n<p>M\u00f3vel Co: +57 302 838 6942<br \/>\nM\u00f3vel De: +49 174 808 4979<\/p>\n<p><iframe style=\"border: 0;\" src=\"https:\/\/www.google.com\/maps\/embed?pb=!1m18!1m12!1m3!1d3977.0373509848678!2d-74.21522368542735!3d4.587319296667322!2m3!1f0!2f0!3f0!3m2!1i1024!2i768!4f13.1!3m3!1m2!1s0x8e3f9f8fc57f807f%3A0x86645e663bc02094!2sEdNet%20Solutions%20Colombia%20SAS%2C%20Calle%2017%2C%20Soacha%2C%20Cundinamarca%2C%20Kolumbien!5e0!3m2!1sde!2sde!4v1644437715431!5m2!1sde!2sde\" allowfullscreen=\"allowfullscreen\"><\/iframe><\/p>\n<\/div>\n<\/div><\/div><\/div><\/div><\/div>","protected":false},"excerpt":{"rendered":"<p>Calle 17 #30-55 250051 Soacha, Cundinamarca COL\u00d4MBIA M\u00f3vel Co: +57 302 838 6942 M\u00f3vel De: +49 174 808 4979<\/p>\n","protected":false},"author":1,"featured_media":0,"parent":0,"menu_order":2,"comment_status":"closed","ping_status":"closed","template":"templates\/template-full.php","meta":[],"_links":{"self":[{"href":"https:\/\/ednet-solutions.co\/pt-br\/wp-json\/wp\/v2\/pages\/1044"}],"collection":[{"href":"https:\/\/ednet-solutions.co\/pt-br\/wp-json\/wp\/v2\/pages"}],"about":[{"href":"https:\/\/ednet-solutions.co\/pt-br\/wp-json\/wp\/v2\/types\/page"}],"author":[{"embeddable":true,"href":"https:\/\/ednet-solutions.co\/pt-br\/wp-json\/wp\/v2\/users\/1"}],"replies":[{"embeddable":true,"href":"https:\/\/ednet-solutions.co\/pt-br\/wp-json\/wp\/v2\/comments?post=1044"}],"version-history":[{"count":0,"href":"https:\/\/ednet-solutions.co\/pt-br\/wp-json\/wp\/v2\/pages\/1044\/revisions"}],"wp:attachment":[{"href":"https:\/\/ednet-solutions.co\/pt-br\/wp-json\/wp\/v2\/media?parent=1044"}],"curies":[{"name":"wp","href":"https:\/\/api.w.org\/{rel}","templated":true}]}}