{"id":1590,"date":"2022-02-19T06:24:45","date_gmt":"2022-02-19T11:24:45","guid":{"rendered":"https:\/\/ednet-solutions.co\/produkte\/cypres-2-expert\/"},"modified":"2022-02-23T01:05:13","modified_gmt":"2022-02-23T06:05:13","slug":"cypres-2-expert","status":"publish","type":"page","link":"https:\/\/ednet-solutions.co\/pt-br\/produkte\/cypres-2-expert\/","title":{"rendered":"Expert CYPRES 2"},"content":{"rendered":"<div id=\"pl-1590\"  class=\"panel-layout\" ><div id=\"pg-1590-0\"  class=\"panel-grid panel-no-style\" ><div id=\"pgc-1590-0-0\"  class=\"panel-grid-cell\" ><div id=\"panel-1590-0-0-0\" class=\"so-panel widget_headline-widget panel-first-child panel-last-child\" data-index=\"0\" >\t\t<h1>Expert CYPRES 2<\/h1>\n\t\t<div class=\"decoration\"><div class=\"decoration-inside\"><\/div><\/div>\n\t\t<h3>Zuverl\u00e4ssigkeit \"made in Germany\"<\/h3>\n\t\t<\/div><\/div><\/div><div id=\"pg-1590-1\"  class=\"panel-grid panel-no-style\" ><div id=\"pgc-1590-1-0\"  class=\"panel-grid-cell\" ><div id=\"panel-1590-1-0-0\" class=\"so-panel widget_sow-image panel-first-child panel-last-child\" data-index=\"1\" ><div\n\t\t\t\n\t\t\tclass=\"so-widget-sow-image so-widget-sow-image-default-5b99f59c01c9-1590\"\n\t\t\t\n\t\t>\n<div class=\"sow-image-container\">\n\t\t\t<a href=\"https:\/\/www.cypres.aero\/product\/expert-cypres-2\/\"\n\t\t\ttarget=\"_blank\" rel=\"noopener noreferrer\" \t\t>\n\t\t\t<img \n\tsrc=\"https:\/\/ednet-solutions.co\/wp-content\/uploads\/2022\/02\/Featured-Specs-Expert-1200x720-1-300x180.jpg\" width=\"300\" height=\"180\" srcset=\"https:\/\/ednet-solutions.co\/wp-content\/uploads\/2022\/02\/Featured-Specs-Expert-1200x720-1-300x180.jpg 300w, https:\/\/ednet-solutions.co\/wp-content\/uploads\/2022\/02\/Featured-Specs-Expert-1200x720-1-1024x614.jpg 1024w, https:\/\/ednet-solutions.co\/wp-content\/uploads\/2022\/02\/Featured-Specs-Expert-1200x720-1-768x461.jpg 768w, https:\/\/ednet-solutions.co\/wp-content\/uploads\/2022\/02\/Featured-Specs-Expert-1200x720-1.jpg 1200w\" sizes=\"(max-width: 300px) 100vw, 300px\" title=\"Expert CYPRES 2\" alt=\"\" loading=\"lazy\" \t\tclass=\"so-widget-image\"\/>\n\t\t\t<\/a><\/div>\n\n<\/div><\/div><\/div><div id=\"pgc-1590-1-1\"  class=\"panel-grid-cell\" ><div id=\"panel-1590-1-1-0\" class=\"so-panel widget_text panel-first-child panel-last-child\" data-index=\"2\" >\t\t\t<div class=\"textwidget\"><p><a href=\"https:\/\/www.cypres.aero\/product\/expert-cypres-2\/specifications\/\" target=\"_blank\" rel=\"noopener\"><img loading=\"lazy\" class=\"alignright wp-image-1464\" src=\"https:\/\/ednet-solutions.co\/wp-content\/uploads\/2022\/02\/Expert-CYPRES-2-159x300.png\" alt=\"\" width=\"317\" height=\"600\" srcset=\"https:\/\/ednet-solutions.co\/wp-content\/uploads\/2022\/02\/Expert-CYPRES-2-159x300.png 159w, https:\/\/ednet-solutions.co\/wp-content\/uploads\/2022\/02\/Expert-CYPRES-2-541x1024.png 541w, https:\/\/ednet-solutions.co\/wp-content\/uploads\/2022\/02\/Expert-CYPRES-2-768x1453.png 768w, https:\/\/ednet-solutions.co\/wp-content\/uploads\/2022\/02\/Expert-CYPRES-2-812x1536.png 812w, https:\/\/ednet-solutions.co\/wp-content\/uploads\/2022\/02\/Expert-CYPRES-2.png 862w\" sizes=\"(max-width: 317px) 100vw, 317px\" \/><\/a><\/p>\n<p align=\"justify\">Was k\u00f6nnte die \u00fcberragende Qualit\u00e4t und Zuverl\u00e4ssigkeit des Expert CYPRES 2 besser zum Ausdruck bringen als die Tatsache, dass dieses AAD heute zum unverzichtbaren Sicherheitssystem jedes qualifizierten Fallschirmspringers geworden ist. Denn das Expert CYPRES 2 garantiert Dir bei praktisch jedem Sprungszenario eine sichere Fallschirmnotausl\u00f6sung.<\/p>\n<p align=\"justify\">Achte bei der Wahl Deines <strong>Expert CYPRES 2<\/strong> ganz einfach auf das unverwechselbare Qualit\u00e4tskennzeichen: Den <strong>roten Knopf<\/strong>.<\/p>\n<p>Spezielle Parameter:<\/p>\n<p><strong>Aul\u00f6segeschwindigkeit<\/strong><br \/>\nca. \u2265 35 m\/s<\/p>\n<p><strong>Ausl\u00f6seh\u00f6he\/ -fenster<\/strong><br \/>\nca. 225 &#8211; 40 m<\/p>\n<\/div>\n\t\t<\/div><\/div><\/div><\/div>","protected":false},"excerpt":{"rendered":"<p>Was k\u00f6nnte die \u00fcberragende Qualit\u00e4t und Zuverl\u00e4ssigkeit des Expert CYPRES 2 besser zum Ausdruck bringen als die Tatsache, dass dieses AAD heute zum unverzichtbaren Sicherheitssystem jedes qualifizierten Fallschirmspringers geworden ist. Denn das Expert CYPRES 2 garantiert Dir bei praktisch jedem Sprungszenario eine sichere Fallschirmnotausl\u00f6sung. Achte bei der Wahl Deines Expert CYPRES 2 ganz einfach auf [&hellip;]<\/p>\n","protected":false},"author":1,"featured_media":0,"parent":1145,"menu_order":3,"comment_status":"closed","ping_status":"closed","template":"templates\/template-full-notitle.php","meta":[],"_links":{"self":[{"href":"https:\/\/ednet-solutions.co\/pt-br\/wp-json\/wp\/v2\/pages\/1590"}],"collection":[{"href":"https:\/\/ednet-solutions.co\/pt-br\/wp-json\/wp\/v2\/pages"}],"about":[{"href":"https:\/\/ednet-solutions.co\/pt-br\/wp-json\/wp\/v2\/types\/page"}],"author":[{"embeddable":true,"href":"https:\/\/ednet-solutions.co\/pt-br\/wp-json\/wp\/v2\/users\/1"}],"replies":[{"embeddable":true,"href":"https:\/\/ednet-solutions.co\/pt-br\/wp-json\/wp\/v2\/comments?post=1590"}],"version-history":[{"count":4,"href":"https:\/\/ednet-solutions.co\/pt-br\/wp-json\/wp\/v2\/pages\/1590\/revisions"}],"predecessor-version":[{"id":2658,"href":"https:\/\/ednet-solutions.co\/pt-br\/wp-json\/wp\/v2\/pages\/1590\/revisions\/2658"}],"up":[{"embeddable":true,"href":"https:\/\/ednet-solutions.co\/pt-br\/wp-json\/wp\/v2\/pages\/1145"}],"wp:attachment":[{"href":"https:\/\/ednet-solutions.co\/pt-br\/wp-json\/wp\/v2\/media?parent=1590"}],"curies":[{"name":"wp","href":"https:\/\/api.w.org\/{rel}","templated":true}]}}