{"id":1596,"date":"2022-02-19T09:14:39","date_gmt":"2022-02-19T14:14:39","guid":{"rendered":"https:\/\/ednet-solutions.co\/produkte\/student-cypres-2\/"},"modified":"2022-02-23T13:46:43","modified_gmt":"2022-02-23T18:46:43","slug":"student-cypres-2","status":"publish","type":"page","link":"https:\/\/ednet-solutions.co\/pt-br\/produkte\/student-cypres-2\/","title":{"rendered":"Student CYPRES 2"},"content":{"rendered":"<div id=\"pl-gb1596-69e8cbc3007a1\"  class=\"panel-layout\" ><div id=\"pg-gb1596-69e8cbc3007a1-0\"  class=\"panel-grid panel-no-style\" ><div id=\"pgc-gb1596-69e8cbc3007a1-0-0\"  class=\"panel-grid-cell\" ><div id=\"panel-gb1596-69e8cbc3007a1-0-0-0\" class=\"so-panel widget_headline-widget panel-first-child panel-last-child\" data-index=\"0\" >\t\t<h1>Student CYPRES 2<\/h1>\n\t\t<div class=\"decoration\"><div class=\"decoration-inside\"><\/div><\/div>\n\t\t<h3>Mehr Sicherheit am Schirm, mehr Reaktionszeit f\u00fcr die Landevorbereitung<\/h3>\n\t\t<\/div><\/div><\/div><div id=\"pg-gb1596-69e8cbc3007a1-1\"  class=\"panel-grid panel-no-style\" ><div id=\"pgc-gb1596-69e8cbc3007a1-1-0\"  class=\"panel-grid-cell\" ><div id=\"panel-gb1596-69e8cbc3007a1-1-0-0\" class=\"so-panel widget_sow-image panel-first-child panel-last-child\" data-index=\"1\" ><div\n\t\t\t\n\t\t\tclass=\"so-widget-sow-image so-widget-sow-image-default-5b99f59c01c9-1596\"\n\t\t\t\n\t\t>\n<div class=\"sow-image-container\">\n\t\t\t<a href=\"https:\/\/www.cypres.aero\/product\/student-cypres-2\/\"\n\t\t\ttarget=\"_blank\" rel=\"noopener noreferrer\" \t\t>\n\t\t\t<img \n\tsrc=\"https:\/\/ednet-solutions.co\/wp-content\/uploads\/2022\/02\/Stu_3319c-400x276-1-300x207.jpg\" width=\"300\" height=\"207\" srcset=\"https:\/\/ednet-solutions.co\/wp-content\/uploads\/2022\/02\/Stu_3319c-400x276-1-300x207.jpg 300w, https:\/\/ednet-solutions.co\/wp-content\/uploads\/2022\/02\/Stu_3319c-400x276-1.jpg 400w\" sizes=\"(max-width: 300px) 100vw, 300px\" title=\"Student CYPRES 2\" alt=\"\" loading=\"lazy\" \t\tclass=\"so-widget-image\"\/>\n\t\t\t<\/a><\/div>\n\n<\/div><\/div><\/div><div id=\"pgc-gb1596-69e8cbc3007a1-1-1\"  class=\"panel-grid-cell\" ><div id=\"panel-gb1596-69e8cbc3007a1-1-1-0\" class=\"so-panel widget_text panel-first-child panel-last-child\" data-index=\"2\" >\t\t\t<div class=\"textwidget\"><p><a href=\"https:\/\/www.cypres.aero\/product\/student-cypres-2\/specifications-students\/\" target=\"_blank\" rel=\"noopener\"><img loading=\"lazy\" class=\"alignright wp-image-1531\" src=\"https:\/\/ednet-solutions.co\/wp-content\/uploads\/2022\/02\/Student-CYPRES-2-537x1024.png\" alt=\"\" width=\"314\" height=\"600\" srcset=\"https:\/\/ednet-solutions.co\/wp-content\/uploads\/2022\/02\/Student-CYPRES-2-537x1024.png 537w, https:\/\/ednet-solutions.co\/wp-content\/uploads\/2022\/02\/Student-CYPRES-2-157x300.png 157w, https:\/\/ednet-solutions.co\/wp-content\/uploads\/2022\/02\/Student-CYPRES-2-768x1465.png 768w, https:\/\/ednet-solutions.co\/wp-content\/uploads\/2022\/02\/Student-CYPRES-2-805x1536.png 805w, https:\/\/ednet-solutions.co\/wp-content\/uploads\/2022\/02\/Student-CYPRES-2.png 871w\" sizes=\"(max-width: 314px) 100vw, 314px\" \/><\/a><\/p>\n<p align=\"justify\">Das Student CYPRES 2 ist ein \u00d6ffnungsautomat, der speziell f\u00fcr die Ausbildung entwickelt wurde.<\/p>\n<p align=\"justify\">Im Gegensatz zum Expert CYPRES 2 liegt die Aktivierungsh\u00f6he bei 300 Meter, so kannst Du auch Schrecksituationen wie z.B. bei einem partiell ge\u00f6ffneten Hauptschirm sicher meistern.<\/p>\n<p align=\"justify\">In dem Fall bleibt Dir mit dem Student CYPRES 2 extra viel Zeit zur Verf\u00fcgung, um Deine Landung vorzubereiten.<\/p>\n<p align=\"justify\">Das besondere Kennzeichen des <strong>Student CYPRES 2<\/strong> ist der <strong>gelbe Bedienknopf<\/strong> und die Aufschrift <strong>Student<\/strong>.<\/p>\n<p>Spezielle Parameter:<\/p>\n<p><strong>Ausl\u00f6segeschwindigkeit<\/strong><br \/>\nca. \u2265 13 m\/s<\/p>\n<p><strong>Ausl\u00f6seh\u00f6he\/ -fenster<\/strong><br \/>\nca. 300 &#8211; 40 m<\/p>\n<\/div>\n\t\t<\/div><\/div><\/div><\/div>\n\n\n<p><\/p>\n","protected":false},"excerpt":{"rendered":"<p>Das Student CYPRES 2 ist ein \u00d6ffnungsautomat, der speziell f\u00fcr die Ausbildung entwickelt wurde. Im Gegensatz zum Expert CYPRES 2 liegt die Aktivierungsh\u00f6he bei 300 Meter, so kannst Du auch Schrecksituationen wie z.B. bei einem partiell ge\u00f6ffneten Hauptschirm sicher meistern. In dem Fall bleibt Dir mit dem Student CYPRES 2 extra viel Zeit zur Verf\u00fcgung, [&hellip;]<\/p>\n","protected":false},"author":1,"featured_media":0,"parent":1145,"menu_order":5,"comment_status":"closed","ping_status":"closed","template":"templates\/template-full-notitle.php","meta":[],"_links":{"self":[{"href":"https:\/\/ednet-solutions.co\/pt-br\/wp-json\/wp\/v2\/pages\/1596"}],"collection":[{"href":"https:\/\/ednet-solutions.co\/pt-br\/wp-json\/wp\/v2\/pages"}],"about":[{"href":"https:\/\/ednet-solutions.co\/pt-br\/wp-json\/wp\/v2\/types\/page"}],"author":[{"embeddable":true,"href":"https:\/\/ednet-solutions.co\/pt-br\/wp-json\/wp\/v2\/users\/1"}],"replies":[{"embeddable":true,"href":"https:\/\/ednet-solutions.co\/pt-br\/wp-json\/wp\/v2\/comments?post=1596"}],"version-history":[{"count":3,"href":"https:\/\/ednet-solutions.co\/pt-br\/wp-json\/wp\/v2\/pages\/1596\/revisions"}],"predecessor-version":[{"id":2790,"href":"https:\/\/ednet-solutions.co\/pt-br\/wp-json\/wp\/v2\/pages\/1596\/revisions\/2790"}],"up":[{"embeddable":true,"href":"https:\/\/ednet-solutions.co\/pt-br\/wp-json\/wp\/v2\/pages\/1145"}],"wp:attachment":[{"href":"https:\/\/ednet-solutions.co\/pt-br\/wp-json\/wp\/v2\/media?parent=1596"}],"curies":[{"name":"wp","href":"https:\/\/api.w.org\/{rel}","templated":true}]}}