{"id":1599,"date":"2022-02-19T09:41:51","date_gmt":"2022-02-19T14:41:51","guid":{"rendered":"https:\/\/ednet-solutions.co\/produkte\/tandem-cypres-2\/"},"modified":"2022-02-23T13:43:50","modified_gmt":"2022-02-23T18:43:50","slug":"tandem-cypres-2","status":"publish","type":"page","link":"https:\/\/ednet-solutions.co\/pt-br\/produkte\/tandem-cypres-2\/","title":{"rendered":"Tandem CYPRES 2"},"content":{"rendered":"<div id=\"pl-1599\"  class=\"panel-layout\" ><div id=\"pg-1599-0\"  class=\"panel-grid panel-no-style\" ><div id=\"pgc-1599-0-0\"  class=\"panel-grid-cell\" ><div id=\"panel-1599-0-0-0\" class=\"so-panel widget_headline-widget panel-first-child panel-last-child\" data-index=\"0\" >\t\t<h1>Tandem CYPRES 2<\/h1>\n\t\t<div class=\"decoration\"><div class=\"decoration-inside\"><\/div><\/div>\n\t\t<h3>Zuverl\u00e4ssige Sicherheit f\u00fcr Zwei<\/h3>\n\t\t<\/div><\/div><\/div><div id=\"pg-1599-1\"  class=\"panel-grid panel-no-style\" ><div id=\"pgc-1599-1-0\"  class=\"panel-grid-cell\" ><div id=\"panel-1599-1-0-0\" class=\"so-panel widget_sow-image panel-first-child panel-last-child\" data-index=\"1\" ><div\n\t\t\t\n\t\t\tclass=\"so-widget-sow-image so-widget-sow-image-default-5b99f59c01c9-1599\"\n\t\t\t\n\t\t>\n<div class=\"sow-image-container\">\n\t\t\t<a href=\"https:\/\/www.cypres.aero\/product\/tandem-cypres-2\/\"\n\t\t\ttarget=\"_blank\" rel=\"noopener noreferrer\" \t\t>\n\t\t\t<img \n\tsrc=\"https:\/\/ednet-solutions.co\/wp-content\/uploads\/2022\/02\/Tan_3312c-400x276-1-300x207.jpg\" width=\"300\" height=\"207\" srcset=\"https:\/\/ednet-solutions.co\/wp-content\/uploads\/2022\/02\/Tan_3312c-400x276-1-300x207.jpg 300w, https:\/\/ednet-solutions.co\/wp-content\/uploads\/2022\/02\/Tan_3312c-400x276-1.jpg 400w\" sizes=\"(max-width: 300px) 100vw, 300px\" title=\"Tandem CYPRES 2\" alt=\"\" loading=\"lazy\" \t\tclass=\"so-widget-image\"\/>\n\t\t\t<\/a><\/div>\n\n<\/div><\/div><\/div><div id=\"pgc-1599-1-1\"  class=\"panel-grid-cell\" ><div id=\"panel-1599-1-1-0\" class=\"so-panel widget_text panel-first-child panel-last-child\" data-index=\"2\" >\t\t\t<div class=\"textwidget\"><p><a href=\"https:\/\/www.cypres.aero\/product\/tandem-cypres-2\/specifications-tandem\/\" target=\"_blank\" rel=\"noopener\"><img loading=\"lazy\" class=\"alignright wp-image-1560\" src=\"https:\/\/ednet-solutions.co\/wp-content\/uploads\/2022\/02\/Tandem-CYPRES-2-537x1024.png\" alt=\"\" width=\"315\" height=\"600\" srcset=\"https:\/\/ednet-solutions.co\/wp-content\/uploads\/2022\/02\/Tandem-CYPRES-2-537x1024.png 537w, https:\/\/ednet-solutions.co\/wp-content\/uploads\/2022\/02\/Tandem-CYPRES-2-157x300.png 157w, https:\/\/ednet-solutions.co\/wp-content\/uploads\/2022\/02\/Tandem-CYPRES-2-768x1465.png 768w, https:\/\/ednet-solutions.co\/wp-content\/uploads\/2022\/02\/Tandem-CYPRES-2-805x1536.png 805w, https:\/\/ednet-solutions.co\/wp-content\/uploads\/2022\/02\/Tandem-CYPRES-2.png 871w\" sizes=\"(max-width: 315px) 100vw, 315px\" \/><\/a><\/p>\n<p align=\"justify\">Der Tandemsprung erfordert vom Tandemmaster nicht nur besondere F\u00e4higkeiten, sondern insbesondere auch ein hohes Verantwortungsgef\u00fchl f\u00fcr seinen Passagier.<\/p>\n<p>Damit der Spa\u00df nicht mit einem t\u00f6dlichen Schrecken endet, haben wir ein spezielles AAD entwickelt, damit Du auch bei Tandemsp\u00fcngen von der zuverl\u00e4ssigen CYPRES-Sicherheitsqualit\u00e4t profitieren kannst: Das Tandem CYPRES 2.<\/p>\n<p>Du kannst das <strong>Tandem CYPRES 2<\/strong> \u00a0leicht am markant\u00a0<strong>blauen Knopf<\/strong> und der Aufschrift <strong>Tandem<\/strong> erkennen.<\/p>\n<p>F\u00fcr maximale Sicherheit ist das Tandem CYPRES 2 auf die gepr\u00fcfte Aktivierungsh\u00f6he von 580 Meter eingestellt.<\/p>\n<p>Spezielle Parameter:<\/p>\n<p><strong>Aul\u00f6segeschwindigkeit<\/strong><br \/>\nca. \u2265 35 m\/s<\/p>\n<p><strong>Ausl\u00f6seh\u00f6he\/ -fenster<\/strong><br \/>\nca. 580 &#8211; 40 m<\/p>\n<\/div>\n\t\t<\/div><\/div><\/div><\/div>","protected":false},"excerpt":{"rendered":"<p>Der Tandemsprung erfordert vom Tandemmaster nicht nur besondere F\u00e4higkeiten, sondern insbesondere auch ein hohes Verantwortungsgef\u00fchl f\u00fcr seinen Passagier. Damit der Spa\u00df nicht mit einem t\u00f6dlichen Schrecken endet, haben wir ein spezielles AAD entwickelt, damit Du auch bei Tandemsp\u00fcngen von der zuverl\u00e4ssigen CYPRES-Sicherheitsqualit\u00e4t profitieren kannst: Das Tandem CYPRES 2. Du kannst das Tandem CYPRES 2 \u00a0leicht [&hellip;]<\/p>\n","protected":false},"author":1,"featured_media":0,"parent":1145,"menu_order":6,"comment_status":"closed","ping_status":"closed","template":"templates\/template-full-notitle.php","meta":[],"_links":{"self":[{"href":"https:\/\/ednet-solutions.co\/pt-br\/wp-json\/wp\/v2\/pages\/1599"}],"collection":[{"href":"https:\/\/ednet-solutions.co\/pt-br\/wp-json\/wp\/v2\/pages"}],"about":[{"href":"https:\/\/ednet-solutions.co\/pt-br\/wp-json\/wp\/v2\/types\/page"}],"author":[{"embeddable":true,"href":"https:\/\/ednet-solutions.co\/pt-br\/wp-json\/wp\/v2\/users\/1"}],"replies":[{"embeddable":true,"href":"https:\/\/ednet-solutions.co\/pt-br\/wp-json\/wp\/v2\/comments?post=1599"}],"version-history":[{"count":4,"href":"https:\/\/ednet-solutions.co\/pt-br\/wp-json\/wp\/v2\/pages\/1599\/revisions"}],"predecessor-version":[{"id":2785,"href":"https:\/\/ednet-solutions.co\/pt-br\/wp-json\/wp\/v2\/pages\/1599\/revisions\/2785"}],"up":[{"embeddable":true,"href":"https:\/\/ednet-solutions.co\/pt-br\/wp-json\/wp\/v2\/pages\/1145"}],"wp:attachment":[{"href":"https:\/\/ednet-solutions.co\/pt-br\/wp-json\/wp\/v2\/media?parent=1599"}],"curies":[{"name":"wp","href":"https:\/\/api.w.org\/{rel}","templated":true}]}}