{"id":1602,"date":"2022-02-19T09:25:38","date_gmt":"2022-02-19T14:25:38","guid":{"rendered":"https:\/\/ednet-solutions.co\/produkte\/changeable-mode-cypres-2\/"},"modified":"2022-02-23T14:14:25","modified_gmt":"2022-02-23T19:14:25","slug":"changeable-mode-cypres-2","status":"publish","type":"page","link":"https:\/\/ednet-solutions.co\/pt-br\/produkte\/changeable-mode-cypres-2\/","title":{"rendered":"changeable MODE CYPRES 2"},"content":{"rendered":"<div id=\"pl-gb1602-69e8dd308f6f5\"  class=\"panel-layout\" ><div id=\"pg-gb1602-69e8dd308f6f5-0\"  class=\"panel-grid panel-no-style\" ><div id=\"pgc-gb1602-69e8dd308f6f5-0-0\"  class=\"panel-grid-cell\" ><div id=\"panel-gb1602-69e8dd308f6f5-0-0-0\" class=\"so-panel widget_headline-widget panel-first-child panel-last-child\" data-index=\"0\" >\t\t<h1>changeable MODE CYPRES 2<\/h1>\n\t\t<div class=\"decoration\"><div class=\"decoration-inside\"><\/div><\/div>\n\t\t<h3>F\u00fcr den professionellen Anwender<\/h3>\n\t\t<\/div><\/div><\/div><div id=\"pg-gb1602-69e8dd308f6f5-1\"  class=\"panel-grid panel-no-style\" ><div id=\"pgc-gb1602-69e8dd308f6f5-1-0\"  class=\"panel-grid-cell\" ><div id=\"panel-gb1602-69e8dd308f6f5-1-0-0\" class=\"so-panel widget_sow-image panel-first-child panel-last-child\" data-index=\"1\" ><div\n\t\t\t\n\t\t\tclass=\"so-widget-sow-image so-widget-sow-image-default-5b99f59c01c9-1602\"\n\t\t\t\n\t\t>\n<div class=\"sow-image-container\">\n\t\t\t<a href=\"https:\/\/www.cypres.aero\/product\/changeable-mode-cypres-2\/\"\n\t\t\ttarget=\"_blank\" rel=\"noopener noreferrer\" \t\t>\n\t\t\t<img \n\tsrc=\"https:\/\/ednet-solutions.co\/wp-content\/uploads\/2022\/02\/CM_3324c-400x276-1-300x207.jpg\" width=\"300\" height=\"207\" srcset=\"https:\/\/ednet-solutions.co\/wp-content\/uploads\/2022\/02\/CM_3324c-400x276-1-300x207.jpg 300w, https:\/\/ednet-solutions.co\/wp-content\/uploads\/2022\/02\/CM_3324c-400x276-1.jpg 400w\" sizes=\"(max-width: 300px) 100vw, 300px\" title=\"changeable MODE CYPRES 2\" alt=\"\" loading=\"lazy\" \t\tclass=\"so-widget-image\"\/>\n\t\t\t<\/a><\/div>\n\n<\/div><\/div><\/div><div id=\"pgc-gb1602-69e8dd308f6f5-1-1\"  class=\"panel-grid-cell\" ><div id=\"panel-gb1602-69e8dd308f6f5-1-1-0\" class=\"so-panel widget_text panel-first-child panel-last-child\" data-index=\"2\" >\t\t\t<div class=\"textwidget\"><p><a href=\"https:\/\/www.cypres.aero\/product\/changeable-mode-cypres-2\/specifications-changeable-mode\/\" target=\"_blank\" rel=\"noopener\"><img loading=\"lazy\" class=\"alignright wp-image-1542\" src=\"https:\/\/ednet-solutions.co\/wp-content\/uploads\/2022\/02\/CMode-CYPRES-2-537x1024.png\" alt=\"\" width=\"315\" height=\"600\" srcset=\"https:\/\/ednet-solutions.co\/wp-content\/uploads\/2022\/02\/CMode-CYPRES-2-537x1024.png 537w, https:\/\/ednet-solutions.co\/wp-content\/uploads\/2022\/02\/CMode-CYPRES-2-157x300.png 157w, https:\/\/ednet-solutions.co\/wp-content\/uploads\/2022\/02\/CMode-CYPRES-2-768x1465.png 768w, https:\/\/ednet-solutions.co\/wp-content\/uploads\/2022\/02\/CMode-CYPRES-2-805x1536.png 805w, https:\/\/ednet-solutions.co\/wp-content\/uploads\/2022\/02\/CMode-CYPRES-2.png 872w\" sizes=\"(max-width: 315px) 100vw, 315px\" \/><\/a><\/p>\n<p align=\"justify\">Das changeable MODE \u00adCYPRES 2 ist der n\u00e4chste Schritt unserer AAD Technologie. Es kombiniert die sprichw\u00f6rtliche CYPRES Zuverl\u00e4ssigkeit \u201cMade in Germany\u201d und den Wunsch nach erweiterter Flexibilit\u00e4t bei der Anwendung.<\/p>\n<p>Eigenschaften<br \/>\n\u2022 Flexibler Wechsel des Modus durch den Benutzer<br \/>\n\u2022 Sichere Einstellprozedur<br \/>\n\u2022 Blockieren einer ungewollten Einstellung<\/p>\n<p align=\"justify\">Der Anwender kann eigenst\u00e4ndig zwischen den Betriebsmodi (Expert &#8211; Student &#8211; Tandem &#8211; Speed) umschalten. Das ist beispielsweise hilfreich, wenn das Ger\u00e4t in Sport, Tandem und Sch\u00fcler Rigs genutzt wird. Eine ausgekl\u00fcgelte Eingabeprozedur verhindert das unbeabsichtigte Umstellen. Die sonstige Handhabung ist absolut identisch mit jedem anderen CYPRES 2. Wenn das Ger\u00e4t eingeschaltet ist, wird der Modus im Display immer durch das entsprechende Segment unterhalb der eingravierten Betriebsart signalisiert.<\/p>\n<p align=\"justify\">Das <strong>changeable MODE CYPRES 2<\/strong> erkennst Du ganz einfach am <strong>magenta Knopf <\/strong>mit wei\u00dfer Aufschrift <strong>changeable MODE<\/strong>.<\/p>\n<p>Spezielle Parameter:<\/p>\n<p><strong>Ausl\u00f6segeschwindigkeit<\/strong><br \/>\ndem gew\u00e4hlten Betriebsmodus entsprechend<\/p>\n<p><strong>Ausl\u00f6seh\u00f6he\/ -fenster<\/strong><br \/>\ndem gew\u00e4hlten Betriebsmodus entsprechend<\/p>\n<\/div>\n\t\t<\/div><\/div><\/div><\/div>\n\n\n<p><\/p>\n","protected":false},"excerpt":{"rendered":"<p>Das changeable MODE \u00adCYPRES 2 ist der n\u00e4chste Schritt unserer AAD Technologie. Es kombiniert die sprichw\u00f6rtliche CYPRES Zuverl\u00e4ssigkeit \u201cMade in Germany\u201d und den Wunsch nach erweiterter Flexibilit\u00e4t bei der Anwendung. Eigenschaften \u2022 Flexibler Wechsel des Modus durch den Benutzer \u2022 Sichere Einstellprozedur \u2022 Blockieren einer ungewollten Einstellung Der Anwender kann eigenst\u00e4ndig zwischen den Betriebsmodi (Expert [&hellip;]<\/p>\n","protected":false},"author":1,"featured_media":0,"parent":1145,"menu_order":7,"comment_status":"closed","ping_status":"closed","template":"templates\/template-full-notitle.php","meta":[],"_links":{"self":[{"href":"https:\/\/ednet-solutions.co\/pt-br\/wp-json\/wp\/v2\/pages\/1602"}],"collection":[{"href":"https:\/\/ednet-solutions.co\/pt-br\/wp-json\/wp\/v2\/pages"}],"about":[{"href":"https:\/\/ednet-solutions.co\/pt-br\/wp-json\/wp\/v2\/types\/page"}],"author":[{"embeddable":true,"href":"https:\/\/ednet-solutions.co\/pt-br\/wp-json\/wp\/v2\/users\/1"}],"replies":[{"embeddable":true,"href":"https:\/\/ednet-solutions.co\/pt-br\/wp-json\/wp\/v2\/comments?post=1602"}],"version-history":[{"count":4,"href":"https:\/\/ednet-solutions.co\/pt-br\/wp-json\/wp\/v2\/pages\/1602\/revisions"}],"predecessor-version":[{"id":2814,"href":"https:\/\/ednet-solutions.co\/pt-br\/wp-json\/wp\/v2\/pages\/1602\/revisions\/2814"}],"up":[{"embeddable":true,"href":"https:\/\/ednet-solutions.co\/pt-br\/wp-json\/wp\/v2\/pages\/1145"}],"wp:attachment":[{"href":"https:\/\/ednet-solutions.co\/pt-br\/wp-json\/wp\/v2\/media?parent=1602"}],"curies":[{"name":"wp","href":"https:\/\/api.w.org\/{rel}","templated":true}]}}