{"id":1641,"date":"2022-02-19T12:10:54","date_gmt":"2022-02-19T17:10:54","guid":{"rendered":"https:\/\/ednet-solutions.co\/produkte\/wingsuit-cypres-2\/"},"modified":"2022-02-23T01:22:48","modified_gmt":"2022-02-23T06:22:48","slug":"wingsuit-cypres-2","status":"publish","type":"page","link":"https:\/\/ednet-solutions.co\/pt-br\/produkte\/wingsuit-cypres-2\/","title":{"rendered":"Wingsuit CYPRES 2"},"content":{"rendered":"<div id=\"pl-gb1641-69e8cb15a2ab4\"  class=\"panel-layout\" ><div id=\"pg-gb1641-69e8cb15a2ab4-0\"  class=\"panel-grid panel-no-style\" ><div id=\"pgc-gb1641-69e8cb15a2ab4-0-0\"  class=\"panel-grid-cell\" ><div id=\"panel-gb1641-69e8cb15a2ab4-0-0-0\" class=\"so-panel widget_headline-widget panel-first-child panel-last-child\" data-index=\"0\" >\t\t<h1>Wingsuit CYPRES 2 &#8211; WSC<\/h1>\n\t\t<div class=\"decoration\"><div class=\"decoration-inside\"><\/div><\/div>\n\t\t<h3>Ein AAD ma\u00dfgeschneidert f\u00fcr Wingsuitpiloten<\/h3>\n\t\t<\/div><\/div><\/div><div id=\"pg-gb1641-69e8cb15a2ab4-1\"  class=\"panel-grid panel-no-style\" ><div id=\"pgc-gb1641-69e8cb15a2ab4-1-0\"  class=\"panel-grid-cell\" ><div id=\"panel-gb1641-69e8cb15a2ab4-1-0-0\" class=\"so-panel widget_sow-image panel-first-child panel-last-child\" data-index=\"1\" ><div\n\t\t\t\n\t\t\tclass=\"so-widget-sow-image so-widget-sow-image-default-8b5b6f678277-1641\"\n\t\t\t\n\t\t>\n<div class=\"sow-image-container\">\n\t\t\t<a href=\"https:\/\/www.cypres.aero\/product\/wingsuit-cypres-2-2\/\"\n\t\t\ttarget=\"_blank\" rel=\"noopener noreferrer\" \t\t>\n\t\t\t<img \n\tsrc=\"https:\/\/ednet-solutions.co\/wp-content\/uploads\/2022\/02\/WSC-small-300x215.jpg\" width=\"300\" height=\"215\" srcset=\"https:\/\/ednet-solutions.co\/wp-content\/uploads\/2022\/02\/WSC-small-300x215.jpg 300w, https:\/\/ednet-solutions.co\/wp-content\/uploads\/2022\/02\/WSC-small.jpg 400w\" sizes=\"(max-width: 300px) 100vw, 300px\" title=\"Wingsuit CYPRES 2\" alt=\"\" loading=\"lazy\" \t\tclass=\"so-widget-image\"\/>\n\t\t\t<\/a><\/div>\n\n<\/div><\/div><\/div><div id=\"pgc-gb1641-69e8cb15a2ab4-1-1\"  class=\"panel-grid-cell\" ><div id=\"panel-gb1641-69e8cb15a2ab4-1-1-0\" class=\"so-panel widget_text panel-first-child panel-last-child\" data-index=\"2\" >\t\t\t<div class=\"textwidget\"><p><a href=\"https:\/\/www.cypres.aero\/product\/wingsuit-cypres-2-2\/specifications-wingsuit\/\" target=\"_blank\" rel=\"noopener\"><img loading=\"lazy\" class=\"alignright wp-image-1626\" src=\"https:\/\/ednet-solutions.co\/wp-content\/uploads\/2022\/02\/WSC-2-448x1024.png\" alt=\"\" width=\"306\" height=\"700\" srcset=\"https:\/\/ednet-solutions.co\/wp-content\/uploads\/2022\/02\/WSC-2-448x1024.png 448w, https:\/\/ednet-solutions.co\/wp-content\/uploads\/2022\/02\/WSC-2-131x300.png 131w, https:\/\/ednet-solutions.co\/wp-content\/uploads\/2022\/02\/WSC-2-768x1755.png 768w, https:\/\/ednet-solutions.co\/wp-content\/uploads\/2022\/02\/WSC-2-672x1536.png 672w, https:\/\/ednet-solutions.co\/wp-content\/uploads\/2022\/02\/WSC-2.png 868w\" sizes=\"(max-width: 306px) 100vw, 306px\" \/><\/a><\/p>\n<p align=\"justify\">Praktisch alle AADs, die f\u00fcr das Fallschirmspringen entwickelt wurden, haben eine Parameterkombination, um ihre Aktivierung zu definieren. Eine bestimmte H\u00f6he und eine bestimmte vertikale Geschwindigkeit aktivieren sie. Das erf\u00fcllt die Bed\u00fcrfnisse seit Beginn des Fallschirmspringens. Bis Wingsuits auftauchten. Sie erlauben eine so langsame vertikale Geschwindigkeit, dass die Methode der letzten 90 Jahre mit diesen Bedingungen nicht mehr fertig wird. Eine neue L\u00f6sung musste her.<\/p>\n<p align=\"justify\">Die Verwendung von Wingsuits erfordert nicht eine, sondern zwei Parameterkombinationen w\u00e4hrend desselben Sprunges. Eine wird f\u00fcr die Dauer des Wingsuitfluges und ein weitere f\u00fcr die Dauer des Kappenfluges ben\u00f6tigt.<\/p>\n<p align=\"justify\">Das Wingsuit CYPRES 2 (WSC) beginnt mit der Verwendung der Wingsuitparameter, die spezifische Wingsuitflugrisiken abdecken. Sobald es die Kriterien Ihres Kappenfluges erkennt, \u00e4ndert es die Wingsuitparameter in die Kappenparameter und informiert Sie \u00fcber die \u00c4nderung.<\/p>\n<p align=\"justify\">Neben Wingsuitfliegen kann das WSC auch f\u00fcr alle anderen Disziplinen genutzt werden. Ebenfalls ist die Handhabung identisch mit allen anderen zivilen CYPRES 2 Modellen, au\u00dfer dass Sie zus\u00e4tzliche den akustischen Warner in Ihren Helm stecken und dem melodischen Klang lauschen. Trotzdem bitten wir jeden, der dieses Ger\u00e4t benutzt, sich Zeit zu nehmen, um sich \u00fcber die physikalischen Gegebenheiten des Wingsuitfliegens und die Technik hinter dem WSC zu informieren.<\/p>\n<p align=\"justify\">Das Wingsuit CYPRES 2 erkennst Du ganz einfach am <strong>roten Knopf<\/strong> und einem <strong>wei\u00dfen Wingsuitsymbol<\/strong>.<\/p>\n<p>Spezielle Parameter:<\/p>\n<p><strong>Ausl\u00f6segeschwindigkeit<\/strong><br \/>\ndem gew\u00e4hlten und aktivem Betriebsmodus entsprechend<\/p>\n<p><strong>Ausl\u00f6seh\u00f6he\/ -fenster<\/strong><br \/>\ndem gew\u00e4hlten und aktivem Betriebsmodus entsprechend<\/p>\n<\/div>\n\t\t<\/div><\/div><\/div><\/div>\n\n\n<p><\/p>\n","protected":false},"excerpt":{"rendered":"<p>Praktisch alle AADs, die f\u00fcr das Fallschirmspringen entwickelt wurden, haben eine Parameterkombination, um ihre Aktivierung zu definieren. Eine bestimmte H\u00f6he und eine bestimmte vertikale Geschwindigkeit aktivieren sie. Das erf\u00fcllt die Bed\u00fcrfnisse seit Beginn des Fallschirmspringens. Bis Wingsuits auftauchten. Sie erlauben eine so langsame vertikale Geschwindigkeit, dass die Methode der letzten 90 Jahre mit diesen Bedingungen [&hellip;]<\/p>\n","protected":false},"author":1,"featured_media":0,"parent":1145,"menu_order":8,"comment_status":"closed","ping_status":"closed","template":"templates\/template-full-notitle.php","meta":[],"_links":{"self":[{"href":"https:\/\/ednet-solutions.co\/pt-br\/wp-json\/wp\/v2\/pages\/1641"}],"collection":[{"href":"https:\/\/ednet-solutions.co\/pt-br\/wp-json\/wp\/v2\/pages"}],"about":[{"href":"https:\/\/ednet-solutions.co\/pt-br\/wp-json\/wp\/v2\/types\/page"}],"author":[{"embeddable":true,"href":"https:\/\/ednet-solutions.co\/pt-br\/wp-json\/wp\/v2\/users\/1"}],"replies":[{"embeddable":true,"href":"https:\/\/ednet-solutions.co\/pt-br\/wp-json\/wp\/v2\/comments?post=1641"}],"version-history":[{"count":2,"href":"https:\/\/ednet-solutions.co\/pt-br\/wp-json\/wp\/v2\/pages\/1641\/revisions"}],"predecessor-version":[{"id":2682,"href":"https:\/\/ednet-solutions.co\/pt-br\/wp-json\/wp\/v2\/pages\/1641\/revisions\/2682"}],"up":[{"embeddable":true,"href":"https:\/\/ednet-solutions.co\/pt-br\/wp-json\/wp\/v2\/pages\/1145"}],"wp:attachment":[{"href":"https:\/\/ednet-solutions.co\/pt-br\/wp-json\/wp\/v2\/media?parent=1641"}],"curies":[{"name":"wp","href":"https:\/\/api.w.org\/{rel}","templated":true}]}}