{"id":1863,"date":"2022-02-20T10:43:02","date_gmt":"2022-02-20T15:43:02","guid":{"rendered":"https:\/\/ednet-solutions.co\/produkte\/smart-reserve\/"},"modified":"2022-02-23T01:48:02","modified_gmt":"2022-02-23T06:48:02","slug":"smart-reserve","status":"publish","type":"page","link":"https:\/\/ednet-solutions.co\/pt-br\/produkte\/smart-reserve\/","title":{"rendered":"Smart Reserve"},"content":{"rendered":"<div id=\"pl-1863\"  class=\"panel-layout\" ><div id=\"pg-1863-0\"  class=\"panel-grid panel-no-style\" ><div id=\"pgc-1863-0-0\"  class=\"panel-grid-cell\" ><div id=\"panel-1863-0-0-0\" class=\"so-panel widget_headline-widget panel-first-child\" data-index=\"0\" >\t\t<h1>Smart Reserve<\/h1>\n\t\t<div class=\"decoration\"><div class=\"decoration-inside\"><\/div><\/div>\n\t\t<h3><\/h3>\n\t\t<\/div><div id=\"panel-1863-0-0-1\" class=\"so-panel widget_sow-image panel-last-child\" data-index=\"1\" ><div\n\t\t\t\n\t\t\tclass=\"so-widget-sow-image so-widget-sow-image-default-89f16426b92c-1863\"\n\t\t\t\n\t\t>\n<div class=\"sow-image-container\">\n\t\t<img \n\tsrc=\"https:\/\/ednet-solutions.co\/wp-content\/uploads\/2022\/02\/Smart-header.jpg\" width=\"1441\" height=\"653\" srcset=\"https:\/\/ednet-solutions.co\/wp-content\/uploads\/2022\/02\/Smart-header.jpg 1441w, https:\/\/ednet-solutions.co\/wp-content\/uploads\/2022\/02\/Smart-header-300x136.jpg 300w, https:\/\/ednet-solutions.co\/wp-content\/uploads\/2022\/02\/Smart-header-1024x464.jpg 1024w, https:\/\/ednet-solutions.co\/wp-content\/uploads\/2022\/02\/Smart-header-768x348.jpg 768w\" sizes=\"(max-width: 1441px) 100vw, 1441px\" title=\"Smart Reserve\" alt=\"\" loading=\"lazy\" \t\tclass=\"so-widget-image\"\/>\n\t<\/div>\n\n<\/div><\/div><\/div><\/div><div id=\"pg-1863-1\"  class=\"panel-grid panel-no-style\" ><div id=\"pgc-1863-1-0\"  class=\"panel-grid-cell\" ><div id=\"panel-1863-1-0-0\" class=\"so-panel widget_text panel-first-child panel-last-child\" data-index=\"2\" >\t\t\t<div class=\"textwidget\"><div id=\"attachment_2249\" style=\"width: 160px\" class=\"wp-caption alignright\"><a href=\"https:\/\/store.flyaerodyne.com\/en\/canopy-configurator\/#3808\" target=\"_blank\" rel=\"noopener\"><img aria-describedby=\"caption-attachment-2249\" loading=\"lazy\" class=\"wp-image-2249 size-thumbnail\" src=\"https:\/\/ednet-solutions.co\/wp-content\/uploads\/2022\/02\/DesSmart-150x150.png\" alt=\"\" width=\"150\" height=\"150\" \/><\/a><p id=\"caption-attachment-2249\" class=\"wp-caption-text\">Gestalten Sie Ihre!<\/p><\/div>\n<p align=\"justify\">Die Smart Reserve vereint mehr als 30 Jahre Erfahrung in der Fallschirmindustrie und beinhaltet die neueste 7- Zellen Technologie. Tausende reale Cutaways und sichere Landungen zeugen von den schnellen und zuverl\u00e4ssigen \u00d6ffnungen, der soliden Flugleistung und dem kraftvollen Landeflare.<\/p>\n<p align=\"justify\">Die Konstruktion der Smart besteht aus hochfestem Ripstop- Gewebe mit geringer Porosit\u00e4t von 0- 3 cfm, Spectraleinen und reichlich Verst\u00e4rkungsb\u00e4ndern. Zus\u00e4tzliche Festigkeit wird durch die Verwendung von seitlichen Verst\u00e4rkungsb\u00e4ndern zwischen den Leinenbefestigungspunkten, sowie Lastverteilungsb\u00e4ndern erreicht, die von den Steuerleinenbefestigungspunkten ausgehen.<\/p>\n<p align=\"justify\">All dies hat zu einem Rettungsfallschirm gef\u00fchrt, der den Sto\u00dfbelastungen standh\u00e4lt, die mit den heutigen h\u00f6heren Freifallgeschwindigkeiten verbunden sind und dennoch akzeptable \u00d6ffnungskr\u00e4fte f\u00fcr den Springer bietet. Es bietet auch eine erstaunliche Gleitleistung f\u00fcr einen 7- Zeller, das die Chancen einen g\u00fcnstigen Landeplatz zu erreichen erheblich verbessert. Nach strengsten Tests und der Auditierung unserer Produktionsst\u00e4tten ist die Smart nach der US FAA TSO- C23d und der europ\u00e4ischen ETSO- C23d zertifiziert.<\/p>\n<\/div>\n\t\t<\/div><\/div><\/div><\/div>","protected":false},"excerpt":{"rendered":"<p>Die Smart Reserve vereint mehr als 30 Jahre Erfahrung in der Fallschirmindustrie und beinhaltet die neueste 7- Zellen Technologie. Tausende reale Cutaways und sichere Landungen zeugen von den schnellen und zuverl\u00e4ssigen \u00d6ffnungen, der soliden Flugleistung und dem kraftvollen Landeflare. Die Konstruktion der Smart besteht aus hochfestem Ripstop- Gewebe mit geringer Porosit\u00e4t von 0- 3 cfm, [&hellip;]<\/p>\n","protected":false},"author":1,"featured_media":0,"parent":1145,"menu_order":9,"comment_status":"closed","ping_status":"closed","template":"templates\/template-full-notitle.php","meta":[],"_links":{"self":[{"href":"https:\/\/ednet-solutions.co\/pt-br\/wp-json\/wp\/v2\/pages\/1863"}],"collection":[{"href":"https:\/\/ednet-solutions.co\/pt-br\/wp-json\/wp\/v2\/pages"}],"about":[{"href":"https:\/\/ednet-solutions.co\/pt-br\/wp-json\/wp\/v2\/types\/page"}],"author":[{"embeddable":true,"href":"https:\/\/ednet-solutions.co\/pt-br\/wp-json\/wp\/v2\/users\/1"}],"replies":[{"embeddable":true,"href":"https:\/\/ednet-solutions.co\/pt-br\/wp-json\/wp\/v2\/comments?post=1863"}],"version-history":[{"count":4,"href":"https:\/\/ednet-solutions.co\/pt-br\/wp-json\/wp\/v2\/pages\/1863\/revisions"}],"predecessor-version":[{"id":2702,"href":"https:\/\/ednet-solutions.co\/pt-br\/wp-json\/wp\/v2\/pages\/1863\/revisions\/2702"}],"up":[{"embeddable":true,"href":"https:\/\/ednet-solutions.co\/pt-br\/wp-json\/wp\/v2\/pages\/1145"}],"wp:attachment":[{"href":"https:\/\/ednet-solutions.co\/pt-br\/wp-json\/wp\/v2\/media?parent=1863"}],"curies":[{"name":"wp","href":"https:\/\/api.w.org\/{rel}","templated":true}]}}