{"id":992,"date":"2022-02-16T19:29:53","date_gmt":"2022-02-17T00:29:53","guid":{"rendered":"https:\/\/ednet-solutions.co\/aviso\/"},"modified":"2022-02-23T02:18:07","modified_gmt":"2022-02-23T07:18:07","slug":"aviso","status":"publish","type":"page","link":"https:\/\/ednet-solutions.co\/pt-br\/aviso\/","title":{"rendered":"Aviso"},"content":{"rendered":"<div id=\"pl-992\"  class=\"panel-layout\" ><div id=\"pg-992-0\"  class=\"panel-grid panel-no-style\" ><div id=\"pgc-992-0-0\"  class=\"panel-grid-cell\" ><div id=\"panel-992-0-0-0\" class=\"so-panel widget_text panel-first-child\" data-index=\"0\" ><h3 class=\"widget-title\">EdNet Solutions Colombia S.A.S.<\/h3>\t\t\t<div class=\"textwidget\"><p>NIT: 901.561.195-2<\/p>\n<p>Calle 17 #30-55<br \/>\n250051 Soacha, Cundinamarca<br \/>\nCOL\u00d4MBIA<\/p>\n<\/div>\n\t\t<\/div><div id=\"panel-992-0-0-1\" class=\"so-panel widget_text panel-last-child\" data-index=\"1\" >\t\t\t<div class=\"textwidget\"><p>M\u00f3vel Co: +57 302 838 6942<br \/>\nM\u00f3vel De: +49 174 808 4979<\/p>\n<p>E- Mail: info@ednet-solutions.co<br \/>\nWeb: https:\/\/ednet-solutions.co<\/p>\n<\/div>\n\t\t<\/div><\/div><div id=\"pgc-992-0-1\"  class=\"panel-grid-cell\" ><div id=\"panel-992-0-1-0\" class=\"so-panel widget_text panel-first-child panel-last-child\" data-index=\"2\" ><h3 class=\"widget-title\">Presidente<\/h3>\t\t\t<div class=\"textwidget\"><div id=\"attachment_745\" style=\"width: 310px\" class=\"wp-caption alignnone\"><img aria-describedby=\"caption-attachment-745\" loading=\"lazy\" class=\"wp-image-745 size-medium\" src=\"https:\/\/ednet-solutions.co\/wp-content\/uploads\/2022\/02\/Rehl_medium-300x275.png\" alt=\"\" width=\"300\" height=\"275\" srcset=\"https:\/\/ednet-solutions.co\/wp-content\/uploads\/2022\/02\/Rehl_medium-300x275.png 300w, https:\/\/ednet-solutions.co\/wp-content\/uploads\/2022\/02\/Rehl_medium-768x704.png 768w, https:\/\/ednet-solutions.co\/wp-content\/uploads\/2022\/02\/Rehl_medium.png 818w\" sizes=\"(max-width: 300px) 100vw, 300px\" \/><p id=\"caption-attachment-745\" class=\"wp-caption-text\"><em><strong>Eduard Rehl<\/strong><\/em><\/p><\/div>\n<\/div>\n\t\t<\/div><\/div><\/div><\/div>","protected":false},"excerpt":{"rendered":"<p>NIT: 901.561.195-2 Calle 17 #30-55 250051 Soacha, Cundinamarca COL\u00d4MBIA M\u00f3vel Co: +57 302 838 6942 M\u00f3vel De: +49 174 808 4979 E- Mail: info@ednet-solutions.co Web: https:\/\/ednet-solutions.co<\/p>\n","protected":false},"author":1,"featured_media":0,"parent":0,"menu_order":3,"comment_status":"closed","ping_status":"closed","template":"templates\/template-full-notitle.php","meta":[],"_links":{"self":[{"href":"https:\/\/ednet-solutions.co\/pt-br\/wp-json\/wp\/v2\/pages\/992"}],"collection":[{"href":"https:\/\/ednet-solutions.co\/pt-br\/wp-json\/wp\/v2\/pages"}],"about":[{"href":"https:\/\/ednet-solutions.co\/pt-br\/wp-json\/wp\/v2\/types\/page"}],"author":[{"embeddable":true,"href":"https:\/\/ednet-solutions.co\/pt-br\/wp-json\/wp\/v2\/users\/1"}],"replies":[{"embeddable":true,"href":"https:\/\/ednet-solutions.co\/pt-br\/wp-json\/wp\/v2\/comments?post=992"}],"version-history":[{"count":1,"href":"https:\/\/ednet-solutions.co\/pt-br\/wp-json\/wp\/v2\/pages\/992\/revisions"}],"predecessor-version":[{"id":2738,"href":"https:\/\/ednet-solutions.co\/pt-br\/wp-json\/wp\/v2\/pages\/992\/revisions\/2738"}],"wp:attachment":[{"href":"https:\/\/ednet-solutions.co\/pt-br\/wp-json\/wp\/v2\/media?parent=992"}],"curies":[{"name":"wp","href":"https:\/\/api.w.org\/{rel}","templated":true}]}}